{"id":9070,"date":"2026-01-14T12:59:26","date_gmt":"2026-01-14T11:59:26","guid":{"rendered":"https:\/\/agora.xtec.cat\/iecanfilua\/?page_id=9070"},"modified":"2026-01-14T13:04:59","modified_gmt":"2026-01-14T12:04:59","slug":"radio-can-filua","status":"publish","type":"page","link":"https:\/\/agora.xtec.cat\/iecanfilua\/radio-can-filua\/","title":{"rendered":"R\u00e0dio IE Can Filu\u00e0"},"content":{"rendered":"\n<figure class=\"wp-block-image aligncenter\"><img loading=\"lazy\" decoding=\"async\" width=\"434\" height=\"358\" src=\"https:\/\/agora.xtec.cat\/iecanfilua\/wp-content\/uploads\/usu2064\/2026\/01\/RADIO-IE-CAN-FILUA.png\" alt=\"\" class=\"wp-image-9071\" srcset=\"https:\/\/agora.xtec.cat\/iecanfilua\/wp-content\/uploads\/usu2064\/2026\/01\/RADIO-IE-CAN-FILUA.png 434w, https:\/\/agora.xtec.cat\/iecanfilua\/wp-content\/uploads\/usu2064\/2026\/01\/RADIO-IE-CAN-FILUA-300x247.png 300w\" sizes=\"auto, (max-width: 434px) 100vw, 434px\" \/><\/figure>\n\n\n\n<h4 class=\"wp-block-heading\"><a href=\"https:\/\/sites.google.com\/iecanfilua.cat\/radioiecanfilua\">https:\/\/sites.google.com\/iecanfilua.cat\/radioiecanfilua<\/a><\/h4>\n\n\n\n<p>Benvinguts i benvingudes a R\u00e0dio IE Can Filu\u00e0! <\/p>\n\n\n\n<p>En aquest projecte els alumnes de secund\u00e0ria tenen un espai propi per parlar de tots els temes que els inquieten i que afecten el centre i el municipi. Ells mateixos preparen els programes a trav\u00e9s d&#8217;una pluja d&#8217;idees, despr\u00e9s redacten el gui\u00f3, enregistren els \u00e0udios i, finalment, munten els programes. Tamb\u00e9 treballen amb l&#8217;alumnat de sis\u00e8 de prim\u00e0ria i primer d&#8217;ESO que participen a l&#8217;entorn d&#8217;aprenentatge de r\u00e0dio. Fins i tot, col\u00b7laboren amb R\u00e0dio Santa Perp\u00e8tua.<\/p>\n\n\n\n<p><\/p>\n","protected":false},"excerpt":{"rendered":"<p>https:\/\/sites.google.com\/iecanfilua.cat\/radioiecanfilua Benvinguts i benvingudes a R\u00e0dio IE Can Filu\u00e0! En aquest projecte els alumnes de secund\u00e0ria tenen un espai propi per parlar de tots els temes que els inquieten i que afecten el centre i el municipi. Ells mateixos preparen els programes a trav\u00e9s d&#8217;una pluja d&#8217;idees, despr\u00e9s redacten el gui\u00f3, enregistren els \u00e0udios i, [&hellip;]<\/p>\n","protected":false},"author":47,"featured_media":0,"parent":0,"menu_order":0,"comment_status":"closed","ping_status":"close","template":"","meta":{"_bbp_topic_count":0,"_bbp_reply_count":0,"_bbp_total_topic_count":0,"_bbp_total_reply_count":0,"_bbp_voice_count":0,"_bbp_anonymous_reply_count":0,"_bbp_topic_count_hidden":0,"_bbp_reply_count_hidden":0,"_bbp_forum_subforum_count":0,"site-sidebar-layout":"default","site-content-layout":"","ast-site-content-layout":"default","site-content-style":"default","site-sidebar-style":"default","ast-global-header-display":"","ast-banner-title-visibility":"","ast-main-header-display":"","ast-hfb-above-header-display":"","ast-hfb-below-header-display":"","ast-hfb-mobile-header-display":"","site-post-title":"","ast-breadcrumbs-content":"","ast-featured-img":"","footer-sml-layout":"","theme-transparent-header-meta":"","adv-header-id-meta":"","stick-header-meta":"","header-above-stick-meta":"","header-main-stick-meta":"","header-below-stick-meta":"","astra-migrate-meta-layouts":"set","ast-page-background-enabled":"default","ast-page-background-meta":{"desktop":{"background-color":"var(--ast-global-color-4)","background-image":"","background-repeat":"repeat","background-position":"center center","background-size":"auto","background-attachment":"scroll","background-type":"","background-media":"","overlay-type":"","overlay-color":"","overlay-opacity":"","overlay-gradient":""},"tablet":{"background-color":"","background-image":"","background-repeat":"repeat","background-position":"center center","background-size":"auto","background-attachment":"scroll","background-type":"","background-media":"","overlay-type":"","overlay-color":"","overlay-opacity":"","overlay-gradient":""},"mobile":{"background-color":"","background-image":"","background-repeat":"repeat","background-position":"center center","background-size":"auto","background-attachment":"scroll","background-type":"","background-media":"","overlay-type":"","overlay-color":"","overlay-opacity":"","overlay-gradient":""}},"ast-content-background-meta":{"desktop":{"background-color":"var(--ast-global-color-5)","background-image":"","background-repeat":"repeat","background-position":"center center","background-size":"auto","background-attachment":"scroll","background-type":"","background-media":"","overlay-type":"","overlay-color":"","overlay-opacity":"","overlay-gradient":""},"tablet":{"background-color":"var(--ast-global-color-5)","background-image":"","background-repeat":"repeat","background-position":"center center","background-size":"auto","background-attachment":"scroll","background-type":"","background-media":"","overlay-type":"","overlay-color":"","overlay-opacity":"","overlay-gradient":""},"mobile":{"background-color":"var(--ast-global-color-5)","background-image":"","background-repeat":"repeat","background-position":"center center","background-size":"auto","background-attachment":"scroll","background-type":"","background-media":"","overlay-type":"","overlay-color":"","overlay-opacity":"","overlay-gradient":""}},"footnotes":""},"class_list":["post-9070","page","type-page","status-publish","hentry"],"post_mailing_queue_ids":[],"_links":{"self":[{"href":"https:\/\/agora.xtec.cat\/iecanfilua\/wp-json\/wp\/v2\/pages\/9070","targetHints":{"allow":["GET"]}}],"collection":[{"href":"https:\/\/agora.xtec.cat\/iecanfilua\/wp-json\/wp\/v2\/pages"}],"about":[{"href":"https:\/\/agora.xtec.cat\/iecanfilua\/wp-json\/wp\/v2\/types\/page"}],"author":[{"embeddable":true,"href":"https:\/\/agora.xtec.cat\/iecanfilua\/wp-json\/wp\/v2\/users\/47"}],"replies":[{"embeddable":true,"href":"https:\/\/agora.xtec.cat\/iecanfilua\/wp-json\/wp\/v2\/comments?post=9070"}],"version-history":[{"count":4,"href":"https:\/\/agora.xtec.cat\/iecanfilua\/wp-json\/wp\/v2\/pages\/9070\/revisions"}],"predecessor-version":[{"id":9079,"href":"https:\/\/agora.xtec.cat\/iecanfilua\/wp-json\/wp\/v2\/pages\/9070\/revisions\/9079"}],"wp:attachment":[{"href":"https:\/\/agora.xtec.cat\/iecanfilua\/wp-json\/wp\/v2\/media?parent=9070"}],"curies":[{"name":"wp","href":"https:\/\/api.w.org\/{rel}","templated":true}]}}