{"id":8754,"date":"2025-08-22T23:35:26","date_gmt":"2025-08-22T21:35:26","guid":{"rendered":"https:\/\/agora.xtec.cat\/escsantiga\/?page_id=8754"},"modified":"2025-08-22T23:40:12","modified_gmt":"2025-08-22T21:40:12","slug":"servei-comunitari","status":"publish","type":"page","link":"https:\/\/agora.xtec.cat\/iecanfilua\/joves\/servei-comunitari\/","title":{"rendered":"Servei comunitari (3r ESO)"},"content":{"rendered":"\n<p>El Servei Comunitari \u00e9s una acci\u00f3 educativa orientada a desenvolupar la compet\u00e8ncia personal i social, aix\u00ed com la ciutadana, amb la finalitat de promoure que experimenteu i protagonitzeu accions de comprom\u00eds c\u00edvic, aprengueu en l&#8217;exercici actiu de la ciutadania i poseu en joc els vostres coneixements i capacitats al servei de la comunitat.&nbsp;<\/p>\n\n\n\n<p>El Servei Comunitari \u00e9s obligatori, no t\u00e9 un horari fix i ha de formar part de la programaci\u00f3 d&#8217;una o diverses mat\u00e8ries.<\/p>\n\n\n\n<p><strong>L&#8217;alumnat pot optar per un dels projectes externs oferts per l\u2019Ajuntament de Santa Perp\u00e8tua en col\u00b7laboraci\u00f3 amb entitats de la poblaci\u00f3 o per un programa intern de centre.<\/strong><\/p>\n\n\n\n<details class=\"wp-block-details is-layout-flow wp-block-details-is-layout-flow\"><summary>Presentaci\u00f3 del servei comunitari (PDF)<\/summary>\n<div data-wp-interactive=\"core\/file\" class=\"wp-block-file\"><object data-wp-bind--hidden=\"!state.hasPdfPreview\" hidden class=\"wp-block-file__embed\" data=\"https:\/\/agora.xtec.cat\/escsantiga\/wp-content\/uploads\/usu2064\/2025\/08\/PRESENTACIO-SERVEI-COMUNITARI.pptx.pdf\" type=\"application\/pdf\" style=\"width:100%;height:600px\" aria-label=\"Incrustaci\u00f3 del fitxer PRESENTACI\u00d3 SERVEI COMUNITARI.\"><\/object><a id=\"wp-block-file--media-75665d05-dff4-4c56-9b58-4f68edee5708\" href=\"https:\/\/agora.xtec.cat\/escsantiga\/wp-content\/uploads\/usu2064\/2025\/08\/PRESENTACIO-SERVEI-COMUNITARI.pptx.pdf\">PRESENTACI\u00d3 SERVEI COMUNITARI<\/a><a href=\"https:\/\/agora.xtec.cat\/escsantiga\/wp-content\/uploads\/usu2064\/2025\/08\/PRESENTACIO-SERVEI-COMUNITARI.pptx.pdf\" class=\"wp-block-file__button wp-element-button\" download aria-describedby=\"wp-block-file--media-75665d05-dff4-4c56-9b58-4f68edee5708\">Baixa<\/a><\/div>\n<\/details>\n\n\n\n<p><\/p>\n\n\n\n<figure class=\"wp-block-image size-large is-resized\"><a href=\"https:\/\/agora.xtec.cat\/escsantiga\/wp-content\/uploads\/usu2064\/2025\/08\/Captura-de-pantalla-2024-02-04-a-les-11.19.14.png\"><img loading=\"lazy\" decoding=\"async\" width=\"1024\" height=\"444\" src=\"https:\/\/agora.xtec.cat\/escsantiga\/wp-content\/uploads\/usu2064\/2025\/08\/Captura-de-pantalla-2024-02-04-a-les-11.19.14-1024x444.png\" alt=\"\" class=\"wp-image-8762\" style=\"width:339px;height:auto\" srcset=\"https:\/\/agora.xtec.cat\/iecanfilua\/wp-content\/uploads\/usu2064\/2025\/08\/Captura-de-pantalla-2024-02-04-a-les-11.19.14-1024x444.png 1024w, https:\/\/agora.xtec.cat\/iecanfilua\/wp-content\/uploads\/usu2064\/2025\/08\/Captura-de-pantalla-2024-02-04-a-les-11.19.14-300x130.png 300w, https:\/\/agora.xtec.cat\/iecanfilua\/wp-content\/uploads\/usu2064\/2025\/08\/Captura-de-pantalla-2024-02-04-a-les-11.19.14-768x333.png 768w, https:\/\/agora.xtec.cat\/iecanfilua\/wp-content\/uploads\/usu2064\/2025\/08\/Captura-de-pantalla-2024-02-04-a-les-11.19.14.png 1280w\" sizes=\"auto, (max-width: 1024px) 100vw, 1024px\" \/><\/a><\/figure>\n\n\n\n<p><strong><mark style=\"background-color:rgba(0, 0, 0, 0)\" class=\"has-inline-color has-ast-global-color-1-color\">PODCAST SPM, un retrat sonor de la nostra ciutat! Presentaci\u00f3 Dia Internacional de la Ciutat Educadora<\/mark><\/strong><\/p>\n\n\n\n<p>Aquest servei comunitari, liderat pel Projecte Educatiu de Ciutat (PEC), el MTIV i R\u00e0dio Santa Perp\u00e8tua. L&#8217;alumnat va assistir a una visita guiada a la sala permanent del MTIV i a una xerrada del Cercle de Recerques i Estudis Mogoda (CREM). L&#8217;IE Can Filu\u00e0 ha optat per fer un treball teatralitzat, amb diferents elements originals com la m\u00fasica de guitarra i el recitat de poesia, i efectes sonors.<\/p>\n\n\n\n<figure class=\"wp-block-image is-resized\"><a class=\"https:\/\/www.staperpetua.org\/radio\/podcast\/9815-Podcast-SPM-un-retrat-sonor-de-la-nostra-ciutat\" href=\"https:\/\/www.staperpetua.org\/radio\/podcast\/9815-Podcast-SPM-un-retrat-sonor-de-la-nostra-ciutat\" target=\"_blank\" rel=\"https:\/\/www.staperpetua.org\/radio\/podcast\/9815-Podcast-SPM-un-retrat-sonor-de-la-nostra-ciutat noreferrer noopener\"><img loading=\"lazy\" decoding=\"async\" width=\"1280\" height=\"612\" src=\"https:\/\/agora.xtec.cat\/escsantiga\/wp-content\/uploads\/usu2064\/2025\/08\/Captura-de-pantalla-2024-02-04-a-les-11.04.40-1.png\" alt=\"\" class=\"wp-image-8759\" style=\"width:776px;height:auto\" srcset=\"https:\/\/agora.xtec.cat\/iecanfilua\/wp-content\/uploads\/usu2064\/2025\/08\/Captura-de-pantalla-2024-02-04-a-les-11.04.40-1.png 1280w, https:\/\/agora.xtec.cat\/iecanfilua\/wp-content\/uploads\/usu2064\/2025\/08\/Captura-de-pantalla-2024-02-04-a-les-11.04.40-1-300x143.png 300w, https:\/\/agora.xtec.cat\/iecanfilua\/wp-content\/uploads\/usu2064\/2025\/08\/Captura-de-pantalla-2024-02-04-a-les-11.04.40-1-1024x490.png 1024w, https:\/\/agora.xtec.cat\/iecanfilua\/wp-content\/uploads\/usu2064\/2025\/08\/Captura-de-pantalla-2024-02-04-a-les-11.04.40-1-768x367.png 768w\" sizes=\"auto, (max-width: 1280px) 100vw, 1280px\" \/><\/a><\/figure>\n\n\n\n<figure class=\"wp-block-image aligncenter size-full is-resized\"><a class=\"https:\/\/www.staperpetua.org\/radio\/podcast\/13653-Podcast-SPM-un-retrat-sonor-de-la-nostra-ciutat\" href=\"https:\/\/www.staperpetua.org\/radio\/podcast\/13653-Podcast-SPM-un-retrat-sonor-de-la-nostra-ciutat\" target=\"_blank\" rel=\"https:\/\/www.staperpetua.org\/radio\/podcast\/13653-Podcast-SPM-un-retrat-sonor-de-la-nostra-ciutat\"><img loading=\"lazy\" decoding=\"async\" width=\"879\" height=\"497\" src=\"https:\/\/agora.xtec.cat\/escsantiga\/wp-content\/uploads\/usu2064\/2025\/08\/T2.png\" alt=\"\" class=\"wp-image-8767\" style=\"width:534px;height:auto\" srcset=\"https:\/\/agora.xtec.cat\/iecanfilua\/wp-content\/uploads\/usu2064\/2025\/08\/T2.png 879w, https:\/\/agora.xtec.cat\/iecanfilua\/wp-content\/uploads\/usu2064\/2025\/08\/T2-300x170.png 300w, https:\/\/agora.xtec.cat\/iecanfilua\/wp-content\/uploads\/usu2064\/2025\/08\/T2-768x434.png 768w\" sizes=\"auto, (max-width: 879px) 100vw, 879px\" \/><\/a><\/figure>\n\n\n\n<p><strong><mark style=\"background-color:rgba(0, 0, 0, 0)\" class=\"has-inline-color has-ast-global-color-1-color\">&#8220;Cercles de Conviv\u00e8ncia&#8221;&nbsp;<\/mark><\/strong><\/p>\n\n\n\n<p>Projecte proposat pel Consell Municipal d&#8217;Adolesc\u00e8ncia<\/p>\n\n\n\n<ul class=\"wp-block-list\">\n<li>Sessions formatives on participen de manera conjunta: docents de diferents centres educatius de la poblaci\u00f3, alumnat i agents socials.&nbsp; Metodologia de treball per grup i sessions mixtes.<\/li>\n\n\n\n<li>Alumnat i professorat fan proposta conjunta per abordar de forma m\u00e9s proactiva les possibles formes d&#8217;assetjament que es puguin produir en els centres educatius.&nbsp; En aquest proc\u00e9s es compta amb la col\u00b7laboraci\u00f3 i acompanyament dels agents socials per poder definir la proposta de com tractar el tema de l&#8217;assetjament i quines mesures caldr\u00e0 incorporar.&nbsp;&nbsp;<\/li>\n\n\n\n<li>A l&#8217;IE Can Filu\u00e0 apostem per la posada en marxa del grup d&#8217;alumnes mediadors\/es.<\/li>\n<\/ul>\n\n\n\n<p><\/p>\n\n\n\n<p><strong><mark style=\"background-color:rgba(0, 0, 0, 0)\" class=\"has-inline-color has-ast-global-color-1-color\">Projectes interns<\/mark><\/strong><\/p>\n\n\n\n<ul class=\"wp-block-list\">\n<li>Biblioteca IE Can Filu\u00e0<\/li>\n\n\n\n<li>Apadrinament lector<\/li>\n\n\n\n<li>Manteniment inform\u00e0tic<\/li>\n<\/ul>\n\n\n\n<p><\/p>\n","protected":false},"excerpt":{"rendered":"<p>El Servei Comunitari \u00e9s una acci\u00f3 educativa orientada a desenvolupar la compet\u00e8ncia personal i social, aix\u00ed com la ciutadana, amb la finalitat de promoure que experimenteu i protagonitzeu accions de comprom\u00eds c\u00edvic, aprengueu en l&#8217;exercici actiu de la ciutadania i poseu en joc els vostres coneixements i capacitats al servei de la comunitat.&nbsp; El Servei [&hellip;]<\/p>\n","protected":false},"author":47,"featured_media":0,"parent":8649,"menu_order":0,"comment_status":"closed","ping_status":"closed","template":"","meta":{"_bbp_topic_count":0,"_bbp_reply_count":0,"_bbp_total_topic_count":0,"_bbp_total_reply_count":0,"_bbp_voice_count":0,"_bbp_anonymous_reply_count":0,"_bbp_topic_count_hidden":0,"_bbp_reply_count_hidden":0,"_bbp_forum_subforum_count":0,"site-sidebar-layout":"default","site-content-layout":"","ast-site-content-layout":"default","site-content-style":"default","site-sidebar-style":"default","ast-global-header-display":"","ast-banner-title-visibility":"","ast-main-header-display":"","ast-hfb-above-header-display":"","ast-hfb-below-header-display":"","ast-hfb-mobile-header-display":"","site-post-title":"","ast-breadcrumbs-content":"","ast-featured-img":"","footer-sml-layout":"","theme-transparent-header-meta":"","adv-header-id-meta":"","stick-header-meta":"","header-above-stick-meta":"","header-main-stick-meta":"","header-below-stick-meta":"","astra-migrate-meta-layouts":"set","ast-page-background-enabled":"default","ast-page-background-meta":{"desktop":{"background-color":"var(--ast-global-color-4)","background-image":"","background-repeat":"repeat","background-position":"center center","background-size":"auto","background-attachment":"scroll","background-type":"","background-media":"","overlay-type":"","overlay-color":"","overlay-opacity":"","overlay-gradient":""},"tablet":{"background-color":"","background-image":"","background-repeat":"repeat","background-position":"center center","background-size":"auto","background-attachment":"scroll","background-type":"","background-media":"","overlay-type":"","overlay-color":"","overlay-opacity":"","overlay-gradient":""},"mobile":{"background-color":"","background-image":"","background-repeat":"repeat","background-position":"center center","background-size":"auto","background-attachment":"scroll","background-type":"","background-media":"","overlay-type":"","overlay-color":"","overlay-opacity":"","overlay-gradient":""}},"ast-content-background-meta":{"desktop":{"background-color":"var(--ast-global-color-5)","background-image":"","background-repeat":"repeat","background-position":"center center","background-size":"auto","background-attachment":"scroll","background-type":"","background-media":"","overlay-type":"","overlay-color":"","overlay-opacity":"","overlay-gradient":""},"tablet":{"background-color":"var(--ast-global-color-5)","background-image":"","background-repeat":"repeat","background-position":"center center","background-size":"auto","background-attachment":"scroll","background-type":"","background-media":"","overlay-type":"","overlay-color":"","overlay-opacity":"","overlay-gradient":""},"mobile":{"background-color":"var(--ast-global-color-5)","background-image":"","background-repeat":"repeat","background-position":"center center","background-size":"auto","background-attachment":"scroll","background-type":"","background-media":"","overlay-type":"","overlay-color":"","overlay-opacity":"","overlay-gradient":""}},"footnotes":""},"class_list":["post-8754","page","type-page","status-publish","hentry"],"post_mailing_queue_ids":[],"_links":{"self":[{"href":"https:\/\/agora.xtec.cat\/iecanfilua\/wp-json\/wp\/v2\/pages\/8754","targetHints":{"allow":["GET"]}}],"collection":[{"href":"https:\/\/agora.xtec.cat\/iecanfilua\/wp-json\/wp\/v2\/pages"}],"about":[{"href":"https:\/\/agora.xtec.cat\/iecanfilua\/wp-json\/wp\/v2\/types\/page"}],"author":[{"embeddable":true,"href":"https:\/\/agora.xtec.cat\/iecanfilua\/wp-json\/wp\/v2\/users\/47"}],"replies":[{"embeddable":true,"href":"https:\/\/agora.xtec.cat\/iecanfilua\/wp-json\/wp\/v2\/comments?post=8754"}],"version-history":[{"count":6,"href":"https:\/\/agora.xtec.cat\/iecanfilua\/wp-json\/wp\/v2\/pages\/8754\/revisions"}],"predecessor-version":[{"id":8769,"href":"https:\/\/agora.xtec.cat\/iecanfilua\/wp-json\/wp\/v2\/pages\/8754\/revisions\/8769"}],"up":[{"embeddable":true,"href":"https:\/\/agora.xtec.cat\/iecanfilua\/wp-json\/wp\/v2\/pages\/8649"}],"wp:attachment":[{"href":"https:\/\/agora.xtec.cat\/iecanfilua\/wp-json\/wp\/v2\/media?parent=8754"}],"curies":[{"name":"wp","href":"https:\/\/api.w.org\/{rel}","templated":true}]}}