{"id":8740,"date":"2025-08-22T23:22:13","date_gmt":"2025-08-22T21:22:13","guid":{"rendered":"https:\/\/agora.xtec.cat\/escsantiga\/?page_id=8740"},"modified":"2025-08-22T23:22:45","modified_gmt":"2025-08-22T21:22:45","slug":"materies-optatives","status":"publish","type":"page","link":"https:\/\/agora.xtec.cat\/iecanfilua\/joves\/materies-optatives\/","title":{"rendered":"Mat\u00e8ries optatives"},"content":{"rendered":"\n<p>L&#8217;alumnat de 1r a 4t d&#8217;ESO realitzen 2 hores a la setmana 1 mat\u00e8ria optativa, d&#8217;acord amb els seus interessos i inquietuds d&#8217;aprenentatge.<\/p>\n\n\n\n<p><strong><mark style=\"background-color:rgba(0, 0, 0, 0)\" class=\"has-inline-color has-ast-global-color-1-color\">Deutsch Lernen: Optativa d&#8217;alemany (de 1r a 4t d&#8217;ESO)<\/mark><\/strong><\/p>\n\n\n\n<p><\/p>\n\n\n\n<div class=\"wp-block-getwid-section alignfull alignfull getwid-section-content-custom-width\"><div class=\"wp-block-getwid-section__wrapper getwid-padding-left-medium getwid-padding-right-medium\"><div class=\"wp-block-getwid-section__inner-wrapper\" style=\"max-width:1140px\"><div class=\"wp-block-getwid-section__background-holder\"><div class=\"wp-block-getwid-section__background\"><\/div><div class=\"wp-block-getwid-section__foreground\"><\/div><\/div><div class=\"wp-block-getwid-section__content\"><div class=\"wp-block-getwid-section__inner-content\">\n<div class=\"wp-block-columns has-2-columns are-vertically-aligned-center is-layout-flex wp-container-core-columns-is-layout-1 wp-block-columns-is-layout-flex\">\n<div class=\"wp-block-column is-vertically-aligned-center is-layout-flow wp-block-column-is-layout-flow\">\n<p>El nostre IE aposta per&nbsp;preparar l&#8217;alumnat que vulgui aprendre i aprofundir en el coneixement de l\u2019alemany per tal d\u2019acreditar el primer nivell de compet\u00e8ncia del Marc Com\u00fa Europeu de Refer\u00e8ncia (MCER), el nivell A1.\/A2&nbsp; Aix\u00ed, una persona amb aquest nivell ser\u00e0 capa\u00e7 de:<\/p>\n\n\n\n<p>Comencem per perdre la por a l&#8217;idioma, identificar els sons i treballar la pronunciaci\u00f3. Despr\u00e9s treballem estructures senzilles i properes a l&#8217;alumnat: presentar-se, preguntes i respostes d&#8217;un primer encontre, etc. Despr\u00e9s anem construint m\u00e9s formes i ampliant coneixement, tamb\u00e9 de la cultura alemana, sempre tenint en compte el context proper dels participants.<\/p>\n\n\n\n<p>Per aquest motiu, aquesta optativa requereix continu\u00eftat.&nbsp;<\/p>\n<\/div>\n\n\n\n<div class=\"wp-block-column is-vertically-aligned-center is-layout-flow wp-block-column-is-layout-flow\">\n<figure class=\"wp-block-video\"><video controls src=\"https:\/\/agora.xtec.cat\/escsantiga\/wp-content\/uploads\/usu2064\/2025\/08\/SnapInsta.to_AQMNCt-NrVhFjlqrdEFvq0PkXixGJG_5b6QofzrIL7dhSwuRxXjuHNWOGGpaEeK8vhdwyuGnIx_6k2A4w13sUl3Pq3ZylxosSMxF7kE.mp4\"><\/video><\/figure>\n<\/div>\n<\/div>\n<\/div><\/div><\/div><\/div><\/div>\n\n\n\n<p><strong><mark style=\"background-color:rgba(0, 0, 0, 0)\" class=\"has-inline-color has-ast-global-color-1-color\">Optativa Copa Cangur<\/mark><\/strong><\/p>\n\n\n\n<p><\/p>\n\n\n\n<div class=\"wp-block-getwid-section alignfull alignfull getwid-section-content-custom-width\"><div class=\"wp-block-getwid-section__wrapper getwid-padding-left-medium getwid-padding-right-medium\"><div class=\"wp-block-getwid-section__inner-wrapper\" style=\"max-width:1140px\"><div class=\"wp-block-getwid-section__background-holder\"><div class=\"wp-block-getwid-section__background\"><\/div><div class=\"wp-block-getwid-section__foreground\"><\/div><\/div><div class=\"wp-block-getwid-section__content\"><div class=\"wp-block-getwid-section__inner-content\">\n<div class=\"wp-block-columns has-2-columns are-vertically-aligned-center is-layout-flex wp-container-core-columns-is-layout-3 wp-block-columns-is-layout-flex\">\n<div class=\"wp-block-column is-vertically-aligned-center is-layout-flow wp-block-column-is-layout-flow\">\n<p>L&#8217;optativa de Copa Cangur consisteix en la pr\u00e0ctica de resoluci\u00f3 de problemes de l\u00f2gica matem\u00e0tica. Ho treballem generalment per parelles i despr\u00e9s ho posem en com\u00fa.<\/p>\n\n\n\n<p>En aquesta assignatura ens preparem per participar en les dues competicions matem\u00e0tiques que es fan a Catalunya: la Copa Cangur i la Prova Cangur.<\/p>\n<\/div>\n\n\n\n<div class=\"wp-block-column is-vertically-aligned-center is-layout-flow wp-block-column-is-layout-flow\">\n<div class=\"wp-block-columns is-layout-flex wp-container-core-columns-is-layout-2 wp-block-columns-is-layout-flex\">\n<div class=\"wp-block-column is-layout-flow wp-block-column-is-layout-flow\" style=\"flex-basis:100%\">\n<figure class=\"wp-block-image aligncenter size-full is-resized\"><a href=\"https:\/\/agora.xtec.cat\/escsantiga\/wp-content\/uploads\/usu2064\/2025\/08\/Captura-de-pantalla-2024-02-07-a-les-17.18.25.png\"><img loading=\"lazy\" decoding=\"async\" width=\"704\" height=\"988\" src=\"https:\/\/agora.xtec.cat\/escsantiga\/wp-content\/uploads\/usu2064\/2025\/08\/Captura-de-pantalla-2024-02-07-a-les-17.18.25.png\" alt=\"\" class=\"wp-image-8743\" style=\"width:304px;height:auto\" srcset=\"https:\/\/agora.xtec.cat\/iecanfilua\/wp-content\/uploads\/usu2064\/2025\/08\/Captura-de-pantalla-2024-02-07-a-les-17.18.25.png 704w, https:\/\/agora.xtec.cat\/iecanfilua\/wp-content\/uploads\/usu2064\/2025\/08\/Captura-de-pantalla-2024-02-07-a-les-17.18.25-214x300.png 214w\" sizes=\"auto, (max-width: 704px) 100vw, 704px\" \/><\/a><\/figure>\n<\/div>\n<\/div>\n<\/div>\n<\/div>\n\n\n\n<figure class=\"wp-block-image alignleft size-large is-resized\"><a href=\"https:\/\/agora.xtec.cat\/escsantiga\/wp-content\/uploads\/usu2064\/2025\/08\/Captura-de-pantalla-2024-02-07-a-les-11.16.10.png\"><img loading=\"lazy\" decoding=\"async\" width=\"1024\" height=\"336\" src=\"https:\/\/agora.xtec.cat\/escsantiga\/wp-content\/uploads\/usu2064\/2025\/08\/Captura-de-pantalla-2024-02-07-a-les-11.16.10-1024x336.png\" alt=\"\" class=\"wp-image-8744\" style=\"width:393px;height:auto\" srcset=\"https:\/\/agora.xtec.cat\/iecanfilua\/wp-content\/uploads\/usu2064\/2025\/08\/Captura-de-pantalla-2024-02-07-a-les-11.16.10-1024x336.png 1024w, https:\/\/agora.xtec.cat\/iecanfilua\/wp-content\/uploads\/usu2064\/2025\/08\/Captura-de-pantalla-2024-02-07-a-les-11.16.10-300x98.png 300w, https:\/\/agora.xtec.cat\/iecanfilua\/wp-content\/uploads\/usu2064\/2025\/08\/Captura-de-pantalla-2024-02-07-a-les-11.16.10-768x252.png 768w, https:\/\/agora.xtec.cat\/iecanfilua\/wp-content\/uploads\/usu2064\/2025\/08\/Captura-de-pantalla-2024-02-07-a-les-11.16.10.png 1280w\" sizes=\"auto, (max-width: 1024px) 100vw, 1024px\" \/><\/a><\/figure>\n<\/div><\/div><\/div><\/div><\/div>\n\n\n\n<p><strong><mark style=\"background-color:rgba(0, 0, 0, 0)\" class=\"has-inline-color has-ast-global-color-1-color\">Optativa Rob\u00f2tica<\/mark><\/strong><\/p>\n\n\n\n<div class=\"wp-block-getwid-section alignfull alignfull getwid-section-content-custom-width\"><div class=\"wp-block-getwid-section__wrapper getwid-padding-left-medium getwid-padding-right-medium\"><div class=\"wp-block-getwid-section__inner-wrapper\" style=\"max-width:1140px\"><div class=\"wp-block-getwid-section__background-holder\"><div class=\"wp-block-getwid-section__background\"><\/div><div class=\"wp-block-getwid-section__foreground\"><\/div><\/div><div class=\"wp-block-getwid-section__content\"><div class=\"wp-block-getwid-section__inner-content\">\n<div class=\"wp-block-columns has-2-columns are-vertically-aligned-center is-layout-flex wp-container-core-columns-is-layout-5 wp-block-columns-is-layout-flex\">\n<div class=\"wp-block-column is-vertically-aligned-center is-layout-flow wp-block-column-is-layout-flow\">\n<ul class=\"wp-block-list\">\n<li>Programaci\u00f3 d&#8217;Scratch i Lego<\/li>\n\n\n\n<li>Programaci\u00f3 B\u00e0sica: Flappy Bird<\/li>\n\n\n\n<li>Muntatge d\u2019un prototip en TinkerCAD<\/li>\n\n\n\n<li>Programaci\u00f3 del prototip en TinkerCAD<\/li>\n\n\n\n<li>Muntatge, programaci\u00f3 i execuci\u00f3 en Arduino<\/li>\n<\/ul>\n<\/div>\n\n\n\n<div class=\"wp-block-column is-vertically-aligned-center is-layout-flow wp-block-column-is-layout-flow\">\n<div class=\"wp-block-columns is-layout-flex wp-container-core-columns-is-layout-4 wp-block-columns-is-layout-flex\">\n<div class=\"wp-block-column is-layout-flow wp-block-column-is-layout-flow\" style=\"flex-basis:100%\">\n<figure class=\"wp-block-image size-full\"><a href=\"https:\/\/agora.xtec.cat\/escsantiga\/wp-content\/uploads\/usu2064\/2025\/08\/Captura-de-pantalla-2024-02-08-a-les-19.20.49.png\"><img loading=\"lazy\" decoding=\"async\" width=\"810\" height=\"618\" src=\"https:\/\/agora.xtec.cat\/escsantiga\/wp-content\/uploads\/usu2064\/2025\/08\/Captura-de-pantalla-2024-02-08-a-les-19.20.49.png\" alt=\"\" class=\"wp-image-8746\" srcset=\"https:\/\/agora.xtec.cat\/iecanfilua\/wp-content\/uploads\/usu2064\/2025\/08\/Captura-de-pantalla-2024-02-08-a-les-19.20.49.png 810w, https:\/\/agora.xtec.cat\/iecanfilua\/wp-content\/uploads\/usu2064\/2025\/08\/Captura-de-pantalla-2024-02-08-a-les-19.20.49-300x229.png 300w, https:\/\/agora.xtec.cat\/iecanfilua\/wp-content\/uploads\/usu2064\/2025\/08\/Captura-de-pantalla-2024-02-08-a-les-19.20.49-768x586.png 768w\" sizes=\"auto, (max-width: 810px) 100vw, 810px\" \/><\/a><\/figure>\n<\/div>\n<\/div>\n<\/div>\n<\/div>\n<\/div><\/div><\/div><\/div><\/div>\n\n\n\n<p><strong><mark style=\"background-color:rgba(0, 0, 0, 0)\" class=\"has-inline-color has-ast-global-color-1-color\"><strong>Optativa\u00a0Escriptura creativa<\/strong><\/mark><\/strong><\/p>\n\n\n\n<div class=\"wp-block-getwid-section alignfull alignfull getwid-section-content-custom-width\"><div class=\"wp-block-getwid-section__wrapper getwid-padding-left-medium getwid-padding-right-medium\"><div class=\"wp-block-getwid-section__inner-wrapper\" style=\"max-width:1140px\"><div class=\"wp-block-getwid-section__background-holder\"><div class=\"wp-block-getwid-section__background\"><\/div><div class=\"wp-block-getwid-section__foreground\"><\/div><\/div><div class=\"wp-block-getwid-section__content\"><div class=\"wp-block-getwid-section__inner-content\">\n<div class=\"wp-block-columns has-2-columns are-vertically-aligned-center is-layout-flex wp-container-core-columns-is-layout-7 wp-block-columns-is-layout-flex\">\n<div class=\"wp-block-column is-vertically-aligned-center is-layout-flow wp-block-column-is-layout-flow\">\n<p>A l\u2019optativa d\u2019Escriptura Creativa treballem la narrativa, la poesia i el teatre d\u2019una forma original i col\u00b7laborativa. Aprenem sobre els grans g\u00e8neres literaris potenciant la imaginaci\u00f3 i el vessant m\u00e9s art\u00edstic i pl\u00e0stica, alhora que millorem la cohesi\u00f3 de grup treballant en equip. Les nostres creacions s\u00f3n el resultat de les idees i aportacions de cadascun dels i les alumnes i la constant revisi\u00f3 docent i entre iguals per millorar el resultat final. Una manera amena i divertida de treballar la literatura!<\/p>\n<\/div>\n\n\n\n<div class=\"wp-block-column is-vertically-aligned-center is-layout-flow wp-block-column-is-layout-flow\">\n<div class=\"wp-block-columns is-layout-flex wp-container-core-columns-is-layout-6 wp-block-columns-is-layout-flex\">\n<div class=\"wp-block-column is-layout-flow wp-block-column-is-layout-flow\" style=\"flex-basis:100%\">\n<figure class=\"wp-block-image size-large\"><a href=\"https:\/\/agora.xtec.cat\/escsantiga\/wp-content\/uploads\/usu2064\/2025\/08\/Captura-de-pantalla-2024-02-07-a-les-17.50.32.png\"><img loading=\"lazy\" decoding=\"async\" width=\"1024\" height=\"702\" src=\"https:\/\/agora.xtec.cat\/escsantiga\/wp-content\/uploads\/usu2064\/2025\/08\/Captura-de-pantalla-2024-02-07-a-les-17.50.32-1024x702.png\" alt=\"\" class=\"wp-image-8747\" srcset=\"https:\/\/agora.xtec.cat\/iecanfilua\/wp-content\/uploads\/usu2064\/2025\/08\/Captura-de-pantalla-2024-02-07-a-les-17.50.32-1024x702.png 1024w, https:\/\/agora.xtec.cat\/iecanfilua\/wp-content\/uploads\/usu2064\/2025\/08\/Captura-de-pantalla-2024-02-07-a-les-17.50.32-300x206.png 300w, https:\/\/agora.xtec.cat\/iecanfilua\/wp-content\/uploads\/usu2064\/2025\/08\/Captura-de-pantalla-2024-02-07-a-les-17.50.32-768x527.png 768w, https:\/\/agora.xtec.cat\/iecanfilua\/wp-content\/uploads\/usu2064\/2025\/08\/Captura-de-pantalla-2024-02-07-a-les-17.50.32.png 1280w\" sizes=\"auto, (max-width: 1024px) 100vw, 1024px\" \/><\/a><\/figure>\n<\/div>\n<\/div>\n<\/div>\n<\/div>\n<\/div><\/div><\/div><\/div><\/div>\n\n\n\n<p><strong><mark style=\"background-color:rgba(0, 0, 0, 0)\" class=\"has-inline-color has-ast-global-color-1-color\"><strong><strong>Optativa\u00a0Arts Esc\u00e8niques<\/strong><\/strong><\/mark><\/strong><\/p>\n\n\n\n<div class=\"wp-block-getwid-section alignfull alignfull getwid-section-content-custom-width\"><div class=\"wp-block-getwid-section__wrapper getwid-padding-left-medium getwid-padding-right-medium\"><div class=\"wp-block-getwid-section__inner-wrapper\" style=\"max-width:1140px\"><div class=\"wp-block-getwid-section__background-holder\"><div class=\"wp-block-getwid-section__background\"><\/div><div class=\"wp-block-getwid-section__foreground\"><\/div><\/div><div class=\"wp-block-getwid-section__content\"><div class=\"wp-block-getwid-section__inner-content\">\n<div class=\"wp-block-columns has-2-columns are-vertically-aligned-center is-layout-flex wp-container-core-columns-is-layout-9 wp-block-columns-is-layout-flex\">\n<div class=\"wp-block-column is-vertically-aligned-center is-layout-flow wp-block-column-is-layout-flow\">\n<p>Aquesta optativa pret\u00e9n atorgar la capacitat de comprendre, comunicar i representar idees i sentiments als i les alumnes. La dramatitzaci\u00f3, m\u00e9s centrada en el desenvolupament personal, i el teatre, adre\u00e7at cap a les pr\u00e0ctiques art\u00edstiques creatives, i cap al coneixement de textos literaris d\u2019aquest g\u00e8nere. T\u00e9 \u2014per tant\u2014 la finalitat d\u2019aprendre a expressar-se amb el cos i amb la veu, representar idees i s\u00edmbols, la comunicaci\u00f3 grupal i la creaci\u00f3.\u00a0<\/p>\n<\/div>\n\n\n\n<div class=\"wp-block-column is-vertically-aligned-center is-layout-flow wp-block-column-is-layout-flow\">\n<div class=\"wp-block-columns is-layout-flex wp-container-core-columns-is-layout-8 wp-block-columns-is-layout-flex\">\n<div class=\"wp-block-column is-layout-flow wp-block-column-is-layout-flow\" style=\"flex-basis:100%\">\n<figure class=\"wp-block-image size-full\"><a href=\"https:\/\/agora.xtec.cat\/escsantiga\/wp-content\/uploads\/usu2064\/2025\/08\/Captura-de-pantalla-2024-02-08-a-les-17.56.33.png\"><img loading=\"lazy\" decoding=\"async\" width=\"736\" height=\"548\" src=\"https:\/\/agora.xtec.cat\/escsantiga\/wp-content\/uploads\/usu2064\/2025\/08\/Captura-de-pantalla-2024-02-08-a-les-17.56.33.png\" alt=\"\" class=\"wp-image-8749\" srcset=\"https:\/\/agora.xtec.cat\/iecanfilua\/wp-content\/uploads\/usu2064\/2025\/08\/Captura-de-pantalla-2024-02-08-a-les-17.56.33.png 736w, https:\/\/agora.xtec.cat\/iecanfilua\/wp-content\/uploads\/usu2064\/2025\/08\/Captura-de-pantalla-2024-02-08-a-les-17.56.33-300x223.png 300w\" sizes=\"auto, (max-width: 736px) 100vw, 736px\" \/><\/a><\/figure>\n<\/div>\n<\/div>\n<\/div>\n<\/div>\n<\/div><\/div><\/div><\/div><\/div>\n\n\n\n<p><strong><mark style=\"background-color:rgba(0, 0, 0, 0)\" class=\"has-inline-color has-ast-global-color-1-color\"><strong><strong><strong>Optativa\u00a0Din\u00e0miques Esportives<\/strong><\/strong><\/strong><\/mark><\/strong><\/p>\n\n\n\n<div class=\"wp-block-getwid-section alignfull alignfull getwid-section-content-custom-width\"><div class=\"wp-block-getwid-section__wrapper getwid-padding-left-medium getwid-padding-right-medium\"><div class=\"wp-block-getwid-section__inner-wrapper\" style=\"max-width:1140px\"><div class=\"wp-block-getwid-section__background-holder\"><div class=\"wp-block-getwid-section__background\"><\/div><div class=\"wp-block-getwid-section__foreground\"><\/div><\/div><div class=\"wp-block-getwid-section__content\"><div class=\"wp-block-getwid-section__inner-content\">\n<div class=\"wp-block-columns has-2-columns are-vertically-aligned-center is-layout-flex wp-container-core-columns-is-layout-11 wp-block-columns-is-layout-flex\">\n<div class=\"wp-block-column is-vertically-aligned-center is-layout-flow wp-block-column-is-layout-flow\">\n<p>En l&#8217;optativa de din\u00e0miques esportives, l&#8217;alumnat apr\u00e8n a liderar i conduir diverses din\u00e0miques relacionades amb l&#8217;esport i el lleure. Dirigir, corregir, programar activitats&#8230; ajudant d&#8217;aquesta manera a desenvolupar confian\u00e7a, adquirir destreses i habilitats tant socials com comunicatives davant dels altres.<\/p>\n<\/div>\n\n\n\n<div class=\"wp-block-column is-vertically-aligned-center is-layout-flow wp-block-column-is-layout-flow\">\n<div class=\"wp-block-columns is-layout-flex wp-container-core-columns-is-layout-10 wp-block-columns-is-layout-flex\">\n<div class=\"wp-block-column is-layout-flow wp-block-column-is-layout-flow\" style=\"flex-basis:100%\">\n<figure class=\"wp-block-image size-large\"><a href=\"https:\/\/agora.xtec.cat\/escsantiga\/wp-content\/uploads\/usu2064\/2025\/08\/2.jpg\"><img loading=\"lazy\" decoding=\"async\" width=\"1024\" height=\"786\" src=\"https:\/\/agora.xtec.cat\/escsantiga\/wp-content\/uploads\/usu2064\/2025\/08\/2-1024x786.jpg\" alt=\"\" class=\"wp-image-8750\" srcset=\"https:\/\/agora.xtec.cat\/iecanfilua\/wp-content\/uploads\/usu2064\/2025\/08\/2-1024x786.jpg 1024w, https:\/\/agora.xtec.cat\/iecanfilua\/wp-content\/uploads\/usu2064\/2025\/08\/2-300x230.jpg 300w, https:\/\/agora.xtec.cat\/iecanfilua\/wp-content\/uploads\/usu2064\/2025\/08\/2-768x589.jpg 768w, https:\/\/agora.xtec.cat\/iecanfilua\/wp-content\/uploads\/usu2064\/2025\/08\/2.jpg 1414w\" sizes=\"auto, (max-width: 1024px) 100vw, 1024px\" \/><\/a><\/figure>\n<\/div>\n<\/div>\n<\/div>\n<\/div>\n<\/div><\/div><\/div><\/div><\/div>\n","protected":false},"excerpt":{"rendered":"<p>L&#8217;alumnat de 1r a 4t d&#8217;ESO realitzen 2 hores a la setmana 1 mat\u00e8ria optativa, d&#8217;acord amb els seus interessos i inquietuds d&#8217;aprenentatge. Deutsch Lernen: Optativa d&#8217;alemany (de 1r a 4t d&#8217;ESO) Optativa Copa Cangur Optativa Rob\u00f2tica Optativa\u00a0Escriptura creativa Optativa\u00a0Arts Esc\u00e8niques Optativa\u00a0Din\u00e0miques Esportives<\/p>\n","protected":false},"author":47,"featured_media":0,"parent":8649,"menu_order":0,"comment_status":"closed","ping_status":"closed","template":"","meta":{"_bbp_topic_count":0,"_bbp_reply_count":0,"_bbp_total_topic_count":0,"_bbp_total_reply_count":0,"_bbp_voice_count":0,"_bbp_anonymous_reply_count":0,"_bbp_topic_count_hidden":0,"_bbp_reply_count_hidden":0,"_bbp_forum_subforum_count":0,"site-sidebar-layout":"default","site-content-layout":"","ast-site-content-layout":"default","site-content-style":"default","site-sidebar-style":"default","ast-global-header-display":"","ast-banner-title-visibility":"","ast-main-header-display":"","ast-hfb-above-header-display":"","ast-hfb-below-header-display":"","ast-hfb-mobile-header-display":"","site-post-title":"","ast-breadcrumbs-content":"","ast-featured-img":"","footer-sml-layout":"","theme-transparent-header-meta":"","adv-header-id-meta":"","stick-header-meta":"","header-above-stick-meta":"","header-main-stick-meta":"","header-below-stick-meta":"","astra-migrate-meta-layouts":"set","ast-page-background-enabled":"default","ast-page-background-meta":{"desktop":{"background-color":"var(--ast-global-color-4)","background-image":"","background-repeat":"repeat","background-position":"center center","background-size":"auto","background-attachment":"scroll","background-type":"","background-media":"","overlay-type":"","overlay-color":"","overlay-opacity":"","overlay-gradient":""},"tablet":{"background-color":"","background-image":"","background-repeat":"repeat","background-position":"center center","background-size":"auto","background-attachment":"scroll","background-type":"","background-media":"","overlay-type":"","overlay-color":"","overlay-opacity":"","overlay-gradient":""},"mobile":{"background-color":"","background-image":"","background-repeat":"repeat","background-position":"center center","background-size":"auto","background-attachment":"scroll","background-type":"","background-media":"","overlay-type":"","overlay-color":"","overlay-opacity":"","overlay-gradient":""}},"ast-content-background-meta":{"desktop":{"background-color":"var(--ast-global-color-5)","background-image":"","background-repeat":"repeat","background-position":"center center","background-size":"auto","background-attachment":"scroll","background-type":"","background-media":"","overlay-type":"","overlay-color":"","overlay-opacity":"","overlay-gradient":""},"tablet":{"background-color":"var(--ast-global-color-5)","background-image":"","background-repeat":"repeat","background-position":"center center","background-size":"auto","background-attachment":"scroll","background-type":"","background-media":"","overlay-type":"","overlay-color":"","overlay-opacity":"","overlay-gradient":""},"mobile":{"background-color":"var(--ast-global-color-5)","background-image":"","background-repeat":"repeat","background-position":"center center","background-size":"auto","background-attachment":"scroll","background-type":"","background-media":"","overlay-type":"","overlay-color":"","overlay-opacity":"","overlay-gradient":""}},"footnotes":""},"class_list":["post-8740","page","type-page","status-publish","hentry"],"post_mailing_queue_ids":[],"_links":{"self":[{"href":"https:\/\/agora.xtec.cat\/iecanfilua\/wp-json\/wp\/v2\/pages\/8740","targetHints":{"allow":["GET"]}}],"collection":[{"href":"https:\/\/agora.xtec.cat\/iecanfilua\/wp-json\/wp\/v2\/pages"}],"about":[{"href":"https:\/\/agora.xtec.cat\/iecanfilua\/wp-json\/wp\/v2\/types\/page"}],"author":[{"embeddable":true,"href":"https:\/\/agora.xtec.cat\/iecanfilua\/wp-json\/wp\/v2\/users\/47"}],"replies":[{"embeddable":true,"href":"https:\/\/agora.xtec.cat\/iecanfilua\/wp-json\/wp\/v2\/comments?post=8740"}],"version-history":[{"count":4,"href":"https:\/\/agora.xtec.cat\/iecanfilua\/wp-json\/wp\/v2\/pages\/8740\/revisions"}],"predecessor-version":[{"id":8751,"href":"https:\/\/agora.xtec.cat\/iecanfilua\/wp-json\/wp\/v2\/pages\/8740\/revisions\/8751"}],"up":[{"embeddable":true,"href":"https:\/\/agora.xtec.cat\/iecanfilua\/wp-json\/wp\/v2\/pages\/8649"}],"wp:attachment":[{"href":"https:\/\/agora.xtec.cat\/iecanfilua\/wp-json\/wp\/v2\/media?parent=8740"}],"curies":[{"name":"wp","href":"https:\/\/api.w.org\/{rel}","templated":true}]}}