{"id":8655,"date":"2025-08-20T19:44:23","date_gmt":"2025-08-20T17:44:23","guid":{"rendered":"https:\/\/agora.xtec.cat\/escsantiga\/?page_id=8655"},"modified":"2025-08-20T23:36:49","modified_gmt":"2025-08-20T21:36:49","slug":"convivencia","status":"publish","type":"page","link":"https:\/\/agora.xtec.cat\/iecanfilua\/joves\/convivencia\/","title":{"rendered":"Conviv\u00e8ncia"},"content":{"rendered":"\n<h5 class=\"wp-block-heading has-text-align-center has-ast-global-color-1-color has-text-color has-link-color wp-elements-362444c0d8c1e6c5def50c39b464779e\" id=\"h.wz7mar23iqyu_l\">Compartir un espai, construir un futur<\/h5>\n\n\n\n<figure data-wp-context=\"{&quot;imageId&quot;:&quot;6a09b3d820122&quot;}\" data-wp-interactive=\"core\/image\" class=\"wp-block-image aligncenter is-resized wp-lightbox-container\" style=\"margin-top:var(--wp--preset--spacing--50);margin-bottom:var(--wp--preset--spacing--50)\"><img loading=\"lazy\" decoding=\"async\" width=\"1033\" height=\"958\" data-wp-class--hide=\"state.isContentHidden\" data-wp-class--show=\"state.isContentVisible\" data-wp-init=\"callbacks.setButtonStyles\" data-wp-on-async--click=\"actions.showLightbox\" data-wp-on-async--load=\"callbacks.setButtonStyles\" data-wp-on-async-window--resize=\"callbacks.setButtonStyles\" src=\"https:\/\/agora.xtec.cat\/escsantiga\/wp-content\/uploads\/usu2064\/2025\/08\/Captura-de-pantalla-2024-02-03-a-les-23.29.45.png\" alt=\"\" class=\"wp-image-8656\" style=\"width:267px;height:auto\" srcset=\"https:\/\/agora.xtec.cat\/iecanfilua\/wp-content\/uploads\/usu2064\/2025\/08\/Captura-de-pantalla-2024-02-03-a-les-23.29.45.png 1033w, https:\/\/agora.xtec.cat\/iecanfilua\/wp-content\/uploads\/usu2064\/2025\/08\/Captura-de-pantalla-2024-02-03-a-les-23.29.45-300x278.png 300w, https:\/\/agora.xtec.cat\/iecanfilua\/wp-content\/uploads\/usu2064\/2025\/08\/Captura-de-pantalla-2024-02-03-a-les-23.29.45-1024x950.png 1024w, https:\/\/agora.xtec.cat\/iecanfilua\/wp-content\/uploads\/usu2064\/2025\/08\/Captura-de-pantalla-2024-02-03-a-les-23.29.45-768x712.png 768w\" sizes=\"auto, (max-width: 1033px) 100vw, 1033px\" \/><button\n\t\t\tclass=\"lightbox-trigger\"\n\t\t\ttype=\"button\"\n\t\t\taria-haspopup=\"dialog\"\n\t\t\taria-label=\"Amplia la imatge\"\n\t\t\tdata-wp-init=\"callbacks.initTriggerButton\"\n\t\t\tdata-wp-on-async--click=\"actions.showLightbox\"\n\t\t\tdata-wp-style--right=\"state.imageButtonRight\"\n\t\t\tdata-wp-style--top=\"state.imageButtonTop\"\n\t\t>\n\t\t\t<svg xmlns=\"http:\/\/www.w3.org\/2000\/svg\" width=\"12\" height=\"12\" fill=\"none\" viewBox=\"0 0 12 12\">\n\t\t\t\t<path fill=\"#fff\" d=\"M2 0a2 2 0 0 0-2 2v2h1.5V2a.5.5 0 0 1 .5-.5h2V0H2Zm2 10.5H2a.5.5 0 0 1-.5-.5V8H0v2a2 2 0 0 0 2 2h2v-1.5ZM8 12v-1.5h2a.5.5 0 0 0 .5-.5V8H12v2a2 2 0 0 1-2 2H8Zm2-12a2 2 0 0 1 2 2v2h-1.5V2a.5.5 0 0 0-.5-.5H8V0h2Z\" \/>\n\t\t\t<\/svg>\n\t\t<\/button><\/figure>\n\n\n\n<p>En aquesta nova etapa la <strong><mark style=\"background-color:rgba(0, 0, 0, 0)\" class=\"has-inline-color has-ast-global-color-1-color\">col\u00b7laboraci\u00f3 i la participaci\u00f3 de tota la comunitat educativa<\/mark><\/strong>&nbsp;continua sent essencial, i per aix\u00f2 cal establir un marc de conviv\u00e8ncia que l\u2019afavoreixi. Actualment, el document es troba en fase d\u2019elaboraci\u00f3 i discussi\u00f3, per\u00f2 hi ha un seguit de principis generals que l\u2019experi\u00e8ncia demostra que afavoreixen aquest proc\u00e9s:<\/p>\n\n\n\n<p>L\u2019institut escola com a&nbsp;<strong><mark style=\"background-color:rgba(0, 0, 0, 0)\" class=\"has-inline-color has-ast-global-color-1-color\">espai segur<\/mark><\/strong>: no es poden permetre de cap manera agressions f\u00edsiques o verbals a cap membre de la comunitat educativa (alumnat, docents o PAS).<\/p>\n\n\n\n<p>Cal combatre qualsevol conducta que posi en perill la integritat moral o f\u00edsica de qualsevol membre de la comunitat educativa.<\/p>\n\n\n\n<p><strong><mark style=\"background-color:rgba(0, 0, 0, 0)\" class=\"has-inline-color has-ast-global-color-1-color\">\u00das del m\u00f2bil:<\/mark><\/strong>&nbsp;A partir del curs 25-26, seguint el Pla de digitalitzaci\u00f3 responsable del Departament d&#8217;Educaci\u00f3, els dispositius m\u00f2bils no estaran permesos a tota l&#8217;educaci\u00f3 obligat\u00f2ria. Tampoc es permetr\u00e0 l\u2019\u00fas de rellotges intel\u00b7ligents entre l\u2019alumnat.<\/p>\n\n\n\n<p>Cal tenir cura del material did\u00e0ctic, tant del propi com del que proporcioni el centre.<\/p>\n\n\n\n<p>No es pot permetre la impuntualitat injustificada.<\/p>\n\n\n\n<p>S\u2019estableixen&nbsp;<strong><mark><mark style=\"background-color:rgba(0, 0, 0, 0)\" class=\"has-inline-color has-ast-global-color-1-color\">mesures reparadores i pr\u00e0ctiques restauratives<\/mark><\/mark><\/strong>, a m\u00e9s de totes les altres, en cas d\u2019una incid\u00e8ncia greu o d\u2019una reiteraci\u00f3 d\u2019infraccions lleus (retards injustificats, etc.).<\/p>\n\n\n\n<p>Les incid\u00e8ncies poden repercutir directament a la nota de l\u2019alumne\/a o en uns altres aspectes, com ara la no participaci\u00f3 en festes, sortides, cr\u00e8dits de s\u00edntesi, viatges, jornada esportiva\u2026<\/p>\n\n\n\n<figure data-wp-context=\"{&quot;imageId&quot;:&quot;6a09b3d82081c&quot;}\" data-wp-interactive=\"core\/image\" class=\"wp-block-image alignfull wp-lightbox-container\"><img loading=\"lazy\" decoding=\"async\" width=\"1280\" height=\"447\" data-wp-class--hide=\"state.isContentHidden\" data-wp-class--show=\"state.isContentVisible\" data-wp-init=\"callbacks.setButtonStyles\" data-wp-on-async--click=\"actions.showLightbox\" data-wp-on-async--load=\"callbacks.setButtonStyles\" data-wp-on-async-window--resize=\"callbacks.setButtonStyles\" src=\"https:\/\/agora.xtec.cat\/escsantiga\/wp-content\/uploads\/usu2064\/2025\/08\/Captura-de-pantalla-2024-02-03-a-les-23.57.01.png\" alt=\"\" class=\"wp-image-8665\" srcset=\"https:\/\/agora.xtec.cat\/iecanfilua\/wp-content\/uploads\/usu2064\/2025\/08\/Captura-de-pantalla-2024-02-03-a-les-23.57.01.png 1280w, https:\/\/agora.xtec.cat\/iecanfilua\/wp-content\/uploads\/usu2064\/2025\/08\/Captura-de-pantalla-2024-02-03-a-les-23.57.01-300x105.png 300w, https:\/\/agora.xtec.cat\/iecanfilua\/wp-content\/uploads\/usu2064\/2025\/08\/Captura-de-pantalla-2024-02-03-a-les-23.57.01-1024x358.png 1024w, https:\/\/agora.xtec.cat\/iecanfilua\/wp-content\/uploads\/usu2064\/2025\/08\/Captura-de-pantalla-2024-02-03-a-les-23.57.01-768x268.png 768w\" sizes=\"auto, (max-width: 1280px) 100vw, 1280px\" \/><button\n\t\t\tclass=\"lightbox-trigger\"\n\t\t\ttype=\"button\"\n\t\t\taria-haspopup=\"dialog\"\n\t\t\taria-label=\"Amplia la imatge\"\n\t\t\tdata-wp-init=\"callbacks.initTriggerButton\"\n\t\t\tdata-wp-on-async--click=\"actions.showLightbox\"\n\t\t\tdata-wp-style--right=\"state.imageButtonRight\"\n\t\t\tdata-wp-style--top=\"state.imageButtonTop\"\n\t\t>\n\t\t\t<svg xmlns=\"http:\/\/www.w3.org\/2000\/svg\" width=\"12\" height=\"12\" fill=\"none\" viewBox=\"0 0 12 12\">\n\t\t\t\t<path fill=\"#fff\" d=\"M2 0a2 2 0 0 0-2 2v2h1.5V2a.5.5 0 0 1 .5-.5h2V0H2Zm2 10.5H2a.5.5 0 0 1-.5-.5V8H0v2a2 2 0 0 0 2 2h2v-1.5ZM8 12v-1.5h2a.5.5 0 0 0 .5-.5V8H12v2a2 2 0 0 1-2 2H8Zm2-12a2 2 0 0 1 2 2v2h-1.5V2a.5.5 0 0 0-.5-.5H8V0h2Z\" \/>\n\t\t\t<\/svg>\n\t\t<\/button><\/figure>\n\n\n\n<figure class=\"wp-block-image alignleft size-full is-resized\"><a class=\"https:\/\/educacio.gencat.cat\/web\/.content\/home\/departament\/publicacions\/protocols\/actuacio-davant-violencia-ambit-educatiu\/protocol-actuacio-davant-violencia.pdf\" href=\"https:\/\/educacio.gencat.cat\/web\/.content\/home\/departament\/publicacions\/protocols\/actuacio-davant-violencia-ambit-educatiu\/protocol-actuacio-davant-violencia.pdf\" target=\"_blank\" rel=\" https:\/\/educacio.gencat.cat\/web\/.content\/home\/departament\/publicacions\/protocols\/actuacio-davant-violencia-ambit-educatiu\/protocol-actuacio-davant-violencia.pdf\"><img loading=\"lazy\" decoding=\"async\" width=\"853\" height=\"831\" src=\"https:\/\/agora.xtec.cat\/escsantiga\/wp-content\/uploads\/usu2064\/2025\/08\/protocol-unificat.jpg\" alt=\"\" class=\"wp-image-8667\" style=\"width:244px;height:auto\" srcset=\"https:\/\/agora.xtec.cat\/iecanfilua\/wp-content\/uploads\/usu2064\/2025\/08\/protocol-unificat.jpg 853w, https:\/\/agora.xtec.cat\/iecanfilua\/wp-content\/uploads\/usu2064\/2025\/08\/protocol-unificat-300x292.jpg 300w, https:\/\/agora.xtec.cat\/iecanfilua\/wp-content\/uploads\/usu2064\/2025\/08\/protocol-unificat-768x748.jpg 768w\" sizes=\"auto, (max-width: 853px) 100vw, 853px\" \/><\/a><\/figure>\n\n\n\n<figure data-wp-context=\"{&quot;imageId&quot;:&quot;6a09b3d820e2e&quot;}\" data-wp-interactive=\"core\/image\" class=\"wp-block-image alignleft is-resized wp-lightbox-container\"><img loading=\"lazy\" decoding=\"async\" width=\"633\" height=\"602\" data-wp-class--hide=\"state.isContentHidden\" data-wp-class--show=\"state.isContentVisible\" data-wp-init=\"callbacks.setButtonStyles\" data-wp-on-async--click=\"actions.showLightbox\" data-wp-on-async--load=\"callbacks.setButtonStyles\" data-wp-on-async-window--resize=\"callbacks.setButtonStyles\" src=\"https:\/\/agora.xtec.cat\/escsantiga\/wp-content\/uploads\/usu2064\/2025\/08\/convivencia.jpg\" alt=\"\" class=\"wp-image-8666\" style=\"width:208px;height:auto\" srcset=\"https:\/\/agora.xtec.cat\/iecanfilua\/wp-content\/uploads\/usu2064\/2025\/08\/convivencia.jpg 633w, https:\/\/agora.xtec.cat\/iecanfilua\/wp-content\/uploads\/usu2064\/2025\/08\/convivencia-300x285.jpg 300w\" sizes=\"auto, (max-width: 633px) 100vw, 633px\" \/><button\n\t\t\tclass=\"lightbox-trigger\"\n\t\t\ttype=\"button\"\n\t\t\taria-haspopup=\"dialog\"\n\t\t\taria-label=\"Amplia la imatge\"\n\t\t\tdata-wp-init=\"callbacks.initTriggerButton\"\n\t\t\tdata-wp-on-async--click=\"actions.showLightbox\"\n\t\t\tdata-wp-style--right=\"state.imageButtonRight\"\n\t\t\tdata-wp-style--top=\"state.imageButtonTop\"\n\t\t>\n\t\t\t<svg xmlns=\"http:\/\/www.w3.org\/2000\/svg\" width=\"12\" height=\"12\" fill=\"none\" viewBox=\"0 0 12 12\">\n\t\t\t\t<path fill=\"#fff\" d=\"M2 0a2 2 0 0 0-2 2v2h1.5V2a.5.5 0 0 1 .5-.5h2V0H2Zm2 10.5H2a.5.5 0 0 1-.5-.5V8H0v2a2 2 0 0 0 2 2h2v-1.5ZM8 12v-1.5h2a.5.5 0 0 0 .5-.5V8H12v2a2 2 0 0 1-2 2H8Zm2-12a2 2 0 0 1 2 2v2h-1.5V2a.5.5 0 0 0-.5-.5H8V0h2Z\" \/>\n\t\t\t<\/svg>\n\t\t<\/button><\/figure>\n\n\n\n<figure class=\"wp-block-image alignfull size-full\"><img loading=\"lazy\" decoding=\"async\" width=\"696\" height=\"588\" src=\"https:\/\/agora.xtec.cat\/escsantiga\/wp-content\/uploads\/usu2064\/2025\/08\/Captura-de-pantalla-2024-02-07-a-les-19.50.48.png\" alt=\"\" class=\"wp-image-8664\" srcset=\"https:\/\/agora.xtec.cat\/iecanfilua\/wp-content\/uploads\/usu2064\/2025\/08\/Captura-de-pantalla-2024-02-07-a-les-19.50.48.png 696w, https:\/\/agora.xtec.cat\/iecanfilua\/wp-content\/uploads\/usu2064\/2025\/08\/Captura-de-pantalla-2024-02-07-a-les-19.50.48-300x253.png 300w\" sizes=\"auto, (max-width: 696px) 100vw, 696px\" \/><\/figure>\n","protected":false},"excerpt":{"rendered":"<p>Compartir un espai, construir un futur En aquesta nova etapa la col\u00b7laboraci\u00f3 i la participaci\u00f3 de tota la comunitat educativa&nbsp;continua sent essencial, i per aix\u00f2 cal establir un marc de conviv\u00e8ncia que l\u2019afavoreixi. Actualment, el document es troba en fase d\u2019elaboraci\u00f3 i discussi\u00f3, per\u00f2 hi ha un seguit de principis generals que l\u2019experi\u00e8ncia demostra que [&hellip;]<\/p>\n","protected":false},"author":47,"featured_media":0,"parent":8649,"menu_order":0,"comment_status":"closed","ping_status":"closed","template":"","meta":{"_bbp_topic_count":0,"_bbp_reply_count":0,"_bbp_total_topic_count":0,"_bbp_total_reply_count":0,"_bbp_voice_count":0,"_bbp_anonymous_reply_count":0,"_bbp_topic_count_hidden":0,"_bbp_reply_count_hidden":0,"_bbp_forum_subforum_count":0,"site-sidebar-layout":"default","site-content-layout":"","ast-site-content-layout":"default","site-content-style":"default","site-sidebar-style":"default","ast-global-header-display":"","ast-banner-title-visibility":"","ast-main-header-display":"","ast-hfb-above-header-display":"","ast-hfb-below-header-display":"","ast-hfb-mobile-header-display":"","site-post-title":"","ast-breadcrumbs-content":"","ast-featured-img":"","footer-sml-layout":"","theme-transparent-header-meta":"","adv-header-id-meta":"","stick-header-meta":"","header-above-stick-meta":"","header-main-stick-meta":"","header-below-stick-meta":"","astra-migrate-meta-layouts":"set","ast-page-background-enabled":"default","ast-page-background-meta":{"desktop":{"background-color":"var(--ast-global-color-4)","background-image":"","background-repeat":"repeat","background-position":"center center","background-size":"auto","background-attachment":"scroll","background-type":"","background-media":"","overlay-type":"","overlay-color":"","overlay-opacity":"","overlay-gradient":""},"tablet":{"background-color":"","background-image":"","background-repeat":"repeat","background-position":"center center","background-size":"auto","background-attachment":"scroll","background-type":"","background-media":"","overlay-type":"","overlay-color":"","overlay-opacity":"","overlay-gradient":""},"mobile":{"background-color":"","background-image":"","background-repeat":"repeat","background-position":"center center","background-size":"auto","background-attachment":"scroll","background-type":"","background-media":"","overlay-type":"","overlay-color":"","overlay-opacity":"","overlay-gradient":""}},"ast-content-background-meta":{"desktop":{"background-color":"var(--ast-global-color-5)","background-image":"","background-repeat":"repeat","background-position":"center center","background-size":"auto","background-attachment":"scroll","background-type":"","background-media":"","overlay-type":"","overlay-color":"","overlay-opacity":"","overlay-gradient":""},"tablet":{"background-color":"var(--ast-global-color-5)","background-image":"","background-repeat":"repeat","background-position":"center center","background-size":"auto","background-attachment":"scroll","background-type":"","background-media":"","overlay-type":"","overlay-color":"","overlay-opacity":"","overlay-gradient":""},"mobile":{"background-color":"var(--ast-global-color-5)","background-image":"","background-repeat":"repeat","background-position":"center center","background-size":"auto","background-attachment":"scroll","background-type":"","background-media":"","overlay-type":"","overlay-color":"","overlay-opacity":"","overlay-gradient":""}},"footnotes":""},"class_list":["post-8655","page","type-page","status-publish","hentry"],"post_mailing_queue_ids":[],"_links":{"self":[{"href":"https:\/\/agora.xtec.cat\/iecanfilua\/wp-json\/wp\/v2\/pages\/8655","targetHints":{"allow":["GET"]}}],"collection":[{"href":"https:\/\/agora.xtec.cat\/iecanfilua\/wp-json\/wp\/v2\/pages"}],"about":[{"href":"https:\/\/agora.xtec.cat\/iecanfilua\/wp-json\/wp\/v2\/types\/page"}],"author":[{"embeddable":true,"href":"https:\/\/agora.xtec.cat\/iecanfilua\/wp-json\/wp\/v2\/users\/47"}],"replies":[{"embeddable":true,"href":"https:\/\/agora.xtec.cat\/iecanfilua\/wp-json\/wp\/v2\/comments?post=8655"}],"version-history":[{"count":6,"href":"https:\/\/agora.xtec.cat\/iecanfilua\/wp-json\/wp\/v2\/pages\/8655\/revisions"}],"predecessor-version":[{"id":8739,"href":"https:\/\/agora.xtec.cat\/iecanfilua\/wp-json\/wp\/v2\/pages\/8655\/revisions\/8739"}],"up":[{"embeddable":true,"href":"https:\/\/agora.xtec.cat\/iecanfilua\/wp-json\/wp\/v2\/pages\/8649"}],"wp:attachment":[{"href":"https:\/\/agora.xtec.cat\/iecanfilua\/wp-json\/wp\/v2\/media?parent=8655"}],"curies":[{"name":"wp","href":"https:\/\/api.w.org\/{rel}","templated":true}]}}