{"id":8608,"date":"2025-10-02T13:16:47","date_gmt":"2025-10-02T11:16:47","guid":{"rendered":"https:\/\/agora.xtec.cat\/escsantiga\/?page_id=8608"},"modified":"2025-11-06T05:24:26","modified_gmt":"2025-11-06T04:24:26","slug":"qui-som","status":"publish","type":"page","link":"https:\/\/agora.xtec.cat\/iecanfilua\/institut-escola\/qui-som\/","title":{"rendered":"Qui som?"},"content":{"rendered":"\n<div class=\"wp-block-columns is-layout-flex wp-container-core-columns-is-layout-1 wp-block-columns-is-layout-flex\">\n<div class=\"wp-block-column is-layout-flow wp-block-column-is-layout-flow\">\n<h4 class=\"wp-block-heading\"><strong><mark style=\"background-color:rgba(0, 0, 0, 0)\" class=\"has-inline-color has-ast-global-color-1-color\">Equip directiu<\/mark><\/strong><\/h4>\n\n\n\n<ul class=\"wp-block-list\">\n<li><strong>Director:&nbsp;<\/strong>Robert Compta<\/li>\n\n\n\n<li><strong>Cap d\u2019estudis (Inf i Pri):<\/strong> Lluc Forn<\/li>\n\n\n\n<li><strong>Cap d\u2019estudis (ESO):<\/strong> \u00c8lia Vidal<\/li>\n\n\n\n<li><strong>Coordinador pedag\u00f2gic (ESO):&nbsp;<\/strong>Guillermo Almansa<\/li>\n\n\n\n<li><strong>Secret\u00e0ria:<\/strong> Neus Mart\u00edn<\/li>\n<\/ul>\n\n\n\n<h4 class=\"wp-block-heading\"><mark style=\"background-color:rgba(0, 0, 0, 0)\" class=\"has-inline-color has-ast-global-color-1-color\">Coordinacions<\/mark><\/h4>\n\n\n\n<ul class=\"wp-block-list\">\n<li><strong>Comunitat de Petits:<\/strong> Pili Fern\u00e1ndez<\/li>\n\n\n\n<li><strong>Comunitat de Mitjans:<\/strong> Anna delPueyo<\/li>\n\n\n\n<li><strong>Comunitat de Grans:<\/strong> Siscu Ruiz<\/li>\n\n\n\n<li><strong>Primer cicle ESO:<\/strong> Tamara Sala<\/li>\n\n\n\n<li><strong>Segon cicle ESO: <\/strong>Laia G\u00f3mez<\/li>\n\n\n\n<li><strong>Projectes:&nbsp;<\/strong>Marta Baqu\u00e9<\/li>\n\n\n\n<li><strong>Digital:<\/strong> Rub\u00e9n Ballester<\/li>\n\n\n\n<li><strong>Biblioteca:<\/strong> Anna Jim\u00e9nez<\/li>\n\n\n\n<li><strong>Riscos Laborals:<\/strong> Bel\u00e9n Santamaria<\/li>\n\n\n\n<li><strong>LIC:&nbsp;<\/strong>Mireia Monjo<\/li>\n\n\n\n<li><strong>COCOBE:<\/strong> Mireia Carre\u00f1o<\/li>\n<\/ul>\n\n\n\n<h4 class=\"wp-block-heading\"><mark style=\"background-color:rgba(0, 0, 0, 0)\" class=\"has-inline-color has-ast-global-color-1-color\">Tutories<\/mark><\/h4>\n\n\n\n<h6 class=\"wp-block-heading\"><mark style=\"background-color:rgba(0, 0, 0, 0)\" class=\"has-inline-color has-ast-global-color-0-color\">Infantil<\/mark><\/h6>\n\n\n\n<ul class=\"wp-block-list\">\n<li><strong>I3A:<\/strong> Mireia Monjo<\/li>\n\n\n\n<li><strong>I3B:<\/strong> Ana Jim\u00e9nez<\/li>\n\n\n\n<li><strong>I4A:<\/strong> Pili Fern\u00e1ndez<\/li>\n\n\n\n<li><strong>I4B:<\/strong> Bea Bermejo \/ Maria V\u00e1zquez<\/li>\n\n\n\n<li><strong>I5A:<\/strong> Susana N\u00fa\u00f1ez<\/li>\n\n\n\n<li><strong>I5B:<\/strong> Trini Fern\u00e1ndez<\/li>\n<\/ul>\n\n\n\n<h6 class=\"wp-block-heading\"><mark style=\"background-color:rgba(0, 0, 0, 0)\" class=\"has-inline-color has-ast-global-color-0-color\">Prim\u00e0ria<\/mark><\/h6>\n\n\n\n<ul class=\"wp-block-list\">\n<li><strong>1rA:<\/strong> Maria Aguilera<\/li>\n\n\n\n<li><strong>1rB:&nbsp;<\/strong>Paula Valdivia<\/li>\n\n\n\n<li><strong>2nA:<\/strong> Elena Carreras<\/li>\n\n\n\n<li><strong>2nB:&nbsp;<\/strong>Anna Delpueyo<\/li>\n\n\n\n<li><strong>3rA:<\/strong> Maria Jes\u00fas Gimeno<\/li>\n\n\n\n<li><strong>3rB:<\/strong> Rub\u00e9n Valiente<\/li>\n\n\n\n<li><strong>4tA:<\/strong> Maria Ricart<\/li>\n\n\n\n<li><strong>4tB:<\/strong> Carolina C\u00e1novas<\/li>\n\n\n\n<li><strong>5\u00e8A:&nbsp;<\/strong>Alejandro Barber\u00e0<\/li>\n\n\n\n<li><strong>5\u00e8B:<\/strong> In\u00e9s Postigo<\/li>\n\n\n\n<li><strong>6\u00e8A:&nbsp;<\/strong>Rub\u00e9n Ballester<\/li>\n\n\n\n<li><strong>6\u00e8B:<\/strong> Siscu Ruiz<\/li>\n<\/ul>\n\n\n\n<h6 class=\"wp-block-heading\"><mark style=\"background-color:rgba(0, 0, 0, 0)\" class=\"has-inline-color has-ast-global-color-0-color\">Secund\u00e0ria<\/mark><\/h6>\n\n\n\n<ul class=\"wp-block-list\">\n<li><strong>1rA:<\/strong> Xavier Mart\u00ednez<\/li>\n\n\n\n<li><strong>1rB:<\/strong> Jos\u00e9 G\u00f3mez<\/li>\n\n\n\n<li><strong>2nA:<\/strong> Jos\u00e9 Ben\u00edtez<\/li>\n\n\n\n<li><strong>2nB:<\/strong> Laura Sap\u00e9<\/li>\n\n\n\n<li><strong>3rA:<\/strong> Anna Mart\u00ednez<\/li>\n\n\n\n<li><strong>3rB:<\/strong> Laura Ram\u00edrez<\/li>\n\n\n\n<li><strong>4tA:<\/strong> Yvonne Koci<\/li>\n\n\n\n<li><strong>4tB:<\/strong> Elisabet Vallbona<\/li>\n<\/ul>\n<\/div>\n\n\n\n<div class=\"wp-block-column is-layout-flow wp-block-column-is-layout-flow\">\n<h4 class=\"wp-block-heading\"><mark style=\"background-color:rgba(0, 0, 0, 0)\" class=\"has-inline-color has-ast-global-color-1-color\">Especialitats i suports<\/mark><\/h4>\n\n\n\n<h6 class=\"wp-block-heading\"><mark style=\"background-color:rgba(0, 0, 0, 0)\" class=\"has-inline-color has-ast-global-color-0-color\">Infantil i P<strong>rim\u00e0ria<\/strong><\/mark><\/h6>\n\n\n\n<ul class=\"wp-block-list\">\n<li><strong>Angl\u00e8s:&nbsp;<\/strong>Roser F\u00e9lez \/ Olga Solanellas<\/li>\n\n\n\n<li><strong>Educaci\u00f3 f\u00edsica i Psicomotricitat:<\/strong> Bel\u00e9n Santamaria \/ Ana\u00efs Perulero \/ Nil Vall\u00e8s<\/li>\n\n\n\n<li><strong>M\u00fasica:<\/strong> Anna Luj\u00e1n<\/li>\n\n\n\n<li><strong>Educaci\u00f3 Especial:<\/strong> Marta Torrico (Infantil i Aula d\u2019acollida) \/ Bea S\u00e1nchez (Mitjans) \/ Cristina Gallego (Grans)<\/li>\n\n\n\n<li><strong>Suports docents: <\/strong>Neus Granda (Petits) \/ Esther P\u00e9rez (Mitjans i Grans)<\/li>\n\n\n\n<li><strong>T\u00e8cnica d\u2019Educaci\u00f3 Infantil:&nbsp;<\/strong>S\u00f2nia Alba<\/li>\n\n\n\n<li><strong>Vetlladores:<\/strong> Sali \/ Marta \/ Yanira<\/li>\n<\/ul>\n\n\n\n<h6 class=\"wp-block-heading\"><mark style=\"background-color:rgba(0, 0, 0, 0)\" class=\"has-inline-color has-ast-global-color-0-color\">Secund\u00e0ria<\/mark><\/h6>\n\n\n\n<ul class=\"wp-block-list\">\n<li><strong>Llengua catalana i literatura:<\/strong> Assumpta Picas \/ Elisabet Vallbona \/ Marta Roviralta<\/li>\n\n\n\n<li><strong>Llengua castellana i literatura:<\/strong> Jose Ben\u00edtez \/ Desiree Navarro<\/li>\n\n\n\n<li><strong>Angl\u00e8s:&nbsp;<\/strong>Laura Ram\u00edrez \/ Xavier Mart\u00ednez<\/li>\n\n\n\n<li><strong>Alemany: <\/strong>Yvonne Koci<\/li>\n\n\n\n<li><strong>Matem\u00e0tiques:&nbsp;<\/strong>Anna Mart\u00ednez \/ Laura Sap\u00e9 \/ Ana Abad<\/li>\n\n\n\n<li><strong>F\u00edsica i qu\u00edmica:&nbsp;<\/strong>Cristina D\u00edaz<\/li>\n\n\n\n<li><strong>Biologia: <\/strong>Vicent Arnau<\/li>\n\n\n\n<li><strong>Tecnologia:&nbsp;<\/strong>Jordi Bonet \/ Chus Arango<\/li>\n\n\n\n<li><strong>Geografia i hist\u00f2ria:&nbsp;<\/strong>Guillermo Almansa \/ Laia Gomez \/ Jose G\u00f3mez<\/li>\n\n\n\n<li><strong>Educaci\u00f3 visual i pl\u00e0stica: <\/strong>Tamara Sala<\/li>\n\n\n\n<li><strong>Filosofia:<\/strong> Marc Sang\u00fcesa<\/li>\n\n\n\n<li><strong>M\u00fasica:&nbsp;<\/strong>Jorge Rodr\u00edguez<\/li>\n\n\n\n<li><strong>Educaci\u00f3 F\u00edsica: <\/strong>Kevin Descals<\/li>\n\n\n\n<li><strong>Orientaci\u00f3 educativa: <\/strong>\u00c8lia Vidal \/ Mireia Carre\u00f1o<\/li>\n<\/ul>\n\n\n\n<h4 class=\"wp-block-heading\"><mark style=\"background-color:rgba(0, 0, 0, 0)\" class=\"has-inline-color has-ast-global-color-1-color\">Personal no docent<\/mark><\/h4>\n\n\n\n<ul class=\"wp-block-list\">\n<li><strong>Conserges:<\/strong> Rosa \/ Berta<\/li>\n\n\n\n<li><strong>Administraci\u00f3:<\/strong> Sonia \/ Maria<\/li>\n\n\n\n<li><strong>Educadors socials DIMO:<\/strong> Gemma Ban\u00fas \/ Xavi Rodr\u00edguez<\/li>\n\n\n\n<li><strong>Educadora social ESO: <\/strong>Estefania Zuheros<\/li>\n<\/ul>\n\n\n\n<h4 class=\"wp-block-heading\"><mark style=\"background-color:rgba(0, 0, 0, 0)\" class=\"has-inline-color has-ast-global-color-1-color\">Espai Migdia i extraescolars<\/mark><\/h4>\n\n\n\n<ul class=\"wp-block-list\">\n<li><strong>Coordinaci\u00f3 Espai Migdia: <\/strong>Feli \/ Montse<\/li>\n\n\n\n<li><strong>Coordinaci\u00f3 extraescolars: <\/strong>Oscar<\/li>\n<\/ul>\n<\/div>\n<\/div>\n\n\n\n<p><\/p>\n","protected":false},"excerpt":{"rendered":"<p>Equip directiu Coordinacions Tutories Infantil Prim\u00e0ria Secund\u00e0ria Especialitats i suports Infantil i Prim\u00e0ria Secund\u00e0ria Personal no docent Espai Migdia i extraescolars<\/p>\n","protected":false},"author":47,"featured_media":0,"parent":22,"menu_order":0,"comment_status":"closed","ping_status":"closed","template":"","meta":{"_bbp_topic_count":0,"_bbp_reply_count":0,"_bbp_total_topic_count":0,"_bbp_total_reply_count":0,"_bbp_voice_count":0,"_bbp_anonymous_reply_count":0,"_bbp_topic_count_hidden":0,"_bbp_reply_count_hidden":0,"_bbp_forum_subforum_count":0,"site-sidebar-layout":"default","site-content-layout":"","ast-site-content-layout":"default","site-content-style":"default","site-sidebar-style":"default","ast-global-header-display":"","ast-banner-title-visibility":"","ast-main-header-display":"","ast-hfb-above-header-display":"","ast-hfb-below-header-display":"","ast-hfb-mobile-header-display":"","site-post-title":"","ast-breadcrumbs-content":"","ast-featured-img":"","footer-sml-layout":"","theme-transparent-header-meta":"default","adv-header-id-meta":"","stick-header-meta":"","header-above-stick-meta":"","header-main-stick-meta":"","header-below-stick-meta":"","astra-migrate-meta-layouts":"set","ast-page-background-enabled":"default","ast-page-background-meta":{"desktop":{"background-color":"var(--ast-global-color-4)","background-image":"","background-repeat":"repeat","background-position":"center center","background-size":"auto","background-attachment":"scroll","background-type":"","background-media":"","overlay-type":"","overlay-color":"","overlay-opacity":"","overlay-gradient":""},"tablet":{"background-color":"","background-image":"","background-repeat":"repeat","background-position":"center center","background-size":"auto","background-attachment":"scroll","background-type":"","background-media":"","overlay-type":"","overlay-color":"","overlay-opacity":"","overlay-gradient":""},"mobile":{"background-color":"","background-image":"","background-repeat":"repeat","background-position":"center center","background-size":"auto","background-attachment":"scroll","background-type":"","background-media":"","overlay-type":"","overlay-color":"","overlay-opacity":"","overlay-gradient":""}},"ast-content-background-meta":{"desktop":{"background-color":"var(--ast-global-color-5)","background-image":"","background-repeat":"repeat","background-position":"center center","background-size":"auto","background-attachment":"scroll","background-type":"","background-media":"","overlay-type":"","overlay-color":"","overlay-opacity":"","overlay-gradient":""},"tablet":{"background-color":"var(--ast-global-color-5)","background-image":"","background-repeat":"repeat","background-position":"center center","background-size":"auto","background-attachment":"scroll","background-type":"","background-media":"","overlay-type":"","overlay-color":"","overlay-opacity":"","overlay-gradient":""},"mobile":{"background-color":"var(--ast-global-color-5)","background-image":"","background-repeat":"repeat","background-position":"center center","background-size":"auto","background-attachment":"scroll","background-type":"","background-media":"","overlay-type":"","overlay-color":"","overlay-opacity":"","overlay-gradient":""}},"footnotes":""},"class_list":["post-8608","page","type-page","status-publish","hentry"],"post_mailing_queue_ids":[],"_links":{"self":[{"href":"https:\/\/agora.xtec.cat\/iecanfilua\/wp-json\/wp\/v2\/pages\/8608","targetHints":{"allow":["GET"]}}],"collection":[{"href":"https:\/\/agora.xtec.cat\/iecanfilua\/wp-json\/wp\/v2\/pages"}],"about":[{"href":"https:\/\/agora.xtec.cat\/iecanfilua\/wp-json\/wp\/v2\/types\/page"}],"author":[{"embeddable":true,"href":"https:\/\/agora.xtec.cat\/iecanfilua\/wp-json\/wp\/v2\/users\/47"}],"replies":[{"embeddable":true,"href":"https:\/\/agora.xtec.cat\/iecanfilua\/wp-json\/wp\/v2\/comments?post=8608"}],"version-history":[{"count":6,"href":"https:\/\/agora.xtec.cat\/iecanfilua\/wp-json\/wp\/v2\/pages\/8608\/revisions"}],"predecessor-version":[{"id":9061,"href":"https:\/\/agora.xtec.cat\/iecanfilua\/wp-json\/wp\/v2\/pages\/8608\/revisions\/9061"}],"up":[{"embeddable":true,"href":"https:\/\/agora.xtec.cat\/iecanfilua\/wp-json\/wp\/v2\/pages\/22"}],"wp:attachment":[{"href":"https:\/\/agora.xtec.cat\/iecanfilua\/wp-json\/wp\/v2\/media?parent=8608"}],"curies":[{"name":"wp","href":"https:\/\/api.w.org\/{rel}","templated":true}]}}