{"id":8556,"date":"2025-07-07T11:05:53","date_gmt":"2025-07-07T09:05:53","guid":{"rendered":"https:\/\/agora.xtec.cat\/escsantiga\/?page_id=8556"},"modified":"2025-10-10T14:53:47","modified_gmt":"2025-10-10T12:53:47","slug":"projectes-mitjans-grans","status":"publish","type":"page","link":"https:\/\/agora.xtec.cat\/iecanfilua\/mitjans-i-grans\/projectes-mitjans-grans\/","title":{"rendered":"Treball per projectes"},"content":{"rendered":"<p>Apostem per treballar situacions d&#8217;aprenentatge que es fonamentin en la naturalesa social del proc\u00e9s d&#8217;aprendre i fomentin activament l&#8217;aprenentatge cooperatiu ben organitzat. On el coneixement s&#8217;erigeix en entorn de converses d&#8217;aula com a eina de treball per construir coneixement conjunt i l&#8217;avaluaci\u00f3 conscient els ajuda a regular el seu propi proc\u00e9s d&#8217;aprenentatge.<\/p>\n<table style=\"width: 100%; border-collapse: collapse; border-style: solid; border-color: #000000;\">\n<tbody>\n<tr style=\"border-style: solid; border-color: #000000;\">\n<td style=\"width: 33.3333%; text-align: center; vertical-align: top; border-style: solid; border-color: #000000;\"><span style=\"color: #1fa799;\"><strong>1. Fase d&#8217;exploraci\u00f3<\/strong><\/span><\/p>\n<p style=\"text-align: left;\"><img loading=\"lazy\" decoding=\"async\" class=\"size-full wp-image-8557 aligncenter\" src=\"https:\/\/agora.xtec.cat\/escsantiga\/wp-content\/uploads\/usu2064\/2025\/07\/exploracio.jpg\" alt=\"\" width=\"213\" height=\"213\" srcset=\"https:\/\/agora.xtec.cat\/iecanfilua\/wp-content\/uploads\/usu2064\/2025\/07\/exploracio.jpg 213w, https:\/\/agora.xtec.cat\/iecanfilua\/wp-content\/uploads\/usu2064\/2025\/07\/exploracio-150x150.jpg 150w\" sizes=\"auto, (max-width: 213px) 100vw, 213px\" \/><\/p>\n<\/td>\n<td style=\"width: 33.3333%; text-align: center; vertical-align: top; border-style: solid; border-color: #000000;\"><span style=\"color: #1fa799;\"><strong>2. Fase d&#8217;indagaci\u00f3 i recerca<\/strong><\/span><\/p>\n<p style=\"text-align: left;\"><img loading=\"lazy\" decoding=\"async\" class=\"size-full wp-image-8558 aligncenter\" src=\"https:\/\/agora.xtec.cat\/escsantiga\/wp-content\/uploads\/usu2064\/2025\/07\/aplicacio.jpg\" alt=\"\" width=\"213\" height=\"213\" srcset=\"https:\/\/agora.xtec.cat\/iecanfilua\/wp-content\/uploads\/usu2064\/2025\/07\/aplicacio.jpg 213w, https:\/\/agora.xtec.cat\/iecanfilua\/wp-content\/uploads\/usu2064\/2025\/07\/aplicacio-150x150.jpg 150w\" sizes=\"auto, (max-width: 213px) 100vw, 213px\" \/><\/p>\n<\/td>\n<\/tr>\n<tr style=\"border-style: solid; border-color: #000000;\">\n<td style=\"width: 33.3333%; vertical-align: top; border-style: solid; border-color: #000000; text-align: center;\"><span style=\"color: #1fa799;\"><strong>3. Fase de construcci\u00f3 de coneixement<\/strong><\/span><\/p>\n<p style=\"text-align: left;\"><img loading=\"lazy\" decoding=\"async\" class=\"size-medium wp-image-8559 aligncenter\" src=\"https:\/\/agora.xtec.cat\/escsantiga\/wp-content\/uploads\/usu2064\/2025\/07\/construccio-300x300.jpg\" alt=\"\" width=\"300\" height=\"300\" srcset=\"https:\/\/agora.xtec.cat\/iecanfilua\/wp-content\/uploads\/usu2064\/2025\/07\/construccio-300x300.jpg 300w, https:\/\/agora.xtec.cat\/iecanfilua\/wp-content\/uploads\/usu2064\/2025\/07\/construccio-150x150.jpg 150w, https:\/\/agora.xtec.cat\/iecanfilua\/wp-content\/uploads\/usu2064\/2025\/07\/construccio-768x768.jpg 768w, https:\/\/agora.xtec.cat\/iecanfilua\/wp-content\/uploads\/usu2064\/2025\/07\/construccio.jpg 853w\" sizes=\"auto, (max-width: 300px) 100vw, 300px\" \/><\/p>\n<\/td>\n<td style=\"width: 33.3333%; vertical-align: top; border-style: solid; border-color: #000000; text-align: center;\"><span style=\"color: #1fa799;\"><strong>4. Fase d&#8217;aplicaci\u00f3<\/strong><\/span><\/p>\n<p><img loading=\"lazy\" decoding=\"async\" class=\"size-full wp-image-8560 aligncenter\" src=\"https:\/\/agora.xtec.cat\/escsantiga\/wp-content\/uploads\/usu2064\/2025\/07\/indagacio.jpg\" alt=\"\" width=\"213\" height=\"213\" srcset=\"https:\/\/agora.xtec.cat\/iecanfilua\/wp-content\/uploads\/usu2064\/2025\/07\/indagacio.jpg 213w, https:\/\/agora.xtec.cat\/iecanfilua\/wp-content\/uploads\/usu2064\/2025\/07\/indagacio-150x150.jpg 150w\" sizes=\"auto, (max-width: 213px) 100vw, 213px\" \/><\/td>\n<\/tr>\n<\/tbody>\n<\/table>\n<p>Ens basem en el model cient\u00edfic a l&#8217;hora de realitzar els projectes i reptes: <a href=\"https:\/\/agora.xtec.cat\/escsantiga\/wp-content\/uploads\/usu2064\/2025\/07\/AQOV1gXDdTVCTauLMAMNGdSRaxtWvPxwQw3XFt_q-J1MDwX4VATwBOMZ8rs7Lm7PqwUqe2XdhcJHMqwWiTQsKS2XRK7-NVk8.mp4\">v\u00eddeo del m\u00e8tode cient\u00edfic.<\/a><\/p>\n","protected":false},"excerpt":{"rendered":"<p>Apostem per treballar situacions d&#8217;aprenentatge que es fonamentin en la naturalesa social del proc\u00e9s d&#8217;aprendre i fomentin activament l&#8217;aprenentatge cooperatiu ben organitzat. On el coneixement s&#8217;erigeix en entorn de converses d&#8217;aula com a eina de treball per construir coneixement conjunt i l&#8217;avaluaci\u00f3 conscient els ajuda a regular el seu propi proc\u00e9s d&#8217;aprenentatge. 1. Fase d&#8217;exploraci\u00f3 [&hellip;]<\/p>\n","protected":false},"author":47,"featured_media":0,"parent":8522,"menu_order":0,"comment_status":"closed","ping_status":"closed","template":"","meta":{"_bbp_topic_count":0,"_bbp_reply_count":0,"_bbp_total_topic_count":0,"_bbp_total_reply_count":0,"_bbp_voice_count":0,"_bbp_anonymous_reply_count":0,"_bbp_topic_count_hidden":0,"_bbp_reply_count_hidden":0,"_bbp_forum_subforum_count":0,"site-sidebar-layout":"default","site-content-layout":"","ast-site-content-layout":"default","site-content-style":"default","site-sidebar-style":"default","ast-global-header-display":"","ast-banner-title-visibility":"","ast-main-header-display":"","ast-hfb-above-header-display":"","ast-hfb-below-header-display":"","ast-hfb-mobile-header-display":"","site-post-title":"","ast-breadcrumbs-content":"","ast-featured-img":"","footer-sml-layout":"","theme-transparent-header-meta":"default","adv-header-id-meta":"","stick-header-meta":"","header-above-stick-meta":"","header-main-stick-meta":"","header-below-stick-meta":"","astra-migrate-meta-layouts":"set","ast-page-background-enabled":"default","ast-page-background-meta":{"desktop":{"background-color":"var(--ast-global-color-4)","background-image":"","background-repeat":"repeat","background-position":"center center","background-size":"auto","background-attachment":"scroll","background-type":"","background-media":"","overlay-type":"","overlay-color":"","overlay-opacity":"","overlay-gradient":""},"tablet":{"background-color":"","background-image":"","background-repeat":"repeat","background-position":"center center","background-size":"auto","background-attachment":"scroll","background-type":"","background-media":"","overlay-type":"","overlay-color":"","overlay-opacity":"","overlay-gradient":""},"mobile":{"background-color":"","background-image":"","background-repeat":"repeat","background-position":"center center","background-size":"auto","background-attachment":"scroll","background-type":"","background-media":"","overlay-type":"","overlay-color":"","overlay-opacity":"","overlay-gradient":""}},"ast-content-background-meta":{"desktop":{"background-color":"var(--ast-global-color-5)","background-image":"","background-repeat":"repeat","background-position":"center center","background-size":"auto","background-attachment":"scroll","background-type":"","background-media":"","overlay-type":"","overlay-color":"","overlay-opacity":"","overlay-gradient":""},"tablet":{"background-color":"var(--ast-global-color-5)","background-image":"","background-repeat":"repeat","background-position":"center center","background-size":"auto","background-attachment":"scroll","background-type":"","background-media":"","overlay-type":"","overlay-color":"","overlay-opacity":"","overlay-gradient":""},"mobile":{"background-color":"var(--ast-global-color-5)","background-image":"","background-repeat":"repeat","background-position":"center center","background-size":"auto","background-attachment":"scroll","background-type":"","background-media":"","overlay-type":"","overlay-color":"","overlay-opacity":"","overlay-gradient":""}},"footnotes":""},"class_list":["post-8556","page","type-page","status-publish","hentry"],"post_mailing_queue_ids":[],"_links":{"self":[{"href":"https:\/\/agora.xtec.cat\/iecanfilua\/wp-json\/wp\/v2\/pages\/8556","targetHints":{"allow":["GET"]}}],"collection":[{"href":"https:\/\/agora.xtec.cat\/iecanfilua\/wp-json\/wp\/v2\/pages"}],"about":[{"href":"https:\/\/agora.xtec.cat\/iecanfilua\/wp-json\/wp\/v2\/types\/page"}],"author":[{"embeddable":true,"href":"https:\/\/agora.xtec.cat\/iecanfilua\/wp-json\/wp\/v2\/users\/47"}],"replies":[{"embeddable":true,"href":"https:\/\/agora.xtec.cat\/iecanfilua\/wp-json\/wp\/v2\/comments?post=8556"}],"version-history":[{"count":6,"href":"https:\/\/agora.xtec.cat\/iecanfilua\/wp-json\/wp\/v2\/pages\/8556\/revisions"}],"predecessor-version":[{"id":8597,"href":"https:\/\/agora.xtec.cat\/iecanfilua\/wp-json\/wp\/v2\/pages\/8556\/revisions\/8597"}],"up":[{"embeddable":true,"href":"https:\/\/agora.xtec.cat\/iecanfilua\/wp-json\/wp\/v2\/pages\/8522"}],"wp:attachment":[{"href":"https:\/\/agora.xtec.cat\/iecanfilua\/wp-json\/wp\/v2\/media?parent=8556"}],"curies":[{"name":"wp","href":"https:\/\/api.w.org\/{rel}","templated":true}]}}