{"id":8541,"date":"2025-07-07T11:09:51","date_gmt":"2025-07-07T09:09:51","guid":{"rendered":"https:\/\/agora.xtec.cat\/escsantiga\/?page_id=8541"},"modified":"2025-07-07T11:17:39","modified_gmt":"2025-07-07T09:17:39","slug":"situacions-linguistiques","status":"publish","type":"page","link":"https:\/\/agora.xtec.cat\/iecanfilua\/mitjans-i-grans\/situacions-linguistiques\/","title":{"rendered":"Situacions ling\u00fc\u00edstiques"},"content":{"rendered":"<p>&nbsp;<\/p>\n<table style=\"width: 100%; border-collapse: collapse; border-style: solid; border-color: #000000;\">\n<tbody>\n<tr style=\"border-style: solid; border-color: #000000;\">\n<td style=\"width: 50%; border-style: solid; border-color: #000000;\"><span style=\"color: #1fa799;\"><strong><img loading=\"lazy\" decoding=\"async\" class=\"size-medium wp-image-8544 aligncenter\" src=\"https:\/\/agora.xtec.cat\/escsantiga\/wp-content\/uploads\/usu2064\/2025\/07\/1_11zon-241x300.png\" alt=\"\" width=\"241\" height=\"300\" srcset=\"https:\/\/agora.xtec.cat\/iecanfilua\/wp-content\/uploads\/usu2064\/2025\/07\/1_11zon-241x300.png 241w, https:\/\/agora.xtec.cat\/iecanfilua\/wp-content\/uploads\/usu2064\/2025\/07\/1_11zon-823x1024.png 823w, https:\/\/agora.xtec.cat\/iecanfilua\/wp-content\/uploads\/usu2064\/2025\/07\/1_11zon-768x955.png 768w, https:\/\/agora.xtec.cat\/iecanfilua\/wp-content\/uploads\/usu2064\/2025\/07\/1_11zon.png 853w\" sizes=\"auto, (max-width: 241px) 100vw, 241px\" \/><br \/>\nLlegim per comprendre el m\u00f3n<\/strong><\/span><br \/>\nEntendre una not\u00edcia o el que se&#8217;ns demana en un e-mail, comprendre les informacions que llegim&#8230; ens permet construir coneixement.<\/td>\n<td style=\"width: 50%; border-style: solid; border-color: #000000; vertical-align: top;\"><img loading=\"lazy\" decoding=\"async\" class=\"size-medium wp-image-8547 aligncenter\" src=\"https:\/\/agora.xtec.cat\/escsantiga\/wp-content\/uploads\/usu2064\/2025\/07\/IMG_0645_11zon-225x300.jpg\" alt=\"\" width=\"225\" height=\"300\" srcset=\"https:\/\/agora.xtec.cat\/iecanfilua\/wp-content\/uploads\/usu2064\/2025\/07\/IMG_0645_11zon-225x300.jpg 225w, https:\/\/agora.xtec.cat\/iecanfilua\/wp-content\/uploads\/usu2064\/2025\/07\/IMG_0645_11zon-768x1024.jpg 768w, https:\/\/agora.xtec.cat\/iecanfilua\/wp-content\/uploads\/usu2064\/2025\/07\/IMG_0645_11zon-1152x1536.jpg 1152w, https:\/\/agora.xtec.cat\/iecanfilua\/wp-content\/uploads\/usu2064\/2025\/07\/IMG_0645_11zon-1536x2048.jpg 1536w, https:\/\/agora.xtec.cat\/iecanfilua\/wp-content\/uploads\/usu2064\/2025\/07\/IMG_0645_11zon-scaled.jpg 1920w\" sizes=\"auto, (max-width: 225px) 100vw, 225px\" \/><\/p>\n<p><span style=\"color: #1fa799;\"><strong>Llegim per plaer, pel gust a la lectura<\/strong><\/span><\/p>\n<ul>\n<li>Projecte biblioteca.<\/li>\n<li>Projecte bibliopati.<\/li>\n<li>Llibres per l&#8217;escola.<\/li>\n<\/ul>\n<\/td>\n<\/tr>\n<tr style=\"border-style: solid; border-color: #000000;\">\n<td style=\"width: 50%; border-style: solid; border-color: #000000; vertical-align: top;\"><img loading=\"lazy\" decoding=\"async\" class=\"size-medium wp-image-8549 aligncenter\" src=\"https:\/\/agora.xtec.cat\/escsantiga\/wp-content\/uploads\/usu2064\/2025\/07\/Cerca-informacio-llibres-biblioteca-municipal-1-243x300.jpg\" alt=\"\" width=\"243\" height=\"300\" srcset=\"https:\/\/agora.xtec.cat\/iecanfilua\/wp-content\/uploads\/usu2064\/2025\/07\/Cerca-informacio-llibres-biblioteca-municipal-1-243x300.jpg 243w, https:\/\/agora.xtec.cat\/iecanfilua\/wp-content\/uploads\/usu2064\/2025\/07\/Cerca-informacio-llibres-biblioteca-municipal-1-829x1024.jpg 829w, https:\/\/agora.xtec.cat\/iecanfilua\/wp-content\/uploads\/usu2064\/2025\/07\/Cerca-informacio-llibres-biblioteca-municipal-1-768x949.jpg 768w, https:\/\/agora.xtec.cat\/iecanfilua\/wp-content\/uploads\/usu2064\/2025\/07\/Cerca-informacio-llibres-biblioteca-municipal-1-1243x1536.jpg 1243w, https:\/\/agora.xtec.cat\/iecanfilua\/wp-content\/uploads\/usu2064\/2025\/07\/Cerca-informacio-llibres-biblioteca-municipal-1.jpg 1280w\" sizes=\"auto, (max-width: 243px) 100vw, 243px\" \/><\/p>\n<p><span style=\"color: #1fa799;\"><strong>Cerquem informaci\u00f3<\/strong><\/span><br \/>\nDonem valor a les cerques on la clau \u00e9s el tracte de la informaci\u00f3 trobada.<\/td>\n<td style=\"width: 50%; border-style: solid; border-color: #000000; vertical-align: top;\"><span style=\"color: #1fa799;\"><strong><img loading=\"lazy\" decoding=\"async\" class=\"size-medium wp-image-8550 aligncenter\" src=\"https:\/\/agora.xtec.cat\/escsantiga\/wp-content\/uploads\/usu2064\/2025\/07\/Escrivim-quan-tenim-una-necessitat-243x300.jpg\" alt=\"\" width=\"243\" height=\"300\" srcset=\"https:\/\/agora.xtec.cat\/iecanfilua\/wp-content\/uploads\/usu2064\/2025\/07\/Escrivim-quan-tenim-una-necessitat-243x300.jpg 243w, https:\/\/agora.xtec.cat\/iecanfilua\/wp-content\/uploads\/usu2064\/2025\/07\/Escrivim-quan-tenim-una-necessitat-830x1024.jpg 830w, https:\/\/agora.xtec.cat\/iecanfilua\/wp-content\/uploads\/usu2064\/2025\/07\/Escrivim-quan-tenim-una-necessitat-768x948.jpg 768w, https:\/\/agora.xtec.cat\/iecanfilua\/wp-content\/uploads\/usu2064\/2025\/07\/Escrivim-quan-tenim-una-necessitat-1244x1536.jpg 1244w, https:\/\/agora.xtec.cat\/iecanfilua\/wp-content\/uploads\/usu2064\/2025\/07\/Escrivim-quan-tenim-una-necessitat.jpg 1280w\" sizes=\"auto, (max-width: 243px) 100vw, 243px\" \/><\/strong><\/span><\/p>\n<p><span style=\"color: #1fa799;\"><strong>Escrivim quan tenim una necessitat<\/strong><\/span><br \/>\nEscriure hist\u00f2ries, prendre apunts, escriure una carta o e-mail, fer un tr\u00edptic, compondre una can\u00e7\u00f3,&#8230; s\u00f3n la finalitat d&#8217;una necessitat, la de comunicar.<\/td>\n<\/tr>\n<tr style=\"border-style: solid; border-color: #000000;\">\n<td style=\"width: 50%; border-style: solid; border-color: #000000;\"><img loading=\"lazy\" decoding=\"async\" class=\"size-medium wp-image-8551 aligncenter\" src=\"https:\/\/agora.xtec.cat\/escsantiga\/wp-content\/uploads\/usu2064\/2025\/07\/Rotllana-eina-de-treball1-283x300.jpg\" alt=\"\" width=\"283\" height=\"300\" srcset=\"https:\/\/agora.xtec.cat\/iecanfilua\/wp-content\/uploads\/usu2064\/2025\/07\/Rotllana-eina-de-treball1-283x300.jpg 283w, https:\/\/agora.xtec.cat\/iecanfilua\/wp-content\/uploads\/usu2064\/2025\/07\/Rotllana-eina-de-treball1-964x1024.jpg 964w, https:\/\/agora.xtec.cat\/iecanfilua\/wp-content\/uploads\/usu2064\/2025\/07\/Rotllana-eina-de-treball1-768x815.jpg 768w, https:\/\/agora.xtec.cat\/iecanfilua\/wp-content\/uploads\/usu2064\/2025\/07\/Rotllana-eina-de-treball1.jpg 1280w\" sizes=\"auto, (max-width: 283px) 100vw, 283px\" \/><\/p>\n<p><span style=\"color: #1fa799;\"><strong>La conversa com a eina d&#8217;aprenentatge<\/strong><\/span><br \/>\nEns expliquem els processos i aprenem dels altres, tot replantejant-nos les nostres idees i plantejaments inicials.<\/td>\n<td style=\"width: 50%; border-style: solid; border-color: #000000; vertical-align: top;\"><img loading=\"lazy\" decoding=\"async\" class=\"size-medium wp-image-8552 aligncenter\" src=\"https:\/\/agora.xtec.cat\/escsantiga\/wp-content\/uploads\/usu2064\/2025\/07\/Expliquem-projecte-a-les-families-4t-283x300.jpg\" alt=\"\" width=\"283\" height=\"300\" srcset=\"https:\/\/agora.xtec.cat\/iecanfilua\/wp-content\/uploads\/usu2064\/2025\/07\/Expliquem-projecte-a-les-families-4t-283x300.jpg 283w, https:\/\/agora.xtec.cat\/iecanfilua\/wp-content\/uploads\/usu2064\/2025\/07\/Expliquem-projecte-a-les-families-4t-967x1024.jpg 967w, https:\/\/agora.xtec.cat\/iecanfilua\/wp-content\/uploads\/usu2064\/2025\/07\/Expliquem-projecte-a-les-families-4t-768x814.jpg 768w, https:\/\/agora.xtec.cat\/iecanfilua\/wp-content\/uploads\/usu2064\/2025\/07\/Expliquem-projecte-a-les-families-4t.jpg 1280w\" sizes=\"auto, (max-width: 283px) 100vw, 283px\" \/><\/p>\n<p><span style=\"color: #1fa799;\"><strong>Exposicions i presentacions dels projectes<\/strong><\/span><br \/>\nDonem a con\u00e8ixer els productes i processos tant a companys com a fam\u00edlies.<\/td>\n<\/tr>\n<\/tbody>\n<\/table>\n<p>Entenem la Compet\u00e8ncia comunicativa com capdavantera per tal de poder afrontar amb \u00e8xit els aprenentatges dels diferents \u00e0mbits i per a poder expressar-nos en el m\u00f3n que ens envolta d&#8217;una manera respectuosa i democr\u00e0tica.<\/p>\n","protected":false},"excerpt":{"rendered":"<p>&nbsp; Llegim per comprendre el m\u00f3n Entendre una not\u00edcia o el que se&#8217;ns demana en un e-mail, comprendre les informacions que llegim&#8230; ens permet construir coneixement. Llegim per plaer, pel gust a la lectura Projecte biblioteca. Projecte bibliopati. Llibres per l&#8217;escola. Cerquem informaci\u00f3 Donem valor a les cerques on la clau \u00e9s el tracte de [&hellip;]<\/p>\n","protected":false},"author":47,"featured_media":0,"parent":8522,"menu_order":0,"comment_status":"closed","ping_status":"closed","template":"","meta":{"_bbp_topic_count":0,"_bbp_reply_count":0,"_bbp_total_topic_count":0,"_bbp_total_reply_count":0,"_bbp_voice_count":0,"_bbp_anonymous_reply_count":0,"_bbp_topic_count_hidden":0,"_bbp_reply_count_hidden":0,"_bbp_forum_subforum_count":0,"site-sidebar-layout":"default","site-content-layout":"","ast-site-content-layout":"default","site-content-style":"default","site-sidebar-style":"default","ast-global-header-display":"","ast-banner-title-visibility":"","ast-main-header-display":"","ast-hfb-above-header-display":"","ast-hfb-below-header-display":"","ast-hfb-mobile-header-display":"","site-post-title":"","ast-breadcrumbs-content":"","ast-featured-img":"","footer-sml-layout":"","theme-transparent-header-meta":"default","adv-header-id-meta":"","stick-header-meta":"","header-above-stick-meta":"","header-main-stick-meta":"","header-below-stick-meta":"","astra-migrate-meta-layouts":"set","ast-page-background-enabled":"default","ast-page-background-meta":{"desktop":{"background-color":"var(--ast-global-color-4)","background-image":"","background-repeat":"repeat","background-position":"center center","background-size":"auto","background-attachment":"scroll","background-type":"","background-media":"","overlay-type":"","overlay-color":"","overlay-opacity":"","overlay-gradient":""},"tablet":{"background-color":"","background-image":"","background-repeat":"repeat","background-position":"center center","background-size":"auto","background-attachment":"scroll","background-type":"","background-media":"","overlay-type":"","overlay-color":"","overlay-opacity":"","overlay-gradient":""},"mobile":{"background-color":"","background-image":"","background-repeat":"repeat","background-position":"center center","background-size":"auto","background-attachment":"scroll","background-type":"","background-media":"","overlay-type":"","overlay-color":"","overlay-opacity":"","overlay-gradient":""}},"ast-content-background-meta":{"desktop":{"background-color":"var(--ast-global-color-5)","background-image":"","background-repeat":"repeat","background-position":"center center","background-size":"auto","background-attachment":"scroll","background-type":"","background-media":"","overlay-type":"","overlay-color":"","overlay-opacity":"","overlay-gradient":""},"tablet":{"background-color":"var(--ast-global-color-5)","background-image":"","background-repeat":"repeat","background-position":"center center","background-size":"auto","background-attachment":"scroll","background-type":"","background-media":"","overlay-type":"","overlay-color":"","overlay-opacity":"","overlay-gradient":""},"mobile":{"background-color":"var(--ast-global-color-5)","background-image":"","background-repeat":"repeat","background-position":"center center","background-size":"auto","background-attachment":"scroll","background-type":"","background-media":"","overlay-type":"","overlay-color":"","overlay-opacity":"","overlay-gradient":""}},"footnotes":""},"class_list":["post-8541","page","type-page","status-publish","hentry"],"post_mailing_queue_ids":[],"_links":{"self":[{"href":"https:\/\/agora.xtec.cat\/iecanfilua\/wp-json\/wp\/v2\/pages\/8541","targetHints":{"allow":["GET"]}}],"collection":[{"href":"https:\/\/agora.xtec.cat\/iecanfilua\/wp-json\/wp\/v2\/pages"}],"about":[{"href":"https:\/\/agora.xtec.cat\/iecanfilua\/wp-json\/wp\/v2\/types\/page"}],"author":[{"embeddable":true,"href":"https:\/\/agora.xtec.cat\/iecanfilua\/wp-json\/wp\/v2\/users\/47"}],"replies":[{"embeddable":true,"href":"https:\/\/agora.xtec.cat\/iecanfilua\/wp-json\/wp\/v2\/comments?post=8541"}],"version-history":[{"count":6,"href":"https:\/\/agora.xtec.cat\/iecanfilua\/wp-json\/wp\/v2\/pages\/8541\/revisions"}],"predecessor-version":[{"id":8596,"href":"https:\/\/agora.xtec.cat\/iecanfilua\/wp-json\/wp\/v2\/pages\/8541\/revisions\/8596"}],"up":[{"embeddable":true,"href":"https:\/\/agora.xtec.cat\/iecanfilua\/wp-json\/wp\/v2\/pages\/8522"}],"wp:attachment":[{"href":"https:\/\/agora.xtec.cat\/iecanfilua\/wp-json\/wp\/v2\/media?parent=8541"}],"curies":[{"name":"wp","href":"https:\/\/api.w.org\/{rel}","templated":true}]}}