{"id":8522,"date":"2025-07-07T10:49:42","date_gmt":"2025-07-07T08:49:42","guid":{"rendered":"https:\/\/agora.xtec.cat\/escsantiga\/?page_id=8522"},"modified":"2025-10-10T14:55:05","modified_gmt":"2025-10-10T12:55:05","slug":"mitjans-i-grans","status":"publish","type":"page","link":"https:\/\/agora.xtec.cat\/iecanfilua\/mitjans-i-grans\/","title":{"rendered":"Mitjans i grans"},"content":{"rendered":"<h3 class=\"CjVfdc\" style=\"text-align: center;\"><span style=\"color: #1fa799;\"><span class=\"C9DxTc \">Com\u00a0<\/span><span class=\"C9DxTc \">acompanyem els infants<\/span><span class=\"C9DxTc \">?<\/span><\/span><\/h3>\n<div><\/div>\n<div>\n<p>A l&#8217;etapa d&#8217;educaci\u00f3 prim\u00e0ria acompanyem tot l&#8217;alumnat per tal que esdevingui el protagonista dels seus aprenentatges. A trav\u00e9s d&#8217;una mirada globalitzada treballem per entendre el m\u00f3n que els envolta i els dotem d&#8217;eines per tal que s&#8217;hi puguin desenvolupar i interaccionar: el puguin comprendre, s&#8217;hi puguin posicionar de manera activa i cr\u00edtica i aix\u00ed, poder transformar-lo.<\/p>\n<\/div>\n<h5 style=\"text-align: center;\"><span style=\"color: #1fa799;\"><strong><span style=\"font-size: 16px;\">#Acompanyament #Avalu<span style=\"color: #1fa799;\">aci\u00f3 con<\/span>scient #Aprenentatge significatiu<\/span><\/strong><\/span><\/h5>\n<h5 style=\"text-align: center;\"><span style=\"color: #1fa799;\"><strong><span style=\"font-size: 16px;\">#<\/span><span style=\"font-size: 16px;\">Bona conviv\u00e8ncia #Personalitzaci\u00f3 de l&#8217;aprenentatge<\/span><\/strong><\/span><\/h5>\n<ul>\n<li>\n<h4><a href=\"https:\/\/agora.xtec.cat\/iecanfilua\/mitjans-i-grans\/vida-aula-mitjans-grans\/\">Vida d&#8217;aula<\/a><\/h4>\n<\/li>\n<li>\n<h4><a href=\"https:\/\/agora.xtec.cat\/iecanfilua\/mitjans-i-grans\/situacions-linguistiques\/\">Situacions ling\u00fc\u00edstiques<\/a><\/h4>\n<\/li>\n<li>\n<h4><a href=\"https:\/\/agora.xtec.cat\/iecanfilua\/mitjans-i-grans\/projectes-mitjans-grans\/\">Treball per projectes<\/a><\/h4>\n<\/li>\n<li>\n<h4>Entorns d&#8217;aprenentatge 1r, 2n i 3r<\/h4>\n<\/li>\n<li>\n<h4><a href=\"https:\/\/agora.xtec.cat\/iecanfilua\/mitjans-i-grans\/ea-grans\/\">Entorns d&#8217;aprenentatge 4t i 5\u00e8<\/a><\/h4>\n<\/li>\n<li>\n<h4><a href=\"https:\/\/agora.xtec.cat\/iecanfilua\/mitjans-i-grans\/ea6-1r\/\">Entorns d&#8217;aprenentatge 6\u00e8 i 1r ESO<\/a><\/h4>\n<\/li>\n<\/ul>\n","protected":false},"excerpt":{"rendered":"<p>Com\u00a0acompanyem els infants? A l&#8217;etapa d&#8217;educaci\u00f3 prim\u00e0ria acompanyem tot l&#8217;alumnat per tal que esdevingui el protagonista dels seus aprenentatges. A trav\u00e9s d&#8217;una mirada globalitzada treballem per entendre el m\u00f3n que els envolta i els dotem d&#8217;eines per tal que s&#8217;hi puguin desenvolupar i interaccionar: el puguin comprendre, s&#8217;hi puguin posicionar de manera activa i cr\u00edtica [&hellip;]<\/p>\n","protected":false},"author":47,"featured_media":0,"parent":0,"menu_order":0,"comment_status":"closed","ping_status":"closed","template":"","meta":{"_bbp_topic_count":0,"_bbp_reply_count":0,"_bbp_total_topic_count":0,"_bbp_total_reply_count":0,"_bbp_voice_count":0,"_bbp_anonymous_reply_count":0,"_bbp_topic_count_hidden":0,"_bbp_reply_count_hidden":0,"_bbp_forum_subforum_count":0,"site-sidebar-layout":"default","site-content-layout":"","ast-site-content-layout":"default","site-content-style":"default","site-sidebar-style":"default","ast-global-header-display":"","ast-banner-title-visibility":"","ast-main-header-display":"","ast-hfb-above-header-display":"","ast-hfb-below-header-display":"","ast-hfb-mobile-header-display":"","site-post-title":"","ast-breadcrumbs-content":"","ast-featured-img":"","footer-sml-layout":"","theme-transparent-header-meta":"default","adv-header-id-meta":"","stick-header-meta":"","header-above-stick-meta":"","header-main-stick-meta":"","header-below-stick-meta":"","astra-migrate-meta-layouts":"set","ast-page-background-enabled":"default","ast-page-background-meta":{"desktop":{"background-color":"var(--ast-global-color-4)","background-image":"","background-repeat":"repeat","background-position":"center center","background-size":"auto","background-attachment":"scroll","background-type":"","background-media":"","overlay-type":"","overlay-color":"","overlay-opacity":"","overlay-gradient":""},"tablet":{"background-color":"","background-image":"","background-repeat":"repeat","background-position":"center center","background-size":"auto","background-attachment":"scroll","background-type":"","background-media":"","overlay-type":"","overlay-color":"","overlay-opacity":"","overlay-gradient":""},"mobile":{"background-color":"","background-image":"","background-repeat":"repeat","background-position":"center center","background-size":"auto","background-attachment":"scroll","background-type":"","background-media":"","overlay-type":"","overlay-color":"","overlay-opacity":"","overlay-gradient":""}},"ast-content-background-meta":{"desktop":{"background-color":"var(--ast-global-color-5)","background-image":"","background-repeat":"repeat","background-position":"center center","background-size":"auto","background-attachment":"scroll","background-type":"","background-media":"","overlay-type":"","overlay-color":"","overlay-opacity":"","overlay-gradient":""},"tablet":{"background-color":"var(--ast-global-color-5)","background-image":"","background-repeat":"repeat","background-position":"center center","background-size":"auto","background-attachment":"scroll","background-type":"","background-media":"","overlay-type":"","overlay-color":"","overlay-opacity":"","overlay-gradient":""},"mobile":{"background-color":"var(--ast-global-color-5)","background-image":"","background-repeat":"repeat","background-position":"center center","background-size":"auto","background-attachment":"scroll","background-type":"","background-media":"","overlay-type":"","overlay-color":"","overlay-opacity":"","overlay-gradient":""}},"footnotes":""},"class_list":["post-8522","page","type-page","status-publish","hentry"],"post_mailing_queue_ids":[],"_links":{"self":[{"href":"https:\/\/agora.xtec.cat\/iecanfilua\/wp-json\/wp\/v2\/pages\/8522","targetHints":{"allow":["GET"]}}],"collection":[{"href":"https:\/\/agora.xtec.cat\/iecanfilua\/wp-json\/wp\/v2\/pages"}],"about":[{"href":"https:\/\/agora.xtec.cat\/iecanfilua\/wp-json\/wp\/v2\/types\/page"}],"author":[{"embeddable":true,"href":"https:\/\/agora.xtec.cat\/iecanfilua\/wp-json\/wp\/v2\/users\/47"}],"replies":[{"embeddable":true,"href":"https:\/\/agora.xtec.cat\/iecanfilua\/wp-json\/wp\/v2\/comments?post=8522"}],"version-history":[{"count":6,"href":"https:\/\/agora.xtec.cat\/iecanfilua\/wp-json\/wp\/v2\/pages\/8522\/revisions"}],"predecessor-version":[{"id":9024,"href":"https:\/\/agora.xtec.cat\/iecanfilua\/wp-json\/wp\/v2\/pages\/8522\/revisions\/9024"}],"wp:attachment":[{"href":"https:\/\/agora.xtec.cat\/iecanfilua\/wp-json\/wp\/v2\/media?parent=8522"}],"curies":[{"name":"wp","href":"https:\/\/api.w.org\/{rel}","templated":true}]}}