{"id":8492,"date":"2025-07-07T09:11:25","date_gmt":"2025-07-07T07:11:25","guid":{"rendered":"https:\/\/agora.xtec.cat\/escsantiga\/?page_id=8492"},"modified":"2025-07-07T09:11:25","modified_gmt":"2025-07-07T07:11:25","slug":"entorns-petits","status":"publish","type":"page","link":"https:\/\/agora.xtec.cat\/iecanfilua\/petits\/entorns-petits\/","title":{"rendered":"Entorns d&#8217;aprenentatge a Petits"},"content":{"rendered":"<p>Els entorns d&#8217;aprenentatge s\u00f3n un conjunt de propostes l\u00fadiques, experimentals i manipulatives. Cada setmana els nens i nenes de la comunitat de petits escullen l&#8217;entorn on voldran anar i on compartiran viv\u00e8ncies, experi\u00e8ncies, jocs,&#8230; amb companys de diferents edats.<\/p>\n<table style=\"height: 208px; width: 100%; border-collapse: collapse; border-style: solid; border-color: #000000;\">\n<tbody>\n<tr style=\"height: 52px; border-style: solid; border-color: #000000;\">\n<td style=\"width: 50%; height: 52px; border-color: #000000; border-style: solid;\"><img loading=\"lazy\" decoding=\"async\" class=\"size-medium wp-image-8506 aligncenter\" src=\"https:\/\/agora.xtec.cat\/escsantiga\/wp-content\/uploads\/usu2064\/2025\/07\/IMG_20220906_095614-277x300.jpg\" alt=\"\" width=\"277\" height=\"300\" srcset=\"https:\/\/agora.xtec.cat\/iecanfilua\/wp-content\/uploads\/usu2064\/2025\/07\/IMG_20220906_095614-277x300.jpg 277w, https:\/\/agora.xtec.cat\/iecanfilua\/wp-content\/uploads\/usu2064\/2025\/07\/IMG_20220906_095614-947x1024.jpg 947w, https:\/\/agora.xtec.cat\/iecanfilua\/wp-content\/uploads\/usu2064\/2025\/07\/IMG_20220906_095614-768x830.jpg 768w, https:\/\/agora.xtec.cat\/iecanfilua\/wp-content\/uploads\/usu2064\/2025\/07\/IMG_20220906_095614.jpg 1280w\" sizes=\"auto, (max-width: 277px) 100vw, 277px\" \/><\/p>\n<p style=\"text-align: center;\"><span style=\"color: #1fa799;\"><strong>Minimons<\/strong><\/span><\/p>\n<\/td>\n<td style=\"width: 50%; height: 52px; border-color: #000000; border-style: solid; vertical-align: top;\"><img loading=\"lazy\" decoding=\"async\" class=\"wp-image-8505 size-medium aligncenter\" src=\"https:\/\/agora.xtec.cat\/escsantiga\/wp-content\/uploads\/usu2064\/2025\/07\/llums-i-ombres-261x300.jpg\" alt=\"\" width=\"261\" height=\"300\" srcset=\"https:\/\/agora.xtec.cat\/iecanfilua\/wp-content\/uploads\/usu2064\/2025\/07\/llums-i-ombres-261x300.jpg 261w, https:\/\/agora.xtec.cat\/iecanfilua\/wp-content\/uploads\/usu2064\/2025\/07\/llums-i-ombres.jpg 660w\" sizes=\"auto, (max-width: 261px) 100vw, 261px\" \/><\/p>\n<p style=\"text-align: center;\"><span style=\"color: #1fa799;\"><strong>Llums i ombres<\/strong><\/span><\/p>\n<\/td>\n<\/tr>\n<tr style=\"height: 52px; border-style: solid; border-color: #000000;\">\n<td style=\"width: 50%; height: 52px; border-color: #000000; border-style: solid;\"><img loading=\"lazy\" decoding=\"async\" class=\"size-medium wp-image-8504 aligncenter\" src=\"https:\/\/agora.xtec.cat\/escsantiga\/wp-content\/uploads\/usu2064\/2025\/07\/1707941246282-300x270.jpg\" alt=\"\" width=\"300\" height=\"270\" srcset=\"https:\/\/agora.xtec.cat\/iecanfilua\/wp-content\/uploads\/usu2064\/2025\/07\/1707941246282-300x270.jpg 300w, https:\/\/agora.xtec.cat\/iecanfilua\/wp-content\/uploads\/usu2064\/2025\/07\/1707941246282-1024x922.jpg 1024w, https:\/\/agora.xtec.cat\/iecanfilua\/wp-content\/uploads\/usu2064\/2025\/07\/1707941246282-768x691.jpg 768w, https:\/\/agora.xtec.cat\/iecanfilua\/wp-content\/uploads\/usu2064\/2025\/07\/1707941246282.jpg 1280w\" sizes=\"auto, (max-width: 300px) 100vw, 300px\" \/><\/p>\n<div class=\"CjVfdc\" style=\"text-align: center;\"><span style=\"color: #1fa799;\"><strong><span class=\"C9DxTc \">Fer i desfer<\/span><\/strong><\/span><\/div>\n<\/td>\n<td style=\"width: 50%; height: 52px; border-color: #000000; border-style: solid; vertical-align: top;\"><img loading=\"lazy\" decoding=\"async\" class=\"size-medium wp-image-8503 aligncenter\" src=\"https:\/\/agora.xtec.cat\/escsantiga\/wp-content\/uploads\/usu2064\/2025\/07\/IMG_20240221_153450-300x270.jpg\" alt=\"\" width=\"300\" height=\"270\" srcset=\"https:\/\/agora.xtec.cat\/iecanfilua\/wp-content\/uploads\/usu2064\/2025\/07\/IMG_20240221_153450-300x270.jpg 300w, https:\/\/agora.xtec.cat\/iecanfilua\/wp-content\/uploads\/usu2064\/2025\/07\/IMG_20240221_153450-1024x922.jpg 1024w, https:\/\/agora.xtec.cat\/iecanfilua\/wp-content\/uploads\/usu2064\/2025\/07\/IMG_20240221_153450-768x691.jpg 768w, https:\/\/agora.xtec.cat\/iecanfilua\/wp-content\/uploads\/usu2064\/2025\/07\/IMG_20240221_153450.jpg 1280w\" sizes=\"auto, (max-width: 300px) 100vw, 300px\" \/><\/p>\n<div class=\"CjVfdc\" style=\"text-align: center;\"><span style=\"color: #1fa799;\"><strong><span class=\"C9DxTc \">Fem de cient\u00edfics<\/span><\/strong><\/span><\/div>\n<\/td>\n<\/tr>\n<tr style=\"height: 52px; border-style: solid; border-color: #000000;\">\n<td style=\"width: 50%; height: 52px; border-color: #000000; border-style: solid;\"><img loading=\"lazy\" decoding=\"async\" class=\"size-medium wp-image-8502 aligncenter\" src=\"https:\/\/agora.xtec.cat\/escsantiga\/wp-content\/uploads\/usu2064\/2025\/07\/IMG_8281-274x300.jpeg\" alt=\"\" width=\"274\" height=\"300\" srcset=\"https:\/\/agora.xtec.cat\/iecanfilua\/wp-content\/uploads\/usu2064\/2025\/07\/IMG_8281-274x300.jpeg 274w, https:\/\/agora.xtec.cat\/iecanfilua\/wp-content\/uploads\/usu2064\/2025\/07\/IMG_8281-934x1024.jpeg 934w, https:\/\/agora.xtec.cat\/iecanfilua\/wp-content\/uploads\/usu2064\/2025\/07\/IMG_8281-768x842.jpeg 768w, https:\/\/agora.xtec.cat\/iecanfilua\/wp-content\/uploads\/usu2064\/2025\/07\/IMG_8281.jpeg 1280w\" sizes=\"auto, (max-width: 274px) 100vw, 274px\" \/><\/p>\n<div class=\"CjVfdc CJIdie\" style=\"text-align: center;\"><span style=\"color: #1fa799;\"><strong><span class=\"C9DxTc \">Cos i moviment<\/span><\/strong><\/span><\/div>\n<\/td>\n<td style=\"width: 50%; height: 52px; border-color: #000000; border-style: solid; vertical-align: top;\"><img loading=\"lazy\" decoding=\"async\" class=\"size-medium wp-image-8501 aligncenter\" src=\"https:\/\/agora.xtec.cat\/escsantiga\/wp-content\/uploads\/usu2064\/2025\/07\/IMG_8274-240x300.jpeg\" alt=\"\" width=\"240\" height=\"300\" srcset=\"https:\/\/agora.xtec.cat\/iecanfilua\/wp-content\/uploads\/usu2064\/2025\/07\/IMG_8274-240x300.jpeg 240w, https:\/\/agora.xtec.cat\/iecanfilua\/wp-content\/uploads\/usu2064\/2025\/07\/IMG_8274-819x1024.jpeg 819w, https:\/\/agora.xtec.cat\/iecanfilua\/wp-content\/uploads\/usu2064\/2025\/07\/IMG_8274-768x960.jpeg 768w, https:\/\/agora.xtec.cat\/iecanfilua\/wp-content\/uploads\/usu2064\/2025\/07\/IMG_8274-1229x1536.jpeg 1229w, https:\/\/agora.xtec.cat\/iecanfilua\/wp-content\/uploads\/usu2064\/2025\/07\/IMG_8274.jpeg 1280w\" sizes=\"auto, (max-width: 240px) 100vw, 240px\" \/><\/p>\n<div class=\"CjVfdc\" style=\"text-align: center;\"><span style=\"color: #1fa799;\"><strong><span class=\"C9DxTc \">Toca-Toca<\/span><\/strong><\/span><\/div>\n<\/td>\n<\/tr>\n<tr style=\"height: 52px; border-style: solid; border-color: #000000;\">\n<td style=\"width: 100%; height: 52px; border-color: #000000; border-style: solid;\" colspan=\"2\"><img loading=\"lazy\" decoding=\"async\" class=\"size-medium wp-image-8500 aligncenter\" src=\"https:\/\/agora.xtec.cat\/escsantiga\/wp-content\/uploads\/usu2064\/2025\/07\/IMG_8267-300x290.jpeg\" alt=\"\" width=\"300\" height=\"290\" srcset=\"https:\/\/agora.xtec.cat\/iecanfilua\/wp-content\/uploads\/usu2064\/2025\/07\/IMG_8267-300x290.jpeg 300w, https:\/\/agora.xtec.cat\/iecanfilua\/wp-content\/uploads\/usu2064\/2025\/07\/IMG_8267-1024x990.jpeg 1024w, https:\/\/agora.xtec.cat\/iecanfilua\/wp-content\/uploads\/usu2064\/2025\/07\/IMG_8267-768x743.jpeg 768w, https:\/\/agora.xtec.cat\/iecanfilua\/wp-content\/uploads\/usu2064\/2025\/07\/IMG_8267.jpeg 1280w\" sizes=\"auto, (max-width: 300px) 100vw, 300px\" \/><\/p>\n<p style=\"text-align: center;\"><span style=\"color: #1fa799;\"><strong>Art<\/strong><\/span><\/p>\n<\/td>\n<\/tr>\n<\/tbody>\n<\/table>\n","protected":false},"excerpt":{"rendered":"<p>Els entorns d&#8217;aprenentatge s\u00f3n un conjunt de propostes l\u00fadiques, experimentals i manipulatives. Cada setmana els nens i nenes de la comunitat de petits escullen l&#8217;entorn on voldran anar i on compartiran viv\u00e8ncies, experi\u00e8ncies, jocs,&#8230; amb companys de diferents edats. Minimons Llums i ombres Fer i desfer Fem de cient\u00edfics Cos i moviment Toca-Toca Art<\/p>\n","protected":false},"author":47,"featured_media":0,"parent":8481,"menu_order":0,"comment_status":"closed","ping_status":"closed","template":"","meta":{"_bbp_topic_count":0,"_bbp_reply_count":0,"_bbp_total_topic_count":0,"_bbp_total_reply_count":0,"_bbp_voice_count":0,"_bbp_anonymous_reply_count":0,"_bbp_topic_count_hidden":0,"_bbp_reply_count_hidden":0,"_bbp_forum_subforum_count":0,"site-sidebar-layout":"default","site-content-layout":"","ast-site-content-layout":"default","site-content-style":"default","site-sidebar-style":"default","ast-global-header-display":"","ast-banner-title-visibility":"","ast-main-header-display":"","ast-hfb-above-header-display":"","ast-hfb-below-header-display":"","ast-hfb-mobile-header-display":"","site-post-title":"","ast-breadcrumbs-content":"","ast-featured-img":"","footer-sml-layout":"","theme-transparent-header-meta":"default","adv-header-id-meta":"","stick-header-meta":"","header-above-stick-meta":"","header-main-stick-meta":"","header-below-stick-meta":"","astra-migrate-meta-layouts":"set","ast-page-background-enabled":"default","ast-page-background-meta":{"desktop":{"background-color":"var(--ast-global-color-4)","background-image":"","background-repeat":"repeat","background-position":"center center","background-size":"auto","background-attachment":"scroll","background-type":"","background-media":"","overlay-type":"","overlay-color":"","overlay-opacity":"","overlay-gradient":""},"tablet":{"background-color":"","background-image":"","background-repeat":"repeat","background-position":"center center","background-size":"auto","background-attachment":"scroll","background-type":"","background-media":"","overlay-type":"","overlay-color":"","overlay-opacity":"","overlay-gradient":""},"mobile":{"background-color":"","background-image":"","background-repeat":"repeat","background-position":"center center","background-size":"auto","background-attachment":"scroll","background-type":"","background-media":"","overlay-type":"","overlay-color":"","overlay-opacity":"","overlay-gradient":""}},"ast-content-background-meta":{"desktop":{"background-color":"var(--ast-global-color-5)","background-image":"","background-repeat":"repeat","background-position":"center center","background-size":"auto","background-attachment":"scroll","background-type":"","background-media":"","overlay-type":"","overlay-color":"","overlay-opacity":"","overlay-gradient":""},"tablet":{"background-color":"var(--ast-global-color-5)","background-image":"","background-repeat":"repeat","background-position":"center center","background-size":"auto","background-attachment":"scroll","background-type":"","background-media":"","overlay-type":"","overlay-color":"","overlay-opacity":"","overlay-gradient":""},"mobile":{"background-color":"var(--ast-global-color-5)","background-image":"","background-repeat":"repeat","background-position":"center center","background-size":"auto","background-attachment":"scroll","background-type":"","background-media":"","overlay-type":"","overlay-color":"","overlay-opacity":"","overlay-gradient":""}},"footnotes":""},"class_list":["post-8492","page","type-page","status-publish","hentry"],"post_mailing_queue_ids":[],"_links":{"self":[{"href":"https:\/\/agora.xtec.cat\/iecanfilua\/wp-json\/wp\/v2\/pages\/8492","targetHints":{"allow":["GET"]}}],"collection":[{"href":"https:\/\/agora.xtec.cat\/iecanfilua\/wp-json\/wp\/v2\/pages"}],"about":[{"href":"https:\/\/agora.xtec.cat\/iecanfilua\/wp-json\/wp\/v2\/types\/page"}],"author":[{"embeddable":true,"href":"https:\/\/agora.xtec.cat\/iecanfilua\/wp-json\/wp\/v2\/users\/47"}],"replies":[{"embeddable":true,"href":"https:\/\/agora.xtec.cat\/iecanfilua\/wp-json\/wp\/v2\/comments?post=8492"}],"version-history":[{"count":6,"href":"https:\/\/agora.xtec.cat\/iecanfilua\/wp-json\/wp\/v2\/pages\/8492\/revisions"}],"predecessor-version":[{"id":8509,"href":"https:\/\/agora.xtec.cat\/iecanfilua\/wp-json\/wp\/v2\/pages\/8492\/revisions\/8509"}],"up":[{"embeddable":true,"href":"https:\/\/agora.xtec.cat\/iecanfilua\/wp-json\/wp\/v2\/pages\/8481"}],"wp:attachment":[{"href":"https:\/\/agora.xtec.cat\/iecanfilua\/wp-json\/wp\/v2\/media?parent=8492"}],"curies":[{"name":"wp","href":"https:\/\/api.w.org\/{rel}","templated":true}]}}