{"id":8483,"date":"2025-07-07T09:10:01","date_gmt":"2025-07-07T07:10:01","guid":{"rendered":"https:\/\/agora.xtec.cat\/escsantiga\/?page_id=8483"},"modified":"2025-07-07T09:10:01","modified_gmt":"2025-07-07T07:10:01","slug":"treball-per-projectes-a-petits","status":"publish","type":"page","link":"https:\/\/agora.xtec.cat\/iecanfilua\/petits\/treball-per-projectes-a-petits\/","title":{"rendered":"Treball per projectes a Petits"},"content":{"rendered":"<p>A l&#8217;etapa d&#8217;educaci\u00f3 infantil treballem mitjan\u00e7ant la metodologia globalitzadora de projectes. El primer projecte que realitzem \u00e9s a partir de l&#8217;eix tem\u00e0tic anual del centre. \u00c9s d&#8217;aquesta manera que els infants s&#8217;inicien als processos d&#8217;indagaci\u00f3 i en el m\u00e8tode cient\u00edfic per entendre el m\u00f3n que els envolta.<\/p>\n<table style=\"border-collapse: collapse; width: 100%;\">\n<tbody>\n<tr style=\"border-style: solid; border-color: #000000;\">\n<td style=\"width: 33.3333%; border-style: solid; border-color: #000000;\"><img loading=\"lazy\" decoding=\"async\" class=\"alignnone size-medium wp-image-8485\" src=\"https:\/\/agora.xtec.cat\/escsantiga\/wp-content\/uploads\/usu2064\/2025\/07\/proj1-300x300.jpg\" alt=\"\" width=\"300\" height=\"300\" srcset=\"https:\/\/agora.xtec.cat\/iecanfilua\/wp-content\/uploads\/usu2064\/2025\/07\/proj1-300x300.jpg 300w, https:\/\/agora.xtec.cat\/iecanfilua\/wp-content\/uploads\/usu2064\/2025\/07\/proj1-150x150.jpg 150w, https:\/\/agora.xtec.cat\/iecanfilua\/wp-content\/uploads\/usu2064\/2025\/07\/proj1.jpg 418w\" sizes=\"auto, (max-width: 300px) 100vw, 300px\" \/><\/td>\n<td style=\"width: 33.3333%; border-style: solid; border-color: #000000;\"><img loading=\"lazy\" decoding=\"async\" class=\"alignnone size-medium wp-image-8486\" src=\"https:\/\/agora.xtec.cat\/escsantiga\/wp-content\/uploads\/usu2064\/2025\/07\/IMG20230309102108-300x300.jpg\" alt=\"\" width=\"300\" height=\"300\" srcset=\"https:\/\/agora.xtec.cat\/iecanfilua\/wp-content\/uploads\/usu2064\/2025\/07\/IMG20230309102108-300x300.jpg 300w, https:\/\/agora.xtec.cat\/iecanfilua\/wp-content\/uploads\/usu2064\/2025\/07\/IMG20230309102108-1024x1024.jpg 1024w, https:\/\/agora.xtec.cat\/iecanfilua\/wp-content\/uploads\/usu2064\/2025\/07\/IMG20230309102108-150x150.jpg 150w, https:\/\/agora.xtec.cat\/iecanfilua\/wp-content\/uploads\/usu2064\/2025\/07\/IMG20230309102108-768x768.jpg 768w, https:\/\/agora.xtec.cat\/iecanfilua\/wp-content\/uploads\/usu2064\/2025\/07\/IMG20230309102108.jpg 1280w\" sizes=\"auto, (max-width: 300px) 100vw, 300px\" \/><\/td>\n<td style=\"width: 33.3333%; border-style: solid; border-color: #000000;\"><img loading=\"lazy\" decoding=\"async\" class=\"alignnone size-medium wp-image-8487\" src=\"https:\/\/agora.xtec.cat\/escsantiga\/wp-content\/uploads\/usu2064\/2025\/07\/IMG20221108153326-300x300.jpg\" alt=\"\" width=\"300\" height=\"300\" srcset=\"https:\/\/agora.xtec.cat\/iecanfilua\/wp-content\/uploads\/usu2064\/2025\/07\/IMG20221108153326-300x300.jpg 300w, https:\/\/agora.xtec.cat\/iecanfilua\/wp-content\/uploads\/usu2064\/2025\/07\/IMG20221108153326-1024x1024.jpg 1024w, https:\/\/agora.xtec.cat\/iecanfilua\/wp-content\/uploads\/usu2064\/2025\/07\/IMG20221108153326-150x150.jpg 150w, https:\/\/agora.xtec.cat\/iecanfilua\/wp-content\/uploads\/usu2064\/2025\/07\/IMG20221108153326-768x768.jpg 768w, https:\/\/agora.xtec.cat\/iecanfilua\/wp-content\/uploads\/usu2064\/2025\/07\/IMG20221108153326.jpg 1280w\" sizes=\"auto, (max-width: 300px) 100vw, 300px\" \/><\/td>\n<\/tr>\n<tr style=\"border-style: solid; border-color: #000000;\">\n<td style=\"width: 33.3333%; border-style: solid; border-color: #000000; text-align: center; vertical-align: top;\"><span style=\"color: #1fa799;\"><strong>Fase de descoberta i indagaci\u00f3<\/strong><\/span><\/p>\n<p style=\"text-align: left;\">A trav\u00e9s de l&#8217;observaci\u00f3 i la manipulaci\u00f3, els nens i nenes es comencen a plantejar preguntes i formular hip\u00f2tesis.<\/p>\n<\/td>\n<td style=\"width: 33.3333%; border-style: solid; border-color: #000000; text-align: center; vertical-align: top;\"><span style=\"color: #1fa799;\"><strong>Fase experimental i construcci\u00f3 de coneixement<\/strong><\/span><\/p>\n<p style=\"text-align: left;\">Per mitj\u00e0 de l&#8217;experimentaci\u00f3 cient\u00edfica els infants troben respostes a les preguntes plantejades i van construint el seu propi coneixement, tot validant i refutant les hip\u00f2tesis inicials.<\/p>\n<\/td>\n<td style=\"width: 33.3333%; border-style: solid; border-color: #000000; text-align: center; vertical-align: top;\"><span style=\"color: #1fa799;\"><strong>Fase de transformaci\u00f3<\/strong><\/span><\/p>\n<p style=\"text-align: left;\">Cada projecte \u00e9s una oportunitat de fer una aportaci\u00f3 per a millorar la societat on ells i elles viuen.<\/p>\n<\/td>\n<\/tr>\n<\/tbody>\n<\/table>\n","protected":false},"excerpt":{"rendered":"<p>A l&#8217;etapa d&#8217;educaci\u00f3 infantil treballem mitjan\u00e7ant la metodologia globalitzadora de projectes. El primer projecte que realitzem \u00e9s a partir de l&#8217;eix tem\u00e0tic anual del centre. \u00c9s d&#8217;aquesta manera que els infants s&#8217;inicien als processos d&#8217;indagaci\u00f3 i en el m\u00e8tode cient\u00edfic per entendre el m\u00f3n que els envolta. Fase de descoberta i indagaci\u00f3 A trav\u00e9s de [&hellip;]<\/p>\n","protected":false},"author":47,"featured_media":0,"parent":8481,"menu_order":0,"comment_status":"closed","ping_status":"closed","template":"","meta":{"_bbp_topic_count":0,"_bbp_reply_count":0,"_bbp_total_topic_count":0,"_bbp_total_reply_count":0,"_bbp_voice_count":0,"_bbp_anonymous_reply_count":0,"_bbp_topic_count_hidden":0,"_bbp_reply_count_hidden":0,"_bbp_forum_subforum_count":0,"site-sidebar-layout":"default","site-content-layout":"","ast-site-content-layout":"default","site-content-style":"default","site-sidebar-style":"default","ast-global-header-display":"","ast-banner-title-visibility":"","ast-main-header-display":"","ast-hfb-above-header-display":"","ast-hfb-below-header-display":"","ast-hfb-mobile-header-display":"","site-post-title":"","ast-breadcrumbs-content":"","ast-featured-img":"","footer-sml-layout":"","theme-transparent-header-meta":"default","adv-header-id-meta":"","stick-header-meta":"","header-above-stick-meta":"","header-main-stick-meta":"","header-below-stick-meta":"","astra-migrate-meta-layouts":"set","ast-page-background-enabled":"default","ast-page-background-meta":{"desktop":{"background-color":"var(--ast-global-color-4)","background-image":"","background-repeat":"repeat","background-position":"center center","background-size":"auto","background-attachment":"scroll","background-type":"","background-media":"","overlay-type":"","overlay-color":"","overlay-opacity":"","overlay-gradient":""},"tablet":{"background-color":"","background-image":"","background-repeat":"repeat","background-position":"center center","background-size":"auto","background-attachment":"scroll","background-type":"","background-media":"","overlay-type":"","overlay-color":"","overlay-opacity":"","overlay-gradient":""},"mobile":{"background-color":"","background-image":"","background-repeat":"repeat","background-position":"center center","background-size":"auto","background-attachment":"scroll","background-type":"","background-media":"","overlay-type":"","overlay-color":"","overlay-opacity":"","overlay-gradient":""}},"ast-content-background-meta":{"desktop":{"background-color":"var(--ast-global-color-5)","background-image":"","background-repeat":"repeat","background-position":"center center","background-size":"auto","background-attachment":"scroll","background-type":"","background-media":"","overlay-type":"","overlay-color":"","overlay-opacity":"","overlay-gradient":""},"tablet":{"background-color":"var(--ast-global-color-5)","background-image":"","background-repeat":"repeat","background-position":"center center","background-size":"auto","background-attachment":"scroll","background-type":"","background-media":"","overlay-type":"","overlay-color":"","overlay-opacity":"","overlay-gradient":""},"mobile":{"background-color":"var(--ast-global-color-5)","background-image":"","background-repeat":"repeat","background-position":"center center","background-size":"auto","background-attachment":"scroll","background-type":"","background-media":"","overlay-type":"","overlay-color":"","overlay-opacity":"","overlay-gradient":""}},"footnotes":""},"class_list":["post-8483","page","type-page","status-publish","hentry"],"post_mailing_queue_ids":[],"_links":{"self":[{"href":"https:\/\/agora.xtec.cat\/iecanfilua\/wp-json\/wp\/v2\/pages\/8483","targetHints":{"allow":["GET"]}}],"collection":[{"href":"https:\/\/agora.xtec.cat\/iecanfilua\/wp-json\/wp\/v2\/pages"}],"about":[{"href":"https:\/\/agora.xtec.cat\/iecanfilua\/wp-json\/wp\/v2\/types\/page"}],"author":[{"embeddable":true,"href":"https:\/\/agora.xtec.cat\/iecanfilua\/wp-json\/wp\/v2\/users\/47"}],"replies":[{"embeddable":true,"href":"https:\/\/agora.xtec.cat\/iecanfilua\/wp-json\/wp\/v2\/comments?post=8483"}],"version-history":[{"count":5,"href":"https:\/\/agora.xtec.cat\/iecanfilua\/wp-json\/wp\/v2\/pages\/8483\/revisions"}],"predecessor-version":[{"id":8491,"href":"https:\/\/agora.xtec.cat\/iecanfilua\/wp-json\/wp\/v2\/pages\/8483\/revisions\/8491"}],"up":[{"embeddable":true,"href":"https:\/\/agora.xtec.cat\/iecanfilua\/wp-json\/wp\/v2\/pages\/8481"}],"wp:attachment":[{"href":"https:\/\/agora.xtec.cat\/iecanfilua\/wp-json\/wp\/v2\/media?parent=8483"}],"curies":[{"name":"wp","href":"https:\/\/api.w.org\/{rel}","templated":true}]}}