{"id":8451,"date":"2025-07-07T09:07:17","date_gmt":"2025-07-07T07:07:17","guid":{"rendered":"https:\/\/agora.xtec.cat\/escsantiga\/?page_id=8451"},"modified":"2025-07-07T09:15:16","modified_gmt":"2025-07-07T07:15:16","slug":"vidaaulapetits","status":"publish","type":"page","link":"https:\/\/agora.xtec.cat\/iecanfilua\/petits\/vidaaulapetits\/","title":{"rendered":"Vida d&#8217;aula a Petits"},"content":{"rendered":"<p>&nbsp;<\/p>\n<table style=\"height: 382px; width: 100%; border-collapse: collapse; border-style: solid; border-color: #000000;\">\n<tbody>\n<tr style=\"border-style: solid; border-color: #000000;\">\n<td style=\"width: 27.2538%; height: 122px; border-color: #000000; border-style: solid;\"><img loading=\"lazy\" decoding=\"async\" class=\"alignleft wp-image-8454 size-medium\" src=\"https:\/\/agora.xtec.cat\/escsantiga\/wp-content\/uploads\/usu2064\/2025\/07\/1707940909258-300x300.jpg\" alt=\"\" width=\"300\" height=\"300\" srcset=\"https:\/\/agora.xtec.cat\/iecanfilua\/wp-content\/uploads\/usu2064\/2025\/07\/1707940909258-300x300.jpg 300w, https:\/\/agora.xtec.cat\/iecanfilua\/wp-content\/uploads\/usu2064\/2025\/07\/1707940909258-1024x1024.jpg 1024w, https:\/\/agora.xtec.cat\/iecanfilua\/wp-content\/uploads\/usu2064\/2025\/07\/1707940909258-150x150.jpg 150w, https:\/\/agora.xtec.cat\/iecanfilua\/wp-content\/uploads\/usu2064\/2025\/07\/1707940909258-768x768.jpg 768w, https:\/\/agora.xtec.cat\/iecanfilua\/wp-content\/uploads\/usu2064\/2025\/07\/1707940909258.jpg 1280w\" sizes=\"auto, (max-width: 300px) 100vw, 300px\" \/><\/td>\n<td style=\"width: 72.7462%; height: 122px; border-color: #000000; border-style: solid; vertical-align: middle;\"><span style=\"color: #1fa799;\"><strong>Un mat\u00ed a educaci\u00f3 infantil: <\/strong><\/span>Clica la imatge per veure el v\u00eddeo<\/td>\n<\/tr>\n<tr style=\"border-style: solid; border-color: #000000;\">\n<td style=\"width: 27.2538%; height: 52px; border-color: #000000; border-style: solid;\"><img loading=\"lazy\" decoding=\"async\" class=\"alignleft wp-image-8460 size-medium\" src=\"https:\/\/agora.xtec.cat\/escsantiga\/wp-content\/uploads\/usu2064\/2025\/07\/IMG20230929091829-300x293.jpg\" alt=\"\" width=\"300\" height=\"293\" srcset=\"https:\/\/agora.xtec.cat\/iecanfilua\/wp-content\/uploads\/usu2064\/2025\/07\/IMG20230929091829-300x293.jpg 300w, https:\/\/agora.xtec.cat\/iecanfilua\/wp-content\/uploads\/usu2064\/2025\/07\/IMG20230929091829-1024x1001.jpg 1024w, https:\/\/agora.xtec.cat\/iecanfilua\/wp-content\/uploads\/usu2064\/2025\/07\/IMG20230929091829-768x751.jpg 768w, https:\/\/agora.xtec.cat\/iecanfilua\/wp-content\/uploads\/usu2064\/2025\/07\/IMG20230929091829.jpg 1280w\" sizes=\"auto, (max-width: 300px) 100vw, 300px\" \/><\/td>\n<td style=\"width: 72.7462%; height: 52px; border-color: #000000; border-style: solid; vertical-align: middle;\"><span style=\"color: #1fa799;\"><span style=\"color: #1fa799;\"><strong>Propostes matinals: <\/strong><\/span><\/span>els infants, aix\u00ed que arriben a l\u2019escola, es troben amb unes propostes did\u00e0ctiques que els permeten treballar de forma aut\u00f2noma diferents aspectes curriculars. D\u2019aquesta manera despertem activitats cognitives de primer grau i comencem a activar el pensament.<\/td>\n<\/tr>\n<tr style=\"border-style: solid; border-color: #000000;\">\n<td style=\"width: 27.2538%; height: 52px; border-style: solid; border-color: #000000;\"><span style=\"color: #1fa799;\"><strong><img loading=\"lazy\" decoding=\"async\" class=\"alignleft wp-image-8461 size-medium\" src=\"https:\/\/agora.xtec.cat\/escsantiga\/wp-content\/uploads\/usu2064\/2025\/07\/IMG20221017094417-300x279.jpg\" alt=\"\" width=\"300\" height=\"279\" srcset=\"https:\/\/agora.xtec.cat\/iecanfilua\/wp-content\/uploads\/usu2064\/2025\/07\/IMG20221017094417-300x279.jpg 300w, https:\/\/agora.xtec.cat\/iecanfilua\/wp-content\/uploads\/usu2064\/2025\/07\/IMG20221017094417-1024x953.jpg 1024w, https:\/\/agora.xtec.cat\/iecanfilua\/wp-content\/uploads\/usu2064\/2025\/07\/IMG20221017094417-768x715.jpg 768w, https:\/\/agora.xtec.cat\/iecanfilua\/wp-content\/uploads\/usu2064\/2025\/07\/IMG20221017094417.jpg 1280w\" sizes=\"auto, (max-width: 300px) 100vw, 300px\" \/><\/strong><\/span><\/td>\n<td style=\"width: 72.7462%; height: 52px; border-style: solid; border-color: #000000; vertical-align: middle;\"><span style=\"color: #1fa799;\"><strong>Rutines:<\/strong><\/span> un cop els infants han arribat es realitzen les rutines: passar la llista, construir la data, veure quin temps fa, &#8230; i ens preparem per a la conversa.<\/td>\n<\/tr>\n<tr style=\"border-style: solid; border-color: #000000;\">\n<td style=\"width: 27.2538%; border-style: solid; border-color: #000000;\"><span style=\"color: #1fa799;\"><strong>\u00a0<\/strong><\/span><\/td>\n<td style=\"width: 72.7462%; border-style: solid; border-color: #000000; vertical-align: middle;\"><span style=\"color: #1fa799;\"><strong>Conversa d\u2019aula:<\/strong> <\/span>\u00e9s un espai de treball que serveix per organitzar el pensament, prendre decisions sobre els processos d\u2019aprenentatge, aix\u00ed com, de gesti\u00f3 d\u2019aula (conflictes, conviv\u00e8ncia,\u2026).<span style=\"color: #1fa799;\"><strong><br \/>\n<\/strong><\/span><\/td>\n<\/tr>\n<tr style=\"border-style: solid; border-color: #000000;\">\n<td style=\"width: 27.2538%; height: 52px; border-color: #000000; border-style: solid;\"><span style=\"color: #1fa799;\"><strong><img loading=\"lazy\" decoding=\"async\" class=\"alignleft wp-image-8462\" src=\"https:\/\/agora.xtec.cat\/escsantiga\/wp-content\/uploads\/usu2064\/2025\/07\/IMG20240214120223-300x279.jpg\" alt=\"\" width=\"193\" height=\"180\" srcset=\"https:\/\/agora.xtec.cat\/iecanfilua\/wp-content\/uploads\/usu2064\/2025\/07\/IMG20240214120223-300x279.jpg 300w, https:\/\/agora.xtec.cat\/iecanfilua\/wp-content\/uploads\/usu2064\/2025\/07\/IMG20240214120223-1024x953.jpg 1024w, https:\/\/agora.xtec.cat\/iecanfilua\/wp-content\/uploads\/usu2064\/2025\/07\/IMG20240214120223-768x715.jpg 768w, https:\/\/agora.xtec.cat\/iecanfilua\/wp-content\/uploads\/usu2064\/2025\/07\/IMG20240214120223.jpg 1280w\" sizes=\"auto, (max-width: 193px) 100vw, 193px\" \/><\/strong><\/span><\/td>\n<td style=\"width: 72.7462%; height: 52px; border-style: solid; border-color: #000000; vertical-align: middle;\"><strong><span style=\"color: #1fa799;\">Joc simb\u00f2lic:<\/span> <\/strong>mitjan\u00e7ant les estones de joc lliure els infants reprodueixen rols i situacions que observen al seu entorn i aprenen a compartir.<\/td>\n<\/tr>\n<tr style=\"border-style: solid; border-color: #000000;\">\n<td style=\"width: 27.2538%; height: 52px; border-style: solid; border-color: #000000;\"><span style=\"color: #1fa799;\"><strong><img loading=\"lazy\" decoding=\"async\" class=\"alignleft wp-image-8463\" src=\"https:\/\/agora.xtec.cat\/escsantiga\/wp-content\/uploads\/usu2064\/2025\/07\/padrins-300x264.jpg\" alt=\"\" width=\"177\" height=\"155\" srcset=\"https:\/\/agora.xtec.cat\/iecanfilua\/wp-content\/uploads\/usu2064\/2025\/07\/padrins-300x264.jpg 300w, https:\/\/agora.xtec.cat\/iecanfilua\/wp-content\/uploads\/usu2064\/2025\/07\/padrins.jpg 304w\" sizes=\"auto, (max-width: 177px) 100vw, 177px\" \/><\/strong><\/span><\/td>\n<td style=\"width: 72.7462%; height: 52px; border-style: solid; border-color: #000000; vertical-align: middle;\"><span style=\"color: #1fa799;\"><strong>Padrins lectors: <\/strong><\/span>un cop a la setmana els alumnes de la comunitat de grans ens venen a veure per compartir lectures i estones liter\u00e0ries.<\/td>\n<\/tr>\n<tr style=\"border-style: solid; border-color: #000000;\">\n<td style=\"width: 27.2538%; height: 52px; border-style: solid; border-color: #000000;\"><img loading=\"lazy\" decoding=\"async\" class=\"alignleft wp-image-8464\" style=\"font-weight: inherit;\" src=\"https:\/\/agora.xtec.cat\/escsantiga\/wp-content\/uploads\/usu2064\/2025\/07\/psico.png\" alt=\"\" width=\"193\" height=\"173\" \/><\/td>\n<td style=\"width: 72.7462%; height: 52px; border-style: solid; border-color: #000000; vertical-align: middle;\"><span style=\"color: #1fa799;\"><strong>Psicomotricitat: <\/strong><\/span>mitjan\u00e7ant el m\u00e8tode Aucouturier permet a l&#8217;infant gaudir del moviment i interactuar amb els altres companys\/es a trav\u00e9s de l&#8217;experimentaci\u00f3 i la viv\u00e8ncia, fomentant el coneixement i domini del seu propi cos.<\/td>\n<\/tr>\n<tr style=\"border-color: #000000; border-style: solid;\">\n<td style=\"width: 27.2538%; border-style: solid; border-color: #000000;\"><img loading=\"lazy\" decoding=\"async\" class=\"alignnone size-medium wp-image-8467\" src=\"https:\/\/agora.xtec.cat\/escsantiga\/wp-content\/uploads\/usu2064\/2025\/07\/IMG-20250226-WA0007-2-300x268.jpg\" alt=\"\" width=\"300\" height=\"268\" srcset=\"https:\/\/agora.xtec.cat\/iecanfilua\/wp-content\/uploads\/usu2064\/2025\/07\/IMG-20250226-WA0007-2-300x268.jpg 300w, https:\/\/agora.xtec.cat\/iecanfilua\/wp-content\/uploads\/usu2064\/2025\/07\/IMG-20250226-WA0007-2-1024x914.jpg 1024w, https:\/\/agora.xtec.cat\/iecanfilua\/wp-content\/uploads\/usu2064\/2025\/07\/IMG-20250226-WA0007-2-768x686.jpg 768w, https:\/\/agora.xtec.cat\/iecanfilua\/wp-content\/uploads\/usu2064\/2025\/07\/IMG-20250226-WA0007-2.jpg 1280w\" sizes=\"auto, (max-width: 300px) 100vw, 300px\" \/><\/td>\n<td style=\"width: 72.7462%; border-style: solid; border-color: #000000; vertical-align: middle;\"><span style=\"color: #1fa799;\"><strong>Hora del conte: <\/strong><span style=\"color: #000000;\">un cop a la setmana els alumnes de la comunitat de petits van a la biblioteca. All\u00e0 els expliquen contes i s&#8217;introdueixen al m\u00f3n literari.<\/span><\/span><\/td>\n<\/tr>\n<tr style=\"border-style: solid; border-color: #000000;\">\n<td style=\"width: 27.2538%; border-style: solid; border-color: #000000;\"><img loading=\"lazy\" decoding=\"async\" class=\"alignnone size-medium wp-image-8470\" src=\"https:\/\/agora.xtec.cat\/escsantiga\/wp-content\/uploads\/usu2064\/2025\/07\/joc-300x268.jpg\" alt=\"\" width=\"300\" height=\"268\" srcset=\"https:\/\/agora.xtec.cat\/iecanfilua\/wp-content\/uploads\/usu2064\/2025\/07\/joc-300x268.jpg 300w, https:\/\/agora.xtec.cat\/iecanfilua\/wp-content\/uploads\/usu2064\/2025\/07\/joc-768x686.jpg 768w, https:\/\/agora.xtec.cat\/iecanfilua\/wp-content\/uploads\/usu2064\/2025\/07\/joc.jpg 853w\" sizes=\"auto, (max-width: 300px) 100vw, 300px\" \/><\/td>\n<td style=\"width: 72.7462%; border-style: solid; border-color: #000000; vertical-align: middle;\"><span style=\"color: #1fa799;\"><strong>Consci\u00e8ncia fonol\u00f2gica: <\/strong><span style=\"color: #000000;\">la consci\u00e8ncia fonol\u00f2gica \u00e9s important perqu\u00e8 \u00e9s necess\u00e0ria per entendre com es representen per escrit les paraules de la nostra llengua. <\/span><\/span><\/td>\n<\/tr>\n<tr style=\"border-color: #000000; border-style: solid;\">\n<td style=\"width: 27.2538%; border-style: solid; border-color: #000000;\"><img loading=\"lazy\" decoding=\"async\" class=\"size-full wp-image-8478 aligncenter\" src=\"https:\/\/agora.xtec.cat\/escsantiga\/wp-content\/uploads\/usu2064\/2025\/07\/musica.png\" alt=\"\" width=\"144\" height=\"154\" \/><\/td>\n<td style=\"width: 72.7462%; border-style: solid; border-color: #000000; vertical-align: middle;\"><span style=\"color: #1fa799;\"><strong>M\u00fasica: <\/strong><span style=\"color: #000000;\">a\u00a0partir de les can\u00e7ons els nens i nenes gaudeixen del ritme i el moviment corporal per anar descobrint el llenguatge musical.<\/span><\/span><\/td>\n<\/tr>\n<tr style=\"border-style: solid; border-color: #000000;\">\n<td style=\"width: 27.2538%; border-style: solid; border-color: #000000;\"><img loading=\"lazy\" decoding=\"async\" class=\"alignleft wp-image-8471\" src=\"https:\/\/agora.xtec.cat\/escsantiga\/wp-content\/uploads\/usu2064\/2025\/07\/IMG_7187-300x247.jpg\" alt=\"\" width=\"193\" height=\"159\" srcset=\"https:\/\/agora.xtec.cat\/iecanfilua\/wp-content\/uploads\/usu2064\/2025\/07\/IMG_7187-300x247.jpg 300w, https:\/\/agora.xtec.cat\/iecanfilua\/wp-content\/uploads\/usu2064\/2025\/07\/IMG_7187-1024x842.jpg 1024w, https:\/\/agora.xtec.cat\/iecanfilua\/wp-content\/uploads\/usu2064\/2025\/07\/IMG_7187-768x631.jpg 768w, https:\/\/agora.xtec.cat\/iecanfilua\/wp-content\/uploads\/usu2064\/2025\/07\/IMG_7187.jpg 1280w\" sizes=\"auto, (max-width: 193px) 100vw, 193px\" \/><\/td>\n<td style=\"width: 72.7462%; border-style: solid; border-color: #000000; vertical-align: middle;\"><span style=\"color: #1fa799;\"><strong>Angl\u00e8s:<\/strong>\u00a0<\/span>l&#8217;introdu\u00efm a I4 de forma molt vivencial amb l&#8217;objectiu que comencin a familiaritzar-se amb l&#8217;idioma d&#8217;una forma l\u00fadica.<\/td>\n<\/tr>\n<\/tbody>\n<\/table>\n<p>&nbsp;<\/p>\n","protected":false},"excerpt":{"rendered":"<p>&nbsp; Un mat\u00ed a educaci\u00f3 infantil: Clica la imatge per veure el v\u00eddeo Propostes matinals: els infants, aix\u00ed que arriben a l\u2019escola, es troben amb unes propostes did\u00e0ctiques que els permeten treballar de forma aut\u00f2noma diferents aspectes curriculars. D\u2019aquesta manera despertem activitats cognitives de primer grau i comencem a activar el pensament. Rutines: un cop [&hellip;]<\/p>\n","protected":false},"author":47,"featured_media":0,"parent":8481,"menu_order":0,"comment_status":"closed","ping_status":"closed","template":"","meta":{"_bbp_topic_count":0,"_bbp_reply_count":0,"_bbp_total_topic_count":0,"_bbp_total_reply_count":0,"_bbp_voice_count":0,"_bbp_anonymous_reply_count":0,"_bbp_topic_count_hidden":0,"_bbp_reply_count_hidden":0,"_bbp_forum_subforum_count":0,"site-sidebar-layout":"default","site-content-layout":"","ast-site-content-layout":"default","site-content-style":"default","site-sidebar-style":"default","ast-global-header-display":"","ast-banner-title-visibility":"","ast-main-header-display":"","ast-hfb-above-header-display":"","ast-hfb-below-header-display":"","ast-hfb-mobile-header-display":"","site-post-title":"","ast-breadcrumbs-content":"","ast-featured-img":"","footer-sml-layout":"","theme-transparent-header-meta":"default","adv-header-id-meta":"","stick-header-meta":"","header-above-stick-meta":"","header-main-stick-meta":"","header-below-stick-meta":"","astra-migrate-meta-layouts":"set","ast-page-background-enabled":"default","ast-page-background-meta":{"desktop":{"background-color":"var(--ast-global-color-4)","background-image":"","background-repeat":"repeat","background-position":"center center","background-size":"auto","background-attachment":"scroll","background-type":"","background-media":"","overlay-type":"","overlay-color":"","overlay-opacity":"","overlay-gradient":""},"tablet":{"background-color":"","background-image":"","background-repeat":"repeat","background-position":"center center","background-size":"auto","background-attachment":"scroll","background-type":"","background-media":"","overlay-type":"","overlay-color":"","overlay-opacity":"","overlay-gradient":""},"mobile":{"background-color":"","background-image":"","background-repeat":"repeat","background-position":"center center","background-size":"auto","background-attachment":"scroll","background-type":"","background-media":"","overlay-type":"","overlay-color":"","overlay-opacity":"","overlay-gradient":""}},"ast-content-background-meta":{"desktop":{"background-color":"var(--ast-global-color-5)","background-image":"","background-repeat":"repeat","background-position":"center center","background-size":"auto","background-attachment":"scroll","background-type":"","background-media":"","overlay-type":"","overlay-color":"","overlay-opacity":"","overlay-gradient":""},"tablet":{"background-color":"var(--ast-global-color-5)","background-image":"","background-repeat":"repeat","background-position":"center center","background-size":"auto","background-attachment":"scroll","background-type":"","background-media":"","overlay-type":"","overlay-color":"","overlay-opacity":"","overlay-gradient":""},"mobile":{"background-color":"var(--ast-global-color-5)","background-image":"","background-repeat":"repeat","background-position":"center center","background-size":"auto","background-attachment":"scroll","background-type":"","background-media":"","overlay-type":"","overlay-color":"","overlay-opacity":"","overlay-gradient":""}},"footnotes":""},"class_list":["post-8451","page","type-page","status-publish","hentry"],"post_mailing_queue_ids":[],"_links":{"self":[{"href":"https:\/\/agora.xtec.cat\/iecanfilua\/wp-json\/wp\/v2\/pages\/8451","targetHints":{"allow":["GET"]}}],"collection":[{"href":"https:\/\/agora.xtec.cat\/iecanfilua\/wp-json\/wp\/v2\/pages"}],"about":[{"href":"https:\/\/agora.xtec.cat\/iecanfilua\/wp-json\/wp\/v2\/types\/page"}],"author":[{"embeddable":true,"href":"https:\/\/agora.xtec.cat\/iecanfilua\/wp-json\/wp\/v2\/users\/47"}],"replies":[{"embeddable":true,"href":"https:\/\/agora.xtec.cat\/iecanfilua\/wp-json\/wp\/v2\/comments?post=8451"}],"version-history":[{"count":6,"href":"https:\/\/agora.xtec.cat\/iecanfilua\/wp-json\/wp\/v2\/pages\/8451\/revisions"}],"predecessor-version":[{"id":8495,"href":"https:\/\/agora.xtec.cat\/iecanfilua\/wp-json\/wp\/v2\/pages\/8451\/revisions\/8495"}],"up":[{"embeddable":true,"href":"https:\/\/agora.xtec.cat\/iecanfilua\/wp-json\/wp\/v2\/pages\/8481"}],"wp:attachment":[{"href":"https:\/\/agora.xtec.cat\/iecanfilua\/wp-json\/wp\/v2\/media?parent=8451"}],"curies":[{"name":"wp","href":"https:\/\/api.w.org\/{rel}","templated":true}]}}