{"id":8339,"date":"2025-02-13T13:38:48","date_gmt":"2025-02-13T12:38:48","guid":{"rendered":"https:\/\/agora.xtec.cat\/escsantiga\/?page_id=8339"},"modified":"2025-07-08T17:43:35","modified_gmt":"2025-07-08T15:43:35","slug":"avaluacio-conscient-informes","status":"publish","type":"page","link":"https:\/\/agora.xtec.cat\/iecanfilua\/projecte-educatiu\/linia-pedagogica\/avaluacio-conscient-informes\/","title":{"rendered":"Avaluaci\u00f3 conscient (Informes)"},"content":{"rendered":"<p>Promovem que l&#8217;alumne\/a sigui conscient del seu proc\u00e9s d&#8217;aprenentatge, \u00e9s per aix\u00f2, que des de ben petits\/es, introdu\u00efm eines avaluadores que, de manera gradual, el fan guanyar autonomia i prendre consci\u00e8ncia de les seves capacitats\/compet\u00e8ncies.<\/p>\n<p>Per aquest motiu sempre s&#8217;inclou en els informes una autoavaluaci\u00f3 on l&#8217;alumnat pren consci\u00e8ncia del seu proc\u00e9s d&#8217;aprenentatge. Aquesta autoavaluaci\u00f3 es realitza sempre amb acompanyament docent que actua com a guia d&#8217;aquesta avaluaci\u00f3.<\/p>\n<p><a href=\"https:\/\/agora.xtec.cat\/escsantiga\/wp-content\/uploads\/usu2064\/2025\/02\/1.png\"><img loading=\"lazy\" decoding=\"async\" class=\"wp-image-8340 aligncenter\" src=\"https:\/\/agora.xtec.cat\/escsantiga\/wp-content\/uploads\/usu2064\/2025\/02\/1.png\" alt=\"\" width=\"495\" height=\"329\" srcset=\"https:\/\/agora.xtec.cat\/iecanfilua\/wp-content\/uploads\/usu2064\/2025\/02\/1.png 888w, https:\/\/agora.xtec.cat\/iecanfilua\/wp-content\/uploads\/usu2064\/2025\/02\/1-300x200.png 300w, https:\/\/agora.xtec.cat\/iecanfilua\/wp-content\/uploads\/usu2064\/2025\/02\/1-768x511.png 768w\" sizes=\"auto, (max-width: 495px) 100vw, 495px\" \/><\/a><\/p>\n<p>A l&#8217;etapa d&#8217;Educaci\u00f3 Infantil s&#8217;entreguen <strong>dos informes<\/strong> l&#8217;any de car\u00e0cter qualitatiu.<\/p>\n<p>A l&#8217;etapa d&#8217;Educaci\u00f3 prim\u00e0ria s&#8217;entreguen<strong> tres informes qualitatius<\/strong> i <strong>un informe final de curs quantitatiu<\/strong>.<\/p>\n<p>A Educaci\u00f3 Secund\u00e0ria <strong>tres informes al llarg del curs, quantitatius i qualitatius<\/strong>.<\/p>\n<h5>A les comunitats de grans i joves els mestres i docents fan tutories individualitzades amb l&#8217;alumnat per a compartir quina ha estat la seva evoluci\u00f3 al llarg del trimestre o del curs.<\/h5>\n","protected":false},"excerpt":{"rendered":"<p>Promovem que l&#8217;alumne\/a sigui conscient del seu proc\u00e9s d&#8217;aprenentatge, \u00e9s per aix\u00f2, que des de ben petits\/es, introdu\u00efm eines avaluadores que, de manera gradual, el fan guanyar autonomia i prendre consci\u00e8ncia de les seves capacitats\/compet\u00e8ncies. Per aquest motiu sempre s&#8217;inclou en els informes una autoavaluaci\u00f3 on l&#8217;alumnat pren consci\u00e8ncia del seu proc\u00e9s d&#8217;aprenentatge. Aquesta autoavaluaci\u00f3 [&hellip;]<\/p>\n","protected":false},"author":47,"featured_media":0,"parent":521,"menu_order":0,"comment_status":"closed","ping_status":"closed","template":"","meta":{"_bbp_topic_count":0,"_bbp_reply_count":0,"_bbp_total_topic_count":0,"_bbp_total_reply_count":0,"_bbp_voice_count":0,"_bbp_anonymous_reply_count":0,"_bbp_topic_count_hidden":0,"_bbp_reply_count_hidden":0,"_bbp_forum_subforum_count":0,"site-sidebar-layout":"default","site-content-layout":"","ast-site-content-layout":"default","site-content-style":"default","site-sidebar-style":"default","ast-global-header-display":"","ast-banner-title-visibility":"","ast-main-header-display":"","ast-hfb-above-header-display":"","ast-hfb-below-header-display":"","ast-hfb-mobile-header-display":"","site-post-title":"","ast-breadcrumbs-content":"","ast-featured-img":"","footer-sml-layout":"","theme-transparent-header-meta":"default","adv-header-id-meta":"","stick-header-meta":"","header-above-stick-meta":"","header-main-stick-meta":"","header-below-stick-meta":"","astra-migrate-meta-layouts":"set","ast-page-background-enabled":"default","ast-page-background-meta":{"desktop":{"background-color":"var(--ast-global-color-4)","background-image":"","background-repeat":"repeat","background-position":"center center","background-size":"auto","background-attachment":"scroll","background-type":"","background-media":"","overlay-type":"","overlay-color":"","overlay-opacity":"","overlay-gradient":""},"tablet":{"background-color":"","background-image":"","background-repeat":"repeat","background-position":"center center","background-size":"auto","background-attachment":"scroll","background-type":"","background-media":"","overlay-type":"","overlay-color":"","overlay-opacity":"","overlay-gradient":""},"mobile":{"background-color":"","background-image":"","background-repeat":"repeat","background-position":"center center","background-size":"auto","background-attachment":"scroll","background-type":"","background-media":"","overlay-type":"","overlay-color":"","overlay-opacity":"","overlay-gradient":""}},"ast-content-background-meta":{"desktop":{"background-color":"var(--ast-global-color-5)","background-image":"","background-repeat":"repeat","background-position":"center center","background-size":"auto","background-attachment":"scroll","background-type":"","background-media":"","overlay-type":"","overlay-color":"","overlay-opacity":"","overlay-gradient":""},"tablet":{"background-color":"var(--ast-global-color-5)","background-image":"","background-repeat":"repeat","background-position":"center center","background-size":"auto","background-attachment":"scroll","background-type":"","background-media":"","overlay-type":"","overlay-color":"","overlay-opacity":"","overlay-gradient":""},"mobile":{"background-color":"var(--ast-global-color-5)","background-image":"","background-repeat":"repeat","background-position":"center center","background-size":"auto","background-attachment":"scroll","background-type":"","background-media":"","overlay-type":"","overlay-color":"","overlay-opacity":"","overlay-gradient":""}},"footnotes":""},"class_list":["post-8339","page","type-page","status-publish","hentry"],"post_mailing_queue_ids":[],"_links":{"self":[{"href":"https:\/\/agora.xtec.cat\/iecanfilua\/wp-json\/wp\/v2\/pages\/8339","targetHints":{"allow":["GET"]}}],"collection":[{"href":"https:\/\/agora.xtec.cat\/iecanfilua\/wp-json\/wp\/v2\/pages"}],"about":[{"href":"https:\/\/agora.xtec.cat\/iecanfilua\/wp-json\/wp\/v2\/types\/page"}],"author":[{"embeddable":true,"href":"https:\/\/agora.xtec.cat\/iecanfilua\/wp-json\/wp\/v2\/users\/47"}],"replies":[{"embeddable":true,"href":"https:\/\/agora.xtec.cat\/iecanfilua\/wp-json\/wp\/v2\/comments?post=8339"}],"version-history":[{"count":3,"href":"https:\/\/agora.xtec.cat\/iecanfilua\/wp-json\/wp\/v2\/pages\/8339\/revisions"}],"predecessor-version":[{"id":8602,"href":"https:\/\/agora.xtec.cat\/iecanfilua\/wp-json\/wp\/v2\/pages\/8339\/revisions\/8602"}],"up":[{"embeddable":true,"href":"https:\/\/agora.xtec.cat\/iecanfilua\/wp-json\/wp\/v2\/pages\/521"}],"wp:attachment":[{"href":"https:\/\/agora.xtec.cat\/iecanfilua\/wp-json\/wp\/v2\/media?parent=8339"}],"curies":[{"name":"wp","href":"https:\/\/api.w.org\/{rel}","templated":true}]}}