{"id":8313,"date":"2025-02-12T15:39:58","date_gmt":"2025-02-12T14:39:58","guid":{"rendered":"https:\/\/agora.xtec.cat\/escsantiga\/?page_id=8313"},"modified":"2025-07-08T17:47:46","modified_gmt":"2025-07-08T15:47:46","slug":"escola-literaria","status":"publish","type":"page","link":"https:\/\/agora.xtec.cat\/iecanfilua\/projecte-educatiu\/linia-pedagogica\/escola-literaria\/","title":{"rendered":"Escola liter\u00e0ria"},"content":{"rendered":"<h2><strong>HORA DEL CONTE, PADRINS LECTORS I BIBLIOPATI:<\/strong><\/h2>\n<h3>HORA DEL CONTE:<\/h3>\n<p>L&#8217;Hora del Conte \u00e9s una activitat setmanal que fan els grups de l&#8217;escola a la biblioteca de l&#8217;escola, a partir de l&#8217;explicaci\u00f3 d&#8217;un conte es treballa l&#8217;expressi\u00f3 oral i es proposen diferents activitats art\u00edstiques i liter\u00e0ries per fomentar el plaer per la lectura.<\/p>\n<p><a href=\"https:\/\/agora.xtec.cat\/escsantiga\/wp-content\/uploads\/usu2064\/2025\/02\/IMG_2171-scaled.jpg\"><img loading=\"lazy\" decoding=\"async\" class=\"alignnone wp-image-8314 size-large\" src=\"https:\/\/agora.xtec.cat\/escsantiga\/wp-content\/uploads\/usu2064\/2025\/02\/IMG_2171-scaled-e1739370935797-768x1024.jpg\" alt=\"\" width=\"768\" height=\"1024\" srcset=\"https:\/\/agora.xtec.cat\/iecanfilua\/wp-content\/uploads\/usu2064\/2025\/02\/IMG_2171-scaled-e1739370935797-768x1024.jpg 768w, https:\/\/agora.xtec.cat\/iecanfilua\/wp-content\/uploads\/usu2064\/2025\/02\/IMG_2171-scaled-e1739370935797-225x300.jpg 225w, https:\/\/agora.xtec.cat\/iecanfilua\/wp-content\/uploads\/usu2064\/2025\/02\/IMG_2171-scaled-e1739370935797-1152x1536.jpg 1152w, https:\/\/agora.xtec.cat\/iecanfilua\/wp-content\/uploads\/usu2064\/2025\/02\/IMG_2171-scaled-e1739370935797-1536x2048.jpg 1536w, https:\/\/agora.xtec.cat\/iecanfilua\/wp-content\/uploads\/usu2064\/2025\/02\/IMG_2171-scaled-e1739370935797.jpg 1920w\" sizes=\"auto, (max-width: 768px) 100vw, 768px\" \/><\/a><\/p>\n<p><a href=\"https:\/\/agora.xtec.cat\/escsantiga\/wp-content\/uploads\/usu2064\/2025\/02\/IMG_2332-scaled.jpg\"><img loading=\"lazy\" decoding=\"async\" class=\"alignnone wp-image-8315 size-large\" src=\"https:\/\/agora.xtec.cat\/escsantiga\/wp-content\/uploads\/usu2064\/2025\/02\/IMG_2332-scaled-e1739370971126-1024x768.jpg\" alt=\"\" width=\"1024\" height=\"768\" srcset=\"https:\/\/agora.xtec.cat\/iecanfilua\/wp-content\/uploads\/usu2064\/2025\/02\/IMG_2332-scaled-e1739370971126-1024x768.jpg 1024w, https:\/\/agora.xtec.cat\/iecanfilua\/wp-content\/uploads\/usu2064\/2025\/02\/IMG_2332-scaled-e1739370971126-300x225.jpg 300w, https:\/\/agora.xtec.cat\/iecanfilua\/wp-content\/uploads\/usu2064\/2025\/02\/IMG_2332-scaled-e1739370971126-768x576.jpg 768w, https:\/\/agora.xtec.cat\/iecanfilua\/wp-content\/uploads\/usu2064\/2025\/02\/IMG_2332-scaled-e1739370971126-1536x1152.jpg 1536w, https:\/\/agora.xtec.cat\/iecanfilua\/wp-content\/uploads\/usu2064\/2025\/02\/IMG_2332-scaled-e1739370971126-2048x1536.jpg 2048w, https:\/\/agora.xtec.cat\/iecanfilua\/wp-content\/uploads\/usu2064\/2025\/02\/IMG_2332-scaled-e1739370971126-200x150.jpg 200w\" sizes=\"auto, (max-width: 1024px) 100vw, 1024px\" \/><\/a><\/p>\n<h3><strong>PADRINS I FILLOLS LECTORS:\u00a0<\/strong><\/h3>\n<p>\u00c9s una activitat intercicle en la que els infants de la comunitat de grans es preparen lectures i contes per a explicar als petits. Es fa quinzenalment i t\u00e9 una durada de 45&#8242;.<\/p>\n<h3><strong>BIBLIOPATI\u00a0<\/strong><\/h3>\n<p><a href=\"https:\/\/agora.xtec.cat\/escsantiga\/wp-content\/uploads\/usu2064\/2025\/02\/unnamed-14.jpg\"><img loading=\"lazy\" decoding=\"async\" class=\"alignnone wp-image-8358\" src=\"https:\/\/agora.xtec.cat\/escsantiga\/wp-content\/uploads\/usu2064\/2025\/02\/unnamed-14-961x1024.jpg\" alt=\"\" width=\"802\" height=\"854\" srcset=\"https:\/\/agora.xtec.cat\/iecanfilua\/wp-content\/uploads\/usu2064\/2025\/02\/unnamed-14-961x1024.jpg 961w, https:\/\/agora.xtec.cat\/iecanfilua\/wp-content\/uploads\/usu2064\/2025\/02\/unnamed-14-281x300.jpg 281w, https:\/\/agora.xtec.cat\/iecanfilua\/wp-content\/uploads\/usu2064\/2025\/02\/unnamed-14-768x819.jpg 768w, https:\/\/agora.xtec.cat\/iecanfilua\/wp-content\/uploads\/usu2064\/2025\/02\/unnamed-14.jpg 1170w\" sizes=\"auto, (max-width: 802px) 100vw, 802px\" \/><\/a><\/p>\n<p>&nbsp;<\/p>\n<p><a href=\"https:\/\/agora.xtec.cat\/escsantiga\/wp-content\/uploads\/usu2064\/2025\/02\/unnamed-15.jpg\"><img loading=\"lazy\" decoding=\"async\" class=\"alignnone wp-image-8359\" src=\"https:\/\/agora.xtec.cat\/escsantiga\/wp-content\/uploads\/usu2064\/2025\/02\/unnamed-15-871x1024.jpg\" alt=\"\" width=\"808\" height=\"950\" srcset=\"https:\/\/agora.xtec.cat\/iecanfilua\/wp-content\/uploads\/usu2064\/2025\/02\/unnamed-15-871x1024.jpg 871w, https:\/\/agora.xtec.cat\/iecanfilua\/wp-content\/uploads\/usu2064\/2025\/02\/unnamed-15-255x300.jpg 255w, https:\/\/agora.xtec.cat\/iecanfilua\/wp-content\/uploads\/usu2064\/2025\/02\/unnamed-15-768x903.jpg 768w, https:\/\/agora.xtec.cat\/iecanfilua\/wp-content\/uploads\/usu2064\/2025\/02\/unnamed-15.jpg 1170w\" sizes=\"auto, (max-width: 808px) 100vw, 808px\" \/><\/a><\/p>\n","protected":false},"excerpt":{"rendered":"<p>HORA DEL CONTE, PADRINS LECTORS I BIBLIOPATI: HORA DEL CONTE: L&#8217;Hora del Conte \u00e9s una activitat setmanal que fan els grups de l&#8217;escola a la biblioteca de l&#8217;escola, a partir de l&#8217;explicaci\u00f3 d&#8217;un conte es treballa l&#8217;expressi\u00f3 oral i es proposen diferents activitats art\u00edstiques i liter\u00e0ries per fomentar el plaer per la lectura. PADRINS I [&hellip;]<\/p>\n","protected":false},"author":47,"featured_media":0,"parent":521,"menu_order":0,"comment_status":"closed","ping_status":"closed","template":"","meta":{"_bbp_topic_count":0,"_bbp_reply_count":0,"_bbp_total_topic_count":0,"_bbp_total_reply_count":0,"_bbp_voice_count":0,"_bbp_anonymous_reply_count":0,"_bbp_topic_count_hidden":0,"_bbp_reply_count_hidden":0,"_bbp_forum_subforum_count":0,"site-sidebar-layout":"default","site-content-layout":"","ast-site-content-layout":"default","site-content-style":"default","site-sidebar-style":"default","ast-global-header-display":"","ast-banner-title-visibility":"","ast-main-header-display":"","ast-hfb-above-header-display":"","ast-hfb-below-header-display":"","ast-hfb-mobile-header-display":"","site-post-title":"","ast-breadcrumbs-content":"","ast-featured-img":"","footer-sml-layout":"","theme-transparent-header-meta":"default","adv-header-id-meta":"","stick-header-meta":"","header-above-stick-meta":"","header-main-stick-meta":"","header-below-stick-meta":"","astra-migrate-meta-layouts":"set","ast-page-background-enabled":"default","ast-page-background-meta":{"desktop":{"background-color":"var(--ast-global-color-4)","background-image":"","background-repeat":"repeat","background-position":"center center","background-size":"auto","background-attachment":"scroll","background-type":"","background-media":"","overlay-type":"","overlay-color":"","overlay-opacity":"","overlay-gradient":""},"tablet":{"background-color":"","background-image":"","background-repeat":"repeat","background-position":"center center","background-size":"auto","background-attachment":"scroll","background-type":"","background-media":"","overlay-type":"","overlay-color":"","overlay-opacity":"","overlay-gradient":""},"mobile":{"background-color":"","background-image":"","background-repeat":"repeat","background-position":"center center","background-size":"auto","background-attachment":"scroll","background-type":"","background-media":"","overlay-type":"","overlay-color":"","overlay-opacity":"","overlay-gradient":""}},"ast-content-background-meta":{"desktop":{"background-color":"var(--ast-global-color-5)","background-image":"","background-repeat":"repeat","background-position":"center center","background-size":"auto","background-attachment":"scroll","background-type":"","background-media":"","overlay-type":"","overlay-color":"","overlay-opacity":"","overlay-gradient":""},"tablet":{"background-color":"var(--ast-global-color-5)","background-image":"","background-repeat":"repeat","background-position":"center center","background-size":"auto","background-attachment":"scroll","background-type":"","background-media":"","overlay-type":"","overlay-color":"","overlay-opacity":"","overlay-gradient":""},"mobile":{"background-color":"var(--ast-global-color-5)","background-image":"","background-repeat":"repeat","background-position":"center center","background-size":"auto","background-attachment":"scroll","background-type":"","background-media":"","overlay-type":"","overlay-color":"","overlay-opacity":"","overlay-gradient":""}},"footnotes":""},"class_list":["post-8313","page","type-page","status-publish","hentry"],"post_mailing_queue_ids":[],"_links":{"self":[{"href":"https:\/\/agora.xtec.cat\/iecanfilua\/wp-json\/wp\/v2\/pages\/8313","targetHints":{"allow":["GET"]}}],"collection":[{"href":"https:\/\/agora.xtec.cat\/iecanfilua\/wp-json\/wp\/v2\/pages"}],"about":[{"href":"https:\/\/agora.xtec.cat\/iecanfilua\/wp-json\/wp\/v2\/types\/page"}],"author":[{"embeddable":true,"href":"https:\/\/agora.xtec.cat\/iecanfilua\/wp-json\/wp\/v2\/users\/47"}],"replies":[{"embeddable":true,"href":"https:\/\/agora.xtec.cat\/iecanfilua\/wp-json\/wp\/v2\/comments?post=8313"}],"version-history":[{"count":5,"href":"https:\/\/agora.xtec.cat\/iecanfilua\/wp-json\/wp\/v2\/pages\/8313\/revisions"}],"predecessor-version":[{"id":8601,"href":"https:\/\/agora.xtec.cat\/iecanfilua\/wp-json\/wp\/v2\/pages\/8313\/revisions\/8601"}],"up":[{"embeddable":true,"href":"https:\/\/agora.xtec.cat\/iecanfilua\/wp-json\/wp\/v2\/pages\/521"}],"wp:attachment":[{"href":"https:\/\/agora.xtec.cat\/iecanfilua\/wp-json\/wp\/v2\/media?parent=8313"}],"curies":[{"name":"wp","href":"https:\/\/api.w.org\/{rel}","templated":true}]}}