{"id":8072,"date":"2023-10-16T15:33:10","date_gmt":"2023-10-16T13:33:10","guid":{"rendered":"https:\/\/agora.xtec.cat\/escsantiga\/?page_id=8072"},"modified":"2025-07-08T17:43:16","modified_gmt":"2025-07-08T15:43:16","slug":"entorns-daprenentatge","status":"publish","type":"page","link":"https:\/\/agora.xtec.cat\/iecanfilua\/projecte-educatiu\/linia-pedagogica\/entorns-daprenentatge\/","title":{"rendered":"Entorns d&#8217;aprenentatge"},"content":{"rendered":"<p>En el nostre projecte educatiu algunes de les franges hor\u00e0ries de les tardes estan reservades a la realitzaci\u00f3 de diferents <strong>e<\/strong><strong>ntorns d&#8217;aprenentatge<\/strong> enfocats a potenciar diferents aspectes vinculats a les matem\u00e0tiques, la llengua, la ci\u00e8ncia, l&#8217;art, el moviment o la rob\u00f2tica entre d&#8217;altres.<\/p>\n<p class=\"zfr3Q CDt4Ke \" dir=\"ltr\"><span class=\"C9DxTc \">Els entorns d&#8217;aprenentatge s\u00f3n propostes did\u00e0ctiques de diferents \u00e0mbits on els infants, d&#8217;una manera m\u00e9s experimental, treballen diferents aspectes curriculars. <\/span><span class=\"C9DxTc \">Als entorns d&#8217;aprenentatge aprofitem per barrejar diferents comunitats i diferents nivells.\u00a0<\/span><\/p>\n<p dir=\"ltr\">A totes les Comunitats hi ha entorns d&#8217;\u00e0mbit matem\u00e0tic, cient\u00edfic, ling\u00fc\u00edstic i art\u00edstic.<\/p>\n<ul>\n<li dir=\"ltr\"><strong>\u00c0mbit Matem\u00e0tic:<\/strong><\/li>\n<\/ul>\n<p>&#8211; Geometria<\/p>\n<p>&#8211; Jocs matem\u00e0tics<\/p>\n<p>&nbsp;<\/p>\n<ul>\n<li><strong>\u00c0mbit Cient\u00edfic:<\/strong><\/li>\n<\/ul>\n<p>&#8211; Rob\u00f2tica<\/p>\n<p>&#8211; Experimentaci\u00f3<\/p>\n<p>&nbsp;<\/p>\n<ul>\n<li><strong>\u00c0mbit Art\u00edstic\u00a0<\/strong><\/li>\n<\/ul>\n<p>&#8211; Modelatge (volum)<\/p>\n<p>&#8211; Expressi\u00f3 corporal<\/p>\n<p>&nbsp;<\/p>\n<ul>\n<li><strong>\u00c0mbit Ling\u00fc\u00edstic<\/strong><\/li>\n<\/ul>\n<p>&#8211; Expressi\u00f3 oral<\/p>\n<p>&#8211; Expressi\u00f3 escrita<\/p>\n","protected":false},"excerpt":{"rendered":"<p>En el nostre projecte educatiu algunes de les franges hor\u00e0ries de les tardes estan reservades a la realitzaci\u00f3 de diferents entorns d&#8217;aprenentatge enfocats a potenciar diferents aspectes vinculats a les matem\u00e0tiques, la llengua, la ci\u00e8ncia, l&#8217;art, el moviment o la rob\u00f2tica entre d&#8217;altres. Els entorns d&#8217;aprenentatge s\u00f3n propostes did\u00e0ctiques de diferents \u00e0mbits on els infants, [&hellip;]<\/p>\n","protected":false},"author":3,"featured_media":0,"parent":521,"menu_order":0,"comment_status":"closed","ping_status":"closed","template":"","meta":{"_bbp_topic_count":0,"_bbp_reply_count":0,"_bbp_total_topic_count":0,"_bbp_total_reply_count":0,"_bbp_voice_count":0,"_bbp_anonymous_reply_count":0,"_bbp_topic_count_hidden":0,"_bbp_reply_count_hidden":0,"_bbp_forum_subforum_count":0,"site-sidebar-layout":"default","site-content-layout":"","ast-site-content-layout":"default","site-content-style":"default","site-sidebar-style":"default","ast-global-header-display":"","ast-banner-title-visibility":"","ast-main-header-display":"","ast-hfb-above-header-display":"","ast-hfb-below-header-display":"","ast-hfb-mobile-header-display":"","site-post-title":"","ast-breadcrumbs-content":"","ast-featured-img":"","footer-sml-layout":"","theme-transparent-header-meta":"default","adv-header-id-meta":"","stick-header-meta":"","header-above-stick-meta":"","header-main-stick-meta":"","header-below-stick-meta":"","astra-migrate-meta-layouts":"set","ast-page-background-enabled":"default","ast-page-background-meta":{"desktop":{"background-color":"var(--ast-global-color-4)","background-image":"","background-repeat":"repeat","background-position":"center center","background-size":"auto","background-attachment":"scroll","background-type":"","background-media":"","overlay-type":"","overlay-color":"","overlay-opacity":"","overlay-gradient":""},"tablet":{"background-color":"","background-image":"","background-repeat":"repeat","background-position":"center center","background-size":"auto","background-attachment":"scroll","background-type":"","background-media":"","overlay-type":"","overlay-color":"","overlay-opacity":"","overlay-gradient":""},"mobile":{"background-color":"","background-image":"","background-repeat":"repeat","background-position":"center center","background-size":"auto","background-attachment":"scroll","background-type":"","background-media":"","overlay-type":"","overlay-color":"","overlay-opacity":"","overlay-gradient":""}},"ast-content-background-meta":{"desktop":{"background-color":"var(--ast-global-color-5)","background-image":"","background-repeat":"repeat","background-position":"center center","background-size":"auto","background-attachment":"scroll","background-type":"","background-media":"","overlay-type":"","overlay-color":"","overlay-opacity":"","overlay-gradient":""},"tablet":{"background-color":"var(--ast-global-color-5)","background-image":"","background-repeat":"repeat","background-position":"center center","background-size":"auto","background-attachment":"scroll","background-type":"","background-media":"","overlay-type":"","overlay-color":"","overlay-opacity":"","overlay-gradient":""},"mobile":{"background-color":"var(--ast-global-color-5)","background-image":"","background-repeat":"repeat","background-position":"center center","background-size":"auto","background-attachment":"scroll","background-type":"","background-media":"","overlay-type":"","overlay-color":"","overlay-opacity":"","overlay-gradient":""}},"footnotes":""},"class_list":["post-8072","page","type-page","status-publish","hentry"],"post_mailing_queue_ids":[],"_links":{"self":[{"href":"https:\/\/agora.xtec.cat\/iecanfilua\/wp-json\/wp\/v2\/pages\/8072","targetHints":{"allow":["GET"]}}],"collection":[{"href":"https:\/\/agora.xtec.cat\/iecanfilua\/wp-json\/wp\/v2\/pages"}],"about":[{"href":"https:\/\/agora.xtec.cat\/iecanfilua\/wp-json\/wp\/v2\/types\/page"}],"author":[{"embeddable":true,"href":"https:\/\/agora.xtec.cat\/iecanfilua\/wp-json\/wp\/v2\/users\/3"}],"replies":[{"embeddable":true,"href":"https:\/\/agora.xtec.cat\/iecanfilua\/wp-json\/wp\/v2\/comments?post=8072"}],"version-history":[{"count":6,"href":"https:\/\/agora.xtec.cat\/iecanfilua\/wp-json\/wp\/v2\/pages\/8072\/revisions"}],"predecessor-version":[{"id":8279,"href":"https:\/\/agora.xtec.cat\/iecanfilua\/wp-json\/wp\/v2\/pages\/8072\/revisions\/8279"}],"up":[{"embeddable":true,"href":"https:\/\/agora.xtec.cat\/iecanfilua\/wp-json\/wp\/v2\/pages\/521"}],"wp:attachment":[{"href":"https:\/\/agora.xtec.cat\/iecanfilua\/wp-json\/wp\/v2\/media?parent=8072"}],"curies":[{"name":"wp","href":"https:\/\/api.w.org\/{rel}","templated":true}]}}