{"id":7848,"date":"2022-09-28T11:08:37","date_gmt":"2022-09-28T09:08:37","guid":{"rendered":"https:\/\/agora.xtec.cat\/escsantiga\/?page_id=7848"},"modified":"2025-07-18T15:54:21","modified_gmt":"2025-07-18T13:54:21","slug":"eix-naturakm0","status":"publish","type":"page","link":"https:\/\/agora.xtec.cat\/iecanfilua\/projecte-educatiu\/eix-naturakm0\/","title":{"rendered":"Eix tem\u00e0tic (24-25): \u201cNatura km.0\u201d"},"content":{"rendered":"<p>Un dels projectes m\u00e9s importants que es duen a terme al llarg del curs \u00e9s el nom de la classe.<\/p>\n<p>Aquest projecte est\u00e0 relacionada amb una tem\u00e0tica concreta, que va canviant cada curs. El tema del curs 2024-25 va ser &#8220;Natura Km.0&#8221;.<\/p>\n<p><a href=\"https:\/\/agora.xtec.cat\/escsantiga\/wp-content\/uploads\/usu2064\/2025\/01\/IMG_2214-scaled.jpg\"><img loading=\"lazy\" decoding=\"async\" class=\"size-large wp-image-8253 aligncenter\" src=\"https:\/\/agora.xtec.cat\/escsantiga\/wp-content\/uploads\/usu2064\/2025\/01\/IMG_2214-1024x768.jpg\" alt=\"\" width=\"1024\" height=\"768\" srcset=\"https:\/\/agora.xtec.cat\/iecanfilua\/wp-content\/uploads\/usu2064\/2025\/01\/IMG_2214-1024x768.jpg 1024w, https:\/\/agora.xtec.cat\/iecanfilua\/wp-content\/uploads\/usu2064\/2025\/01\/IMG_2214-300x225.jpg 300w, https:\/\/agora.xtec.cat\/iecanfilua\/wp-content\/uploads\/usu2064\/2025\/01\/IMG_2214-768x576.jpg 768w, https:\/\/agora.xtec.cat\/iecanfilua\/wp-content\/uploads\/usu2064\/2025\/01\/IMG_2214-1536x1152.jpg 1536w, https:\/\/agora.xtec.cat\/iecanfilua\/wp-content\/uploads\/usu2064\/2025\/01\/IMG_2214-2048x1536.jpg 2048w, https:\/\/agora.xtec.cat\/iecanfilua\/wp-content\/uploads\/usu2064\/2025\/01\/IMG_2214-200x150.jpg 200w\" sizes=\"auto, (max-width: 1024px) 100vw, 1024px\" \/><\/a><\/p>\n<div class=\"entry-content\">\n<p align=\"justify\">L\u2019eix tem\u00e0tic de l\u2019Institut-Escola t\u00e9 relaci\u00f3 amb la Natura i l\u2019Entorn proper del nostre centre.<\/p>\n<p align=\"left\"><u>Objectius<\/u>:<\/p>\n<ul type=\"disc\">\n<li>\n<p align=\"justify\">Col\u00b7laborar amb institucions i\/o professionals de refer\u00e8ncia i incorporar el coneixement de la instituci\u00f3 al dia a dia del centre des d\u2019un enfocament globalitzat de l\u2019aprenentatge.<\/p>\n<\/li>\n<\/ul>\n<ul type=\"disc\">\n<li>\n<p align=\"justify\">Ser i actuar en la societat del Segle XXI. Generar situacions d\u2019aprenentatge significatives, basades en el fer \u2013 pensar \u2013 comunicar.<\/p>\n<\/li>\n<\/ul>\n<ul type=\"disc\">\n<li>\n<p align=\"justify\">Cr\u00e9ixer com a persones i formar infants experts en la societat en la qual estan.<\/p>\n<\/li>\n<\/ul>\n<ul type=\"disc\">\n<li>\n<p align=\"justify\">Compartir i comunicar all\u00f2 que fem amb tot el centre (infants, mestres\u2026).<\/p>\n<\/li>\n<\/ul>\n<ul type=\"disc\">\n<li>\n<p align=\"justify\">Conscienciar i formar ciutadans i ciutadanes amb una visi\u00f3 cr\u00edtica entorn de la sostenibilitat i a l\u2019entorn que ens envolta.<\/p>\n<\/li>\n<li>\n<p align=\"justify\">Aprendre a valorar\u00a0l\u2019entorn Natural de Santa Perp\u00e8tua\u00a0i crear identitat de pertinen\u00e7a.<\/p>\n<\/li>\n<\/ul>\n<p align=\"center\"><b>Formar persones capaces d\u2019entendre el m\u00f3n i d\u2019actuar-hi de manera responsable i cr\u00edtica.<\/b><\/p>\n<\/div>\n","protected":false},"excerpt":{"rendered":"<p>Un dels projectes m\u00e9s importants que es duen a terme al llarg del curs \u00e9s el nom de la classe. Aquest projecte est\u00e0 relacionada amb una tem\u00e0tica concreta, que va canviant cada curs. El tema del curs 2024-25 va ser &#8220;Natura Km.0&#8221;. L\u2019eix tem\u00e0tic de l\u2019Institut-Escola t\u00e9 relaci\u00f3 amb la Natura i l\u2019Entorn proper del [&hellip;]<\/p>\n","protected":false},"author":3,"featured_media":0,"parent":64,"menu_order":0,"comment_status":"closed","ping_status":"closed","template":"","meta":{"_bbp_topic_count":0,"_bbp_reply_count":0,"_bbp_total_topic_count":0,"_bbp_total_reply_count":0,"_bbp_voice_count":0,"_bbp_anonymous_reply_count":0,"_bbp_topic_count_hidden":0,"_bbp_reply_count_hidden":0,"_bbp_forum_subforum_count":0,"site-sidebar-layout":"default","site-content-layout":"","ast-site-content-layout":"default","site-content-style":"default","site-sidebar-style":"default","ast-global-header-display":"","ast-banner-title-visibility":"","ast-main-header-display":"","ast-hfb-above-header-display":"","ast-hfb-below-header-display":"","ast-hfb-mobile-header-display":"","site-post-title":"","ast-breadcrumbs-content":"","ast-featured-img":"","footer-sml-layout":"","theme-transparent-header-meta":"default","adv-header-id-meta":"","stick-header-meta":"","header-above-stick-meta":"","header-main-stick-meta":"","header-below-stick-meta":"","astra-migrate-meta-layouts":"set","ast-page-background-enabled":"default","ast-page-background-meta":{"desktop":{"background-color":"var(--ast-global-color-4)","background-image":"","background-repeat":"repeat","background-position":"center center","background-size":"auto","background-attachment":"scroll","background-type":"","background-media":"","overlay-type":"","overlay-color":"","overlay-opacity":"","overlay-gradient":""},"tablet":{"background-color":"","background-image":"","background-repeat":"repeat","background-position":"center center","background-size":"auto","background-attachment":"scroll","background-type":"","background-media":"","overlay-type":"","overlay-color":"","overlay-opacity":"","overlay-gradient":""},"mobile":{"background-color":"","background-image":"","background-repeat":"repeat","background-position":"center center","background-size":"auto","background-attachment":"scroll","background-type":"","background-media":"","overlay-type":"","overlay-color":"","overlay-opacity":"","overlay-gradient":""}},"ast-content-background-meta":{"desktop":{"background-color":"var(--ast-global-color-5)","background-image":"","background-repeat":"repeat","background-position":"center center","background-size":"auto","background-attachment":"scroll","background-type":"","background-media":"","overlay-type":"","overlay-color":"","overlay-opacity":"","overlay-gradient":""},"tablet":{"background-color":"var(--ast-global-color-5)","background-image":"","background-repeat":"repeat","background-position":"center center","background-size":"auto","background-attachment":"scroll","background-type":"","background-media":"","overlay-type":"","overlay-color":"","overlay-opacity":"","overlay-gradient":""},"mobile":{"background-color":"var(--ast-global-color-5)","background-image":"","background-repeat":"repeat","background-position":"center center","background-size":"auto","background-attachment":"scroll","background-type":"","background-media":"","overlay-type":"","overlay-color":"","overlay-opacity":"","overlay-gradient":""}},"footnotes":""},"class_list":["post-7848","page","type-page","status-publish","hentry"],"post_mailing_queue_ids":[],"_links":{"self":[{"href":"https:\/\/agora.xtec.cat\/iecanfilua\/wp-json\/wp\/v2\/pages\/7848","targetHints":{"allow":["GET"]}}],"collection":[{"href":"https:\/\/agora.xtec.cat\/iecanfilua\/wp-json\/wp\/v2\/pages"}],"about":[{"href":"https:\/\/agora.xtec.cat\/iecanfilua\/wp-json\/wp\/v2\/types\/page"}],"author":[{"embeddable":true,"href":"https:\/\/agora.xtec.cat\/iecanfilua\/wp-json\/wp\/v2\/users\/3"}],"replies":[{"embeddable":true,"href":"https:\/\/agora.xtec.cat\/iecanfilua\/wp-json\/wp\/v2\/comments?post=7848"}],"version-history":[{"count":4,"href":"https:\/\/agora.xtec.cat\/iecanfilua\/wp-json\/wp\/v2\/pages\/7848\/revisions"}],"predecessor-version":[{"id":8631,"href":"https:\/\/agora.xtec.cat\/iecanfilua\/wp-json\/wp\/v2\/pages\/7848\/revisions\/8631"}],"up":[{"embeddable":true,"href":"https:\/\/agora.xtec.cat\/iecanfilua\/wp-json\/wp\/v2\/pages\/64"}],"wp:attachment":[{"href":"https:\/\/agora.xtec.cat\/iecanfilua\/wp-json\/wp\/v2\/media?parent=7848"}],"curies":[{"name":"wp","href":"https:\/\/api.w.org\/{rel}","templated":true}]}}