{"id":559,"date":"2020-01-02T11:23:04","date_gmt":"2020-01-02T10:23:04","guid":{"rendered":"https:\/\/agora.xtec.cat\/escsantiga\/?page_id=559"},"modified":"2025-02-14T15:22:17","modified_gmt":"2025-02-14T14:22:17","slug":"pec","status":"publish","type":"page","link":"https:\/\/agora.xtec.cat\/iecanfilua\/documents\/pec\/","title":{"rendered":"PEC: Pendent de revisi\u00f3 i actualitzaci\u00f3"},"content":{"rendered":"<p>El projecte educatiu, que \u00e9s la m\u00e0xima expressi\u00f3 de l&#8217;autonomia dels centres, recull la identitat del centre, n&#8217;explicita els objectius, n&#8217;orienta l&#8217;activitat i hi dona sentit amb la finalitat que els alumnes assoleixin les compet\u00e8ncies b\u00e0siques i el m\u00e0xim aprofitament educatiu, d&#8217;acord amb el marc proporcionat pel Decret 102\/2010, de 3 d&#8217;agost, d&#8217;autonomia dels centres educatius, que situa la presa de decisions en l&#8217;\u00e0mbit del<br \/>\ncentre per enfortir la instituci\u00f3 escolar i el lideratge educatiu.<\/p>\n<p>El projecte educatiu del centre \u00e9s el document estrat\u00e8gic marc de la instituci\u00f3 escolar que en defineix el funcionament en l\u2019\u00e0mbit curricular, organitzatiu, de gesti\u00f3 econ\u00f2mica i de gesti\u00f3 de personal, que s&#8217;adapta a la realitat dels alumnes i a l\u2019entorn. En aquest sentit, concreta, interpreta i aplica les previsions de la normativa vigent als trets caracter\u00edstics del centre, d&#8217;acord amb les necessitats educatives dels alumnes i dels objectius del centre.<\/p>\n<p style=\"text-align: center;\"><a href=\"https:\/\/agora.xtec.cat\/escsantiga\/wp-content\/uploads\/usu2064\/2020\/01\/PEC-Escola-Santiga-.doc\">Descarrega el PEC Escola Santiga &#8220;PENDENT DE REVISI\u00d3 I ACTUALITZACI\u00d3&#8221;<\/a><\/p>\n<p>&nbsp;<\/p>\n","protected":false},"excerpt":{"rendered":"<p>El projecte educatiu, que \u00e9s la m\u00e0xima expressi\u00f3 de l&#8217;autonomia dels centres, recull la identitat del centre, n&#8217;explicita els objectius, n&#8217;orienta l&#8217;activitat i hi dona sentit amb la finalitat que els alumnes assoleixin les compet\u00e8ncies b\u00e0siques i el m\u00e0xim aprofitament educatiu, d&#8217;acord amb el marc proporcionat pel Decret 102\/2010, de 3 d&#8217;agost, d&#8217;autonomia dels centres [&hellip;]<\/p>\n","protected":false},"author":1,"featured_media":0,"parent":605,"menu_order":0,"comment_status":"closed","ping_status":"closed","template":"page-templates\/side-menu.php","meta":{"_bbp_topic_count":0,"_bbp_reply_count":0,"_bbp_total_topic_count":0,"_bbp_total_reply_count":0,"_bbp_voice_count":0,"_bbp_anonymous_reply_count":0,"_bbp_topic_count_hidden":0,"_bbp_reply_count_hidden":0,"_bbp_forum_subforum_count":0,"site-sidebar-layout":"default","site-content-layout":"","ast-site-content-layout":"","site-content-style":"default","site-sidebar-style":"default","ast-global-header-display":"","ast-banner-title-visibility":"","ast-main-header-display":"","ast-hfb-above-header-display":"","ast-hfb-below-header-display":"","ast-hfb-mobile-header-display":"","site-post-title":"","ast-breadcrumbs-content":"","ast-featured-img":"","footer-sml-layout":"","theme-transparent-header-meta":"","adv-header-id-meta":"","stick-header-meta":"","header-above-stick-meta":"","header-main-stick-meta":"","header-below-stick-meta":"","astra-migrate-meta-layouts":"default","ast-page-background-enabled":"default","ast-page-background-meta":{"desktop":{"background-color":"var(--ast-global-color-4)","background-image":"","background-repeat":"repeat","background-position":"center center","background-size":"auto","background-attachment":"scroll","background-type":"","background-media":"","overlay-type":"","overlay-color":"","overlay-opacity":"","overlay-gradient":""},"tablet":{"background-color":"","background-image":"","background-repeat":"repeat","background-position":"center center","background-size":"auto","background-attachment":"scroll","background-type":"","background-media":"","overlay-type":"","overlay-color":"","overlay-opacity":"","overlay-gradient":""},"mobile":{"background-color":"","background-image":"","background-repeat":"repeat","background-position":"center center","background-size":"auto","background-attachment":"scroll","background-type":"","background-media":"","overlay-type":"","overlay-color":"","overlay-opacity":"","overlay-gradient":""}},"ast-content-background-meta":{"desktop":{"background-color":"var(--ast-global-color-5)","background-image":"","background-repeat":"repeat","background-position":"center center","background-size":"auto","background-attachment":"scroll","background-type":"","background-media":"","overlay-type":"","overlay-color":"","overlay-opacity":"","overlay-gradient":""},"tablet":{"background-color":"var(--ast-global-color-5)","background-image":"","background-repeat":"repeat","background-position":"center center","background-size":"auto","background-attachment":"scroll","background-type":"","background-media":"","overlay-type":"","overlay-color":"","overlay-opacity":"","overlay-gradient":""},"mobile":{"background-color":"var(--ast-global-color-5)","background-image":"","background-repeat":"repeat","background-position":"center center","background-size":"auto","background-attachment":"scroll","background-type":"","background-media":"","overlay-type":"","overlay-color":"","overlay-opacity":"","overlay-gradient":""}},"footnotes":""},"class_list":["post-559","page","type-page","status-publish","hentry"],"post_mailing_queue_ids":[],"_links":{"self":[{"href":"https:\/\/agora.xtec.cat\/iecanfilua\/wp-json\/wp\/v2\/pages\/559","targetHints":{"allow":["GET"]}}],"collection":[{"href":"https:\/\/agora.xtec.cat\/iecanfilua\/wp-json\/wp\/v2\/pages"}],"about":[{"href":"https:\/\/agora.xtec.cat\/iecanfilua\/wp-json\/wp\/v2\/types\/page"}],"author":[{"embeddable":true,"href":"https:\/\/agora.xtec.cat\/iecanfilua\/wp-json\/wp\/v2\/users\/1"}],"replies":[{"embeddable":true,"href":"https:\/\/agora.xtec.cat\/iecanfilua\/wp-json\/wp\/v2\/comments?post=559"}],"version-history":[{"count":4,"href":"https:\/\/agora.xtec.cat\/iecanfilua\/wp-json\/wp\/v2\/pages\/559\/revisions"}],"predecessor-version":[{"id":8352,"href":"https:\/\/agora.xtec.cat\/iecanfilua\/wp-json\/wp\/v2\/pages\/559\/revisions\/8352"}],"up":[{"embeddable":true,"href":"https:\/\/agora.xtec.cat\/iecanfilua\/wp-json\/wp\/v2\/pages\/605"}],"wp:attachment":[{"href":"https:\/\/agora.xtec.cat\/iecanfilua\/wp-json\/wp\/v2\/media?parent=559"}],"curies":[{"name":"wp","href":"https:\/\/api.w.org\/{rel}","templated":true}]}}