{"id":525,"date":"2019-12-30T16:33:05","date_gmt":"2019-12-30T15:33:05","guid":{"rendered":"https:\/\/agora.xtec.cat\/escsantiga\/?page_id=525"},"modified":"2025-10-04T23:23:16","modified_gmt":"2025-10-04T21:23:16","slug":"projectes-interdisciplinaris","status":"publish","type":"page","link":"https:\/\/agora.xtec.cat\/iecanfilua\/projecte-educatiu\/linia-pedagogica\/projectes-interdisciplinaris\/","title":{"rendered":"Treball basat en projectes"},"content":{"rendered":"<p><span class=\"C9DxTc \">Apostem per treballar situacions d&#8217;aprenentatge que es fonamentin en la naturalesa social del proc\u00e9s d&#8217;aprendre i fomentin activament l&#8217;aprenentatge cooperatiu ben organitzat. On el coneixement s&#8217;erigeix en entorn de converses d&#8217;aula com a eina de treball per construir coneixement conjunt i l&#8217;avaluaci\u00f3 conscient els ajuda a regular el seu propi proc\u00e9s d&#8217;aprenentatge.<\/span><span class=\"C9DxTc \">\u00a0<\/span><\/p>\n<p><a href=\"https:\/\/agora.xtec.cat\/escsantiga\/wp-content\/uploads\/usu2064\/2025\/02\/3-1.png\"><img loading=\"lazy\" decoding=\"async\" class=\"size-full wp-image-8295 alignleft\" src=\"https:\/\/agora.xtec.cat\/escsantiga\/wp-content\/uploads\/usu2064\/2025\/02\/3-1.png\" alt=\"\" width=\"320\" height=\"320\" srcset=\"https:\/\/agora.xtec.cat\/iecanfilua\/wp-content\/uploads\/usu2064\/2025\/02\/3-1.png 320w, https:\/\/agora.xtec.cat\/iecanfilua\/wp-content\/uploads\/usu2064\/2025\/02\/3-1-300x300.png 300w, https:\/\/agora.xtec.cat\/iecanfilua\/wp-content\/uploads\/usu2064\/2025\/02\/3-1-150x150.png 150w\" sizes=\"auto, (max-width: 320px) 100vw, 320px\" \/><\/a> Els nostres projectes es contextualitzen en problemes reals que interpel\u00b7len a l&#8217;alumnat i el situen al centre del proc\u00e9s d&#8217;ensenyament-aprenentatge. S\u00f3n els nens i nenes qui pren decisions sobre aquest proc\u00e9s i construeixen coneixement amb l&#8217;acompanyament docent.<\/p>\n<p><a href=\"https:\/\/agora.xtec.cat\/escsantiga\/wp-content\/uploads\/usu2064\/2025\/02\/4-1.png\"><img loading=\"lazy\" decoding=\"async\" class=\"wp-image-8297 alignleft\" src=\"https:\/\/agora.xtec.cat\/escsantiga\/wp-content\/uploads\/usu2064\/2025\/02\/4-1.png\" alt=\"\" width=\"323\" height=\"323\" srcset=\"https:\/\/agora.xtec.cat\/iecanfilua\/wp-content\/uploads\/usu2064\/2025\/02\/4-1.png 320w, https:\/\/agora.xtec.cat\/iecanfilua\/wp-content\/uploads\/usu2064\/2025\/02\/4-1-300x300.png 300w, https:\/\/agora.xtec.cat\/iecanfilua\/wp-content\/uploads\/usu2064\/2025\/02\/4-1-150x150.png 150w\" sizes=\"auto, (max-width: 323px) 100vw, 323px\" \/> <\/a>El coneixement cient\u00edfic i matem\u00e0tic ens ajuda a comprendre el m\u00f3n que ens envolta, i la llengua s&#8217;empra com a vehicle de comunicaci\u00f3 de processos.<\/p>\n<p><span style=\"font-family: inherit; font-size: 1em;\">En la mesura del possible, mirem de fer un tancament de projectes que tingui un impacte real al nostre entorn, on l&#8217;alumnat aplica tot el contingut adquirit.<\/span><\/p>\n","protected":false},"excerpt":{"rendered":"<p>Apostem per treballar situacions d&#8217;aprenentatge que es fonamentin en la naturalesa social del proc\u00e9s d&#8217;aprendre i fomentin activament l&#8217;aprenentatge cooperatiu ben organitzat. On el coneixement s&#8217;erigeix en entorn de converses d&#8217;aula com a eina de treball per construir coneixement conjunt i l&#8217;avaluaci\u00f3 conscient els ajuda a regular el seu propi proc\u00e9s d&#8217;aprenentatge.\u00a0 Els nostres projectes [&hellip;]<\/p>\n","protected":false},"author":1,"featured_media":0,"parent":521,"menu_order":0,"comment_status":"closed","ping_status":"closed","template":"","meta":{"_bbp_topic_count":0,"_bbp_reply_count":0,"_bbp_total_topic_count":0,"_bbp_total_reply_count":0,"_bbp_voice_count":0,"_bbp_anonymous_reply_count":0,"_bbp_topic_count_hidden":0,"_bbp_reply_count_hidden":0,"_bbp_forum_subforum_count":0,"site-sidebar-layout":"default","site-content-layout":"","ast-site-content-layout":"default","site-content-style":"default","site-sidebar-style":"default","ast-global-header-display":"","ast-banner-title-visibility":"","ast-main-header-display":"","ast-hfb-above-header-display":"","ast-hfb-below-header-display":"","ast-hfb-mobile-header-display":"","site-post-title":"","ast-breadcrumbs-content":"","ast-featured-img":"","footer-sml-layout":"","theme-transparent-header-meta":"default","adv-header-id-meta":"","stick-header-meta":"","header-above-stick-meta":"","header-main-stick-meta":"","header-below-stick-meta":"","astra-migrate-meta-layouts":"set","ast-page-background-enabled":"default","ast-page-background-meta":{"desktop":{"background-color":"var(--ast-global-color-4)","background-image":"","background-repeat":"repeat","background-position":"center center","background-size":"auto","background-attachment":"scroll","background-type":"","background-media":"","overlay-type":"","overlay-color":"","overlay-opacity":"","overlay-gradient":""},"tablet":{"background-color":"","background-image":"","background-repeat":"repeat","background-position":"center center","background-size":"auto","background-attachment":"scroll","background-type":"","background-media":"","overlay-type":"","overlay-color":"","overlay-opacity":"","overlay-gradient":""},"mobile":{"background-color":"","background-image":"","background-repeat":"repeat","background-position":"center center","background-size":"auto","background-attachment":"scroll","background-type":"","background-media":"","overlay-type":"","overlay-color":"","overlay-opacity":"","overlay-gradient":""}},"ast-content-background-meta":{"desktop":{"background-color":"var(--ast-global-color-5)","background-image":"","background-repeat":"repeat","background-position":"center center","background-size":"auto","background-attachment":"scroll","background-type":"","background-media":"","overlay-type":"","overlay-color":"","overlay-opacity":"","overlay-gradient":""},"tablet":{"background-color":"var(--ast-global-color-5)","background-image":"","background-repeat":"repeat","background-position":"center center","background-size":"auto","background-attachment":"scroll","background-type":"","background-media":"","overlay-type":"","overlay-color":"","overlay-opacity":"","overlay-gradient":""},"mobile":{"background-color":"var(--ast-global-color-5)","background-image":"","background-repeat":"repeat","background-position":"center center","background-size":"auto","background-attachment":"scroll","background-type":"","background-media":"","overlay-type":"","overlay-color":"","overlay-opacity":"","overlay-gradient":""}},"footnotes":""},"class_list":["post-525","page","type-page","status-publish","hentry"],"post_mailing_queue_ids":[],"_links":{"self":[{"href":"https:\/\/agora.xtec.cat\/iecanfilua\/wp-json\/wp\/v2\/pages\/525","targetHints":{"allow":["GET"]}}],"collection":[{"href":"https:\/\/agora.xtec.cat\/iecanfilua\/wp-json\/wp\/v2\/pages"}],"about":[{"href":"https:\/\/agora.xtec.cat\/iecanfilua\/wp-json\/wp\/v2\/types\/page"}],"author":[{"embeddable":true,"href":"https:\/\/agora.xtec.cat\/iecanfilua\/wp-json\/wp\/v2\/users\/1"}],"replies":[{"embeddable":true,"href":"https:\/\/agora.xtec.cat\/iecanfilua\/wp-json\/wp\/v2\/comments?post=525"}],"version-history":[{"count":6,"href":"https:\/\/agora.xtec.cat\/iecanfilua\/wp-json\/wp\/v2\/pages\/525\/revisions"}],"predecessor-version":[{"id":8947,"href":"https:\/\/agora.xtec.cat\/iecanfilua\/wp-json\/wp\/v2\/pages\/525\/revisions\/8947"}],"up":[{"embeddable":true,"href":"https:\/\/agora.xtec.cat\/iecanfilua\/wp-json\/wp\/v2\/pages\/521"}],"wp:attachment":[{"href":"https:\/\/agora.xtec.cat\/iecanfilua\/wp-json\/wp\/v2\/media?parent=525"}],"curies":[{"name":"wp","href":"https:\/\/api.w.org\/{rel}","templated":true}]}}