{"id":24,"date":"2014-09-18T12:23:15","date_gmt":"2014-09-18T11:23:15","guid":{"rendered":"http:\/\/agora.xtec.cat\/escsantiga\/?page_id=24"},"modified":"2025-07-16T11:00:36","modified_gmt":"2025-07-16T09:00:36","slug":"on-som","status":"publish","type":"page","link":"https:\/\/agora.xtec.cat\/iecanfilua\/institut-escola\/on-som\/","title":{"rendered":"On som?"},"content":{"rendered":"<p><img loading=\"lazy\" decoding=\"async\" class=\"aligncenter\" src=\"https:\/\/cdn-govern.watchity.net\/govern\/im\/875282023121411\/875282023121411_preview.jpeg\" alt=\"El conseller Baltasar presenta el nou sector... - Govern.cat\" width=\"289\" height=\"193\" \/><\/p>\n<p>L&#8217;Institut Escola Can Filu\u00e0 s\u2019ubica al barri de Can Filu\u00e0 en un dels l\u00edmits actuals del nucli de poblaci\u00f3 del municipi de Santa Perp\u00e8tua de\u00a0 Mogoda, al Vall\u00e8s Occidental.<\/p>\n<p><i class=\"fa fa-home\"><\/i>\u00a0Av. de Sabadell, 3 &#8211; 08130 Santa Perp\u00e8tua de Mogoda &#8211; Barcelona<br \/>\n<i class=\"fa fa-phone\"><\/i>\u00a0Tel\u00e8fon:\u00a0<a href=\"tel:+34935 743 746\">935 743 746<\/a><br \/>\n<i class=\"fa fa-envelope-o\"><\/i>\u00a0Adre\u00e7a electr\u00f2nica:\u00a0<a href=\"mailto:a8077459@xtec.cat\">a8077459@xtec.cat<\/a><br \/>\n<i class=\"fa fa-link\"><\/i>\u00a0Lloc web:\u00a0<a href=\"https:\/\/agora.xtec.cat\/escsantiga\/\" target=\"_blank\" rel=\"noopener\">agora.xtec.cat\/escsantiga\/<\/a><br \/>\n<i class=\"fa fa-map-pin\"><\/i>\u00a0<a title=\"\" href=\"https:\/\/www.staperpetua.cat\/el-municipi\/guia-del-municipi\/equipaments\/institut-escola-santiga.html#?custom=true&amp;width=90%&amp;height=500px\" rel=\"prettyMap1914\">Vegeu-ne la situaci\u00f3 al mapa<\/a><\/p>\n<p><iframe loading=\"lazy\" style=\"border: 0;\" src=\"https:\/\/www.google.com\/maps\/embed?pb=!1m18!1m12!1m3!1d2986.658750249986!2d2.1727443149321664!3d41.5333319948986!2m3!1f0!2f0!3f0!3m2!1i1024!2i768!4f13.1!3m3!1m2!1s0x12a4bf190820a2ed%3A0x269900190bc3092b!2sEscola%20Santiga%20santa%20perpetua%20de%20mogoda!5e0!3m2!1sca!2ses!4v1577213716867!5m2!1sca!2ses\" width=\"600\" height=\"450\" frameborder=\"0\" allowfullscreen=\"allowfullscreen\"><\/iframe><\/p>\n<p>&nbsp;<\/p>\n<p>&nbsp;<\/p>\n","protected":false},"excerpt":{"rendered":"<p>L&#8217;Institut Escola Can Filu\u00e0 s\u2019ubica al barri de Can Filu\u00e0 en un dels l\u00edmits actuals del nucli de poblaci\u00f3 del municipi de Santa Perp\u00e8tua de\u00a0 Mogoda, al Vall\u00e8s Occidental. \u00a0Av. de Sabadell, 3 &#8211; 08130 Santa Perp\u00e8tua de Mogoda &#8211; Barcelona \u00a0Tel\u00e8fon:\u00a0935 743 746 \u00a0Adre\u00e7a electr\u00f2nica:\u00a0a8077459@xtec.cat \u00a0Lloc web:\u00a0agora.xtec.cat\/escsantiga\/ \u00a0Vegeu-ne la situaci\u00f3 al mapa &nbsp; &nbsp;<\/p>\n","protected":false},"author":1,"featured_media":0,"parent":22,"menu_order":10,"comment_status":"closed","ping_status":"closed","template":"","meta":{"_bbp_topic_count":0,"_bbp_reply_count":0,"_bbp_total_topic_count":0,"_bbp_total_reply_count":0,"_bbp_voice_count":0,"_bbp_anonymous_reply_count":0,"_bbp_topic_count_hidden":0,"_bbp_reply_count_hidden":0,"_bbp_forum_subforum_count":0,"site-sidebar-layout":"default","site-content-layout":"","ast-site-content-layout":"default","site-content-style":"default","site-sidebar-style":"default","ast-global-header-display":"","ast-banner-title-visibility":"","ast-main-header-display":"","ast-hfb-above-header-display":"","ast-hfb-below-header-display":"","ast-hfb-mobile-header-display":"","site-post-title":"","ast-breadcrumbs-content":"","ast-featured-img":"","footer-sml-layout":"","theme-transparent-header-meta":"default","adv-header-id-meta":"","stick-header-meta":"","header-above-stick-meta":"","header-main-stick-meta":"","header-below-stick-meta":"","astra-migrate-meta-layouts":"set","ast-page-background-enabled":"default","ast-page-background-meta":{"desktop":{"background-color":"var(--ast-global-color-4)","background-image":"","background-repeat":"repeat","background-position":"center center","background-size":"auto","background-attachment":"scroll","background-type":"","background-media":"","overlay-type":"","overlay-color":"","overlay-opacity":"","overlay-gradient":""},"tablet":{"background-color":"","background-image":"","background-repeat":"repeat","background-position":"center center","background-size":"auto","background-attachment":"scroll","background-type":"","background-media":"","overlay-type":"","overlay-color":"","overlay-opacity":"","overlay-gradient":""},"mobile":{"background-color":"","background-image":"","background-repeat":"repeat","background-position":"center center","background-size":"auto","background-attachment":"scroll","background-type":"","background-media":"","overlay-type":"","overlay-color":"","overlay-opacity":"","overlay-gradient":""}},"ast-content-background-meta":{"desktop":{"background-color":"var(--ast-global-color-5)","background-image":"","background-repeat":"repeat","background-position":"center center","background-size":"auto","background-attachment":"scroll","background-type":"","background-media":"","overlay-type":"","overlay-color":"","overlay-opacity":"","overlay-gradient":""},"tablet":{"background-color":"var(--ast-global-color-5)","background-image":"","background-repeat":"repeat","background-position":"center center","background-size":"auto","background-attachment":"scroll","background-type":"","background-media":"","overlay-type":"","overlay-color":"","overlay-opacity":"","overlay-gradient":""},"mobile":{"background-color":"var(--ast-global-color-5)","background-image":"","background-repeat":"repeat","background-position":"center center","background-size":"auto","background-attachment":"scroll","background-type":"","background-media":"","overlay-type":"","overlay-color":"","overlay-opacity":"","overlay-gradient":""}},"footnotes":""},"class_list":["post-24","page","type-page","status-publish","hentry"],"post_mailing_queue_ids":[],"_links":{"self":[{"href":"https:\/\/agora.xtec.cat\/iecanfilua\/wp-json\/wp\/v2\/pages\/24","targetHints":{"allow":["GET"]}}],"collection":[{"href":"https:\/\/agora.xtec.cat\/iecanfilua\/wp-json\/wp\/v2\/pages"}],"about":[{"href":"https:\/\/agora.xtec.cat\/iecanfilua\/wp-json\/wp\/v2\/types\/page"}],"author":[{"embeddable":true,"href":"https:\/\/agora.xtec.cat\/iecanfilua\/wp-json\/wp\/v2\/users\/1"}],"replies":[{"embeddable":true,"href":"https:\/\/agora.xtec.cat\/iecanfilua\/wp-json\/wp\/v2\/comments?post=24"}],"version-history":[{"count":6,"href":"https:\/\/agora.xtec.cat\/iecanfilua\/wp-json\/wp\/v2\/pages\/24\/revisions"}],"predecessor-version":[{"id":8612,"href":"https:\/\/agora.xtec.cat\/iecanfilua\/wp-json\/wp\/v2\/pages\/24\/revisions\/8612"}],"up":[{"embeddable":true,"href":"https:\/\/agora.xtec.cat\/iecanfilua\/wp-json\/wp\/v2\/pages\/22"}],"wp:attachment":[{"href":"https:\/\/agora.xtec.cat\/iecanfilua\/wp-json\/wp\/v2\/media?parent=24"}],"curies":[{"name":"wp","href":"https:\/\/api.w.org\/{rel}","templated":true}]}}