{"id":80,"date":"2018-06-18T14:09:48","date_gmt":"2018-06-18T12:09:48","guid":{"rendered":"http:\/\/agora.xtec.cat\/iecamboverges\/?page_id=80"},"modified":"2025-07-24T10:41:10","modified_gmt":"2025-07-24T08:41:10","slug":"transport-escolar","status":"publish","type":"page","link":"https:\/\/agora.xtec.cat\/iecamboverges\/transport-escolar\/","title":{"rendered":"Transport Escolar"},"content":{"rendered":"<h6><strong>Benvolguda Comunitat Educativa,<\/strong><\/h6>\n<h6>Us compartim la circular elaborada conjuntament amb el Consell Comarcal del Baix Empord\u00e0 sobre el PROCEDIMENT que cal seguir si es necessiten CANVIS en el TRANSPORT.<\/h6>\n<h6><\/h6>\n<h6><img loading=\"lazy\" decoding=\"async\" class=\"size-large wp-image-3121 aligncenter\" src=\"https:\/\/agora.xtec.cat\/iecamboverges\/wp-content\/uploads\/usu1863\/2025\/07\/transport-1024x696.png\" alt=\"\" width=\"1024\" height=\"696\" srcset=\"https:\/\/agora.xtec.cat\/iecamboverges\/wp-content\/uploads\/usu1863\/2025\/07\/transport-1024x696.png 1024w, https:\/\/agora.xtec.cat\/iecamboverges\/wp-content\/uploads\/usu1863\/2025\/07\/transport-300x204.png 300w, https:\/\/agora.xtec.cat\/iecamboverges\/wp-content\/uploads\/usu1863\/2025\/07\/transport-768x522.png 768w, https:\/\/agora.xtec.cat\/iecamboverges\/wp-content\/uploads\/usu1863\/2025\/07\/transport.png 1167w\" sizes=\"auto, (max-width: 1024px) 100vw, 1024px\" \/><\/h6>\n<p>&nbsp;<\/p>\n<p><img loading=\"lazy\" decoding=\"async\" class=\" wp-image-3122 aligncenter\" src=\"https:\/\/agora.xtec.cat\/iecamboverges\/wp-content\/uploads\/usu1863\/2025\/07\/transport-2.png\" alt=\"\" width=\"839\" height=\"234\" srcset=\"https:\/\/agora.xtec.cat\/iecamboverges\/wp-content\/uploads\/usu1863\/2025\/07\/transport-2.png 731w, https:\/\/agora.xtec.cat\/iecamboverges\/wp-content\/uploads\/usu1863\/2025\/07\/transport-2-300x84.png 300w\" sizes=\"auto, (max-width: 839px) 100vw, 839px\" \/><\/p>\n<p>&nbsp;<\/p>\n<p><strong>Podeu trobar els documents\/impresos necessaris <a href=\"https:\/\/drive.google.com\/drive\/u\/2\/folders\/1qwXko7Hu2l_md_JbWd9_NsFsiC7TsgwC\">aqu\u00ed<\/a> . Tamb\u00e9 podeu modificar les dades del servei de trasnport escolar 2025\/2026 <a href=\"https:\/\/baixemporda.eadministracio.cat\/?x=kqYbcJACC-rBYqBhKNb4*D-L04pROfMuAc23k72bBX3FxVbWRknUdCil9HAuYLEYa9kObsp*GwJXpAo3Lrt88rxUvs2DO-xLzniKuOEGi5uxuHAZgXBDtiGkYelPohpo8GrRjAeH8zI\">aqu\u00ed.<\/a><\/strong><\/p>\n<p><strong>Per qualsevol dubte, adreceu-vos al Consell Comarcal del Baix Empord\u00e0 a trav\u00e9s de l&#8217;adre\u00e7a electr\u00f2nica <a class=\"WdYUQQ text-decoration-underline text-strikethrough-none\" draggable=\"false\" href=\"mailto:ensenyament@baixemporda.cat\" target=\"_blank\" rel=\"noopener\">ensenyament@baixemporda.cat<\/a> <span class=\"WdYUQQ text-decoration-none text-strikethrough-none\">o b\u00e9 trucant al <\/span><span class=\"WdYUQQ text-decoration-none text-strikethrough-none\">972 64 55 59.\u00a0<\/span><\/strong><\/p>\n<p><img loading=\"lazy\" decoding=\"async\" class=\"alignnone wp-image-2359 aligncenter\" src=\"https:\/\/agora.xtec.cat\/iecamboverges\/wp-content\/uploads\/usu1863\/2023\/07\/bus-3.png\" alt=\"\" width=\"458\" height=\"241\" srcset=\"https:\/\/agora.xtec.cat\/iecamboverges\/wp-content\/uploads\/usu1863\/2023\/07\/bus-3.png 397w, https:\/\/agora.xtec.cat\/iecamboverges\/wp-content\/uploads\/usu1863\/2023\/07\/bus-3-300x158.png 300w\" sizes=\"auto, (max-width: 458px) 100vw, 458px\" \/><\/p>\n<table style=\"border-collapse: collapse; width: 17.4715%; height: 43px;\">\n<tbody>\n<tr style=\"height: 32px;\">\n<td style=\"width: 100%; height: 32px; text-align: center;\"><strong><a href=\"https:\/\/www.baixemporda.cat\/ca\/carta-de-serveis\/ensenyament\/rutes-transport-escolar\/institut-escola-francesc-cambo\/\">Rutes de transport 23\/24<\/a><\/strong><\/td>\n<\/tr>\n<\/tbody>\n<\/table>\n<p>&nbsp;<\/p>\n<p>________________________________________________________________________________<\/p>\n","protected":false},"excerpt":{"rendered":"<p>Benvolguda Comunitat Educativa,<br \/>\nUs compartim la circular elaborada conjuntament amb el Consell Comarcal del Baix Empord\u00e0 sobre el PROCEDIMENT que cal seguir si es necessiten CANVIS en el TRANSPORT.<\/p>\n<p>&nbsp;<\/p>\n<p>&nbsp;<br \/>\nPodeu trobar els documents\/impresos necessaris <a href=\"https:\/\/drive.google.com\/drive\/u\/2\/folders\/1qwXko7Hu2l_md_JbWd9_NsFsiC7TsgwC\">aqu\u00ed<\/a> . Tamb\u00e9 podeu modificar les dades del servei de trasnport escolar&hellip;  <a href=\"https:\/\/agora.xtec.cat\/iecamboverges\/transport-escolar\/\" title=\"Read Transport Escolar\">Llegeix m\u00e9s\u00bb<\/a><\/p>\n","protected":false},"author":1,"featured_media":0,"parent":0,"menu_order":40,"comment_status":"closed","ping_status":"closed","template":"page-templates\/side-menu.php","meta":{"_bbp_topic_count":0,"_bbp_reply_count":0,"_bbp_total_topic_count":0,"_bbp_total_reply_count":0,"_bbp_voice_count":0,"_bbp_anonymous_reply_count":0,"_bbp_topic_count_hidden":0,"_bbp_reply_count_hidden":0,"_bbp_forum_subforum_count":0,"footnotes":""},"class_list":["post-80","page","type-page","status-publish","hentry"],"post_mailing_queue_ids":[],"_links":{"self":[{"href":"https:\/\/agora.xtec.cat\/iecamboverges\/wp-json\/wp\/v2\/pages\/80","targetHints":{"allow":["GET"]}}],"collection":[{"href":"https:\/\/agora.xtec.cat\/iecamboverges\/wp-json\/wp\/v2\/pages"}],"about":[{"href":"https:\/\/agora.xtec.cat\/iecamboverges\/wp-json\/wp\/v2\/types\/page"}],"author":[{"embeddable":true,"href":"https:\/\/agora.xtec.cat\/iecamboverges\/wp-json\/wp\/v2\/users\/1"}],"replies":[{"embeddable":true,"href":"https:\/\/agora.xtec.cat\/iecamboverges\/wp-json\/wp\/v2\/comments?post=80"}],"version-history":[{"count":6,"href":"https:\/\/agora.xtec.cat\/iecamboverges\/wp-json\/wp\/v2\/pages\/80\/revisions"}],"predecessor-version":[{"id":3125,"href":"https:\/\/agora.xtec.cat\/iecamboverges\/wp-json\/wp\/v2\/pages\/80\/revisions\/3125"}],"wp:attachment":[{"href":"https:\/\/agora.xtec.cat\/iecamboverges\/wp-json\/wp\/v2\/media?parent=80"}],"curies":[{"name":"wp","href":"https:\/\/api.w.org\/{rel}","templated":true}]}}