{"id":747,"date":"2018-07-20T11:17:57","date_gmt":"2018-07-20T09:17:57","guid":{"rendered":"http:\/\/agora.xtec.cat\/iecamboverges\/?page_id=747"},"modified":"2025-10-04T12:02:23","modified_gmt":"2025-10-04T10:02:23","slug":"documents-benvinguda-familiesdocents","status":"publish","type":"page","link":"https:\/\/agora.xtec.cat\/iecamboverges\/documents-benvinguda-familiesdocents\/","title":{"rendered":"Documents d&#8217;acollida al centre"},"content":{"rendered":"<p data-start=\"124\" data-end=\"395\"><br data-start=\"158\" data-end=\"161\" \/>Des de l\u2019Institut Escola donem la benvinguda a totes les persones que s\u2019incorporen a la nostra comunitat educativa. Per facilitar l\u2019adaptaci\u00f3 i oferir una visi\u00f3 clara del funcionament del centre, hem elaborat dos documents d\u2019acollida:<\/p>\n<ul data-start=\"397\" data-end=\"745\">\n<li data-start=\"397\" data-end=\"564\">\n<p data-start=\"399\" data-end=\"564\">Un document adre\u00e7at a <strong data-start=\"421\" data-end=\"449\">les fam\u00edlies i l\u2019alumnat<\/strong>, amb informaci\u00f3 pr\u00e0ctica sobre l\u2019organitzaci\u00f3 del centre, els serveis, els espais i els referents de cada etapa.<\/p>\n<\/li>\n<li data-start=\"565\" data-end=\"745\">\n<p data-start=\"567\" data-end=\"745\">Un document pensat per a <strong data-start=\"592\" data-end=\"645\">les persones docents que s\u2019incorporen al Claustre<\/strong>, amb informaci\u00f3 sobre la vida pedag\u00f2gica del centre, el projecte educatiu i el funcionament intern.<\/p>\n<\/li>\n<\/ul>\n<p data-start=\"747\" data-end=\"988\">A m\u00e9s, els docents tenen a la seva disposici\u00f3 l\u2019<strong data-start=\"795\" data-end=\"810\">Eina Docent<\/strong>, un portal amb acc\u00e9s directe a la documentaci\u00f3 i recursos del curs, organitzats al Drive del centre, per facilitar el treball col\u00b7laboratiu i el seguiment de l\u2019activitat docent.<\/p>\n<p data-start=\"990\" data-end=\"1147\">A continuaci\u00f3 podeu consultar i descarregar els dos documents, pensats per orientar-vos i tenir a m\u00e0 la informaci\u00f3 m\u00e9s rellevant del funcionament del centre.<\/p>\n<p>&nbsp;<\/p>\n<p><strong><img loading=\"lazy\" decoding=\"async\" class=\"alignnone wp-image-3077\" src=\"https:\/\/agora.xtec.cat\/iecamboverges\/wp-content\/uploads\/usu1863\/2025\/07\/families.png\" alt=\"\" width=\"196\" height=\"279\" srcset=\"https:\/\/agora.xtec.cat\/iecamboverges\/wp-content\/uploads\/usu1863\/2025\/07\/families.png 478w, https:\/\/agora.xtec.cat\/iecamboverges\/wp-content\/uploads\/usu1863\/2025\/07\/families-211x300.png 211w\" sizes=\"auto, (max-width: 196px) 100vw, 196px\" \/><\/strong>\u00a0 \u00a0 \u00a0 \u00a0 \u00a0 \u00a0 \u00a0 \u00a0 <strong><img loading=\"lazy\" decoding=\"async\" class=\"alignnone wp-image-3078\" src=\"https:\/\/agora.xtec.cat\/iecamboverges\/wp-content\/uploads\/usu1863\/2025\/07\/docent.png\" alt=\"\" width=\"197\" height=\"280\" srcset=\"https:\/\/agora.xtec.cat\/iecamboverges\/wp-content\/uploads\/usu1863\/2025\/07\/docent.png 475w, https:\/\/agora.xtec.cat\/iecamboverges\/wp-content\/uploads\/usu1863\/2025\/07\/docent-211x300.png 211w\" sizes=\"auto, (max-width: 197px) 100vw, 197px\" \/><\/strong>\u00a0 \u00a0 \u00a0 \u00a0 \u00a0 \u00a0 \u00a0 \u00a0 \u00a0 \u00a0 \u00a0 \u00a0<strong><img loading=\"lazy\" decoding=\"async\" class=\"alignnone wp-image-2781\" src=\"https:\/\/agora.xtec.cat\/iecamboverges\/wp-content\/uploads\/usu1863\/2024\/09\/portada-eina-docent-1024x576.png\" alt=\"\" width=\"308\" height=\"173\" srcset=\"https:\/\/agora.xtec.cat\/iecamboverges\/wp-content\/uploads\/usu1863\/2024\/09\/portada-eina-docent-1024x576.png 1024w, https:\/\/agora.xtec.cat\/iecamboverges\/wp-content\/uploads\/usu1863\/2024\/09\/portada-eina-docent-300x169.png 300w, https:\/\/agora.xtec.cat\/iecamboverges\/wp-content\/uploads\/usu1863\/2024\/09\/portada-eina-docent-768x432.png 768w, https:\/\/agora.xtec.cat\/iecamboverges\/wp-content\/uploads\/usu1863\/2024\/09\/portada-eina-docent.png 1364w\" sizes=\"auto, (max-width: 308px) 100vw, 308px\" \/><\/strong><\/p>\n<p><strong>\u00a0 <a href=\"https:\/\/drive.google.com\/file\/d\/1JeZu5mK2BvrVHE5y5pF3qO1jBGGhFF2W\/view?usp=drive_link\">GUIA PER A LES FAM\u00cdLIES <\/a><\/strong><strong>\u00a0 \u00a0 \u00a0 \u00a0 \u00a0 \u00a0 \u00a0 \u00a0 <a href=\"https:\/\/drive.google.com\/file\/d\/1fdP2lnIvWrrs03pxMSpPCXM6H0f9POBo\/view?usp=sharing\">GUIA D&#8217;ACOLLIDA\u00a0<\/a> \u00a0 \u00a0 \u00a0 \u00a0 \u00a0 \u00a0 \u00a0 \u00a0 \u00a0 \u00a0 \u00a0 \u00a0 \u00a0 \u00a0 \u00a0 \u00a0 \u00a0 \u00a0 \u00a0 \u00a0 \u00a0 \u00a0 \u00a0 <a href=\"https:\/\/iefrancesccamboibatlle.my.canva.site\/\">EINA DOCENT\u00a0<\/a><\/strong><\/p>\n<p>&nbsp;<\/p>\n","protected":false},"excerpt":{"rendered":"<p>Des de l\u2019Institut Escola donem la benvinguda a totes les persones que s\u2019incorporen a la nostra comunitat educativa. Per facilitar l\u2019adaptaci\u00f3 i oferir una visi\u00f3 clara del funcionament del centre, hem elaborat dos documents d\u2019acollida:<\/p>\n<ul data-start=\"397\" data-end=\"745\">\n<li data-start=\"397\" data-end=\"564\">\nUn document adre\u00e7at a les fam\u00edlies i&hellip;  <a href=\"https:\/\/agora.xtec.cat\/iecamboverges\/documents-benvinguda-familiesdocents\/\" title=\"Read Documents d&#8217;acollida al centre\">Llegeix m\u00e9s\u00bb<\/a><\/p>\n","protected":false},"author":1,"featured_media":0,"parent":0,"menu_order":0,"comment_status":"closed","ping_status":"closed","template":"","meta":{"_bbp_topic_count":0,"_bbp_reply_count":0,"_bbp_total_topic_count":0,"_bbp_total_reply_count":0,"_bbp_voice_count":0,"_bbp_anonymous_reply_count":0,"_bbp_topic_count_hidden":0,"_bbp_reply_count_hidden":0,"_bbp_forum_subforum_count":0,"footnotes":""},"class_list":["post-747","page","type-page","status-publish","hentry"],"post_mailing_queue_ids":[],"_links":{"self":[{"href":"https:\/\/agora.xtec.cat\/iecamboverges\/wp-json\/wp\/v2\/pages\/747","targetHints":{"allow":["GET"]}}],"collection":[{"href":"https:\/\/agora.xtec.cat\/iecamboverges\/wp-json\/wp\/v2\/pages"}],"about":[{"href":"https:\/\/agora.xtec.cat\/iecamboverges\/wp-json\/wp\/v2\/types\/page"}],"author":[{"embeddable":true,"href":"https:\/\/agora.xtec.cat\/iecamboverges\/wp-json\/wp\/v2\/users\/1"}],"replies":[{"embeddable":true,"href":"https:\/\/agora.xtec.cat\/iecamboverges\/wp-json\/wp\/v2\/comments?post=747"}],"version-history":[{"count":6,"href":"https:\/\/agora.xtec.cat\/iecamboverges\/wp-json\/wp\/v2\/pages\/747\/revisions"}],"predecessor-version":[{"id":3197,"href":"https:\/\/agora.xtec.cat\/iecamboverges\/wp-json\/wp\/v2\/pages\/747\/revisions\/3197"}],"wp:attachment":[{"href":"https:\/\/agora.xtec.cat\/iecamboverges\/wp-json\/wp\/v2\/media?parent=747"}],"curies":[{"name":"wp","href":"https:\/\/api.w.org\/{rel}","templated":true}]}}