{"id":745,"date":"2018-07-20T11:17:57","date_gmt":"2018-07-20T09:17:57","guid":{"rendered":"http:\/\/agora.xtec.cat\/iecamboverges\/?page_id=745"},"modified":"2025-10-24T11:39:00","modified_gmt":"2025-10-24T09:39:00","slug":"actes-consell-escolar","status":"publish","type":"page","link":"https:\/\/agora.xtec.cat\/iecamboverges\/actes-consell-escolar\/","title":{"rendered":"Consell Escolar"},"content":{"rendered":"<p><img loading=\"lazy\" decoding=\"async\" class=\"wp-image-3214 aligncenter\" src=\"https:\/\/agora.xtec.cat\/iecamboverges\/wp-content\/uploads\/usu1863\/2025\/10\/consell-escolar.png\" alt=\"\" width=\"415\" height=\"583\" srcset=\"https:\/\/agora.xtec.cat\/iecamboverges\/wp-content\/uploads\/usu1863\/2025\/10\/consell-escolar.png 542w, https:\/\/agora.xtec.cat\/iecamboverges\/wp-content\/uploads\/usu1863\/2025\/10\/consell-escolar-214x300.png 214w\" sizes=\"auto, (max-width: 415px) 100vw, 415px\" \/><\/p>\n<blockquote>\n<p style=\"text-align: center;\"><strong><a href=\"https:\/\/drive.google.com\/file\/d\/1BF_dudnWZ7HCp58IS6Bw9lQ8hucbsPcp\/view?usp=sharing\">PRESENTACI\u00d3 PER A LES <em>TUTORIES<\/em> \/ ALUMNAT D&#8217;ESO<\/a><\/strong><\/p>\n<\/blockquote>\n<p data-start=\"219\" data-end=\"530\">En aquest espai es publiquen els <strong data-start=\"252\" data-end=\"279\">certificats dels acords<\/strong> adoptats pel <strong data-start=\"293\" data-end=\"350\">Consell Escolar del nostre Institut Escola.\u00a0<\/strong><br data-start=\"351\" data-end=\"354\" \/>L\u2019objectiu \u00e9s garantir la <strong data-start=\"380\" data-end=\"397\">transpar\u00e8ncia<\/strong> i mantenir informada la comunitat educativa sobre les principals decisions preses en aquest \u00f2rgan col\u00b7legiat de govern del centre.<\/p>\n<p data-start=\"532\" data-end=\"733\">Els certificats recullen els <strong data-start=\"561\" data-end=\"595\">acords aprovats en cada sessi\u00f3<\/strong> del Consell Escolar, d\u2019acord amb la normativa vigent, sense incloure les deliberacions internes ni les informacions de car\u00e0cter reservat.<\/p>\n<p><img loading=\"lazy\" decoding=\"async\" class=\"alignnone wp-image-2049 aligncenter\" src=\"https:\/\/agora.xtec.cat\/iecamboverges\/wp-content\/uploads\/usu1863\/2022\/11\/417213.png\" alt=\"\" width=\"270\" height=\"270\" srcset=\"https:\/\/agora.xtec.cat\/iecamboverges\/wp-content\/uploads\/usu1863\/2022\/11\/417213.png 512w, https:\/\/agora.xtec.cat\/iecamboverges\/wp-content\/uploads\/usu1863\/2022\/11\/417213-300x300.png 300w, https:\/\/agora.xtec.cat\/iecamboverges\/wp-content\/uploads\/usu1863\/2022\/11\/417213-150x150.png 150w\" sizes=\"auto, (max-width: 270px) 100vw, 270px\" \/><\/p>\n<table class=\" aligncenter\" style=\"border-collapse: collapse; width: 30.3844%; height: 49px;\">\n<tbody>\n<tr>\n<td style=\"width: 100%; text-align: center;\"><a href=\"https:\/\/drive.google.com\/drive\/u\/1\/folders\/1CMfBviWJTPIbjCwYnvENq7RpD8n3YYKU\"><strong>CERTIFICATS ACORDS <\/strong><strong>CONSELL ESCOLAR<\/strong><\/a><\/td>\n<\/tr>\n<\/tbody>\n<\/table>\n","protected":false},"excerpt":{"rendered":"<p><a href=\"https:\/\/drive.google.com\/file\/d\/1BF_dudnWZ7HCp58IS6Bw9lQ8hucbsPcp\/view?usp=sharing\">PRESENTACI\u00d3 PER A LES TUTORIES \/ ALUMNAT D&#8217;ESO<\/a><\/p>\n<p>En aquest espai es publiquen els certificats dels acords adoptats pel Consell Escolar del nostre Institut Escola.\u00a0L\u2019objectiu \u00e9s garantir la transpar\u00e8ncia i mantenir informada la comunitat educativa sobre les principals decisions preses en aquest \u00f2rgan col\u00b7legiat de&hellip;  <a href=\"https:\/\/agora.xtec.cat\/iecamboverges\/actes-consell-escolar\/\" title=\"Read Consell Escolar\">Llegeix m\u00e9s\u00bb<\/a><\/p>\n","protected":false},"author":1,"featured_media":0,"parent":0,"menu_order":0,"comment_status":"closed","ping_status":"closed","template":"","meta":{"_bbp_topic_count":0,"_bbp_reply_count":0,"_bbp_total_topic_count":0,"_bbp_total_reply_count":0,"_bbp_voice_count":0,"_bbp_anonymous_reply_count":0,"_bbp_topic_count_hidden":0,"_bbp_reply_count_hidden":0,"_bbp_forum_subforum_count":0,"footnotes":""},"class_list":["post-745","page","type-page","status-publish","hentry"],"post_mailing_queue_ids":[],"_links":{"self":[{"href":"https:\/\/agora.xtec.cat\/iecamboverges\/wp-json\/wp\/v2\/pages\/745","targetHints":{"allow":["GET"]}}],"collection":[{"href":"https:\/\/agora.xtec.cat\/iecamboverges\/wp-json\/wp\/v2\/pages"}],"about":[{"href":"https:\/\/agora.xtec.cat\/iecamboverges\/wp-json\/wp\/v2\/types\/page"}],"author":[{"embeddable":true,"href":"https:\/\/agora.xtec.cat\/iecamboverges\/wp-json\/wp\/v2\/users\/1"}],"replies":[{"embeddable":true,"href":"https:\/\/agora.xtec.cat\/iecamboverges\/wp-json\/wp\/v2\/comments?post=745"}],"version-history":[{"count":6,"href":"https:\/\/agora.xtec.cat\/iecamboverges\/wp-json\/wp\/v2\/pages\/745\/revisions"}],"predecessor-version":[{"id":3217,"href":"https:\/\/agora.xtec.cat\/iecamboverges\/wp-json\/wp\/v2\/pages\/745\/revisions\/3217"}],"wp:attachment":[{"href":"https:\/\/agora.xtec.cat\/iecamboverges\/wp-json\/wp\/v2\/media?parent=745"}],"curies":[{"name":"wp","href":"https:\/\/api.w.org\/{rel}","templated":true}]}}