{"id":71,"date":"2014-09-18T12:44:56","date_gmt":"2014-09-18T11:44:56","guid":{"rendered":"http:\/\/agora.xtec.cat\/iecamboverges\/?page_id=71"},"modified":"2025-09-26T12:17:17","modified_gmt":"2025-09-26T10:17:17","slug":"afa","status":"publish","type":"page","link":"https:\/\/agora.xtec.cat\/iecamboverges\/serveis\/afa\/","title":{"rendered":"AFA"},"content":{"rendered":"<p data-start=\"135\" data-end=\"490\">L\u2019Associaci\u00f3 de Fam\u00edlies d\u2019Alumnat (A.F.A.) participa activament en la vida de l\u2019Institut Escola, amb una tasca col\u00b7laborativa i compromesa amb tota la comunitat educativa. Amb la voluntat de contribuir al benestar de l\u2019alumnat i al bon funcionament del centre, l\u2019A.F.A. impulsa iniciatives i dona suport en diversos \u00e0mbits educatius, socials i culturals.<\/p>\n<p data-start=\"492\" data-end=\"568\">Entre les funcions que assumeix l\u2019A.F.A. del centre, destaquen les seg\u00fcents:<\/p>\n<ul data-start=\"570\" data-end=\"1108\">\n<li data-start=\"570\" data-end=\"630\">\n<p data-start=\"572\" data-end=\"630\">Organitzaci\u00f3 de les activitats extraescolars del centre.<\/p>\n<\/li>\n<li data-start=\"631\" data-end=\"714\">\n<p data-start=\"633\" data-end=\"714\">Programaci\u00f3 de xerrades i confer\u00e8ncies adre\u00e7ades a tota la comunitat educativa.<\/p>\n<\/li>\n<li data-start=\"715\" data-end=\"856\">\n<p data-start=\"717\" data-end=\"856\">Finan\u00e7ament d\u2019una activitat educativa per comunitat, pr\u00e8via coordinaci\u00f3 amb els docents i l\u2019Equip Directiu, i sempre que sigui viable.<\/p>\n<\/li>\n<li data-start=\"857\" data-end=\"944\">\n<p data-start=\"859\" data-end=\"944\">Suport a les fam\u00edlies enlla\u00e7 del centre en l\u2019organitzaci\u00f3 de festes i celebracions.<\/p>\n<\/li>\n<li data-start=\"945\" data-end=\"1025\">\n<p data-start=\"947\" data-end=\"1025\">Coordinaci\u00f3 i organitzaci\u00f3 de la festa final de curs: Festa de l&#8217;Institut Escola, Festa del Drac.<\/p>\n<\/li>\n<li data-start=\"1026\" data-end=\"1108\">\n<p data-start=\"1028\" data-end=\"1108\">Aportaci\u00f3 d\u2019ajuts i col\u00b7laboracions al centre segons les necessitats del moment.<\/p>\n<\/li>\n<\/ul>\n<p data-start=\"1110\" data-end=\"1162\">A continuaci\u00f3 trobareu tota la informaci\u00f3 detallada.<\/p>\n<div style=\"width: 100%;\">\n<div style=\"position: relative; padding-bottom: 56.25%; padding-top: 0; height: 0;\"><iframe loading=\"lazy\" style=\"position: absolute; top: 0; left: 0; width: 100%; height: 100%;\" title=\"CORKBOARD\" src=\"https:\/\/view.genial.ly\/651c48ed6b3bf30011dff689\" width=\"1200\" height=\"675\" frameborder=\"0\" scrolling=\"yes\" allowfullscreen=\"allowfullscreen\" data-mce-fragment=\"1\"><\/iframe><\/div>\n<\/div>\n<p>&nbsp;<\/p>\n<p><a href=\"https:\/\/drive.google.com\/file\/d\/1ShEa_32k07dk_nWQTNzhHBLiW8WQpeq4\/view?usp=sharing\"><strong>Infografia 2025\/2026<\/strong><\/a><\/p>\n<p>&nbsp;<\/p>\n","protected":false},"excerpt":{"rendered":"<p>L\u2019Associaci\u00f3 de Fam\u00edlies d\u2019Alumnat (A.F.A.) participa activament en la vida de l\u2019Institut Escola, amb una tasca col\u00b7laborativa i compromesa amb tota la comunitat educativa. Amb la voluntat de contribuir al benestar de l\u2019alumnat i al bon funcionament del centre, l\u2019A.F.A. impulsa iniciatives i dona suport&hellip;  <a href=\"https:\/\/agora.xtec.cat\/iecamboverges\/serveis\/afa\/\" title=\"Read AFA\">Llegeix m\u00e9s\u00bb<\/a><\/p>\n","protected":false},"author":1,"featured_media":0,"parent":66,"menu_order":10,"comment_status":"closed","ping_status":"closed","template":"page-templates\/side-menu.php","meta":{"_bbp_topic_count":0,"_bbp_reply_count":0,"_bbp_total_topic_count":0,"_bbp_total_reply_count":0,"_bbp_voice_count":0,"_bbp_anonymous_reply_count":0,"_bbp_topic_count_hidden":0,"_bbp_reply_count_hidden":0,"_bbp_forum_subforum_count":0,"footnotes":""},"class_list":["post-71","page","type-page","status-publish","hentry"],"post_mailing_queue_ids":[],"_links":{"self":[{"href":"https:\/\/agora.xtec.cat\/iecamboverges\/wp-json\/wp\/v2\/pages\/71","targetHints":{"allow":["GET"]}}],"collection":[{"href":"https:\/\/agora.xtec.cat\/iecamboverges\/wp-json\/wp\/v2\/pages"}],"about":[{"href":"https:\/\/agora.xtec.cat\/iecamboverges\/wp-json\/wp\/v2\/types\/page"}],"author":[{"embeddable":true,"href":"https:\/\/agora.xtec.cat\/iecamboverges\/wp-json\/wp\/v2\/users\/1"}],"replies":[{"embeddable":true,"href":"https:\/\/agora.xtec.cat\/iecamboverges\/wp-json\/wp\/v2\/comments?post=71"}],"version-history":[{"count":6,"href":"https:\/\/agora.xtec.cat\/iecamboverges\/wp-json\/wp\/v2\/pages\/71\/revisions"}],"predecessor-version":[{"id":3153,"href":"https:\/\/agora.xtec.cat\/iecamboverges\/wp-json\/wp\/v2\/pages\/71\/revisions\/3153"}],"up":[{"embeddable":true,"href":"https:\/\/agora.xtec.cat\/iecamboverges\/wp-json\/wp\/v2\/pages\/66"}],"wp:attachment":[{"href":"https:\/\/agora.xtec.cat\/iecamboverges\/wp-json\/wp\/v2\/media?parent=71"}],"curies":[{"name":"wp","href":"https:\/\/api.w.org\/{rel}","templated":true}]}}