{"id":34,"date":"2018-06-18T12:32:18","date_gmt":"2018-06-18T10:32:18","guid":{"rendered":"http:\/\/agora.xtec.cat\/iecamboverges\/?page_id=34"},"modified":"2025-07-18T09:31:56","modified_gmt":"2025-07-18T07:31:56","slug":"oferta-educativa","status":"publish","type":"page","link":"https:\/\/agora.xtec.cat\/iecamboverges\/oferta-educativa\/","title":{"rendered":"Generalitats del centre"},"content":{"rendered":"<p style=\"text-align: justify;\" data-start=\"216\" data-end=\"629\">L\u2019Institut Escola es troba a la poblaci\u00f3 de Verges, situada a la plana empordanesa, dins la comarca del Baix Empord\u00e0. L\u2019entorn natural del municipi es veu marcat pel riu Ter, que en delimita l\u2019extrem sud, i per la silueta del Mass\u00eds del Montgr\u00ed, que domina l\u2019horitz\u00f3. Rodejat de camps i petits nuclis rurals, Verges forma part d\u2019un territori amb un fort car\u00e0cter paisatg\u00edstic, hist\u00f2ric i cultural.<\/p>\n<p style=\"text-align: justify;\" data-start=\"631\" data-end=\"1033\">Amb una poblaci\u00f3 actual de 1.180 habitants (IDESCAT, 2024) i una extensi\u00f3 de 9,70 km\u00b2, el poble conserva un nucli antic d\u2019origen medieval, on destaquen el castell, l\u2019esgl\u00e9sia i les restes de la muralla amb torres de planta quadrada. Tamb\u00e9 s\u2019hi poden visitar elements emblem\u00e0tics com l\u2019abeurador, el safareig o el fossat hist\u00f2ric, que formen part del patrimoni local.<\/p>\n<p style=\"text-align: justify;\" data-start=\"631\" data-end=\"1033\"><img loading=\"lazy\" decoding=\"async\" class=\" wp-image-3084 aligncenter\" src=\"https:\/\/agora.xtec.cat\/iecamboverges\/wp-content\/uploads\/usu1863\/2025\/07\/idescat-1024x205.png\" alt=\"\" width=\"919\" height=\"184\" srcset=\"https:\/\/agora.xtec.cat\/iecamboverges\/wp-content\/uploads\/usu1863\/2025\/07\/idescat-1024x205.png 1024w, https:\/\/agora.xtec.cat\/iecamboverges\/wp-content\/uploads\/usu1863\/2025\/07\/idescat-300x60.png 300w, https:\/\/agora.xtec.cat\/iecamboverges\/wp-content\/uploads\/usu1863\/2025\/07\/idescat-768x153.png 768w, https:\/\/agora.xtec.cat\/iecamboverges\/wp-content\/uploads\/usu1863\/2025\/07\/idescat.png 1166w\" sizes=\"auto, (max-width: 919px) 100vw, 919px\" \/><\/p>\n<p style=\"text-align: justify;\" data-start=\"1035\" data-end=\"1532\">Un dels trets m\u00e9s singulars de Verges \u00e9s la Process\u00f3 de Dijous Sant, coneguda arreu per incloure la Dansa de la Mort, una representaci\u00f3 \u00fanica a Catalunya. Declarada Element Festiu Patrimonial d\u2019Inter\u00e8s Nacional, aquesta dansa ancestral, amb or\u00edgens medievals, simbolitza el pas del temps i la pres\u00e8ncia de la mort com a part inevitable de la vida. La celebraci\u00f3 atrau cada any centenars de visitants i \u00e9s un motiu d\u2019orgull per a la comunitat local, que en mant\u00e9 viu el llegat cultural.<\/p>\n<p style=\"text-align: justify;\"><img loading=\"lazy\" decoding=\"async\" class=\"size-large wp-image-3086 aligncenter\" src=\"https:\/\/agora.xtec.cat\/iecamboverges\/wp-content\/uploads\/usu1863\/2025\/07\/verges-2-1024x128.png\" alt=\"\" width=\"1024\" height=\"128\" srcset=\"https:\/\/agora.xtec.cat\/iecamboverges\/wp-content\/uploads\/usu1863\/2025\/07\/verges-2-1024x128.png 1024w, https:\/\/agora.xtec.cat\/iecamboverges\/wp-content\/uploads\/usu1863\/2025\/07\/verges-2-300x37.png 300w, https:\/\/agora.xtec.cat\/iecamboverges\/wp-content\/uploads\/usu1863\/2025\/07\/verges-2-768x96.png 768w, https:\/\/agora.xtec.cat\/iecamboverges\/wp-content\/uploads\/usu1863\/2025\/07\/verges-2.png 1332w\" sizes=\"auto, (max-width: 1024px) 100vw, 1024px\" \/><\/p>\n<p style=\"text-align: justify;\">L\u2019Institut Escola Francesc Camb\u00f3 i Batlle nascut com a tal el setembre de l\u2019any 2010, viu en dues seus principals separades entre si per 800 metres. La secci\u00f3 de Prim\u00e0ria, ubicada a les escoles del poble, i la secci\u00f3 de secund\u00e0ria, situada darrere el camp de futbol amb set m\u00f2duls prefabricats, acull un total de 390 alumnes repartits en 19 grups oficials (3 a Infantil, 8 a Prim\u00e0ria i 8 a Secund\u00e0ria). L\u2019alumnat prov\u00e9 de Verges, La Tallada d\u2019Empord\u00e0, Rupi\u00e0, Parlav\u00e0, Jafre, Foix\u00e0, Colomers, Garrigoles i Ultramort a Prim\u00e0ria i, a l\u2019ESO, s\u2019hi uneixen els alumnes procedents de l\u2019Escola El Rajaret de Bellcaire d\u2019Empord\u00e0 i de l\u2019Escola La Branca d\u2019Albons (dues de les tres escoles que configuren la ZER Montgr\u00ed). Aix\u00f2 significa que hi ha un 70% d\u2019alumnes que necessiten transport escolar i menjador escolar (aquest \u00faltim de moment a Prim\u00e0ria a l\u2019espera de les decisions que impliquin canvis d\u2019horaris i calgui implementar-lo a Secund\u00e0ria), serveis gestionats pel Consell Comarcal de Baix Empord\u00e0.<\/p>\n<p style=\"text-align: justify;\"><img loading=\"lazy\" decoding=\"async\" class=\" wp-image-3087 aligncenter\" src=\"https:\/\/agora.xtec.cat\/iecamboverges\/wp-content\/uploads\/usu1863\/2025\/07\/ie-3-768x228-1.png\" alt=\"\" width=\"664\" height=\"197\" srcset=\"https:\/\/agora.xtec.cat\/iecamboverges\/wp-content\/uploads\/usu1863\/2025\/07\/ie-3-768x228-1.png 768w, https:\/\/agora.xtec.cat\/iecamboverges\/wp-content\/uploads\/usu1863\/2025\/07\/ie-3-768x228-1-300x89.png 300w\" sizes=\"auto, (max-width: 664px) 100vw, 664px\" \/><\/p>\n<p style=\"text-align: justify;\">Amb aquesta radiografia, doncs, es contempla un entramat de persones, serveis i xarxes que caldr\u00e0 tenir en compte pel bon funcionament del centre i que s\u2019establiran dins un marc restauratiu de construcci\u00f3 de relacions a trav\u00e9s del di\u00e0leg, la transpar\u00e8ncia, dels aprenentatges comuns i de la compartici\u00f3 de la responsabilitat i de la confian\u00e7a. Tot plegat, articulat segons el PEC buscant la m\u00e0xima coher\u00e8ncia entre tots els agents implicats i orientant l\u2019activitat educativa que s\u2019esdevingui en qualsevol sector, \u00e0mbit o situaci\u00f3. D\u2019aquesta manera i seguint amb els Set Principis de l&#8217;Aprenentatge, <strong>l&#8217;alumnat esdevindr\u00e0 protagonista d\u2019una comunitat que apr\u00e8n.<\/strong><\/p>\n","protected":false},"excerpt":{"rendered":"<p>L\u2019Institut Escola es troba a la poblaci\u00f3 de Verges, situada a la plana empordanesa, dins la comarca del Baix Empord\u00e0. L\u2019entorn natural del municipi es veu marcat pel riu Ter, que en delimita l\u2019extrem sud, i per la silueta del Mass\u00eds del Montgr\u00ed, que domina&hellip;  <a href=\"https:\/\/agora.xtec.cat\/iecamboverges\/oferta-educativa\/\" title=\"Read Generalitats del centre\">Llegeix m\u00e9s\u00bb<\/a><\/p>\n","protected":false},"author":1,"featured_media":0,"parent":0,"menu_order":60,"comment_status":"closed","ping_status":"closed","template":"","meta":{"_bbp_topic_count":0,"_bbp_reply_count":0,"_bbp_total_topic_count":0,"_bbp_total_reply_count":0,"_bbp_voice_count":0,"_bbp_anonymous_reply_count":0,"_bbp_topic_count_hidden":0,"_bbp_reply_count_hidden":0,"_bbp_forum_subforum_count":0,"footnotes":""},"class_list":["post-34","page","type-page","status-publish","hentry"],"post_mailing_queue_ids":[],"_links":{"self":[{"href":"https:\/\/agora.xtec.cat\/iecamboverges\/wp-json\/wp\/v2\/pages\/34","targetHints":{"allow":["GET"]}}],"collection":[{"href":"https:\/\/agora.xtec.cat\/iecamboverges\/wp-json\/wp\/v2\/pages"}],"about":[{"href":"https:\/\/agora.xtec.cat\/iecamboverges\/wp-json\/wp\/v2\/types\/page"}],"author":[{"embeddable":true,"href":"https:\/\/agora.xtec.cat\/iecamboverges\/wp-json\/wp\/v2\/users\/1"}],"replies":[{"embeddable":true,"href":"https:\/\/agora.xtec.cat\/iecamboverges\/wp-json\/wp\/v2\/comments?post=34"}],"version-history":[{"count":6,"href":"https:\/\/agora.xtec.cat\/iecamboverges\/wp-json\/wp\/v2\/pages\/34\/revisions"}],"predecessor-version":[{"id":3089,"href":"https:\/\/agora.xtec.cat\/iecamboverges\/wp-json\/wp\/v2\/pages\/34\/revisions\/3089"}],"wp:attachment":[{"href":"https:\/\/agora.xtec.cat\/iecamboverges\/wp-json\/wp\/v2\/media?parent=34"}],"curies":[{"name":"wp","href":"https:\/\/api.w.org\/{rel}","templated":true}]}}