{"id":2870,"date":"2025-01-16T13:00:36","date_gmt":"2025-01-16T12:00:36","guid":{"rendered":"https:\/\/agora.xtec.cat\/iecamboverges\/?page_id=2870"},"modified":"2025-02-11T15:41:04","modified_gmt":"2025-02-11T14:41:04","slug":"bustia-violeta","status":"publish","type":"page","link":"https:\/\/agora.xtec.cat\/iecamboverges\/bustia-violeta\/","title":{"rendered":"B\u00fastia violeta"},"content":{"rendered":"<p dir=\"ltr\">La B\u00fastia Violeta \u00e9s un nou espai digital creat per donar veu, de forma totalment an\u00f2nima, a totes les persones del nostre institut que necessitin demanar ajuda, compartir experi\u00e8ncies, comunicar inquietuds o situacions de discriminaci\u00f3, desigualtat o viol\u00e8ncia sobre temes de g\u00e8nere, sexualitat, ra\u00e7a, entre d\u2019altres.<\/p>\n<p dir=\"ltr\">T&#8217;assegurem que les teves dades no queden registrades, llevat que desitgis que ens posem en contacte amb tu, perqu\u00e8 t\u2019ajudem.<\/p>\n<p dir=\"ltr\">El teu missatge \u00e9s important per ajudar-nos a construir un entorn de respecte i bona conviv\u00e8ncia per tothom.\u00a0Gr\u00e0cies per la teva col\u00b7laboraci\u00f3!<\/p>\n<p dir=\"ltr\"><a href=\"https:\/\/drive.google.com\/file\/d\/1iuRhL9t8Qc-n6weXSqFJLQO_-VrWhhzF\/view?usp=sharing\" target=\"_blank\" rel=\"noopener\"><strong>V\u00eddeo explicatiu<\/strong><\/a><\/p>\n<p><strong>Clica a la imatge per entrar al formulari.<\/strong><\/p>\n<p><a href=\"https:\/\/docs.google.com\/forms\/d\/19BROB_lnPErrtE8FLKrXgrAqmn-IFQtBuEo3Vm5_Szo\/edit\"><img loading=\"lazy\" decoding=\"async\" class=\"aligncenter wp-image-2868\" src=\"https:\/\/agora.xtec.cat\/iecamboverges\/wp-content\/uploads\/usu1863\/2025\/01\/La-bustia-violeta-1024x579.jpg\" alt=\"\" width=\"727\" height=\"411\" \/><\/a><\/p>\n","protected":false},"excerpt":{"rendered":"<p>La B\u00fastia Violeta \u00e9s un nou espai digital creat per donar veu, de forma totalment an\u00f2nima, a totes les persones del nostre institut que necessitin demanar ajuda, compartir experi\u00e8ncies, comunicar inquietuds o situacions de discriminaci\u00f3, desigualtat o viol\u00e8ncia sobre temes de g\u00e8nere, sexualitat, ra\u00e7a, entre&hellip;  <a href=\"https:\/\/agora.xtec.cat\/iecamboverges\/bustia-violeta\/\" title=\"Read B\u00fastia violeta\">Llegeix m\u00e9s\u00bb<\/a><\/p>\n","protected":false},"author":1,"featured_media":0,"parent":0,"menu_order":0,"comment_status":"closed","ping_status":"closed","template":"","meta":{"_bbp_topic_count":0,"_bbp_reply_count":0,"_bbp_total_topic_count":0,"_bbp_total_reply_count":0,"_bbp_voice_count":0,"_bbp_anonymous_reply_count":0,"_bbp_topic_count_hidden":0,"_bbp_reply_count_hidden":0,"_bbp_forum_subforum_count":0,"footnotes":""},"class_list":["post-2870","page","type-page","status-publish","hentry"],"post_mailing_queue_ids":[],"_links":{"self":[{"href":"https:\/\/agora.xtec.cat\/iecamboverges\/wp-json\/wp\/v2\/pages\/2870","targetHints":{"allow":["GET"]}}],"collection":[{"href":"https:\/\/agora.xtec.cat\/iecamboverges\/wp-json\/wp\/v2\/pages"}],"about":[{"href":"https:\/\/agora.xtec.cat\/iecamboverges\/wp-json\/wp\/v2\/types\/page"}],"author":[{"embeddable":true,"href":"https:\/\/agora.xtec.cat\/iecamboverges\/wp-json\/wp\/v2\/users\/1"}],"replies":[{"embeddable":true,"href":"https:\/\/agora.xtec.cat\/iecamboverges\/wp-json\/wp\/v2\/comments?post=2870"}],"version-history":[{"count":5,"href":"https:\/\/agora.xtec.cat\/iecamboverges\/wp-json\/wp\/v2\/pages\/2870\/revisions"}],"predecessor-version":[{"id":2923,"href":"https:\/\/agora.xtec.cat\/iecamboverges\/wp-json\/wp\/v2\/pages\/2870\/revisions\/2923"}],"wp:attachment":[{"href":"https:\/\/agora.xtec.cat\/iecamboverges\/wp-json\/wp\/v2\/media?parent=2870"}],"curies":[{"name":"wp","href":"https:\/\/api.w.org\/{rel}","templated":true}]}}