{"id":26,"date":"2014-09-18T12:24:32","date_gmt":"2014-09-18T11:24:32","guid":{"rendered":"http:\/\/agora.xtec.cat\/iecamboverges\/?page_id=26"},"modified":"2023-08-02T09:46:03","modified_gmt":"2023-08-02T07:46:03","slug":"historia","status":"publish","type":"page","link":"https:\/\/agora.xtec.cat\/iecamboverges\/lescola\/historia\/","title":{"rendered":"Hist\u00f2ria"},"content":{"rendered":"<p id=\"h.p_PSutqM7Anure\" class=\"zfr3Q OmQG5e\">L\u2019actual Institut Escola Francesc Camb\u00f3 i Batlle neix com a tal el setembre de l&#8217;any 2010. Dos fets van donar lloc a aquest nou centre:<\/p>\n<ul>\n<li id=\"h.p_ID_36\" class=\"zfr3Q OmQG5e\">D\u2019una banda, per la voluntat de les fam\u00edlies i dels ajuntaments de la zona per aconseguir un centre de secund\u00e0ria que don\u00e9s continu\u00eftat a l&#8217;alumnat de Verges i dels municipis de la rodalia (que ja cursaven els estudis a l\u2019escola d\u2019infantil i prim\u00e0ria tals com Colomers, Foix\u00e0, Garrigoles, Jafre, La Tallada d&#8217;Empord\u00e0, Parlav\u00e0, Rupi\u00e0 i Ultramort). En aquesta petici\u00f3 s&#8217;hi sumaren les poblacions d\u2019Albons i Bellcaire d&#8217;Empord\u00e0, amb escoles pr\u00f2pies, per\u00f2 amb desig d&#8217;unir-se en el nou projecte de secund\u00e0ria.<\/li>\n<li class=\"zfr3Q OmQG5e\">Per l&#8217;altra banda, per l&#8217;impuls per part del Departament d\u2019Educaci\u00f3 de crear\u00a0 instituts escola amb l\u2019objectiu de donar continu\u00eftat a l\u2019educaci\u00f3 dels infants\/joves durant l\u2019etapa obligat\u00f2ria dels 3 fins als 16 anys.<\/li>\n<\/ul>\n<p>&nbsp;<\/p>\n<p>&nbsp;<\/p>\n<p id=\"h.p_ID_50\" class=\"zfr3Q OmQG5e\">En construcci\u00f3&#8230;.<\/p>\n","protected":false},"excerpt":{"rendered":"<p>L\u2019actual Institut Escola Francesc Camb\u00f3 i Batlle neix com a tal el setembre de l&#8217;any 2010. Dos fets van donar lloc a aquest nou centre:<\/p>\n<ul>\n<li id=\"h.p_ID_36\" class=\"zfr3Q OmQG5e\">D\u2019una banda, per la voluntat de les fam\u00edlies i dels ajuntaments de la zona per aconseguir un centre&hellip;  <a href=\"https:\/\/agora.xtec.cat\/iecamboverges\/lescola\/historia\/\" title=\"Read Hist\u00f2ria\">Llegeix m\u00e9s\u00bb<\/a><br \/>\n","protected":false},"author":1,"featured_media":0,"parent":22,"menu_order":20,"comment_status":"closed","ping_status":"closed","template":"","meta":{"_bbp_topic_count":0,"_bbp_reply_count":0,"_bbp_total_topic_count":0,"_bbp_total_reply_count":0,"_bbp_voice_count":0,"_bbp_anonymous_reply_count":0,"_bbp_topic_count_hidden":0,"_bbp_reply_count_hidden":0,"_bbp_forum_subforum_count":0,"footnotes":""},"class_list":["post-26","page","type-page","status-publish","hentry"],"post_mailing_queue_ids":[],"_links":{"self":[{"href":"https:\/\/agora.xtec.cat\/iecamboverges\/wp-json\/wp\/v2\/pages\/26","targetHints":{"allow":["GET"]}}],"collection":[{"href":"https:\/\/agora.xtec.cat\/iecamboverges\/wp-json\/wp\/v2\/pages"}],"about":[{"href":"https:\/\/agora.xtec.cat\/iecamboverges\/wp-json\/wp\/v2\/types\/page"}],"author":[{"embeddable":true,"href":"https:\/\/agora.xtec.cat\/iecamboverges\/wp-json\/wp\/v2\/users\/1"}],"replies":[{"embeddable":true,"href":"https:\/\/agora.xtec.cat\/iecamboverges\/wp-json\/wp\/v2\/comments?post=26"}],"version-history":[{"count":3,"href":"https:\/\/agora.xtec.cat\/iecamboverges\/wp-json\/wp\/v2\/pages\/26\/revisions"}],"predecessor-version":[{"id":2441,"href":"https:\/\/agora.xtec.cat\/iecamboverges\/wp-json\/wp\/v2\/pages\/26\/revisions\/2441"}],"up":[{"embeddable":true,"href":"https:\/\/agora.xtec.cat\/iecamboverges\/wp-json\/wp\/v2\/pages\/22"}],"wp:attachment":[{"href":"https:\/\/agora.xtec.cat\/iecamboverges\/wp-json\/wp\/v2\/media?parent=26"}],"curies":[{"name":"wp","href":"https:\/\/api.w.org\/{rel}","templated":true}]}}