{"id":2329,"date":"2023-07-13T10:19:28","date_gmt":"2023-07-13T08:19:28","guid":{"rendered":"https:\/\/agora.xtec.cat\/iecamboverges\/?page_id=2329"},"modified":"2026-02-16T08:06:00","modified_gmt":"2026-02-16T07:06:00","slug":"ieduca","status":"publish","type":"page","link":"https:\/\/agora.xtec.cat\/iecamboverges\/serveis\/ieduca\/","title":{"rendered":"iEduca"},"content":{"rendered":"<p>&nbsp;<\/p>\n<p><img loading=\"lazy\" decoding=\"async\" class=\"alignnone wp-image-2331\" src=\"https:\/\/agora.xtec.cat\/iecamboverges\/wp-content\/uploads\/usu1863\/2023\/07\/logo-ieduca.png\" alt=\"\" width=\"268\" height=\"76\" srcset=\"https:\/\/agora.xtec.cat\/iecamboverges\/wp-content\/uploads\/usu1863\/2023\/07\/logo-ieduca.png 900w, https:\/\/agora.xtec.cat\/iecamboverges\/wp-content\/uploads\/usu1863\/2023\/07\/logo-ieduca-300x85.png 300w, https:\/\/agora.xtec.cat\/iecamboverges\/wp-content\/uploads\/usu1863\/2023\/07\/logo-ieduca-768x218.png 768w\" sizes=\"auto, (max-width: 268px) 100vw, 268px\" \/><\/p>\n<h2 data-start=\"88\" data-end=\"105\">Qu\u00e8 \u00e9s IEduca?<\/h2>\n<p data-start=\"107\" data-end=\"359\">IEduca \u00e9s l\u2019aplicaci\u00f3 que utilitzem al centre per gestionar i fer el seguiment de l\u2019assist\u00e8ncia de l\u2019alumnat. Tamb\u00e9 ens permet mantenir informades les fam\u00edlies sobre activitats, sortides i altres propostes que es duen a terme al llarg del curs escolar.<\/p>\n<h2 data-start=\"366\" data-end=\"403\">Com accedir-hi des d\u2019un ordinador?<\/h2>\n<p data-start=\"405\" data-end=\"448\">Per entrar a IEduca, seguiu aquests passos:<\/p>\n<ol data-start=\"450\" data-end=\"647\">\n<li data-start=\"450\" data-end=\"521\">\n<p data-start=\"453\" data-end=\"521\">Accediu a l\u2019enlla\u00e7 <strong data-start=\"472\" data-end=\"490\">ENTRA a iEduca<\/strong> (<a class=\"decorated-link\" href=\"https:\/\/login.ieduca.com\/\" target=\"_new\" rel=\"noopener\" data-start=\"492\" data-end=\"517\">https:\/\/login.ieduca.com\/<\/a>).<\/p>\n<\/li>\n<li data-start=\"522\" data-end=\"577\">\n<p data-start=\"525\" data-end=\"577\">Cerqueu el centre: <strong data-start=\"544\" data-end=\"574\">IE Francesc Camb\u00f3 i Batlle<\/strong>.<\/p>\n<\/li>\n<li data-start=\"578\" data-end=\"647\">\n<p data-start=\"581\" data-end=\"647\">Introdu\u00efu l\u2019usuari i la contrasenya que us ha facilitat el centre.<\/p>\n<\/li>\n<\/ol>\n<h2 data-start=\"654\" data-end=\"685\">Qu\u00e8 hi trobareu un cop dins?<\/h2>\n<p data-start=\"687\" data-end=\"749\">A la plataforma hi ha diferents men\u00fas. Els m\u00e9s importants s\u00f3n:<\/p>\n<p data-start=\"687\" data-end=\"749\"><strong>Calendari:<\/strong> Permet consultar l\u2019horari del vostre fill o filla i visualitzar la informaci\u00f3 del dia a dia escolar.<\/p>\n<p data-start=\"687\" data-end=\"749\"><strong>Control de faltes (men\u00fa principal):<\/strong> \u00c9s l\u2019apartat m\u00e9s rellevant per fer el seguiment acad\u00e8mic i d\u2019assist\u00e8ncia. Inclou diferents pestanyes:<\/p>\n<ul data-start=\"1018\" data-end=\"1434\">\n<li data-start=\"1018\" data-end=\"1274\">\n<p data-start=\"1020\" data-end=\"1274\"><strong data-start=\"1020\" data-end=\"1036\">Incid\u00e8ncies:<\/strong><br data-start=\"1036\" data-end=\"1039\" \/>Hi trobareu un resum de les abs\u00e8ncies, incid\u00e8ncies, amonestacions i altres registres introdu\u00efts pel tutor o pel professorat.<br data-start=\"1165\" data-end=\"1168\" \/>A trav\u00e9s del calendari que hi apareix, podeu consultar el detall de cada dia fent clic als dies marcats.<\/p>\n<\/li>\n<li data-start=\"1276\" data-end=\"1434\">\n<p data-start=\"1278\" data-end=\"1434\"><strong data-start=\"1278\" data-end=\"1295\">Observacions:<\/strong><br data-start=\"1295\" data-end=\"1298\" \/>Mostra un llistat amb la data i l\u2019hora de les anotacions que el centre ha registrat per al vostre fill o filla, organitzades per curs.<\/p>\n<\/li>\n<\/ul>\n<p data-start=\"1455\" data-end=\"1533\"><strong>Missatges:<\/strong> Funciona com un correu electr\u00f2nic intern del centre. Per enviar un missatge:<\/p>\n<ol data-start=\"1534\" data-end=\"1693\">\n<li data-start=\"1534\" data-end=\"1581\">\n<p data-start=\"1537\" data-end=\"1581\">Cliqueu el bot\u00f3 <strong data-start=\"1553\" data-end=\"1578\">\u201cRedacta un missatge\u201d<\/strong>.<\/p>\n<\/li>\n<li data-start=\"1534\" data-end=\"1581\">\n<p data-start=\"1537\" data-end=\"1581\">Seleccioneu el tutor o tutora del vostre fill\/a.<\/p>\n<\/li>\n<li data-start=\"1636\" data-end=\"1693\">\n<p data-start=\"1639\" data-end=\"1693\">Premeu <strong data-start=\"1646\" data-end=\"1658\">\u201cAfegir\u201d<\/strong> i despr\u00e9s <strong data-start=\"1669\" data-end=\"1692\">\u201cAssignar persones\u201d<\/strong>.<\/p>\n<\/li>\n<\/ol>\n<p data-start=\"1695\" data-end=\"1753\">Actualment, nom\u00e9s \u00e9s possible enviar missatges al tutor\/a.<\/p>\n<p><a href=\"https:\/\/iecamboverges.ieduca.com\/\"><img loading=\"lazy\" decoding=\"async\" class=\"alignnone wp-image-2330\" src=\"https:\/\/agora.xtec.cat\/iecamboverges\/wp-content\/uploads\/usu1863\/2023\/07\/logo-tokapp.png\" alt=\"\" width=\"400\" height=\"102\" srcset=\"https:\/\/agora.xtec.cat\/iecamboverges\/wp-content\/uploads\/usu1863\/2023\/07\/logo-tokapp.png 1024w, https:\/\/agora.xtec.cat\/iecamboverges\/wp-content\/uploads\/usu1863\/2023\/07\/logo-tokapp-300x76.png 300w, https:\/\/agora.xtec.cat\/iecamboverges\/wp-content\/uploads\/usu1863\/2023\/07\/logo-tokapp-768x196.png 768w\" sizes=\"auto, (max-width: 400px) 100vw, 400px\" \/><\/a><\/p>\n<h2 data-start=\"1760\" data-end=\"1792\">Acc\u00e9s des del m\u00f2bil o tauleta<\/h2>\n<p data-start=\"1794\" data-end=\"1902\">Tamb\u00e9 podeu utilitzar IEduca a trav\u00e9s de l\u2019aplicaci\u00f3 <strong data-start=\"1847\" data-end=\"1864\">IEduca TokApp<\/strong>, disponible per a dispositius m\u00f2bils.<\/p>\n<p data-start=\"1794\" data-end=\"1902\"><img loading=\"lazy\" decoding=\"async\" class=\"alignnone wp-image-3269 aligncenter\" src=\"https:\/\/agora.xtec.cat\/iecamboverges\/wp-content\/uploads\/usu1863\/2026\/02\/store.png\" alt=\"\" width=\"233\" height=\"50\" srcset=\"https:\/\/agora.xtec.cat\/iecamboverges\/wp-content\/uploads\/usu1863\/2026\/02\/store.png 568w, https:\/\/agora.xtec.cat\/iecamboverges\/wp-content\/uploads\/usu1863\/2026\/02\/store-300x64.png 300w\" sizes=\"auto, (max-width: 233px) 100vw, 233px\" \/><\/p>\n<h3 data-start=\"1904\" data-end=\"1933\">Passos per configurar-la:<\/h3>\n<ol data-start=\"1935\" data-end=\"2377\">\n<li data-start=\"1935\" data-end=\"1977\">\n<p data-start=\"1938\" data-end=\"1977\">Descarregueu l\u2019app <strong data-start=\"1957\" data-end=\"1974\">IEduca TokApp<\/strong>.<\/p>\n<\/li>\n<li data-start=\"1978\" data-end=\"2074\">\n<p data-start=\"1981\" data-end=\"2074\">Creeu un usuari TokApp (us servir\u00e0 per a tots els centres que utilitzin aquesta aplicaci\u00f3).<\/p>\n<\/li>\n<li data-start=\"2075\" data-end=\"2194\">\n<p data-start=\"2078\" data-end=\"2194\">Valideu el compte amb el vostre tel\u00e8fon o correu electr\u00f2nic (important per poder recuperar la contrasenya si cal).<\/p>\n<\/li>\n<li data-start=\"2195\" data-end=\"2250\">\n<p data-start=\"2198\" data-end=\"2250\">Un cop dins l\u2019app, accediu al bot\u00f3 <strong data-start=\"2233\" data-end=\"2247\">\u201cIntranet\u201d<\/strong>.<\/p>\n<\/li>\n<li data-start=\"2251\" data-end=\"2315\">\n<p data-start=\"2254\" data-end=\"2315\">Cerqueu el centre escrivint <strong data-start=\"2282\" data-end=\"2312\">IE Francesc Camb\u00f3 i Batlle<\/strong>.<\/p>\n<\/li>\n<li data-start=\"2316\" data-end=\"2377\">\n<p data-start=\"2319\" data-end=\"2377\">Introdu\u00efu l\u2019usuari i la contrasenya facilitats pel centre.<\/p>\n<\/li>\n<\/ol>\n<p data-start=\"2379\" data-end=\"2400\">\u26a0\ufe0f \u00c9s molt important:<\/p>\n<ul data-start=\"2401\" data-end=\"2541\">\n<li data-start=\"2401\" data-end=\"2453\">\n<p data-start=\"2403\" data-end=\"2453\">Donar-vos d\u2019alta amb un correu electr\u00f2nic actiu.<\/p>\n<\/li>\n<li data-start=\"2401\" data-end=\"2453\">\n<p data-start=\"2403\" data-end=\"2453\">Activar les notificacions de l\u2019aplicaci\u00f3 per rebre avisos i comunicacions del centre.<\/p>\n<\/li>\n<\/ul>\n<p><iframe loading=\"lazy\" title=\"FAM - Com instal\u00b7lar TokApp fam\u00edlies v2\" width=\"500\" height=\"281\" src=\"https:\/\/www.youtube.com\/embed\/J1A1eLSb450?feature=oembed\" frameborder=\"0\" allow=\"accelerometer; autoplay; clipboard-write; encrypted-media; gyroscope; picture-in-picture; web-share\" referrerpolicy=\"strict-origin-when-cross-origin\" allowfullscreen><\/iframe><\/p>\n<h2 data-start=\"2548\" data-end=\"2568\">Tutorials d\u2019ajuda<\/h2>\n<p data-start=\"2570\" data-end=\"2633\">Us recomanem consultar els seg\u00fcents tutorials si ho necessiteu:<\/p>\n<ul data-start=\"2635\" data-end=\"2719\">\n<li data-start=\"2635\" data-end=\"2678\">\n<p data-start=\"2637\" data-end=\"2678\">Com justificar una falta d\u2019assist\u00e8ncia?<\/p>\n<\/li>\n<li data-start=\"2679\" data-end=\"2719\">\n<p data-start=\"2681\" data-end=\"2719\">Com recuperar la clau o contrasenya?<\/p>\n<\/li>\n<\/ul>\n<p data-start=\"2721\" data-end=\"2805\" data-is-last-node=\"\" data-is-only-node=\"\"><strong>Si teniu qualsevol dubte, podeu contactar amb el centre i us ajudarem amb el proc\u00e9s.<\/strong><\/p>\n<p><iframe loading=\"lazy\" title=\"FAM - Com justificar una falta d&#039;assist\u00e8ncia?\" width=\"500\" height=\"281\" src=\"https:\/\/www.youtube.com\/embed\/uXd3RJxJ8m8?list=PLh6RbrqunrkUoTp8TdfsW3wEvQhprV8l-\" frameborder=\"0\" allow=\"accelerometer; autoplay; clipboard-write; encrypted-media; gyroscope; picture-in-picture; web-share\" referrerpolicy=\"strict-origin-when-cross-origin\" allowfullscreen><\/iframe><\/p>\n<p><iframe loading=\"lazy\" title=\"Com recuperar la clau v2\" width=\"500\" height=\"281\" src=\"https:\/\/www.youtube.com\/embed\/G3JEMnshrDg?feature=oembed\" frameborder=\"0\" allow=\"accelerometer; autoplay; clipboard-write; encrypted-media; gyroscope; picture-in-picture; web-share\" referrerpolicy=\"strict-origin-when-cross-origin\" allowfullscreen><\/iframe><\/p>\n<p>&nbsp;<\/p>\n","protected":false},"excerpt":{"rendered":"<p>&nbsp;<\/p>\n<p>Qu\u00e8 \u00e9s IEduca?<br \/>\nIEduca \u00e9s l\u2019aplicaci\u00f3 que utilitzem al centre per gestionar i fer el seguiment de l\u2019assist\u00e8ncia de l\u2019alumnat. Tamb\u00e9 ens permet mantenir informades les fam\u00edlies sobre activitats, sortides i altres propostes que es duen a terme al llarg del curs escolar.<br \/>\nCom accedir-hi des d\u2019un&hellip;  <a href=\"https:\/\/agora.xtec.cat\/iecamboverges\/serveis\/ieduca\/\" title=\"Read iEduca\">Llegeix m\u00e9s\u00bb<\/a><\/p>\n","protected":false},"author":1,"featured_media":0,"parent":66,"menu_order":0,"comment_status":"closed","ping_status":"closed","template":"","meta":{"_bbp_topic_count":0,"_bbp_reply_count":0,"_bbp_total_topic_count":0,"_bbp_total_reply_count":0,"_bbp_voice_count":0,"_bbp_anonymous_reply_count":0,"_bbp_topic_count_hidden":0,"_bbp_reply_count_hidden":0,"_bbp_forum_subforum_count":0,"footnotes":""},"class_list":["post-2329","page","type-page","status-publish","hentry"],"post_mailing_queue_ids":[],"_links":{"self":[{"href":"https:\/\/agora.xtec.cat\/iecamboverges\/wp-json\/wp\/v2\/pages\/2329","targetHints":{"allow":["GET"]}}],"collection":[{"href":"https:\/\/agora.xtec.cat\/iecamboverges\/wp-json\/wp\/v2\/pages"}],"about":[{"href":"https:\/\/agora.xtec.cat\/iecamboverges\/wp-json\/wp\/v2\/types\/page"}],"author":[{"embeddable":true,"href":"https:\/\/agora.xtec.cat\/iecamboverges\/wp-json\/wp\/v2\/users\/1"}],"replies":[{"embeddable":true,"href":"https:\/\/agora.xtec.cat\/iecamboverges\/wp-json\/wp\/v2\/comments?post=2329"}],"version-history":[{"count":6,"href":"https:\/\/agora.xtec.cat\/iecamboverges\/wp-json\/wp\/v2\/pages\/2329\/revisions"}],"predecessor-version":[{"id":3271,"href":"https:\/\/agora.xtec.cat\/iecamboverges\/wp-json\/wp\/v2\/pages\/2329\/revisions\/3271"}],"up":[{"embeddable":true,"href":"https:\/\/agora.xtec.cat\/iecamboverges\/wp-json\/wp\/v2\/pages\/66"}],"wp:attachment":[{"href":"https:\/\/agora.xtec.cat\/iecamboverges\/wp-json\/wp\/v2\/media?parent=2329"}],"curies":[{"name":"wp","href":"https:\/\/api.w.org\/{rel}","templated":true}]}}