{"id":22,"date":"2018-06-18T12:19:57","date_gmt":"2018-06-18T10:19:57","guid":{"rendered":"http:\/\/agora.xtec.cat\/iecamboverges\/?page_id=22"},"modified":"2018-06-18T12:32:03","modified_gmt":"2018-06-18T10:32:03","slug":"lescola","status":"publish","type":"page","link":"https:\/\/agora.xtec.cat\/iecamboverges\/lescola\/","title":{"rendered":"El centre"},"content":{"rendered":"<p><span style=\"font-weight: 400;\">El\u00a0curs 18\/19 comen\u00e7a una nova etapa a l\u2019Institut-Escola Francesc Camb\u00f3 i Batlle, seguint els principis que des de fa uns anys, venen plantejats des de la Direcci\u00f3 del centre, dintre les seves funcions de lideratge pedag\u00f2gic i que emmarquen el nostre centre com una escola inclusiva dintre dels centres de la mostra d\u2019Escola Nova 21 i amb les caracter\u00edstiques que us detallem a continuaci\u00f3:<\/span><\/p>\n<p>&nbsp;<\/p>\n<ul>\n<li><b>L\u2019adquisici\u00f3 de les compet\u00e8ncies b\u00e0siques i els coneixements que permetran als nostres alumnes poder-se incorporar a un m\u00f3n complex, canviant i incert, on els valors compartits col\u00b7lectivament, els permetran tenir un esperit cr\u00edtic i actiu.<\/b><\/li>\n<li><span style=\"font-weight: 400;\">El catal\u00e0, com a llengua pr\u00f2pia de Catalunya, \u00e9s la llengua normalment emprada com a llengua vehicular i d&#8217;aprenentatge en el centre.<\/span><\/li>\n<li><span style=\"font-weight: 400;\">La innovaci\u00f3 curricular al centre (desenvolupament de destreses, metodologies, avaluaci\u00f3\u2026) per tal de formar alumnat competent pels reptes que li planteja el segle XXI.<\/span><\/li>\n<li><span style=\"font-weight: 400;\">L&#8217;\u00fas de les TAC per afavorir la millora dels processos d&#8217;ensenyament i aprenentatge, la creaci\u00f3 de coneixement, la millora dels resultats educatius i la cohesi\u00f3 social.<\/span><\/li>\n<li><span style=\"font-weight: 400;\">La consolidaci\u00f3 d&#8217;un h\u00e0bit lector diari, aut\u00f2nom, reflexiu i estrat\u00e8gic, que formi lectors capa\u00e7os d&#8217;accedir al contingut de qualsevol text per enfortir el coneixement. La comprensi\u00f3 lectora com a eix vertebrador dels aprenentatges en totes les \u00e0rees i mat\u00e8ries curriculars. <\/span><\/li>\n<li><span style=\"font-weight: 400;\">Les accions de dinamitzaci\u00f3 ling\u00fc\u00edstica i comunicativa en els \u00e0mbits acad\u00e8mics i d&#8217;interculturalitat per afavorir el pluriling\u00fcisme efectiu dels alumnes i incrementar el domini de les lleng\u00fces.<\/span><\/li>\n<li><span style=\"font-weight: 400;\">L&#8217;atenci\u00f3 personalitzada per donar la resposta educativa a les necessitats de tot l\u2019alumnat fent \u00fas d\u2019estructures organitzatives, \u00a0metodologies, materials, espais i temps diversos.<\/span><\/li>\n<li><span style=\"font-weight: 400;\">L&#8217;orientaci\u00f3 educativa i l&#8217;acci\u00f3 tutorial com a objectiu en el proc\u00e9s d\u2019ensenyament i aprenentatge, atenent que el fet educatiu aporta els coneixements als nois i noies que en anys propers s\u2019hauran d\u2019incorporar a la vida activa .<\/span><\/li>\n<li><span style=\"font-weight: 400;\">La cultura avaluativa en l\u2019alumnat per afavorir l&#8217;autoconeixement, la reflexi\u00f3, l\u2019autoregulaci\u00f3, l\u2019autoestima, \u00a0l\u2019esperit cr\u00edtic i la voluntat de superaci\u00f3.<\/span><\/li>\n<\/ul>\n<p>&nbsp;<\/p>\n","protected":false},"excerpt":{"rendered":"<p>El\u00a0curs 18\/19 comen\u00e7a una nova etapa a l\u2019Institut-Escola Francesc Camb\u00f3 i Batlle, seguint els principis que des de fa uns anys, venen plantejats des de la Direcci\u00f3 del centre, dintre les seves funcions de lideratge pedag\u00f2gic i que emmarquen el nostre centre com una escola&hellip;  <a href=\"https:\/\/agora.xtec.cat\/iecamboverges\/lescola\/\" title=\"Read El centre\">Llegeix m\u00e9s\u00bb<\/a><\/p>\n","protected":false},"author":1,"featured_media":0,"parent":0,"menu_order":0,"comment_status":"closed","ping_status":"closed","template":"page-templates\/side-menu.php","meta":{"_bbp_topic_count":0,"_bbp_reply_count":0,"_bbp_total_topic_count":0,"_bbp_total_reply_count":0,"_bbp_voice_count":0,"_bbp_anonymous_reply_count":0,"_bbp_topic_count_hidden":0,"_bbp_reply_count_hidden":0,"_bbp_forum_subforum_count":0,"footnotes":""},"class_list":["post-22","page","type-page","status-publish","hentry"],"post_mailing_queue_ids":[],"_links":{"self":[{"href":"https:\/\/agora.xtec.cat\/iecamboverges\/wp-json\/wp\/v2\/pages\/22","targetHints":{"allow":["GET"]}}],"collection":[{"href":"https:\/\/agora.xtec.cat\/iecamboverges\/wp-json\/wp\/v2\/pages"}],"about":[{"href":"https:\/\/agora.xtec.cat\/iecamboverges\/wp-json\/wp\/v2\/types\/page"}],"author":[{"embeddable":true,"href":"https:\/\/agora.xtec.cat\/iecamboverges\/wp-json\/wp\/v2\/users\/1"}],"replies":[{"embeddable":true,"href":"https:\/\/agora.xtec.cat\/iecamboverges\/wp-json\/wp\/v2\/comments?post=22"}],"version-history":[{"count":2,"href":"https:\/\/agora.xtec.cat\/iecamboverges\/wp-json\/wp\/v2\/pages\/22\/revisions"}],"predecessor-version":[{"id":580,"href":"https:\/\/agora.xtec.cat\/iecamboverges\/wp-json\/wp\/v2\/pages\/22\/revisions\/580"}],"wp:attachment":[{"href":"https:\/\/agora.xtec.cat\/iecamboverges\/wp-json\/wp\/v2\/media?parent=22"}],"curies":[{"name":"wp","href":"https:\/\/api.w.org\/{rel}","templated":true}]}}