{"id":1753,"date":"2021-12-09T08:41:07","date_gmt":"2021-12-09T07:41:07","guid":{"rendered":"https:\/\/agora.xtec.cat\/iecamboverges\/?page_id=1753"},"modified":"2021-12-13T11:01:04","modified_gmt":"2021-12-13T10:01:04","slug":"servei-comunitari","status":"publish","type":"page","link":"https:\/\/agora.xtec.cat\/iecamboverges\/lescola\/servei-comunitari\/","title":{"rendered":"Servei Comunitari"},"content":{"rendered":"<div>\n<p dir=\"ltr\">Qu\u00e8 \u00e9s el Servei Comunitari segons el Departament d\u2019Educaci\u00f3?<\/p>\n<p dir=\"ltr\">L&#8217;impuls del servei comunitari per a l&#8217;alumnat de secund\u00e0ria obligat\u00f2ria \u00e9s una acci\u00f3 que vol promoure que els alumnes experimentin i protagonitzin accions de comprom\u00eds c\u00edvic, aprenguin en l&#8217;exercici actiu de la ciutadania, i posin en joc els seus coneixements i capacitats al servei de la comunitat.<\/p>\n<p dir=\"ltr\">Quins objectius pret\u00e9n?<\/p>\n<ul>\n<li dir=\"ltr\">\n<p dir=\"ltr\" role=\"presentation\">\u00a0Desenvolupar la compet\u00e8ncia social i ciutadana, afavorint una actitud cr\u00edtica i compromesa davant la societat, per tal d\u2019esdevenir membres actius en\u00a0 una societat catalana democr\u00e0tica i participativa.<\/p>\n<\/li>\n<li dir=\"ltr\">\n<p dir=\"ltr\" role=\"presentation\">\u00a0Desenvolupar habilitats relacionades amb el disseny i realitzaci\u00f3 de projectes i amb el treball d\u2019equip.<\/p>\n<\/li>\n<li dir=\"ltr\">\n<p dir=\"ltr\" role=\"presentation\">Donar a con\u00e8ixer a l\u2019alumnat i les seves fam\u00edlies la xarxa associativa i les entitats de l\u2019entorn,\u00a0 per tal de promoure la participaci\u00f3 dels joves.<\/p>\n<\/li>\n<li dir=\"ltr\">\n<p dir=\"ltr\" role=\"presentation\">Promoure el treball en xarxa entre els diferents agents educatius de l\u2019entorn.<\/p>\n<\/li>\n<li dir=\"ltr\">\n<p dir=\"ltr\" role=\"presentation\">Donar una resposta educativa a les necessitats emergents de l\u2019entorn escolar.<\/p>\n<\/li>\n<li dir=\"ltr\">\n<p dir=\"ltr\" role=\"presentation\">Augmentar la participaci\u00f3 en el teixit associatiu i les entitats de caire social per fomentar el comprom\u00eds amb la construcci\u00f3 d\u2019una societat m\u00e9s justa, cohesionada i arrelada al territori.<\/p>\n<\/li>\n<\/ul>\n<p dir=\"ltr\">En quins \u00e0mbits es pot desenvolupar aquest projecte?<\/p>\n<p dir=\"ltr\">&#8211; Acompanyament i suport a l\u2019escolaritzaci\u00f3.<\/p>\n<p dir=\"ltr\">Projectes de suport i acompanyament a l\u2019escolaritzaci\u00f3 i la formaci\u00f3. Coneixement de l\u2019entorn i refor\u00e7 escolar, classes de catal\u00e0 per a nouvinguts, motivaci\u00f3 per a l\u2019estudi, classes d\u2019adults\u2026<\/p>\n<p dir=\"ltr\">&#8211; Suport a necessitats b\u00e0siques.<\/p>\n<p dir=\"ltr\">Projectes d\u2019ajuda directa a persones que poden necessitar-la: col\u00b7lectius en risc d\u2019exclusi\u00f3, persones immigrades, persones amb discapacitats f\u00edsiques o ps\u00edquiques&#8230;<\/p>\n<p dir=\"ltr\">&#8211; Intercanvi generacional. Projectes que pretenen apropar col\u00b7lectius de diferents edats amb l\u2019objectiu de facilitar el coneixement mutu i l&#8217;intercanvi de coneixements, sabers i habilitats.<\/p>\n<p dir=\"ltr\">&#8211; Medi ambient.<\/p>\n<p dir=\"ltr\">Projectes orientats a la cura, conservaci\u00f3 i educaci\u00f3 mediambiental: reciclatge de materials, auditories ambientals, neteja i conservaci\u00f3 del patrimoni natural i urb\u00e0, estalvi energ\u00e8tic, cura de la fauna del territori\u2026<\/p>\n<p dir=\"ltr\">&#8211; Participaci\u00f3 ciutadana.<\/p>\n<p dir=\"ltr\">Projectes per estimular la participaci\u00f3 en el barri o l\u2019entorn immediat amb l&#8217;objectiu d\u2019afavorir el comprom\u00eds c\u00edvic i la millora de la qualitat de vida dels seus habitants, a trav\u00e9s dels mitjans de comunicaci\u00f3, activitats culturals, processos participatius\u2026<\/p>\n<p dir=\"ltr\">&#8211; Patrimoni cultural.<\/p>\n<p dir=\"ltr\">Projectes de conservaci\u00f3 i restauraci\u00f3 del patrimoni cultural i per a la recuperaci\u00f3 i difusi\u00f3 de les tradicions culturals.<\/p>\n<p dir=\"ltr\">&#8211; Projectes de solidaritat i cooperaci\u00f3.<\/p>\n<p dir=\"ltr\">Projectes per a la sensibilitzaci\u00f3 i defensa dels Drets Humans, causes solid\u00e0ries i humanit\u00e0ries d\u2019abast ampli i a nivell internacional. Generalitat de Catalunya Departament d\u2019Ensenyament<\/p>\n<p dir=\"ltr\">&#8211; Preservaci\u00f3 i manteniment del medi urb\u00e0.<\/p>\n<p dir=\"ltr\">Projectes de conservaci\u00f3 i restauraci\u00f3 del medi i mobiliari urb\u00e0.<\/p>\n<p dir=\"ltr\">&#8211; Lleure.<\/p>\n<p dir=\"ltr\">\u00a0Projectes realitzats conjuntament amb les entitats d\u2019educaci\u00f3 en el lleure.<\/p>\n<p dir=\"ltr\">Com ho farem des del nostre centre?<\/p>\n<p dir=\"ltr\">En primer lloc, s\u2019han pensat sis propostes on els alumnes de 4t poden inscriure\u2019s per poder participar amb la metodologia aprenentatge &#8211; servei i desenvolupar habilitats i compet\u00e8ncies socials i col\u00b7lectives.<\/p>\n<p dir=\"ltr\">Les propostes estan relacionades amb l\u2019entorn m\u00e9s immediat per tal que l\u2019alumnat puguin aprendre a valorar-lo, conservar-lo i\/o millorar-lo.<\/p>\n<p dir=\"ltr\"><a href=\"https:\/\/drive.google.com\/file\/d\/11oE1A7dar9nm8RhRk9Kys2X_4zatQcCI\/view?usp=sharing\">S\u00f3n les que es proposen en la presentaci\u00f3 seg\u00fcent<\/a><\/p>\n<\/div>\n<div><\/div>\n<div>Adreces d&#8217;inter\u00e8s:<\/div>\n<div><\/div>\n<div><\/div>\n<div><a href=\"https:\/\/serveiseducatius.xtec.cat\/baixemporda\/categoria\/comunitat\/servei-comunitari\/\" target=\"_blank\" rel=\"noopener\" data-saferedirecturl=\"https:\/\/www.google.com\/url?q=https:\/\/serveiseducatius.xtec.cat\/baixemporda\/categoria\/comunitat\/servei-comunitari\/&amp;source=gmail&amp;ust=1639121962931000&amp;usg=AOvVaw3Mi3D5LyRrQ69xMPzoycwv\">https:\/\/serveiseducatius.xtec.<wbr \/>cat\/baixemporda\/categoria\/<wbr \/>comunitat\/servei-comunitari\/<\/a><\/div>\n<div><\/div>\n<div><\/div>\n<div><a href=\"http:\/\/xtec.gencat.cat\/ca\/comunitat\/serveicomunitari\/\" target=\"_blank\" rel=\"noopener\" data-saferedirecturl=\"https:\/\/www.google.com\/url?q=http:\/\/xtec.gencat.cat\/ca\/comunitat\/serveicomunitari\/&amp;source=gmail&amp;ust=1639121962931000&amp;usg=AOvVaw0Y9WYLCAx3JP6UHWvnW8lC\">http:\/\/xtec.gencat.cat\/ca\/<wbr \/>comunitat\/serveicomunitari\/<\/a><\/div>\n<div><\/div>\n<div><\/div>\n","protected":false},"excerpt":{"rendered":"<p>Qu\u00e8 \u00e9s el Servei Comunitari segons el Departament d\u2019Educaci\u00f3?<br \/>\nL&#8217;impuls del servei comunitari per a l&#8217;alumnat de secund\u00e0ria obligat\u00f2ria \u00e9s una acci\u00f3 que vol promoure que els alumnes experimentin i protagonitzin accions de comprom\u00eds c\u00edvic, aprenguin en l&#8217;exercici actiu de la ciutadania, i posin en joc&hellip;  <a href=\"https:\/\/agora.xtec.cat\/iecamboverges\/lescola\/servei-comunitari\/\" title=\"Read Servei Comunitari\">Llegeix m\u00e9s\u00bb<\/a><\/p>\n","protected":false},"author":1,"featured_media":0,"parent":22,"menu_order":0,"comment_status":"closed","ping_status":"closed","template":"","meta":{"_bbp_topic_count":0,"_bbp_reply_count":0,"_bbp_total_topic_count":0,"_bbp_total_reply_count":0,"_bbp_voice_count":0,"_bbp_anonymous_reply_count":0,"_bbp_topic_count_hidden":0,"_bbp_reply_count_hidden":0,"_bbp_forum_subforum_count":0,"footnotes":""},"class_list":["post-1753","page","type-page","status-publish","hentry"],"post_mailing_queue_ids":[],"_links":{"self":[{"href":"https:\/\/agora.xtec.cat\/iecamboverges\/wp-json\/wp\/v2\/pages\/1753","targetHints":{"allow":["GET"]}}],"collection":[{"href":"https:\/\/agora.xtec.cat\/iecamboverges\/wp-json\/wp\/v2\/pages"}],"about":[{"href":"https:\/\/agora.xtec.cat\/iecamboverges\/wp-json\/wp\/v2\/types\/page"}],"author":[{"embeddable":true,"href":"https:\/\/agora.xtec.cat\/iecamboverges\/wp-json\/wp\/v2\/users\/1"}],"replies":[{"embeddable":true,"href":"https:\/\/agora.xtec.cat\/iecamboverges\/wp-json\/wp\/v2\/comments?post=1753"}],"version-history":[{"count":3,"href":"https:\/\/agora.xtec.cat\/iecamboverges\/wp-json\/wp\/v2\/pages\/1753\/revisions"}],"predecessor-version":[{"id":1760,"href":"https:\/\/agora.xtec.cat\/iecamboverges\/wp-json\/wp\/v2\/pages\/1753\/revisions\/1760"}],"up":[{"embeddable":true,"href":"https:\/\/agora.xtec.cat\/iecamboverges\/wp-json\/wp\/v2\/pages\/22"}],"wp:attachment":[{"href":"https:\/\/agora.xtec.cat\/iecamboverges\/wp-json\/wp\/v2\/media?parent=1753"}],"curies":[{"name":"wp","href":"https:\/\/api.w.org\/{rel}","templated":true}]}}