{"id":8176,"date":"2016-06-23T09:04:32","date_gmt":"2016-06-23T07:04:32","guid":{"rendered":"http:\/\/agora.xtec.cat\/demoinstitut\/?page_id=1275"},"modified":"2021-02-09T11:53:34","modified_gmt":"2021-02-09T10:53:34","slug":"modul-2","status":"publish","type":"page","link":"https:\/\/agora.xtec.cat\/iecadaques\/modul-2\/","title":{"rendered":"VOLS SABER-NE M\u00c9S? Fem un joc o dos!"},"content":{"rendered":"<p>Ara que ja t&#8217;has iniciat, pots comen\u00e7ar a aprofundir per aix\u00ed convertir-te en expert\/a en programaci\u00f3. Tant i tant que fins i tot podr\u00e0s fer un joc per deixar bocabadats fam\u00edlia i amics!<\/p>\n<p>L&#8217;Scratch no t\u00e9 l\u00edmits! Despr\u00e9s d&#8217;aquestes sessions, tindr\u00e0s ses eines per crear m\u00e9s i m\u00e9s jocs!<\/p>\n<table style=\"width: 940px;\">\n<tbody>\n<tr style=\"height: 31px;\">\n<td style=\"width: 203px; height: 31px;\">Sessi\u00f3<\/td>\n<td style=\"width: 188px; height: 31px;\">PLA DE TREBALL<\/td>\n<td style=\"width: 539px; height: 31px;\">ACTIVITATS<\/td>\n<\/tr>\n<tr style=\"height: 86px;\">\n<td style=\"width: 203px; height: 86px;\"><a href=\"https:\/\/agora.xtec.cat\/iecadaques\/modul-2\/sessio-1-iniciem-el-joc-del-pong-nova-m2\/\">Sessi\u00f3 1<\/a><\/p>\n<p>Iniciem el joc del pong<\/td>\n<td>Con\u00e8ixer el joc del pong<\/p>\n<p>Personalitzar els personatges<\/p>\n<p>Moviment dels personatges<\/td>\n<td style=\"width: 539px; height: 86px;\">\n<ul>\n<li>Con\u00e8ixer el joc del pong<\/li>\n<li>Crear\u00a0els personatge: raqueta i pilota<\/li>\n<li>Moviment dels personatges<\/li>\n<li>Plantejament del repte final<\/li>\n<\/ul>\n<\/td>\n<\/tr>\n<tr style=\"height: 88px;\">\n<td style=\"width: 203px; height: 88px;\"><a href=\"https:\/\/agora.xtec.cat\/iecadaques\/serveis\/scratch\/modul-2\/sessio-2\/\">Sessi\u00f3 2<\/a><\/p>\n<p>Cops de raqueta<\/td>\n<td style=\"width: 188px; height: 88px;\"><span style=\"font-weight: 400;\">Moviment de la pilota i la raqueta.\u00a0<\/span><span style=\"font-weight: 400;\">Relaci\u00f3 entre ambd\u00f3s.<\/span><\/p>\n<p><span style=\"font-weight: 400;\">\u00das dels sensors dels personatges.<\/span><\/p>\n<p><span style=\"font-weight: 400;\">Rebot de la pilota<\/span><\/p>\n<p><span style=\"font-weight: 400;\">Direcci\u00f3 del rebot<\/span><\/p>\n<p><span style=\"font-weight: 400;\">Tria aleat\u00f2ria de la direcci\u00f3 del rebot<\/span><\/p>\n<p><span style=\"font-weight: 400;\">Sons en funci\u00f3 de l&#8217;acci\u00f3<\/span><\/td>\n<td style=\"width: 539px; height: 88px;\">\n<ul>\n<li>Opcions b\u00e0siques del bloc de sensors<\/li>\n<li>Interacci\u00f3 i control dels personatges<\/li>\n<li>Com fer que la bola reboti<\/li>\n<li>Inclusi\u00f3 de so als esdeveniments<\/li>\n<\/ul>\n<\/td>\n<\/tr>\n<tr style=\"height: 134px;\">\n<td style=\"width: 203px; height: 134px;\"><a href=\"https:\/\/agora.xtec.cat\/iecadaques\/serveis\/scratch\/modul-2\/sessio-3\/\">Sessi\u00f3 3<\/a><\/p>\n<p>Diferents raquetes, diferents rebots<\/td>\n<td style=\"width: 188px; height: 134px;\">Tipus de rebots<\/p>\n<p>Angles<\/p>\n<p>Girs dels personatges<\/td>\n<td style=\"width: 539px; height: 134px;\">\n<ul>\n<li>Definici\u00f3 de l&#8217;angle d&#8217;entrada<\/li>\n<li>C\u00e0lcul de l&#8217;angle de sortida<\/li>\n<li>Obtenci\u00f3 del valor de la direcci\u00f3 de moviment d&#8217;un personatge<\/li>\n<li>Girs dels personatges<\/li>\n<\/ul>\n<\/td>\n<\/tr>\n<tr style=\"height: 134px;\">\n<td style=\"width: 203px; height: 134px;\"><a href=\"https:\/\/agora.xtec.cat\/iecadaques\/modul-2\/sessio-4-quan-sacaba-el-pong\/\">Sessi\u00f3 4<\/a><\/p>\n<p>Quan s&#8217;acaba el joc?<\/td>\n<td style=\"width: 188px; height: 134px;\"><span style=\"font-weight: 400;\">Control del final del joc<\/span><\/p>\n<p><span style=\"font-weight: 400;\">El concepte variable<\/span><\/p>\n<p><span style=\"font-weight: 400;\">Les vides en el joc<\/span><\/td>\n<td style=\"width: 539px; height: 134px;\">\n<ul>\n<li style=\"font-weight: 400;\"><span style=\"font-weight: 400;\">Control de final de joc per posici\u00f3 de la pilota<\/span><\/li>\n<li style=\"font-weight: 400;\"><span style=\"font-weight: 400;\">Control de final de joc mitjan\u00e7ant el valor d\u2019una variable (vides)<\/span><\/li>\n<\/ul>\n<\/td>\n<\/tr>\n<tr style=\"height: 134px;\">\n<td style=\"width: 203px; height: 134px;\"><a href=\"https:\/\/agora.xtec.cat\/iecadaques\/serveis\/scratch\/modul-2\/sessio-5\/\">Sessi\u00f3 5<\/a><\/p>\n<p>Afegim vides i puntuaci\u00f3 al pong<\/td>\n<td style=\"width: 188px; height: 134px;\">Controlar la variable \u201cvides\u201d<\/p>\n<p>Comptador de punts<\/td>\n<td style=\"width: 539px; height: 134px;\">\n<ul>\n<li>Control del nivell del joc mitjan\u00e7ant la variable vides: segons la posici\u00f3 de la pilota<\/li>\n<li>Control de punts del joc: comptador d&#8217;encerts<\/li>\n<\/ul>\n<\/td>\n<\/tr>\n<tr style=\"height: 95px;\">\n<td style=\"width: 203px; height: 95px;\"><a href=\"https:\/\/agora.xtec.cat\/iecadaques\/serveis\/scratch\/modul-2\/sessio-6\/\">Sessi\u00f3 6<\/a><\/p>\n<p>Anem a contra rellotge<\/td>\n<td style=\"width: 188px; height: 95px;\">Cron\u00f2metre al pong<\/p>\n<p>Canvi d\u2019escenari en funci\u00f3 del temps transcorregut<\/p>\n<p>Reiniciaci\u00f3\u00a0del cron\u00f2metre en funci\u00f3 del valor d\u2019una altra variable<\/td>\n<td style=\"width: 539px; height: 95px;\">\n<ul>\n<li>Afegir cron\u00f2metre al pong<\/li>\n<li>Accions del joc en funci\u00f3 del temps<\/li>\n<\/ul>\n<\/td>\n<\/tr>\n<tr style=\"height: 134px;\">\n<td style=\"width: 203px; height: 134px;\"><a href=\"https:\/\/agora.xtec.cat\/iecadaques\/serveis\/scratch\/modul-2\/sessio-7\/\">Sessi\u00f3 7<\/a><\/p>\n<p>Afegim-hi nivells<\/td>\n<td style=\"width: 188px; height: 134px;\">Condicions de canvi de nivell<\/p>\n<p>Velocitat de la pilota<\/p>\n<p>Mida de la raqueta<\/p>\n<p>Compte enrere<\/td>\n<td style=\"width: 539px; height: 134px;\">\n<ul>\n<li>Canvis de velocitat de la pilota i mida de la raqueta segons punts i temps.<\/li>\n<li>Bonificacions de temps i vides en funci\u00f3 dels punts obtinguts<\/li>\n<\/ul>\n<\/td>\n<\/tr>\n<tr style=\"height: 95px;\">\n<td style=\"width: 203px; height: 95px;\"><a href=\"https:\/\/agora.xtec.cat\/iecadaques\/modul-2\/sessio-8-juguem-un-contra-un\/\">Sessi\u00f3 8<\/a><\/p>\n<p>Juguem un contra un<\/td>\n<td style=\"width: 188px; height: 95px;\">\u00a0Afegim jugadors<\/p>\n<p>Limitem el camp de joc<\/td>\n<td style=\"width: 539px; height: 95px;\">\n<ul>\n<li>Programaci\u00f3 del joc amb dues raquetes verticals independents<\/li>\n<li>Definici\u00f3 del final de partida<\/li>\n<\/ul>\n<\/td>\n<\/tr>\n<tr style=\"height: 134px;\">\n<td style=\"width: 203px; height: 134px;\"><a href=\"https:\/\/agora.xtec.cat\/iecadaques\/serveis\/scratch\/modul-2\/sessio-9\/\">Sessi\u00f3 9<\/a><\/p>\n<p>Fem m\u00e9s realista el joc<\/td>\n<td style=\"width: 188px; height: 134px;\">Tria dels escenaris<\/p>\n<p>Efectes sobre els escenaris<\/p>\n<p>Tria de sons<\/td>\n<td style=\"width: 539px; height: 134px;\">\n<ul>\n<li>Tria dels escenaris: inicial, final i de canvis de nivell<\/li>\n<li>Efectes sobre els escenaris en funci\u00f3 de la situaci\u00f3 del joc<\/li>\n<li>Inserci\u00f3 d&#8217;efectes sonors en funci\u00f3 de la situaci\u00f3 del joc<\/li>\n<\/ul>\n<\/td>\n<\/tr>\n<tr style=\"height: 134px;\">\n<td style=\"width: 203px; height: 134px;\"><a href=\"https:\/\/agora.xtec.cat\/iecadaques\/modul-2\/sessio-10-i-ara-el-repte-final\/\">Sessi\u00f3 10<\/a><\/p>\n<p>I ara el repte final<\/td>\n<td style=\"width: 188px; height: 134px;\">\u00a0Observaci\u00f3 d\u2019exemples de pinball<\/p>\n<p>Com moure les pales<\/p>\n<p>Obstacles<\/td>\n<td style=\"width: 539px; height: 134px;\">\u00a0Elements orientadors per al desenvolupament del repte final<\/td>\n<\/tr>\n<tr style=\"height: 94px;\">\n<td style=\"width: 203px; height: 94px;\"><a href=\"https:\/\/agora.xtec.cat\/iecadaques\/modul-2\/sessio-11-i-ara-acabem-el-nostre-projecte\/\">Sessi\u00f3 11<\/a><\/p>\n<p>Avancem en el repte<\/td>\n<td style=\"width: 188px; height: 94px;\">\u00a0Revisi\u00f3 de la descripci\u00f3 del projecte<\/p>\n<p>Programaci\u00f3 del projecte<\/p>\n<p>Aprofitar altres projectes o programes<\/p>\n<p>Control de funcionament del projecte<\/td>\n<td style=\"width: 539px; height: 94px;\">\n<ul>\n<li>Descripci\u00f3 final de projecte<\/li>\n<li>Copia de projectes i programes<\/li>\n<li>Programaci\u00f3 del projecte<\/li>\n<\/ul>\n<\/td>\n<\/tr>\n<tr style=\"height: 105px;\">\n<td style=\"width: 203px; height: 105px;\"><a href=\"https:\/\/agora.xtec.cat\/iecadaques\/modul-2\/sessio-12-presentem-el-nostre-projecte-i-el-valorem\/\">Sessi\u00f3 12<\/a><\/p>\n<p>Presentem el nostre projecte i el valorem<\/td>\n<td style=\"width: 188px; height: 105px;\">Com fer una presentaci\u00f3?<\/p>\n<p>Ens autoavaluem<\/p>\n<p>Ens avaluem com a grup<strong>\u00a0<\/strong><\/td>\n<td style=\"width: 539px; height: 105px;\">&nbsp;<\/p>\n<ul>\n<li>Pautes per dur a terme la presentaci\u00f3 del projecte<\/li>\n<li>Coavaluaci\u00f3 del grup<\/li>\n<li>Autoavaluaci\u00f3 dels alumnes<\/li>\n<\/ul>\n<\/td>\n<\/tr>\n<\/tbody>\n<\/table>\n<p>&nbsp;<\/p>\n","protected":false},"excerpt":{"rendered":"<p>Ara que ja t&#8217;has iniciat, pots comen\u00e7ar a aprofundir per aix\u00ed convertir-te en expert\/a en programaci\u00f3. Tant i tant que fins i tot podr\u00e0s fer un joc per deixar bocabadats fam\u00edlia i amics!<br \/>\nL&#8217;Scratch no t\u00e9 l\u00edmits! Despr\u00e9s d&#8217;aquestes sessions, tindr\u00e0s ses eines per crear m\u00e9s&hellip;  <a href=\"https:\/\/agora.xtec.cat\/iecadaques\/modul-2\/\" title=\"Read VOLS SABER-NE M\u00c9S? Fem un joc o dos!\">Llegeix m\u00e9s\u00bb<\/a><\/p>\n","protected":false},"author":18,"featured_media":0,"parent":0,"menu_order":20,"comment_status":"closed","ping_status":"closed","template":"","meta":{"_bbp_topic_count":0,"_bbp_reply_count":0,"_bbp_total_topic_count":0,"_bbp_total_reply_count":0,"_bbp_voice_count":0,"_bbp_anonymous_reply_count":0,"_bbp_topic_count_hidden":0,"_bbp_reply_count_hidden":0,"_bbp_forum_subforum_count":0,"footnotes":""},"class_list":["post-8176","page","type-page","status-publish","hentry"],"post_mailing_queue_ids":[],"_links":{"self":[{"href":"https:\/\/agora.xtec.cat\/iecadaques\/wp-json\/wp\/v2\/pages\/8176","targetHints":{"allow":["GET"]}}],"collection":[{"href":"https:\/\/agora.xtec.cat\/iecadaques\/wp-json\/wp\/v2\/pages"}],"about":[{"href":"https:\/\/agora.xtec.cat\/iecadaques\/wp-json\/wp\/v2\/types\/page"}],"author":[{"embeddable":true,"href":"https:\/\/agora.xtec.cat\/iecadaques\/wp-json\/wp\/v2\/users\/18"}],"replies":[{"embeddable":true,"href":"https:\/\/agora.xtec.cat\/iecadaques\/wp-json\/wp\/v2\/comments?post=8176"}],"version-history":[{"count":4,"href":"https:\/\/agora.xtec.cat\/iecadaques\/wp-json\/wp\/v2\/pages\/8176\/revisions"}],"predecessor-version":[{"id":21340,"href":"https:\/\/agora.xtec.cat\/iecadaques\/wp-json\/wp\/v2\/pages\/8176\/revisions\/21340"}],"wp:attachment":[{"href":"https:\/\/agora.xtec.cat\/iecadaques\/wp-json\/wp\/v2\/media?parent=8176"}],"curies":[{"name":"wp","href":"https:\/\/api.w.org\/{rel}","templated":true}]}}