{"id":57,"date":"2014-09-17T17:01:07","date_gmt":"2014-09-17T17:01:07","guid":{"rendered":"http:\/\/agora.xtec.cat\/iecadaques\/?page_id=57"},"modified":"2021-01-22T20:46:26","modified_gmt":"2021-01-22T19:46:26","slug":"projecte-educatiu","status":"publish","type":"page","link":"https:\/\/agora.xtec.cat\/iecadaques\/projecte-educatiu\/","title":{"rendered":"Projecte educatiu"},"content":{"rendered":"<p>La l\u00ednia educativa del centre es defineix a partir d&#8217;un conjunt de documents que emmarquen les decisions i actuacions pr\u00f2pies de l&#8217;Institut Escola en cadascun dels seus \u00e0mbits. Els podeu consultar mitjanant el men\u00fa esquerre.<\/p>\n<p><img decoding=\"async\" class=\"alignnone wp-image-20559 size-full\" src=\"https:\/\/agora.xtec.cat\/iecadaques\/wp-content\/uploads\/usu1969\/2020\/11\/pexels-tobi-631986-e1605111020210.jpg\" alt=\"\" width=\"500rem\" height=\"\" \/><\/a><\/p>\n<p>Foto de\u00a0<strong><a href=\"https:\/\/www.pexels.com\/es-es\/@pripicart?utm_content=attributionCopyText&amp;utm_medium=referral&amp;utm_source=pexels\">Tobi<\/a><\/strong> via <strong><a href=\"https:\/\/www.pexels.com\/es-es\/foto\/al-aire-libre-calzado-caminar-camino-631986\/?utm_content=attributionCopyText&amp;utm_medium=referral&amp;utm_source=pexels\">Pexels<\/a><\/strong><\/p>\n","protected":false},"excerpt":{"rendered":"<p>La l\u00ednia educativa del centre es defineix a partir d&#8217;un conjunt de documents que emmarquen les decisions i actuacions pr\u00f2pies de l&#8217;Institut Escola en cadascun dels seus \u00e0mbits. Els podeu consultar mitjanant el men\u00fa esquerre.<br \/>\n<\/a><br \/>\nFoto de\u00a0<a href=\"https:\/\/www.pexels.com\/es-es\/@pripicart?utm_content=attributionCopyText&amp;utm_medium=referral&amp;utm_source=pexels\">Tobi<\/a> via <a href=\"https:\/\/www.pexels.com\/es-es\/foto\/al-aire-libre-calzado-caminar-camino-631986\/?utm_content=attributionCopyText&amp;utm_medium=referral&amp;utm_source=pexels\">Pexels<\/a><\/p>\n","protected":false},"author":1,"featured_media":0,"parent":0,"menu_order":0,"comment_status":"closed","ping_status":"closed","template":"","meta":{"_bbp_topic_count":0,"_bbp_reply_count":0,"_bbp_total_topic_count":0,"_bbp_total_reply_count":0,"_bbp_voice_count":0,"_bbp_anonymous_reply_count":0,"_bbp_topic_count_hidden":0,"_bbp_reply_count_hidden":0,"_bbp_forum_subforum_count":0,"footnotes":""},"class_list":["post-57","page","type-page","status-publish","hentry"],"post_mailing_queue_ids":[],"_links":{"self":[{"href":"https:\/\/agora.xtec.cat\/iecadaques\/wp-json\/wp\/v2\/pages\/57","targetHints":{"allow":["GET"]}}],"collection":[{"href":"https:\/\/agora.xtec.cat\/iecadaques\/wp-json\/wp\/v2\/pages"}],"about":[{"href":"https:\/\/agora.xtec.cat\/iecadaques\/wp-json\/wp\/v2\/types\/page"}],"author":[{"embeddable":true,"href":"https:\/\/agora.xtec.cat\/iecadaques\/wp-json\/wp\/v2\/users\/1"}],"replies":[{"embeddable":true,"href":"https:\/\/agora.xtec.cat\/iecadaques\/wp-json\/wp\/v2\/comments?post=57"}],"version-history":[{"count":4,"href":"https:\/\/agora.xtec.cat\/iecadaques\/wp-json\/wp\/v2\/pages\/57\/revisions"}],"predecessor-version":[{"id":21215,"href":"https:\/\/agora.xtec.cat\/iecadaques\/wp-json\/wp\/v2\/pages\/57\/revisions\/21215"}],"wp:attachment":[{"href":"https:\/\/agora.xtec.cat\/iecadaques\/wp-json\/wp\/v2\/media?parent=57"}],"curies":[{"name":"wp","href":"https:\/\/api.w.org\/{rel}","templated":true}]}}