{"id":19258,"date":"2020-10-13T19:08:50","date_gmt":"2020-10-13T17:08:50","guid":{"rendered":"https:\/\/agora.xtec.cat\/iecadaques\/?page_id=19258"},"modified":"2020-10-13T19:56:32","modified_gmt":"2020-10-13T17:56:32","slug":"visio-valors-i-trets-didentitat","status":"publish","type":"page","link":"https:\/\/agora.xtec.cat\/iecadaques\/linstitut\/visio-valors-i-trets-didentitat\/","title":{"rendered":"Visi\u00f3, valors i trets d&#8217;identitat"},"content":{"rendered":"<p>L&#8217;IE de Cadaqu\u00e9s neix amb la voluntat de ser un centre p\u00fablic que afavoreixi el desenvolupament integral de tots ses alumnes oferint un model educatiu participatiu i de qualitat que els faciliti esdevenir ciutadans lliures, responsables, solidaris i respectuosos amb ses altres i amb l&#8217;entorn, ciutadans competents que es puguin incorporar a una societat multicultural i din\u00e0mica, i continuar sa seva formaci\u00f3 al llarg de la vida.<\/p>\n<p>Som un centre p\u00fablic que dep\u00e8n del Departament d&#8217;Educaci\u00f3 de la Generalitat de Catalunya.<\/p>\n<p>Busquem l&#8217;\u00e8xit de tots i cadascun des nostros i ses nostres alumnes.<\/p>\n<h5>Som Escola Verda<\/h5>\n<p>Incorporem es valors educatius per a la sostenibilitat en tots ses \u00e0mbits de la vida del centre: curr\u00edculum, gesti\u00f3, entorn i participaci\u00f3.<\/p>\n<p>Promovem la implicaci\u00f3 activa de la comunitat educativa en la millora de l&#8217;entorn.<\/p>\n","protected":false},"excerpt":{"rendered":"<p>L&#8217;IE de Cadaqu\u00e9s neix amb la voluntat de ser un centre p\u00fablic que afavoreixi el desenvolupament integral de tots ses alumnes oferint un model educatiu participatiu i de qualitat que els faciliti esdevenir ciutadans lliures, responsables, solidaris i respectuosos amb ses altres i amb l&#8217;entorn,&hellip;  <a href=\"https:\/\/agora.xtec.cat\/iecadaques\/linstitut\/visio-valors-i-trets-didentitat\/\" title=\"Read Visi\u00f3, valors i trets d&#8217;identitat\">Llegeix m\u00e9s\u00bb<\/a><\/p>\n","protected":false},"author":1,"featured_media":0,"parent":19,"menu_order":0,"comment_status":"closed","ping_status":"closed","template":"","meta":{"_bbp_topic_count":0,"_bbp_reply_count":0,"_bbp_total_topic_count":0,"_bbp_total_reply_count":0,"_bbp_voice_count":0,"_bbp_anonymous_reply_count":0,"_bbp_topic_count_hidden":0,"_bbp_reply_count_hidden":0,"_bbp_forum_subforum_count":0,"footnotes":""},"class_list":["post-19258","page","type-page","status-publish","hentry"],"post_mailing_queue_ids":[],"_links":{"self":[{"href":"https:\/\/agora.xtec.cat\/iecadaques\/wp-json\/wp\/v2\/pages\/19258","targetHints":{"allow":["GET"]}}],"collection":[{"href":"https:\/\/agora.xtec.cat\/iecadaques\/wp-json\/wp\/v2\/pages"}],"about":[{"href":"https:\/\/agora.xtec.cat\/iecadaques\/wp-json\/wp\/v2\/types\/page"}],"author":[{"embeddable":true,"href":"https:\/\/agora.xtec.cat\/iecadaques\/wp-json\/wp\/v2\/users\/1"}],"replies":[{"embeddable":true,"href":"https:\/\/agora.xtec.cat\/iecadaques\/wp-json\/wp\/v2\/comments?post=19258"}],"version-history":[{"count":3,"href":"https:\/\/agora.xtec.cat\/iecadaques\/wp-json\/wp\/v2\/pages\/19258\/revisions"}],"predecessor-version":[{"id":19271,"href":"https:\/\/agora.xtec.cat\/iecadaques\/wp-json\/wp\/v2\/pages\/19258\/revisions\/19271"}],"up":[{"embeddable":true,"href":"https:\/\/agora.xtec.cat\/iecadaques\/wp-json\/wp\/v2\/pages\/19"}],"wp:attachment":[{"href":"https:\/\/agora.xtec.cat\/iecadaques\/wp-json\/wp\/v2\/media?parent=19258"}],"curies":[{"name":"wp","href":"https:\/\/api.w.org\/{rel}","templated":true}]}}