{"id":18783,"date":"2020-10-05T22:15:29","date_gmt":"2020-10-05T20:15:29","guid":{"rendered":"https:\/\/agora.xtec.cat\/iecadaques\/?page_id=18783"},"modified":"2024-07-25T11:35:25","modified_gmt":"2024-07-25T09:35:25","slug":"normes-dorganitzacio-i-funcionament-de-centre-nofc","status":"publish","type":"page","link":"https:\/\/agora.xtec.cat\/iecadaques\/projecte-educatiu\/normes-dorganitzacio-i-funcionament-de-centre-nofc\/","title":{"rendered":"Normes d&#8217;Organitzaci\u00f3 i Funcionament de Centre | NOFC"},"content":{"rendered":"<p>L\u2019organitzaci\u00f3 \u00e9s un instrument per desenvolupar i fer possible el projecte educatiu i, en \u00faltim terme, assolir l\u2019\u00e8xit educatiu.<br \/>\nLes normes d\u2019organitzaci\u00f3 i funcionament (NOFC) estableixen l\u2019estructura organitzativa del centre (criteris organitzatius i pedag\u00f2gics, procediments i altres aspectes de funcionament, participaci\u00f3 de la comunitat educativa en el centre educatiu, mesures de promoci\u00f3 de la conviv\u00e8ncia i mecanismes de resoluci\u00f3 de conflictes, entre altres).<\/p>\n<p>A continuaci\u00f3 podeu consultar les NOFC del centre:<\/p>\n<p><a href=\"https:\/\/agora.xtec.cat\/iecadaques\/wp-content\/uploads\/usu1969\/2024\/07\/NOFC-25-DE-JULIOL-DEL-2024.pdf\">Normes d&#8217;Organitzaci\u00f3 i Funcionament del Centre (NOFC)<\/a><\/p>\n","protected":false},"excerpt":{"rendered":"<p>L\u2019organitzaci\u00f3 \u00e9s un instrument per desenvolupar i fer possible el projecte educatiu i, en \u00faltim terme, assolir l\u2019\u00e8xit educatiu.<br \/>\nLes normes d\u2019organitzaci\u00f3 i funcionament (NOFC) estableixen l\u2019estructura organitzativa del centre (criteris organitzatius i pedag\u00f2gics, procediments i altres aspectes de funcionament, participaci\u00f3 de la comunitat educativa en&hellip;  <a href=\"https:\/\/agora.xtec.cat\/iecadaques\/projecte-educatiu\/normes-dorganitzacio-i-funcionament-de-centre-nofc\/\" title=\"Read Normes d&#8217;Organitzaci\u00f3 i Funcionament de Centre | NOFC\">Llegeix m\u00e9s\u00bb<\/a><\/p>\n","protected":false},"author":1,"featured_media":0,"parent":57,"menu_order":0,"comment_status":"closed","ping_status":"closed","template":"","meta":{"_bbp_topic_count":0,"_bbp_reply_count":0,"_bbp_total_topic_count":0,"_bbp_total_reply_count":0,"_bbp_voice_count":0,"_bbp_anonymous_reply_count":0,"_bbp_topic_count_hidden":0,"_bbp_reply_count_hidden":0,"_bbp_forum_subforum_count":0,"footnotes":""},"class_list":["post-18783","page","type-page","status-publish","hentry"],"post_mailing_queue_ids":[],"_links":{"self":[{"href":"https:\/\/agora.xtec.cat\/iecadaques\/wp-json\/wp\/v2\/pages\/18783","targetHints":{"allow":["GET"]}}],"collection":[{"href":"https:\/\/agora.xtec.cat\/iecadaques\/wp-json\/wp\/v2\/pages"}],"about":[{"href":"https:\/\/agora.xtec.cat\/iecadaques\/wp-json\/wp\/v2\/types\/page"}],"author":[{"embeddable":true,"href":"https:\/\/agora.xtec.cat\/iecadaques\/wp-json\/wp\/v2\/users\/1"}],"replies":[{"embeddable":true,"href":"https:\/\/agora.xtec.cat\/iecadaques\/wp-json\/wp\/v2\/comments?post=18783"}],"version-history":[{"count":5,"href":"https:\/\/agora.xtec.cat\/iecadaques\/wp-json\/wp\/v2\/pages\/18783\/revisions"}],"predecessor-version":[{"id":24492,"href":"https:\/\/agora.xtec.cat\/iecadaques\/wp-json\/wp\/v2\/pages\/18783\/revisions\/24492"}],"up":[{"embeddable":true,"href":"https:\/\/agora.xtec.cat\/iecadaques\/wp-json\/wp\/v2\/pages\/57"}],"wp:attachment":[{"href":"https:\/\/agora.xtec.cat\/iecadaques\/wp-json\/wp\/v2\/media?parent=18783"}],"curies":[{"name":"wp","href":"https:\/\/api.w.org\/{rel}","templated":true}]}}