{"id":18478,"date":"2020-09-29T21:01:04","date_gmt":"2020-09-29T19:01:04","guid":{"rendered":"https:\/\/agora.xtec.cat\/iecadaques\/?page_id=18478"},"modified":"2025-12-03T14:33:10","modified_gmt":"2025-12-03T13:33:10","slug":"pla-de-funcionament","status":"publish","type":"page","link":"https:\/\/agora.xtec.cat\/iecadaques\/serveis\/menjador\/pla-de-funcionament\/","title":{"rendered":"Pla de funcionament i programaci\u00f3"},"content":{"rendered":"<p>A continuaci\u00f3 trobareu l&#8217;enlla\u00e7 del Pla de Funcionament del menjador d&#8217;aquest curs 2025-2026.<\/p>\n<p><a href=\"https:\/\/agora.xtec.cat\/iecadaques\/wp-content\/uploads\/usu1969\/2025\/12\/PLA-DE-FUNCIONAMENT-MENJADOR-25-26f-1.pdf\">PLA DE FUNCIONAMENT MENJADOR 25-26<\/a><\/p>\n<p>Aix\u00ed mateix, us deixem la programaci\u00f3 de jocs del menjador.<\/p>\n<p><a href=\"https:\/\/agora.xtec.cat\/iecadaques\/wp-content\/uploads\/usu1969\/2024\/11\/Tris-Tras-a-jugar-24-25-S.pdf\">Programaci\u00f3 <\/a><\/p>\n","protected":false},"excerpt":{"rendered":"<p>A continuaci\u00f3 trobareu l&#8217;enlla\u00e7 del Pla de Funcionament del menjador d&#8217;aquest curs 2025-2026.<br \/>\n<a href=\"https:\/\/agora.xtec.cat\/iecadaques\/wp-content\/uploads\/usu1969\/2025\/12\/PLA-DE-FUNCIONAMENT-MENJADOR-25-26f-1.pdf\">PLA DE FUNCIONAMENT MENJADOR 25-26<\/a><br \/>\nAix\u00ed mateix, us deixem la programaci\u00f3 de jocs del menjador.<br \/>\n<a href=\"https:\/\/agora.xtec.cat\/iecadaques\/wp-content\/uploads\/usu1969\/2024\/11\/Tris-Tras-a-jugar-24-25-S.pdf\">Programaci\u00f3 <\/a><\/p>\n","protected":false},"author":1,"featured_media":0,"parent":18430,"menu_order":3,"comment_status":"closed","ping_status":"closed","template":"","meta":{"_bbp_topic_count":0,"_bbp_reply_count":0,"_bbp_total_topic_count":0,"_bbp_total_reply_count":0,"_bbp_voice_count":0,"_bbp_anonymous_reply_count":0,"_bbp_topic_count_hidden":0,"_bbp_reply_count_hidden":0,"_bbp_forum_subforum_count":0,"footnotes":""},"class_list":["post-18478","page","type-page","status-publish","hentry"],"post_mailing_queue_ids":[],"_links":{"self":[{"href":"https:\/\/agora.xtec.cat\/iecadaques\/wp-json\/wp\/v2\/pages\/18478","targetHints":{"allow":["GET"]}}],"collection":[{"href":"https:\/\/agora.xtec.cat\/iecadaques\/wp-json\/wp\/v2\/pages"}],"about":[{"href":"https:\/\/agora.xtec.cat\/iecadaques\/wp-json\/wp\/v2\/types\/page"}],"author":[{"embeddable":true,"href":"https:\/\/agora.xtec.cat\/iecadaques\/wp-json\/wp\/v2\/users\/1"}],"replies":[{"embeddable":true,"href":"https:\/\/agora.xtec.cat\/iecadaques\/wp-json\/wp\/v2\/comments?post=18478"}],"version-history":[{"count":6,"href":"https:\/\/agora.xtec.cat\/iecadaques\/wp-json\/wp\/v2\/pages\/18478\/revisions"}],"predecessor-version":[{"id":25143,"href":"https:\/\/agora.xtec.cat\/iecadaques\/wp-json\/wp\/v2\/pages\/18478\/revisions\/25143"}],"up":[{"embeddable":true,"href":"https:\/\/agora.xtec.cat\/iecadaques\/wp-json\/wp\/v2\/pages\/18430"}],"wp:attachment":[{"href":"https:\/\/agora.xtec.cat\/iecadaques\/wp-json\/wp\/v2\/media?parent=18478"}],"curies":[{"name":"wp","href":"https:\/\/api.w.org\/{rel}","templated":true}]}}