{"id":18452,"date":"2020-09-29T20:13:09","date_gmt":"2020-09-29T18:13:09","guid":{"rendered":"https:\/\/agora.xtec.cat\/iecadaques\/?page_id=18452"},"modified":"2021-01-22T20:43:53","modified_gmt":"2021-01-22T19:43:53","slug":"estudis","status":"publish","type":"page","link":"https:\/\/agora.xtec.cat\/iecadaques\/estudis\/","title":{"rendered":"Estudis"},"content":{"rendered":"<blockquote>\n<h6><em>\u00abL&#8217;educaci\u00f3 no planta llavors ens els infants i joves, sin\u00f3 que fa cr\u00e9ixer la llavor interior de cadasc\u00fa\u00bb<\/em><\/h6>\n<\/blockquote>\n<p style=\"text-align: right;\"><span style=\"font-family: inherit; font-size: 1em;\">Khalil Gibr\u00e1n<\/span><\/p>\n<p style=\"text-align: right;\"><img decoding=\"async\" class=\"alignnone size-full wp-image-20566\" style=\"font-family: inherit; font-size: 1em;\" src=\"https:\/\/agora.xtec.cat\/iecadaques\/wp-content\/uploads\/usu1969\/2020\/11\/pexels-akil-mazumder-1072824-e1605349005751.jpg\" alt=\"\" width=\"400rem\" height=\"\" \/><\/p>\n<p style=\"text-align: right;\">Foto de\u00a0<strong><a href=\"https:\/\/www.pexels.com\/ca-es\/@akilmazumder?utm_content=attributionCopyText&amp;utm_medium=referral&amp;utm_source=pexels\">Akil Mazumder<\/a><\/strong>\u00a0de\u00a0<strong><a href=\"https:\/\/www.pexels.com\/ca-es\/foto\/agricultura-brot-brotar-creixement-1072824\/?utm_content=attributionCopyText&amp;utm_medium=referral&amp;utm_source=pexels\">Pexels<\/a><\/strong><\/p>\n","protected":false},"excerpt":{"rendered":"<p>\u00abL&#8217;educaci\u00f3 no planta llavors ens els infants i joves, sin\u00f3 que fa cr\u00e9ixer la llavor interior de cadasc\u00fa\u00bb<\/p>\n<p>Khalil Gibr\u00e1n<\/p>\n<p>Foto de\u00a0<a href=\"https:\/\/www.pexels.com\/ca-es\/@akilmazumder?utm_content=attributionCopyText&amp;utm_medium=referral&amp;utm_source=pexels\">Akil Mazumder<\/a>\u00a0de\u00a0<a href=\"https:\/\/www.pexels.com\/ca-es\/foto\/agricultura-brot-brotar-creixement-1072824\/?utm_content=attributionCopyText&amp;utm_medium=referral&amp;utm_source=pexels\">Pexels<\/a><\/p>\n","protected":false},"author":48,"featured_media":0,"parent":0,"menu_order":0,"comment_status":"closed","ping_status":"closed","template":"","meta":{"_bbp_topic_count":0,"_bbp_reply_count":0,"_bbp_total_topic_count":0,"_bbp_total_reply_count":0,"_bbp_voice_count":0,"_bbp_anonymous_reply_count":0,"_bbp_topic_count_hidden":0,"_bbp_reply_count_hidden":0,"_bbp_forum_subforum_count":0,"footnotes":""},"class_list":["post-18452","page","type-page","status-publish","hentry"],"post_mailing_queue_ids":[],"_links":{"self":[{"href":"https:\/\/agora.xtec.cat\/iecadaques\/wp-json\/wp\/v2\/pages\/18452","targetHints":{"allow":["GET"]}}],"collection":[{"href":"https:\/\/agora.xtec.cat\/iecadaques\/wp-json\/wp\/v2\/pages"}],"about":[{"href":"https:\/\/agora.xtec.cat\/iecadaques\/wp-json\/wp\/v2\/types\/page"}],"author":[{"embeddable":true,"href":"https:\/\/agora.xtec.cat\/iecadaques\/wp-json\/wp\/v2\/users\/48"}],"replies":[{"embeddable":true,"href":"https:\/\/agora.xtec.cat\/iecadaques\/wp-json\/wp\/v2\/comments?post=18452"}],"version-history":[{"count":4,"href":"https:\/\/agora.xtec.cat\/iecadaques\/wp-json\/wp\/v2\/pages\/18452\/revisions"}],"predecessor-version":[{"id":21213,"href":"https:\/\/agora.xtec.cat\/iecadaques\/wp-json\/wp\/v2\/pages\/18452\/revisions\/21213"}],"wp:attachment":[{"href":"https:\/\/agora.xtec.cat\/iecadaques\/wp-json\/wp\/v2\/media?parent=18452"}],"curies":[{"name":"wp","href":"https:\/\/api.w.org\/{rel}","templated":true}]}}