{"id":9848,"date":"2018-02-05T15:43:29","date_gmt":"2018-02-05T14:43:29","guid":{"rendered":"http:\/\/agora.xtec.cat\/iebarnola\/?page_id=9848"},"modified":"2021-01-29T06:31:45","modified_gmt":"2021-01-29T05:31:45","slug":"lampa","status":"publish","type":"page","link":"https:\/\/agora.xtec.cat\/iebarnola\/lampa\/","title":{"rendered":"L&#8217;AFA"},"content":{"rendered":"<h6><span style=\"font-size: medium;\">L&#8217;AFA \u00e9s l&#8217;Associaci\u00f3 de fam\u00edlies d&#8217;alumnes de l&#8217;Institut Escola. El nostre objectiu \u00e9s treballar en col\u00b7laboraci\u00f3 amb els\/les docents per mantenir i millorar la qualitat de l&#8217;ensenyament que reben els nostres fills i filles. <\/span><\/h6>\n<h6><span style=\"font-size: medium;\">Enlla\u00e7os d&#8217;inter\u00e8s per a les fam\u00edlies:<br \/>\n<\/span><\/h6>\n<table style=\"border-collapse: collapse; width: 100%;\" border=\"1\">\n<tbody>\n<tr>\n<td style=\"width: 50%;\"><a href=\"http:\/\/familiaiescola.gencat.cat\/ca\/\"><img loading=\"lazy\" decoding=\"async\" class=\"aligncenter size-full wp-image-10402\" src=\"http:\/\/agora.xtec.cat\/iebarnola\/wp-content\/uploads\/usu1586\/2018\/10\/famc3adlia-i-escola-generalitat-de-catalunya.png\" alt=\"\" width=\"650\" height=\"184\" srcset=\"https:\/\/agora.xtec.cat\/iebarnola\/wp-content\/uploads\/usu1586\/2018\/10\/famc3adlia-i-escola-generalitat-de-catalunya.png 650w, https:\/\/agora.xtec.cat\/iebarnola\/wp-content\/uploads\/usu1586\/2018\/10\/famc3adlia-i-escola-generalitat-de-catalunya-300x85.png 300w\" sizes=\"auto, (max-width: 650px) 100vw, 650px\" \/><\/a><\/td>\n<td style=\"width: 50%;\">\n<h5><a href=\"http:\/\/familiaiescola.gencat.cat\/ca\/\">FAM\u00cdLIA I ESCOLA<\/a><\/h5>\n<\/td>\n<\/tr>\n<tr>\n<td style=\"width: 50%;\"><a href=\"https:\/\/internetsegura.cat\/\"><img loading=\"lazy\" decoding=\"async\" class=\"aligncenter size-full wp-image-10403\" src=\"http:\/\/agora.xtec.cat\/iebarnola\/wp-content\/uploads\/usu1586\/2018\/10\/internet-segura.png\" alt=\"\" width=\"350\" height=\"131\" srcset=\"https:\/\/agora.xtec.cat\/iebarnola\/wp-content\/uploads\/usu1586\/2018\/10\/internet-segura.png 350w, https:\/\/agora.xtec.cat\/iebarnola\/wp-content\/uploads\/usu1586\/2018\/10\/internet-segura-300x112.png 300w\" sizes=\"auto, (max-width: 350px) 100vw, 350px\" \/><\/a><\/td>\n<td style=\"width: 50%;\">\n<h5><a href=\"https:\/\/internetsegura.cat\/\">INTERNET SEGURA<\/a><\/h5>\n<\/td>\n<\/tr>\n<\/tbody>\n<\/table>\n<h6><span style=\"font-size: medium;\">\u00a0<\/span><\/h6>\n","protected":false},"excerpt":{"rendered":"<p>L&#8217;AFA \u00e9s l&#8217;Associaci\u00f3 de fam\u00edlies d&#8217;alumnes de l&#8217;Institut Escola. El nostre objectiu \u00e9s treballar en col\u00b7laboraci\u00f3 amb els\/les docents per mantenir i millorar la qualitat de l&#8217;ensenyament que reben els nostres fills i filles.<br \/>\nEnlla\u00e7os d&#8217;inter\u00e8s per a les fam\u00edlies:<\/p>\n<p><a href=\"http:\/\/familiaiescola.gencat.cat\/ca\/\"><\/a><\/p>\n<p><a href=\"http:\/\/familiaiescola.gencat.cat\/ca\/\">FAM\u00cdLIA I ESCOLA<\/a><\/p>\n<p><a href=\"https:\/\/internetsegura.cat\/\"><\/a><\/p>\n<p><a&hellip;  <a href=\"https:\/\/agora.xtec.cat\/iebarnola\/lampa\/\" title=\"Read L&#8217;AFA\">Llegeix m\u00e9s\u00bb<\/a><\/p>\n","protected":false},"author":1,"featured_media":0,"parent":0,"menu_order":0,"comment_status":"closed","ping_status":"closed","template":"page-templates\/side-menu.php","meta":{"_bbp_topic_count":0,"_bbp_reply_count":0,"_bbp_total_topic_count":0,"_bbp_total_reply_count":0,"_bbp_voice_count":0,"_bbp_anonymous_reply_count":0,"_bbp_topic_count_hidden":0,"_bbp_reply_count_hidden":0,"_bbp_forum_subforum_count":0,"footnotes":""},"class_list":["post-9848","page","type-page","status-publish","hentry"],"post_mailing_queue_ids":[],"_links":{"self":[{"href":"https:\/\/agora.xtec.cat\/iebarnola\/wp-json\/wp\/v2\/pages\/9848","targetHints":{"allow":["GET"]}}],"collection":[{"href":"https:\/\/agora.xtec.cat\/iebarnola\/wp-json\/wp\/v2\/pages"}],"about":[{"href":"https:\/\/agora.xtec.cat\/iebarnola\/wp-json\/wp\/v2\/types\/page"}],"author":[{"embeddable":true,"href":"https:\/\/agora.xtec.cat\/iebarnola\/wp-json\/wp\/v2\/users\/1"}],"replies":[{"embeddable":true,"href":"https:\/\/agora.xtec.cat\/iebarnola\/wp-json\/wp\/v2\/comments?post=9848"}],"version-history":[{"count":4,"href":"https:\/\/agora.xtec.cat\/iebarnola\/wp-json\/wp\/v2\/pages\/9848\/revisions"}],"predecessor-version":[{"id":13634,"href":"https:\/\/agora.xtec.cat\/iebarnola\/wp-json\/wp\/v2\/pages\/9848\/revisions\/13634"}],"wp:attachment":[{"href":"https:\/\/agora.xtec.cat\/iebarnola\/wp-json\/wp\/v2\/media?parent=9848"}],"curies":[{"name":"wp","href":"https:\/\/api.w.org\/{rel}","templated":true}]}}