{"id":9740,"date":"2017-09-19T12:34:25","date_gmt":"2017-09-19T10:34:25","guid":{"rendered":"http:\/\/agora.xtec.cat\/iebarnola\/?page_id=9740"},"modified":"2025-10-12T13:23:27","modified_gmt":"2025-10-12T11:23:27","slug":"programacio-general-anual-2017-18","status":"publish","type":"page","link":"https:\/\/agora.xtec.cat\/iebarnola\/curs-2017-18\/programacio-general-anual-2017-18\/","title":{"rendered":"PGA i Mem\u00f2ria anual"},"content":{"rendered":"<p>La Programaci\u00f3 General Anual, recull totes les dades necess\u00e0ries per a l\u2019organitzaci\u00f3 i el funcionament del nostre centre. Creiem que ha de ser un mitj\u00e0 d\u2019organitzaci\u00f3 que ens ajudi a modificar, durant tot el curs, una situaci\u00f3 de partida que hem analitzat detingudament.<\/p>\n<p>El seguiment i la proposta d\u2019avaluaci\u00f3 d\u2019aquesta programaci\u00f3 donaran com a resultat l\u2019elaboraci\u00f3 de la Mem\u00f2ria Anual que servir\u00e0 de base per la redacci\u00f3 de la programaci\u00f3 del seg\u00fcent any.<\/p>\n<p>D\u2019acord amb el que disposa el marc legal establert, l\u2019article 102\/2010, d\u2019autonomia dels centres educatius, aquesta Programaci\u00f3 General Anual ha estat elaborada per l\u2019equip directiu, amb aportacions de tots els membres del Claustre de Mestres i ha estat aprovada pel Director havent estat informat el Consell Escolar.<\/p>\n<p>Es publicar\u00e0 a la nostra p\u00e0gina web, perqu\u00e8 tota la comunitat educativa n\u2019estigui informada.<\/p>\n<p>Podeu consultar-la seguint aquest enlla\u00e7: <a href=\"https:\/\/agora.xtec.cat\/iebarnola\/wp-content\/uploads\/usu1586\/2025\/10\/Resum-PGA-25-26.pdf\">Resum PGA 25-26<\/a><\/p>\n<p>&nbsp;<\/p>\n<p>&nbsp;<\/p>\n<p>&nbsp;<\/p>\n","protected":false},"excerpt":{"rendered":"<p>La Programaci\u00f3 General Anual, recull totes les dades necess\u00e0ries per a l\u2019organitzaci\u00f3 i el funcionament del nostre centre. Creiem que ha de ser un mitj\u00e0 d\u2019organitzaci\u00f3 que ens ajudi a modificar, durant tot el curs, una situaci\u00f3 de partida que hem analitzat detingudament.<br \/>\nEl seguiment i&hellip;  <a href=\"https:\/\/agora.xtec.cat\/iebarnola\/curs-2017-18\/programacio-general-anual-2017-18\/\" title=\"Read PGA i Mem\u00f2ria anual\">Llegeix m\u00e9s\u00bb<\/a><\/p>\n","protected":false},"author":1,"featured_media":0,"parent":9843,"menu_order":60,"comment_status":"closed","ping_status":"closed","template":"page-templates\/side-menu.php","meta":{"_bbp_topic_count":0,"_bbp_reply_count":0,"_bbp_total_topic_count":0,"_bbp_total_reply_count":0,"_bbp_voice_count":0,"_bbp_anonymous_reply_count":0,"_bbp_topic_count_hidden":0,"_bbp_reply_count_hidden":0,"_bbp_forum_subforum_count":0,"footnotes":""},"class_list":["post-9740","page","type-page","status-publish","hentry"],"post_mailing_queue_ids":[],"_links":{"self":[{"href":"https:\/\/agora.xtec.cat\/iebarnola\/wp-json\/wp\/v2\/pages\/9740","targetHints":{"allow":["GET"]}}],"collection":[{"href":"https:\/\/agora.xtec.cat\/iebarnola\/wp-json\/wp\/v2\/pages"}],"about":[{"href":"https:\/\/agora.xtec.cat\/iebarnola\/wp-json\/wp\/v2\/types\/page"}],"author":[{"embeddable":true,"href":"https:\/\/agora.xtec.cat\/iebarnola\/wp-json\/wp\/v2\/users\/1"}],"replies":[{"embeddable":true,"href":"https:\/\/agora.xtec.cat\/iebarnola\/wp-json\/wp\/v2\/comments?post=9740"}],"version-history":[{"count":6,"href":"https:\/\/agora.xtec.cat\/iebarnola\/wp-json\/wp\/v2\/pages\/9740\/revisions"}],"predecessor-version":[{"id":18513,"href":"https:\/\/agora.xtec.cat\/iebarnola\/wp-json\/wp\/v2\/pages\/9740\/revisions\/18513"}],"up":[{"embeddable":true,"href":"https:\/\/agora.xtec.cat\/iebarnola\/wp-json\/wp\/v2\/pages\/9843"}],"wp:attachment":[{"href":"https:\/\/agora.xtec.cat\/iebarnola\/wp-json\/wp\/v2\/media?parent=9740"}],"curies":[{"name":"wp","href":"https:\/\/api.w.org\/{rel}","templated":true}]}}