{"id":9523,"date":"2017-11-29T16:40:08","date_gmt":"2017-11-29T15:40:08","guid":{"rendered":"http:\/\/agora.xtec.cat\/iebarnola\/?page_id=9523"},"modified":"2022-10-14T06:56:46","modified_gmt":"2022-10-14T04:56:46","slug":"noticies-2","status":"publish","type":"page","link":"https:\/\/agora.xtec.cat\/iebarnola\/lampa\/noticies-2\/","title":{"rendered":"Not\u00edcies"},"content":{"rendered":"<p>Benvolgudes fam\u00edlies,<\/p>\n<p>Vols saber qu\u00e8 i qui \u00e9s l&#8217;AFA? Com fer-se&#8217;n soci? Quins avantatges suposa? Quines s\u00f3n les tasques i l&#8217;estructura de l&#8217;AFA?<\/p>\n<p>A continuaci\u00f3 l&#8217;explicaci\u00f3 en el seg\u00fcent document: <a href=\"https:\/\/agora.xtec.cat\/iebarnola\/wp-content\/uploads\/usu1586\/2022\/10\/Document-AFA_.pdf\">Document AFA_<\/a><\/p>\n<p>&nbsp;<\/p>\n<p>Enlla\u00e7 al document ALTA SOCI AFA: <a href=\"https:\/\/agora.xtec.cat\/iebarnola\/wp-content\/uploads\/usu1586\/2022\/10\/Alta-soci-AFA.pdf\">Alta soci AFA<\/a><\/p>\n<div>\u00a0<\/div>\n<div>\u00a0<\/div>\n<div>\u00a0<\/div>\n<div>\u00a0<\/div>\n","protected":false},"excerpt":{"rendered":"<p>Benvolgudes fam\u00edlies,<br \/>\nVols saber qu\u00e8 i qui \u00e9s l&#8217;AFA? Com fer-se&#8217;n soci? Quins avantatges suposa? Quines s\u00f3n les tasques i l&#8217;estructura de l&#8217;AFA?<br \/>\nA continuaci\u00f3 l&#8217;explicaci\u00f3 en el seg\u00fcent document: <a href=\"https:\/\/agora.xtec.cat\/iebarnola\/wp-content\/uploads\/usu1586\/2022\/10\/Document-AFA_.pdf\">Document AFA_<\/a><br \/>\n&nbsp;<br \/>\nEnlla\u00e7 al document ALTA SOCI AFA: <a href=\"https:\/\/agora.xtec.cat\/iebarnola\/wp-content\/uploads\/usu1586\/2022\/10\/Alta-soci-AFA.pdf\">Alta soci AFA<\/a><br \/>\n\u00a0<br \/>\n\u00a0<br \/>\n\u00a0<br \/>\n\u00a0<\/p>\n","protected":false},"author":1,"featured_media":0,"parent":9848,"menu_order":20,"comment_status":"closed","ping_status":"closed","template":"page-templates\/side-menu.php","meta":{"_bbp_topic_count":0,"_bbp_reply_count":0,"_bbp_total_topic_count":0,"_bbp_total_reply_count":0,"_bbp_voice_count":0,"_bbp_anonymous_reply_count":0,"_bbp_topic_count_hidden":0,"_bbp_reply_count_hidden":0,"_bbp_forum_subforum_count":0,"footnotes":""},"class_list":["post-9523","page","type-page","status-publish","hentry"],"post_mailing_queue_ids":[],"_links":{"self":[{"href":"https:\/\/agora.xtec.cat\/iebarnola\/wp-json\/wp\/v2\/pages\/9523","targetHints":{"allow":["GET"]}}],"collection":[{"href":"https:\/\/agora.xtec.cat\/iebarnola\/wp-json\/wp\/v2\/pages"}],"about":[{"href":"https:\/\/agora.xtec.cat\/iebarnola\/wp-json\/wp\/v2\/types\/page"}],"author":[{"embeddable":true,"href":"https:\/\/agora.xtec.cat\/iebarnola\/wp-json\/wp\/v2\/users\/1"}],"replies":[{"embeddable":true,"href":"https:\/\/agora.xtec.cat\/iebarnola\/wp-json\/wp\/v2\/comments?post=9523"}],"version-history":[{"count":3,"href":"https:\/\/agora.xtec.cat\/iebarnola\/wp-json\/wp\/v2\/pages\/9523\/revisions"}],"predecessor-version":[{"id":16125,"href":"https:\/\/agora.xtec.cat\/iebarnola\/wp-json\/wp\/v2\/pages\/9523\/revisions\/16125"}],"up":[{"embeddable":true,"href":"https:\/\/agora.xtec.cat\/iebarnola\/wp-json\/wp\/v2\/pages\/9848"}],"wp:attachment":[{"href":"https:\/\/agora.xtec.cat\/iebarnola\/wp-json\/wp\/v2\/media?parent=9523"}],"curies":[{"name":"wp","href":"https:\/\/api.w.org\/{rel}","templated":true}]}}