{"id":32,"date":"2017-10-18T12:31:33","date_gmt":"2017-10-18T10:31:33","guid":{"rendered":"http:\/\/agora.xtec.cat\/iebarnola\/?page_id=32"},"modified":"2025-12-18T06:25:10","modified_gmt":"2025-12-18T05:25:10","slug":"calendari-del-curs","status":"publish","type":"page","link":"https:\/\/agora.xtec.cat\/iebarnola\/curs-2017-18\/calendari-del-curs\/","title":{"rendered":"Horari &#8211; calendari del curs"},"content":{"rendered":"<h4><strong>Horari<\/strong><\/h4>\n<p><strong>ESO:<\/strong> de 8:30 a 13:30h i de 14:30 a 16h.<\/p>\n<p><strong>INFANTIL I PRIM\u00c0RIA<\/strong>: de 9h a 12:30 i de 14:30 a 16h.<\/p>\n<p><em>Les portes exteriors del pati s&#8217;obren a les 8:55 i a les 14:25.<\/em><\/p>\n<div>L&#8217;horari del centre en jornada continuada \u00e9s:\u00a0<\/div>\n<div>\u00a0<\/div>\n<div>EI i EP- de 9h a 13h<\/div>\n<div>ESO- de 8:30 a 14h (excepte el darrer dia del 1r trimestre i el darrer dia de curs, que l&#8217;horari ser\u00e0 de 8:30 a 13h).<\/div>\n<div>\u00a0<\/div>\n<div>\u00a0<\/div>\n<div>L&#8217;horari de menjador en jornada continuada \u00e9s:<\/div>\n<div>\u00a0<\/div>\n<div>&#8211; EI i EP- de 13h a 15h<\/div>\n<div>&#8211; ESO- de 14h a 15h*\u00a0<\/div>\n<div>*<em>Si es vol sortir abans, cal autoritzaci\u00f3 pr\u00e8via per part de la fam\u00edlia.\u00a0<\/em><\/div>\n<p>&nbsp;<\/p>\n<h4><strong>Entrades i sortides<br \/>\n<\/strong><\/h4>\n<table style=\"border-collapse: collapse; width: 62.7018%; height: 192px;\">\n<tbody>\n<tr style=\"height: 32px;\">\n<td style=\"width: 15.1238%; height: 32px;\">Cicle<\/td>\n<td style=\"width: 52.1527%; height: 32px;\">Acc\u00e9s<\/td>\n<td style=\"width: 19.38%; height: 32px;\">Aparcament de bicicletes i patinets<\/td>\n<\/tr>\n<tr style=\"height: 32px;\">\n<td style=\"width: 15.1238%; height: 32px;\">Minis (I3-I4)<\/td>\n<td style=\"width: 52.1527%; height: 32px;\">C\/Ind\u00fastria &#8211; Entrada porxo<\/td>\n<td style=\"width: 19.38%; height: 32px;\">Pati<\/td>\n<\/tr>\n<tr style=\"height: 32px;\">\n<td style=\"width: 15.1238%; height: 32px;\">Petits (I5-1r)<\/td>\n<td style=\"width: 52.1527%; height: 32px;\">C\/Ind\u00fastria &#8211; Porta principal<\/td>\n<td style=\"width: 19.38%; height: 32px;\">Pati<\/td>\n<\/tr>\n<tr style=\"height: 32px;\">\n<td style=\"width: 15.1238%; height: 32px;\">Mitjans (2n-3r)<\/td>\n<td style=\"width: 52.1527%; height: 32px;\">C\/Ind\u00fastria &#8211; Porta principal<\/td>\n<td style=\"width: 19.38%; height: 32px;\">Pati<\/td>\n<\/tr>\n<tr style=\"height: 32px;\">\n<td style=\"width: 15.1238%; height: 32px;\">Grans (4t-5\u00e8)<\/td>\n<td style=\"width: 52.1527%; height: 32px;\">C\/Entitats &#8211; Entrada porxo<\/td>\n<td style=\"width: 19.38%; height: 32px;\">Pati<\/td>\n<\/tr>\n<tr style=\"height: 32px;\">\n<td style=\"width: 15.1238%; height: 32px;\">Grans (6\u00e8)<\/td>\n<td style=\"width: 52.1527%; height: 32px;\">C\/Ind\u00fastria &#8211; Porta principal<\/td>\n<td style=\"width: 19.38%; height: 32px;\">Pati<\/td>\n<\/tr>\n<tr>\n<td style=\"width: 15.1238%;\">ESO (1r i 3r)<\/td>\n<td style=\"width: 52.1527%;\">C\/Joan Or\u00f3 &#8211; Portes del pati<\/td>\n<td style=\"width: 19.38%;\">Pati<\/td>\n<\/tr>\n<tr>\n<td style=\"width: 15.1238%;\">ESO (2n i 4t)<\/td>\n<td style=\"width: 52.1527%;\">C\/Joan Or\u00f3 &#8211; Portes del pati<\/td>\n<td style=\"width: 19.38%;\">Pati<\/td>\n<\/tr>\n<\/tbody>\n<\/table>\n<p>Les entrades del pati s\u00f3n: la porta del C\/ Entitats i la porta del C\/ Joan Or\u00f3.<\/p>\n<h4>\u00a0<\/h4>\n<h4><strong>Inici de curs<\/strong><\/h4>\n<p>8 de setembre de 2025 a Infantil, Prim\u00e0ria i ESO.<\/p>\n<p>&nbsp;<\/p>\n<h4><strong>Vacances<\/strong><\/h4>\n<p>Nadal: Del 20 de desembre de 2025 al 7 de gener de 2026, ambd\u00f3s inclosos<\/p>\n<p>Setmana Santa: Del 28 de mar\u00e7 al 6 d\u2019abril de 2026, ambd\u00f3s inclosos<\/p>\n<p>Fi de curs: El 19 de juny de 2026.<\/p>\n<h4>\u00a0<\/h4>\n<h4><strong>Dies festius<\/strong><\/h4>\n<p>11 de setembre (dijous)<\/p>\n<p>8 de desembre (dilluns)<\/p>\n<p>1 de maig (divendres)<\/p>\n<h4>\u00a0<\/h4>\n<h4><strong>Dies festius de lliure disposici\u00f3<\/strong><\/h4>\n<p>Festa Local: 22 de setembre (Festa Major) i 25 de maig (Segona Pasqua)<\/p>\n<p>3 de novembre (dilluns)<\/p>\n<p>5 de desembre (divendres)<\/p>\n<p>23 de febrer (dilluns)<\/p>\n<p>4 de maig (dilluns)<\/p>\n<p>&nbsp;<\/p>\n<h4><strong>Festes que celebrem a l&#8217;Institut Escola<\/strong><\/h4>\n<p>La castanyada (31 d&#8217;octubre del 2025)<\/p>\n<p>Nadal (19 de desembre del 2025)<\/p>\n<p>Carnestoltes (20 de febrer del 2026)<\/p>\n<p>Sant Jordi (23 d&#8217;abril del 2026)<\/p>\n<p>&nbsp;<\/p>\n<h4><strong>Jornada continuada<\/strong><\/h4>\n<p>19 de desembre de 2025<\/p>\n<p>Del 8 al 19 de juny de 2026<\/p>\n<h4>\u00a0<\/h4>\n<h4><strong>Fi de curs<\/strong><\/h4>\n<p>19 de juny de 2026 a Infantil, Prim\u00e0ria i ESO.<\/p>\n<p>&nbsp;<\/p>\n<h4><strong>Enlla\u00e7 al calendari en format paper: <a href=\"https:\/\/agora.xtec.cat\/iebarnola\/wp-content\/uploads\/usu1586\/2025\/06\/25-26-Calendari-escolar.pdf\">25-26 Calendari escolar<\/a><\/strong><\/h4>\n<p>&nbsp;<\/p>\n<p>&nbsp;<\/p>\n<p>&nbsp;<\/p>\n<p>&nbsp;<\/p>\n","protected":false},"excerpt":{"rendered":"<p>Horari<br \/>\nESO: de 8:30 a 13:30h i de 14:30 a 16h.<br \/>\nINFANTIL I PRIM\u00c0RIA: de 9h a 12:30 i de 14:30 a 16h.<br \/>\nLes portes exteriors del pati s&#8217;obren a les 8:55 i a les 14:25.<br \/>\nL&#8217;horari del centre en jornada continuada \u00e9s:\u00a0<br \/>\n\u00a0<br \/>\nEI i EP- de 9h a 13h<br \/>\nESO-&hellip;  <a href=\"https:\/\/agora.xtec.cat\/iebarnola\/curs-2017-18\/calendari-del-curs\/\" title=\"Read Horari &#8211; calendari del curs\">Llegeix m\u00e9s\u00bb<\/a><\/p>\n","protected":false},"author":1,"featured_media":0,"parent":9843,"menu_order":30,"comment_status":"closed","ping_status":"closed","template":"page-templates\/side-menu.php","meta":{"_bbp_topic_count":0,"_bbp_reply_count":0,"_bbp_total_topic_count":0,"_bbp_total_reply_count":0,"_bbp_voice_count":0,"_bbp_anonymous_reply_count":0,"_bbp_topic_count_hidden":0,"_bbp_reply_count_hidden":0,"_bbp_forum_subforum_count":0,"footnotes":""},"class_list":["post-32","page","type-page","status-publish","hentry"],"post_mailing_queue_ids":[],"_links":{"self":[{"href":"https:\/\/agora.xtec.cat\/iebarnola\/wp-json\/wp\/v2\/pages\/32","targetHints":{"allow":["GET"]}}],"collection":[{"href":"https:\/\/agora.xtec.cat\/iebarnola\/wp-json\/wp\/v2\/pages"}],"about":[{"href":"https:\/\/agora.xtec.cat\/iebarnola\/wp-json\/wp\/v2\/types\/page"}],"author":[{"embeddable":true,"href":"https:\/\/agora.xtec.cat\/iebarnola\/wp-json\/wp\/v2\/users\/1"}],"replies":[{"embeddable":true,"href":"https:\/\/agora.xtec.cat\/iebarnola\/wp-json\/wp\/v2\/comments?post=32"}],"version-history":[{"count":6,"href":"https:\/\/agora.xtec.cat\/iebarnola\/wp-json\/wp\/v2\/pages\/32\/revisions"}],"predecessor-version":[{"id":18660,"href":"https:\/\/agora.xtec.cat\/iebarnola\/wp-json\/wp\/v2\/pages\/32\/revisions\/18660"}],"up":[{"embeddable":true,"href":"https:\/\/agora.xtec.cat\/iebarnola\/wp-json\/wp\/v2\/pages\/9843"}],"wp:attachment":[{"href":"https:\/\/agora.xtec.cat\/iebarnola\/wp-json\/wp\/v2\/media?parent=32"}],"curies":[{"name":"wp","href":"https:\/\/api.w.org\/{rel}","templated":true}]}}