{"id":26,"date":"2014-09-18T12:24:32","date_gmt":"2014-09-18T10:24:32","guid":{"rendered":"http:\/\/agora.xtec.cat\/iebarnola\/?page_id=26"},"modified":"2019-09-07T07:56:19","modified_gmt":"2019-09-07T05:56:19","slug":"historia","status":"publish","type":"page","link":"https:\/\/agora.xtec.cat\/iebarnola\/lescola\/historia\/","title":{"rendered":"Hist\u00f2ria"},"content":{"rendered":"<p><span style=\"font-size: medium;\">L&#8217;Escola Barnola inici\u00e0 la seva activitat docent el dia 15 de setembre del 1974. La seva construcci\u00f3 fou possible gr\u00e0cies a l&#8217;anomenat Pla d&#8217;Urg\u00e8ncia dissenyat pel MEC durant la d\u00e8cada dels setanta. <\/span><\/p>\n<p><span style=\"font-size: medium;\">Cal esmentar que, fins llavors, existien dos centres escolars: el Jaume Balmes, de car\u00e0cter p\u00fablic, i el Josep Illa i Font de titularitat religiosa (Germanes del Sagrat Cor). L&#8217;alumnat del primer estava repartit en tres aules: dues dins el mateix edifici i la tercera als baixos de la Casa de la Vila. El primer grup, dirigit per una mestra, estava integrat per totes les nenes matriculades a l&#8217;escola estatal. El segon, a c\u00e0rrec d&#8217;un mestre, era format pels nens m\u00e9s petits i el tercer, tamb\u00e9 dirigit per un mestre, el formaven els nens dels cursos m\u00e9s alts. <\/span><\/p>\n<p><a href=\"http:\/\/agora.xtec.cat\/iebarnola\/wp-content\/uploads\/usu1586\/2014\/09\/Edifici-i-patis2.jpg\"><img loading=\"lazy\" decoding=\"async\" class=\"wp-image-526 size-medium aligncenter\" src=\"http:\/\/agora.xtec.cat\/iebarnola\/wp-content\/uploads\/usu1586\/2014\/09\/Edifici-i-patis2-300x192.jpg\" alt=\"edifici-i-patis2\" width=\"300\" height=\"192\" srcset=\"https:\/\/agora.xtec.cat\/iebarnola\/wp-content\/uploads\/usu1586\/2014\/09\/Edifici-i-patis2-300x192.jpg 300w, https:\/\/agora.xtec.cat\/iebarnola\/wp-content\/uploads\/usu1586\/2014\/09\/Edifici-i-patis2-768x492.jpg 768w, https:\/\/agora.xtec.cat\/iebarnola\/wp-content\/uploads\/usu1586\/2014\/09\/Edifici-i-patis2.jpg 800w\" sizes=\"auto, (max-width: 300px) 100vw, 300px\" \/><\/a><\/p>\n<p><span style=\"font-size: medium;\">L&#8217;escola privada estava oberta a tots els alumnes menors de sis anys. A partir d&#8217;aquesta edat nom\u00e9s hi podien cursar estudis les nenes que ho desitgessin. M\u00e9s endavant es convert\u00ed en un centre mixte. <\/span><\/p>\n<p><span style=\"font-size: medium;\">A partir del curs 1986-87, a conseq\u00fc\u00e8ncia del tancament del centre privat, la nostra escola es convert\u00ed en la \u00fanica opci\u00f3 educativa pels alumnes de Preescolar i E.G.B. Aix\u00f2 possibilit\u00e0 l&#8217;augment de la plantilla docent i s&#8217;assol\u00ed l&#8217;ambicionat objectiu de disposar d&#8217;un mestre per nivell educatiu. <\/span><\/p>\n<p><span style=\"font-size: medium;\">En els darrers anys, la recerca per l&#8217;actualitzaci\u00f3 educativa, ha significat format part de la mostra d&#8217;Escola Nova 21, un programa de transformaci\u00f3 educativa amb el prop\u00f2sit dirigit a desenvolupar compet\u00e8ncies per a la vida i unes pr\u00e0ctiques d&#8217;aprenentatge fonamentades en el coneixement existent de com les persones aprenem. El curs 19-20, fruit del projecte educatiu de centre, comencem una nova etapa, anhelada per fam\u00edlies, Ajuntament i Escola, esdevenint Institut Escola.<\/span><\/p>\n<p>&nbsp;<\/p>\n","protected":false},"excerpt":{"rendered":"<p>L&#8217;Escola Barnola inici\u00e0 la seva activitat docent el dia 15 de setembre del 1974. La seva construcci\u00f3 fou possible gr\u00e0cies a l&#8217;anomenat Pla d&#8217;Urg\u00e8ncia dissenyat pel MEC durant la d\u00e8cada dels setanta.<br \/>\nCal esmentar que, fins llavors, existien dos centres escolars: el Jaume Balmes, de&hellip;  <a href=\"https:\/\/agora.xtec.cat\/iebarnola\/lescola\/historia\/\" title=\"Read Hist\u00f2ria\">Llegeix m\u00e9s\u00bb<\/a><\/p>\n","protected":false},"author":1,"featured_media":0,"parent":22,"menu_order":30,"comment_status":"closed","ping_status":"closed","template":"page-templates\/side-menu.php","meta":{"_bbp_topic_count":0,"_bbp_reply_count":0,"_bbp_total_topic_count":0,"_bbp_total_reply_count":0,"_bbp_voice_count":0,"_bbp_anonymous_reply_count":0,"_bbp_topic_count_hidden":0,"_bbp_reply_count_hidden":0,"_bbp_forum_subforum_count":0,"footnotes":""},"class_list":["post-26","page","type-page","status-publish","hentry"],"post_mailing_queue_ids":[],"_links":{"self":[{"href":"https:\/\/agora.xtec.cat\/iebarnola\/wp-json\/wp\/v2\/pages\/26","targetHints":{"allow":["GET"]}}],"collection":[{"href":"https:\/\/agora.xtec.cat\/iebarnola\/wp-json\/wp\/v2\/pages"}],"about":[{"href":"https:\/\/agora.xtec.cat\/iebarnola\/wp-json\/wp\/v2\/types\/page"}],"author":[{"embeddable":true,"href":"https:\/\/agora.xtec.cat\/iebarnola\/wp-json\/wp\/v2\/users\/1"}],"replies":[{"embeddable":true,"href":"https:\/\/agora.xtec.cat\/iebarnola\/wp-json\/wp\/v2\/comments?post=26"}],"version-history":[{"count":3,"href":"https:\/\/agora.xtec.cat\/iebarnola\/wp-json\/wp\/v2\/pages\/26\/revisions"}],"predecessor-version":[{"id":11644,"href":"https:\/\/agora.xtec.cat\/iebarnola\/wp-json\/wp\/v2\/pages\/26\/revisions\/11644"}],"up":[{"embeddable":true,"href":"https:\/\/agora.xtec.cat\/iebarnola\/wp-json\/wp\/v2\/pages\/22"}],"wp:attachment":[{"href":"https:\/\/agora.xtec.cat\/iebarnola\/wp-json\/wp\/v2\/media?parent=26"}],"curies":[{"name":"wp","href":"https:\/\/api.w.org\/{rel}","templated":true}]}}