{"id":22,"date":"2014-09-18T12:19:57","date_gmt":"2014-09-18T11:19:57","guid":{"rendered":"http:\/\/agora.xtec.cat\/iebarnola\/?page_id=22"},"modified":"2019-09-07T07:40:34","modified_gmt":"2019-09-07T05:40:34","slug":"lescola","status":"publish","type":"page","link":"https:\/\/agora.xtec.cat\/iebarnola\/lescola\/","title":{"rendered":"L&#8217;Institut Escola"},"content":{"rendered":"<p><img loading=\"lazy\" decoding=\"async\" class=\"aligncenter wp-image-536\" src=\"http:\/\/agora.xtec.cat\/iebarnola\/wp-content\/uploads\/usu1586\/2014\/09\/escolahort.jpg\" alt=\"\" width=\"500\" height=\"333\" srcset=\"https:\/\/agora.xtec.cat\/iebarnola\/wp-content\/uploads\/usu1586\/2014\/09\/escolahort.jpg 800w, https:\/\/agora.xtec.cat\/iebarnola\/wp-content\/uploads\/usu1586\/2014\/09\/escolahort-300x200.jpg 300w, https:\/\/agora.xtec.cat\/iebarnola\/wp-content\/uploads\/usu1586\/2014\/09\/escolahort-768x512.jpg 768w\" sizes=\"auto, (max-width: 500px) 100vw, 500px\" \/><\/p>\n<p>Aquesta secci\u00f3 ofereix una descripci\u00f3 general de l&#8217;institut escola: ubicaci\u00f3, hist\u00f2ria, instal\u00b7lacions, equip docent, consell escolar, pla de qualitat, calendari, salut, informacions pr\u00e0ctiques, normativa&#8230;<\/p>\n<p>&nbsp;<\/p>\n","protected":false},"excerpt":{"rendered":"<p>Aquesta secci\u00f3 ofereix una descripci\u00f3 general de l&#8217;institut escola: ubicaci\u00f3, hist\u00f2ria, instal\u00b7lacions, equip docent, consell escolar, pla de qualitat, calendari, salut, informacions pr\u00e0ctiques, normativa&#8230;<br \/>\n&nbsp;<\/p>\n","protected":false},"author":1,"featured_media":0,"parent":0,"menu_order":0,"comment_status":"closed","ping_status":"closed","template":"page-templates\/side-menu.php","meta":{"_bbp_topic_count":0,"_bbp_reply_count":0,"_bbp_total_topic_count":0,"_bbp_total_reply_count":0,"_bbp_voice_count":0,"_bbp_anonymous_reply_count":0,"_bbp_topic_count_hidden":0,"_bbp_reply_count_hidden":0,"_bbp_forum_subforum_count":0,"footnotes":""},"class_list":["post-22","page","type-page","status-publish","hentry"],"post_mailing_queue_ids":[],"_links":{"self":[{"href":"https:\/\/agora.xtec.cat\/iebarnola\/wp-json\/wp\/v2\/pages\/22","targetHints":{"allow":["GET"]}}],"collection":[{"href":"https:\/\/agora.xtec.cat\/iebarnola\/wp-json\/wp\/v2\/pages"}],"about":[{"href":"https:\/\/agora.xtec.cat\/iebarnola\/wp-json\/wp\/v2\/types\/page"}],"author":[{"embeddable":true,"href":"https:\/\/agora.xtec.cat\/iebarnola\/wp-json\/wp\/v2\/users\/1"}],"replies":[{"embeddable":true,"href":"https:\/\/agora.xtec.cat\/iebarnola\/wp-json\/wp\/v2\/comments?post=22"}],"version-history":[{"count":3,"href":"https:\/\/agora.xtec.cat\/iebarnola\/wp-json\/wp\/v2\/pages\/22\/revisions"}],"predecessor-version":[{"id":11641,"href":"https:\/\/agora.xtec.cat\/iebarnola\/wp-json\/wp\/v2\/pages\/22\/revisions\/11641"}],"wp:attachment":[{"href":"https:\/\/agora.xtec.cat\/iebarnola\/wp-json\/wp\/v2\/media?parent=22"}],"curies":[{"name":"wp","href":"https:\/\/api.w.org\/{rel}","templated":true}]}}