{"id":14927,"date":"2021-11-21T19:45:48","date_gmt":"2021-11-21T18:45:48","guid":{"rendered":"https:\/\/agora.xtec.cat\/iebarnola\/?page_id=14927"},"modified":"2024-05-06T16:13:51","modified_gmt":"2024-05-06T14:13:51","slug":"al-barnola-sona","status":"publish","type":"page","link":"https:\/\/agora.xtec.cat\/iebarnola\/al-barnola-sona\/","title":{"rendered":"R\u00e0dio 4t-5\u00e8"},"content":{"rendered":"<p>Aqu\u00ed podreu escoltar els podcasts que anirem penjant des del taller de comunicaci\u00f3 que hem anat fent amb els i les alumnes de 4t-5\u00e8.\u00a0<\/p>\n<p>El grup que ha fet r\u00e0dio durant el 2n trimestre ha decidit que la seva r\u00e0dio es diu R\u00c0DIO DJ MOLA, LA R\u00c0DIO DEL BARNOLA.\u00a0<\/p>\n<p>Primer de tot vam fer tots junts un programa de r\u00e0dio musical, aqu\u00ed el podeu escoltar:\u00a0<\/p>\n<ul>\n<li><a href=\"https:\/\/drive.google.com\/file\/d\/1CeUM6jKGjonYVI1ww-BNyc4NvdFTRg3M\/view?usp=sharing\">Programa musical de la R\u00e0dio DJ Mola<\/a><\/li>\n<\/ul>\n<p><strong>BIBLIOGRAFIAS DE FAMOSOS<\/strong><\/p>\n<ul>\n<li><a href=\"https:\/\/www.spreaker.com\/episode\/biografia-de-tini-por-luna-cisneros--59345186\">Biografia de Tini, por Luna Cisneros<\/a><\/li>\n<li><a href=\"https:\/\/www.spreaker.com\/episode\/biografia-de-maradona-per-jan-guiteras--59469899\">Biografia de Maradona, por Jan Guiteras<\/a><\/li>\n<li><a href=\"https:\/\/www.spreaker.com\/episode\/conoce-a-marc-marquez-alenta--59470046\">Biografia de Marc M\u00e1rquez, por Carlota Rodr\u00edguez<\/a><\/li>\n<li><a href=\"https:\/\/www.spreaker.com\/episode\/biografia-melendi--59470050\">Biografia de Melendi, por Pol Busoms<\/a><\/li>\n<li><a href=\"https:\/\/www.spreaker.com\/episode\/biografia-de-vicco-per-vinyet-belanche--59583446\">Biografia de Vicco, por Vinyet Belanche<\/a><\/li>\n<li><a href=\"https:\/\/www.spreaker.com\/episode\/biografia-de-rosalia-per-arlet-vall--59470745\">Biografia de Rosalia, por Arlet Vall<\/a><\/li>\n<li><a href=\"https:\/\/www.spreaker.com\/episode\/biografia-pau-cubarsi--59470882https:\/\/www.spreaker.com\/episode\/biografia-pau-cubarsi--59470882\">Biografia de Pau Cubarsi, por Guifr\u00e9 Santamaria<\/a><\/li>\n<li><a href=\"https:\/\/www.spreaker.com\/episode\/biografia-de-max-verstappen-per-pol-crespiera--59583459\">Biografia de Max Verstappen, por Pol Crespiera<\/a><\/li>\n<li><a href=\"https:\/\/www.spreaker.com\/episode\/biografia-de-shakira-per-anthony--59697052\">Biografia de Shakira, por Anthony Coello<\/a><\/li>\n<li><a href=\"https:\/\/www.spreaker.com\/episode\/briografia-de-pablo-picasso--59697106\">Biografia de Pablo Picasso, por Arije Serrar<\/a><\/li>\n<li><a href=\"https:\/\/www.spreaker.com\/episode\/biografia-joan-dausa--59697691\">Biografia de Joan Daus\u00e0, por Isona Casas<\/a><\/li>\n<li><a href=\"https:\/\/www.spreaker.com\/episode\/biografia-de-cristiano-ronaldo-por-arberlt--59869788\">Biografia de Cristiano Ronaldo, por Arbelt Jim\u00e9nez<\/a><\/li>\n<\/ul>\n<p><strong>RECOMANACIONS DE LLIBRES, PEL\u00b7L\u00cdCULES I S\u00c8RIES<\/strong><\/p>\n<ul>\n<li><a href=\"https:\/\/www.spreaker.com\/episode\/recomanacions-per-isona-casas--59583358\">Recomanacions de la Isona<\/a><\/li>\n<li><a href=\"https:\/\/www.spreaker.com\/episode\/pol-arriba-el-sr-flat--59584254\">Recomanacions del Pol B.<\/a><\/li>\n<li><a href=\"https:\/\/www.spreaker.com\/episode\/recomanacions-per-arlet--59697147\">Recomanacions de l&#8217;Arlet<\/a><\/li>\n<li><a href=\"https:\/\/www.spreaker.com\/episode\/recomanacions-per-luna--59697121\">Recomanacions de la Luna<\/a><\/li>\n<li><a href=\"https:\/\/www.spreaker.com\/episode\/recomenacions-pet-jan-guiteras--59697195\">Recomanacions del Jan<\/a><\/li>\n<li><a href=\"https:\/\/www.spreaker.com\/episode\/recomanacions-per-enric-casas--59697530\">Recomanacions de l&#8217;Enric<\/a><\/li>\n<li><a href=\"https:\/\/www.spreaker.com\/episode\/recomanacio-carlota--59697404\">Recomanacions de la Carlota<\/a><\/li>\n<li><a href=\"https:\/\/www.spreaker.com\/episode\/recomanacio-de-llibres-per-vinyet-belanche--59869719\">Recomanacions de la Vinyet B.\u00a0<\/a><\/li>\n<li><a href=\"https:\/\/www.spreaker.com\/episode\/racumanacions-de-llires-gerard-coll--59870303\">Recomanacions del Gerard<\/a><\/li>\n<li><a href=\"https:\/\/www.spreaker.com\/episode\/reconmacio-de-llibres-per-arije--59870369\">Recomanacions de l&#8217;Arije<\/a><\/li>\n<\/ul>\n<p><strong>LECTURES EN VEU ALTA DE CONTES I POEMES (alguns en catal\u00e0 i d&#8217;altres en castell\u00e0)<\/strong><\/p>\n<ul>\n<li><a href=\"https:\/\/www.spreaker.com\/episode\/lectura-del-llibre-pol-b--59470711\">Pol B.<\/a><\/li>\n<li><a href=\"https:\/\/www.spreaker.com\/episode\/lectura-del-libro-el-viaje-de-kadir-per-carlota-rodriguez--59470756\">Carlota<\/a><\/li>\n<li><a href=\"https:\/\/www.spreaker.com\/episode\/biografia-de-vicco-per-vinyet-belanche--59583446\">Isona<\/a><\/li>\n<li><a href=\"https:\/\/www.spreaker.com\/episode\/lectura-de-poemes-per-arlet-vall--59697585\">Arlet<\/a><\/li>\n<li><a href=\"https:\/\/www.spreaker.com\/episode\/lectura-de-poemes-per-pol-crespiera--59697852\">Pol C.<\/a><\/li>\n<li><a href=\"https:\/\/www.spreaker.com\/episode\/lectura-de-poemes-per-enric-casas--59869649\">Enric<\/a><\/li>\n<li><a href=\"https:\/\/www.spreaker.com\/episode\/poemes-luna--59697851\">Luna<\/a><\/li>\n<li><a href=\"https:\/\/www.spreaker.com\/episode\/cuento-el-personage-misterioso-pol-b-jan-g--59869959\">Pol B. i Jan<\/a><\/li>\n<li><a href=\"https:\/\/www.spreaker.com\/episode\/cuento-por-enric-casas--59870385\">Enric\u00a0<\/a><\/li>\n<\/ul>\n","protected":false},"excerpt":{"rendered":"<p>Aqu\u00ed podreu escoltar els podcasts que anirem penjant des del taller de comunicaci\u00f3 que hem anat fent amb els i les alumnes de 4t-5\u00e8.\u00a0<br \/>\nEl grup que ha fet r\u00e0dio durant el 2n trimestre ha decidit que la seva r\u00e0dio es diu R\u00c0DIO DJ MOLA, LA&hellip;  <a href=\"https:\/\/agora.xtec.cat\/iebarnola\/al-barnola-sona\/\" title=\"Read R\u00e0dio 4t-5\u00e8\">Llegeix m\u00e9s\u00bb<\/a><\/p>\n","protected":false},"author":1,"featured_media":0,"parent":0,"menu_order":0,"comment_status":"closed","ping_status":"closed","template":"","meta":{"_bbp_topic_count":0,"_bbp_reply_count":0,"_bbp_total_topic_count":0,"_bbp_total_reply_count":0,"_bbp_voice_count":0,"_bbp_anonymous_reply_count":0,"_bbp_topic_count_hidden":0,"_bbp_reply_count_hidden":0,"_bbp_forum_subforum_count":0,"footnotes":""},"class_list":["post-14927","page","type-page","status-publish","hentry"],"post_mailing_queue_ids":[],"_links":{"self":[{"href":"https:\/\/agora.xtec.cat\/iebarnola\/wp-json\/wp\/v2\/pages\/14927","targetHints":{"allow":["GET"]}}],"collection":[{"href":"https:\/\/agora.xtec.cat\/iebarnola\/wp-json\/wp\/v2\/pages"}],"about":[{"href":"https:\/\/agora.xtec.cat\/iebarnola\/wp-json\/wp\/v2\/types\/page"}],"author":[{"embeddable":true,"href":"https:\/\/agora.xtec.cat\/iebarnola\/wp-json\/wp\/v2\/users\/1"}],"replies":[{"embeddable":true,"href":"https:\/\/agora.xtec.cat\/iebarnola\/wp-json\/wp\/v2\/comments?post=14927"}],"version-history":[{"count":6,"href":"https:\/\/agora.xtec.cat\/iebarnola\/wp-json\/wp\/v2\/pages\/14927\/revisions"}],"predecessor-version":[{"id":17729,"href":"https:\/\/agora.xtec.cat\/iebarnola\/wp-json\/wp\/v2\/pages\/14927\/revisions\/17729"}],"wp:attachment":[{"href":"https:\/\/agora.xtec.cat\/iebarnola\/wp-json\/wp\/v2\/media?parent=14927"}],"curies":[{"name":"wp","href":"https:\/\/api.w.org\/{rel}","templated":true}]}}