{"id":14303,"date":"2021-05-19T13:27:25","date_gmt":"2021-05-19T11:27:25","guid":{"rendered":"https:\/\/agora.xtec.cat\/iebarnola\/?page_id=14303"},"modified":"2021-09-07T21:03:04","modified_gmt":"2021-09-07T19:03:04","slug":"butlleti-de-lafa","status":"publish","type":"page","link":"https:\/\/agora.xtec.cat\/iebarnola\/lampa\/butlleti-de-lafa\/","title":{"rendered":"L&#8217;informatiu de l&#8217;AFA"},"content":{"rendered":"<p>Butlletins d&#8217;informaci\u00f3 de l&#8217;Associaci\u00f3 de Fam\u00edlies d&#8217;Alumnat de l&#8217;Institut Escola Barnola d&#8217;Aviny\u00f3:<\/p>\n<p><a href=\"https:\/\/agora.xtec.cat\/iebarnola\/wp-content\/uploads\/usu1586\/2021\/05\/Linformatiu-de-lAFA-Maig-2021.pdf\">L&#8217;informatiu de l&#8217;AFA &#8211; Maig 2021<\/a><\/p>\n<p><a href=\"https:\/\/agora.xtec.cat\/iebarnola\/wp-content\/uploads\/usu1586\/2021\/09\/Linformatiu-de-lAFA-Juliol-2021.pdf\">L&#8217;informatiu de l&#8217;AFA &#8211; Juliol 2021<\/a><\/p>\n","protected":false},"excerpt":{"rendered":"<p>Butlletins d&#8217;informaci\u00f3 de l&#8217;Associaci\u00f3 de Fam\u00edlies d&#8217;Alumnat de l&#8217;Institut Escola Barnola d&#8217;Aviny\u00f3:<br \/>\n<a href=\"https:\/\/agora.xtec.cat\/iebarnola\/wp-content\/uploads\/usu1586\/2021\/05\/Linformatiu-de-lAFA-Maig-2021.pdf\">L&#8217;informatiu de l&#8217;AFA &#8211; Maig 2021<\/a><br \/>\n<a href=\"https:\/\/agora.xtec.cat\/iebarnola\/wp-content\/uploads\/usu1586\/2021\/09\/Linformatiu-de-lAFA-Juliol-2021.pdf\">L&#8217;informatiu de l&#8217;AFA &#8211; Juliol 2021<\/a><\/p>\n","protected":false},"author":1,"featured_media":0,"parent":9848,"menu_order":50,"comment_status":"closed","ping_status":"closed","template":"","meta":{"_bbp_topic_count":0,"_bbp_reply_count":0,"_bbp_total_topic_count":0,"_bbp_total_reply_count":0,"_bbp_voice_count":0,"_bbp_anonymous_reply_count":0,"_bbp_topic_count_hidden":0,"_bbp_reply_count_hidden":0,"_bbp_forum_subforum_count":0,"footnotes":""},"class_list":["post-14303","page","type-page","status-publish","hentry"],"post_mailing_queue_ids":[],"_links":{"self":[{"href":"https:\/\/agora.xtec.cat\/iebarnola\/wp-json\/wp\/v2\/pages\/14303","targetHints":{"allow":["GET"]}}],"collection":[{"href":"https:\/\/agora.xtec.cat\/iebarnola\/wp-json\/wp\/v2\/pages"}],"about":[{"href":"https:\/\/agora.xtec.cat\/iebarnola\/wp-json\/wp\/v2\/types\/page"}],"author":[{"embeddable":true,"href":"https:\/\/agora.xtec.cat\/iebarnola\/wp-json\/wp\/v2\/users\/1"}],"replies":[{"embeddable":true,"href":"https:\/\/agora.xtec.cat\/iebarnola\/wp-json\/wp\/v2\/comments?post=14303"}],"version-history":[{"count":3,"href":"https:\/\/agora.xtec.cat\/iebarnola\/wp-json\/wp\/v2\/pages\/14303\/revisions"}],"predecessor-version":[{"id":14558,"href":"https:\/\/agora.xtec.cat\/iebarnola\/wp-json\/wp\/v2\/pages\/14303\/revisions\/14558"}],"up":[{"embeddable":true,"href":"https:\/\/agora.xtec.cat\/iebarnola\/wp-json\/wp\/v2\/pages\/9848"}],"wp:attachment":[{"href":"https:\/\/agora.xtec.cat\/iebarnola\/wp-json\/wp\/v2\/media?parent=14303"}],"curies":[{"name":"wp","href":"https:\/\/api.w.org\/{rel}","templated":true}]}}