{"id":13216,"date":"2020-10-25T08:09:06","date_gmt":"2020-10-25T07:09:06","guid":{"rendered":"https:\/\/agora.xtec.cat\/iebarnola\/?page_id=13216"},"modified":"2020-10-25T08:14:07","modified_gmt":"2020-10-25T07:14:07","slug":"logotip-ie-barnola","status":"publish","type":"page","link":"https:\/\/agora.xtec.cat\/iebarnola\/videos\/logotip-ie-barnola\/","title":{"rendered":"Logotip IE Barnola"},"content":{"rendered":"<p><a href=\"https:\/\/agora.xtec.cat\/iebarnola\/wp-content\/uploads\/usu1586\/2020\/10\/IEBarnolaRGBpetit.jpg\"><img loading=\"lazy\" decoding=\"async\" class=\"size-full wp-image-13217 aligncenter\" src=\"https:\/\/agora.xtec.cat\/iebarnola\/wp-content\/uploads\/usu1586\/2020\/10\/IEBarnolaRGBpetit.jpg\" alt=\"\" width=\"227\" height=\"290\" \/><\/a><\/p>\n<p style=\"text-align: center;\"><strong>Cercle:<\/strong> Com a imatge de reflexi\u00f3, cooperaci\u00f3, funcionament org\u00e0nic, comunitat i humanitat.<br \/>\n<strong>Tra\u00e7:<\/strong> Com a s\u00edmbol de creativitat, dinamisme, treball, activitat i singularitat.<br \/>\n<strong>Color:<\/strong> Com a descripci\u00f3 de col\u00b7laboraci\u00f3, integraci\u00f3 i respecte<\/p>\n<p style=\"text-align: center;\">Aplicacions i possibilitats del Logotip: <a href=\"https:\/\/agora.xtec.cat\/iebarnola\/wp-content\/uploads\/usu1586\/2020\/10\/BarnolaApli.pdf\">BarnolaApli<\/a><\/p>\n<p style=\"text-align: center;\">AUTOR: QUIM MOYA I EVA QUINTANA (Cal Gras &#8211; Aviny\u00f3-)<\/p>\n<p>&nbsp;<\/p>\n<p>&nbsp;<\/p>\n","protected":false},"excerpt":{"rendered":"<p><a href=\"https:\/\/agora.xtec.cat\/iebarnola\/wp-content\/uploads\/usu1586\/2020\/10\/IEBarnolaRGBpetit.jpg\"><\/a><br \/>\nCercle: Com a imatge de reflexi\u00f3, cooperaci\u00f3, funcionament org\u00e0nic, comunitat i humanitat.<br \/>\nTra\u00e7: Com a s\u00edmbol de creativitat, dinamisme, treball, activitat i singularitat.<br \/>\nColor: Com a descripci\u00f3 de col\u00b7laboraci\u00f3, integraci\u00f3 i respecte<br \/>\nAplicacions i possibilitats del Logotip: <a href=\"https:\/\/agora.xtec.cat\/iebarnola\/wp-content\/uploads\/usu1586\/2020\/10\/BarnolaApli.pdf\">BarnolaApli<\/a><br \/>\nAUTOR: QUIM MOYA I EVA QUINTANA (Cal Gras &#8211;&hellip;  <a href=\"https:\/\/agora.xtec.cat\/iebarnola\/videos\/logotip-ie-barnola\/\" title=\"Read Logotip IE Barnola\">Llegeix m\u00e9s\u00bb<\/a><\/p>\n","protected":false},"author":1,"featured_media":0,"parent":12103,"menu_order":80,"comment_status":"closed","ping_status":"closed","template":"","meta":{"_bbp_topic_count":0,"_bbp_reply_count":0,"_bbp_total_topic_count":0,"_bbp_total_reply_count":0,"_bbp_voice_count":0,"_bbp_anonymous_reply_count":0,"_bbp_topic_count_hidden":0,"_bbp_reply_count_hidden":0,"_bbp_forum_subforum_count":0,"footnotes":""},"class_list":["post-13216","page","type-page","status-publish","hentry"],"post_mailing_queue_ids":[],"_links":{"self":[{"href":"https:\/\/agora.xtec.cat\/iebarnola\/wp-json\/wp\/v2\/pages\/13216","targetHints":{"allow":["GET"]}}],"collection":[{"href":"https:\/\/agora.xtec.cat\/iebarnola\/wp-json\/wp\/v2\/pages"}],"about":[{"href":"https:\/\/agora.xtec.cat\/iebarnola\/wp-json\/wp\/v2\/types\/page"}],"author":[{"embeddable":true,"href":"https:\/\/agora.xtec.cat\/iebarnola\/wp-json\/wp\/v2\/users\/1"}],"replies":[{"embeddable":true,"href":"https:\/\/agora.xtec.cat\/iebarnola\/wp-json\/wp\/v2\/comments?post=13216"}],"version-history":[{"count":2,"href":"https:\/\/agora.xtec.cat\/iebarnola\/wp-json\/wp\/v2\/pages\/13216\/revisions"}],"predecessor-version":[{"id":13222,"href":"https:\/\/agora.xtec.cat\/iebarnola\/wp-json\/wp\/v2\/pages\/13216\/revisions\/13222"}],"up":[{"embeddable":true,"href":"https:\/\/agora.xtec.cat\/iebarnola\/wp-json\/wp\/v2\/pages\/12103"}],"wp:attachment":[{"href":"https:\/\/agora.xtec.cat\/iebarnola\/wp-json\/wp\/v2\/media?parent=13216"}],"curies":[{"name":"wp","href":"https:\/\/api.w.org\/{rel}","templated":true}]}}