{"id":12103,"date":"2019-11-14T06:06:03","date_gmt":"2019-11-14T05:06:03","guid":{"rendered":"https:\/\/agora.xtec.cat\/iebarnola\/?page_id=12103"},"modified":"2019-11-14T06:10:01","modified_gmt":"2019-11-14T05:10:01","slug":"videos","status":"publish","type":"page","link":"https:\/\/agora.xtec.cat\/iebarnola\/videos\/","title":{"rendered":"V\u00eddeos"},"content":{"rendered":"<p>En aquesta p\u00e0gina podeu trobar v\u00eddeos informatius i did\u00e0ctics que expliquen l&#8217;evoluci\u00f3 del centre o detallen com es treballa des de l&#8217;IE Barnola.<\/p>\n","protected":false},"excerpt":{"rendered":"<p>En aquesta p\u00e0gina podeu trobar v\u00eddeos informatius i did\u00e0ctics que expliquen l&#8217;evoluci\u00f3 del centre o detallen com es treballa des de l&#8217;IE Barnola.<\/p>\n","protected":false},"author":1,"featured_media":0,"parent":0,"menu_order":0,"comment_status":"closed","ping_status":"closed","template":"","meta":{"_bbp_topic_count":0,"_bbp_reply_count":0,"_bbp_total_topic_count":0,"_bbp_total_reply_count":0,"_bbp_voice_count":0,"_bbp_anonymous_reply_count":0,"_bbp_topic_count_hidden":0,"_bbp_reply_count_hidden":0,"_bbp_forum_subforum_count":0,"footnotes":""},"class_list":["post-12103","page","type-page","status-publish","hentry"],"post_mailing_queue_ids":[],"_links":{"self":[{"href":"https:\/\/agora.xtec.cat\/iebarnola\/wp-json\/wp\/v2\/pages\/12103","targetHints":{"allow":["GET"]}}],"collection":[{"href":"https:\/\/agora.xtec.cat\/iebarnola\/wp-json\/wp\/v2\/pages"}],"about":[{"href":"https:\/\/agora.xtec.cat\/iebarnola\/wp-json\/wp\/v2\/types\/page"}],"author":[{"embeddable":true,"href":"https:\/\/agora.xtec.cat\/iebarnola\/wp-json\/wp\/v2\/users\/1"}],"replies":[{"embeddable":true,"href":"https:\/\/agora.xtec.cat\/iebarnola\/wp-json\/wp\/v2\/comments?post=12103"}],"version-history":[{"count":3,"href":"https:\/\/agora.xtec.cat\/iebarnola\/wp-json\/wp\/v2\/pages\/12103\/revisions"}],"predecessor-version":[{"id":12107,"href":"https:\/\/agora.xtec.cat\/iebarnola\/wp-json\/wp\/v2\/pages\/12103\/revisions\/12107"}],"wp:attachment":[{"href":"https:\/\/agora.xtec.cat\/iebarnola\/wp-json\/wp\/v2\/media?parent=12103"}],"curies":[{"name":"wp","href":"https:\/\/api.w.org\/{rel}","templated":true}]}}