{"id":71,"date":"2014-09-18T12:44:56","date_gmt":"2014-09-18T11:44:56","guid":{"rendered":"http:\/\/agora.xtec.cat\/iebalsareny\/\/?page_id=71"},"modified":"2021-11-24T20:48:16","modified_gmt":"2021-11-24T19:48:16","slug":"serveis-digitals","status":"publish","type":"page","link":"https:\/\/agora.xtec.cat\/iebalsareny\/serveis\/serveis-digitals\/","title":{"rendered":"Serveis digitals"},"content":{"rendered":"<p>&nbsp;<\/p>\n<p>L&#8217;\u00fas de la tecnologia, la responsabilitat, la creaci\u00f3 de la identitat digital, &#8230; s\u00f3n realitats del nostre alumnat que han de formar part del seu desenvolupament a l&#8217;escola el qual donem import\u00e0ncia.<\/p>\n<h4>@iebalsareny<\/h4>\n<p>El centre fa anys que disposa un domini propi (@iebalsareny.cat) amb el qual podem proveir a tot l&#8217;alumnat d&#8217;uns usuaris i comptes de correu per poder desenvolupar les compet\u00e8ncies digitals. Aquests comptes estan gestionats des del propi centre de manera que ens permet fer un acompanyament i supervisi\u00f3 dels usos que en fan els alumnes sota un entorn segur.<\/p>\n<p>Utilitzem els recursos que ofereix <em>Google-Education<\/em>, el que ens permet , dins d&#8217;aquest entorn segur, aprofitar el potencial dels seus serveis.<\/p>\n<h4>TPVEscola<\/h4>\n<p>TPVEscola \u00e9s una plataforma digital per a m\u00f2bils i navegadors web que permet fer c\u00f2modament el pagament de les sortides i activitats.<\/p>\n<p><span id=\"ctl00_MainContent2_LblPfDesc3\">Els pagaments es realitzen de\u00a0forma segura\u00a0a Redsys\u00a0mitjan\u00e7ant targeta de d\u00e8bit, cr\u00e8dit o prepagament de qualsevol entitat financera nacional. <\/span><span id=\"ctl00_MainContent2_LblPfDesc4\">Redsys permet desar la targeta en el sistema i es pot domiciliar els pagaments en targeta de manera segura.<\/span><\/p>\n","protected":false},"excerpt":{"rendered":"<p>&nbsp;<br \/>\nL&#8217;\u00fas de la tecnologia, la responsabilitat, la creaci\u00f3 de la identitat digital, &#8230; s\u00f3n realitats del nostre alumnat que han de formar part del seu desenvolupament a l&#8217;escola el qual donem import\u00e0ncia.<br \/>\n@iebalsareny<br \/>\nEl centre fa anys que disposa un domini propi (@iebalsareny.cat) amb el qual podem&hellip;  <a href=\"https:\/\/agora.xtec.cat\/iebalsareny\/serveis\/serveis-digitals\/\" title=\"Read Serveis digitals\">Llegeix m\u00e9s\u00bb<\/a><\/p>\n","protected":false},"author":1,"featured_media":0,"parent":66,"menu_order":10,"comment_status":"closed","ping_status":"closed","template":"page-templates\/side-menu.php","meta":{"_bbp_topic_count":0,"_bbp_reply_count":0,"_bbp_total_topic_count":0,"_bbp_total_reply_count":0,"_bbp_voice_count":0,"_bbp_anonymous_reply_count":0,"_bbp_topic_count_hidden":0,"_bbp_reply_count_hidden":0,"_bbp_forum_subforum_count":0,"footnotes":""},"class_list":["post-71","page","type-page","status-publish","hentry"],"post_mailing_queue_ids":[],"_links":{"self":[{"href":"https:\/\/agora.xtec.cat\/iebalsareny\/wp-json\/wp\/v2\/pages\/71","targetHints":{"allow":["GET"]}}],"collection":[{"href":"https:\/\/agora.xtec.cat\/iebalsareny\/wp-json\/wp\/v2\/pages"}],"about":[{"href":"https:\/\/agora.xtec.cat\/iebalsareny\/wp-json\/wp\/v2\/types\/page"}],"author":[{"embeddable":true,"href":"https:\/\/agora.xtec.cat\/iebalsareny\/wp-json\/wp\/v2\/users\/1"}],"replies":[{"embeddable":true,"href":"https:\/\/agora.xtec.cat\/iebalsareny\/wp-json\/wp\/v2\/comments?post=71"}],"version-history":[{"count":4,"href":"https:\/\/agora.xtec.cat\/iebalsareny\/wp-json\/wp\/v2\/pages\/71\/revisions"}],"predecessor-version":[{"id":3095,"href":"https:\/\/agora.xtec.cat\/iebalsareny\/wp-json\/wp\/v2\/pages\/71\/revisions\/3095"}],"up":[{"embeddable":true,"href":"https:\/\/agora.xtec.cat\/iebalsareny\/wp-json\/wp\/v2\/pages\/66"}],"wp:attachment":[{"href":"https:\/\/agora.xtec.cat\/iebalsareny\/wp-json\/wp\/v2\/media?parent=71"}],"curies":[{"name":"wp","href":"https:\/\/api.w.org\/{rel}","templated":true}]}}