{"id":64,"date":"2014-09-18T12:39:08","date_gmt":"2014-09-18T11:39:08","guid":{"rendered":"http:\/\/agora.xtec.cat\/iebalsareny\/\/?page_id=64"},"modified":"2025-11-27T12:58:00","modified_gmt":"2025-11-27T11:58:00","slug":"projecte-educatiu","status":"publish","type":"page","link":"https:\/\/agora.xtec.cat\/iebalsareny\/documents-del-centre\/projecte-educatiu\/","title":{"rendered":"Projecte educatiu"},"content":{"rendered":"<p>Principis Rectors El sistema educatiu, en el marc dels valors definits per la Constituci\u00f3 i per l\u2019Estatut, es regeix pels principis generals seg\u00fcents:<\/p>\n<p>a. El respecte dels drets i els deures que deriven de la Constituci\u00f3, l\u2019Estatut i la resta de legislaci\u00f3 vigent.<br \/>\nb. La transmissi\u00f3 i la consolidaci\u00f3 dels valors propis d\u2019una societat democr\u00e0tica: la llibertat personal, la responsabilitat, la solidaritat, el respecte i la igualtat.<br \/>\nc. La universalitat i l\u2019equitat com a garantia d\u2019igualtat d\u2019oportunitats i la integraci\u00f3 de tots els col\u00b7lectius, basada en la corresponsabilitat de tots els centres sostinguts amb fons p\u00fablics.<br \/>\nd. El respecte de la llibertat d\u2019ensenyament, la llibertat de creaci\u00f3 de centres, la llibertat d\u2019elecci\u00f3 entre centres p\u00fablics o altres centres que els creats pels poders p\u00fablics, la llibertat de c\u00e0tedra del professorat i la llibertat de consci\u00e8ncia de l\u2019alumnat.<br \/>\ne. El pluralisme.<br \/>\nf. La inclusi\u00f3 escolar i la cohesi\u00f3 social.<br \/>\ng. La qualitat de l\u2019educaci\u00f3, que possibilita l\u2019assoliment de les compet\u00e8ncies b\u00e0siques i la consecuci\u00f3 de l\u2019excel\u00b7l\u00e8ncia, en un context d\u2019equitat.<br \/>\nh. El conreu del coneixement de Catalunya i l\u2019arrelament dels alumnes al pa\u00eds, i el respecte a la conviv\u00e8ncia.<br \/>\ni. El respecte i el coneixement del propi cos.<br \/>\nj. El foment de la pau i el respecte dels drets humans.<br \/>\nk. El respecte i la preservaci\u00f3 del medi ambient i el gaudi respectu\u00f3s i responsable dels recursos naturals i del paisatge.<br \/>\nl. El foment de l\u2019emprenedoria.<\/p>\n<p>&nbsp;<\/p>\n<p><a href=\"https:\/\/drive.google.com\/file\/d\/1XHlYRLT4VZ8HzhuI-DVShi524sKyiHce\/view?usp=sharing\">Document base<\/a><\/p>\n","protected":false},"excerpt":{"rendered":"<p>Principis Rectors El sistema educatiu, en el marc dels valors definits per la Constituci\u00f3 i per l\u2019Estatut, es regeix pels principis generals seg\u00fcents:<br \/>\na. El respecte dels drets i els deures que deriven de la Constituci\u00f3, l\u2019Estatut i la resta de legislaci\u00f3 vigent.<br \/>\nb. La transmissi\u00f3 i&hellip;  <a href=\"https:\/\/agora.xtec.cat\/iebalsareny\/documents-del-centre\/projecte-educatiu\/\" title=\"Read Projecte educatiu\">Llegeix m\u00e9s\u00bb<\/a><\/p>\n","protected":false},"author":1,"featured_media":0,"parent":5540,"menu_order":0,"comment_status":"closed","ping_status":"closed","template":"page-templates\/side-menu.php","meta":{"_bbp_topic_count":0,"_bbp_reply_count":0,"_bbp_total_topic_count":0,"_bbp_total_reply_count":0,"_bbp_voice_count":0,"_bbp_anonymous_reply_count":0,"_bbp_topic_count_hidden":0,"_bbp_reply_count_hidden":0,"_bbp_forum_subforum_count":0,"footnotes":""},"class_list":["post-64","page","type-page","status-publish","hentry"],"post_mailing_queue_ids":[],"_links":{"self":[{"href":"https:\/\/agora.xtec.cat\/iebalsareny\/wp-json\/wp\/v2\/pages\/64","targetHints":{"allow":["GET"]}}],"collection":[{"href":"https:\/\/agora.xtec.cat\/iebalsareny\/wp-json\/wp\/v2\/pages"}],"about":[{"href":"https:\/\/agora.xtec.cat\/iebalsareny\/wp-json\/wp\/v2\/types\/page"}],"author":[{"embeddable":true,"href":"https:\/\/agora.xtec.cat\/iebalsareny\/wp-json\/wp\/v2\/users\/1"}],"replies":[{"embeddable":true,"href":"https:\/\/agora.xtec.cat\/iebalsareny\/wp-json\/wp\/v2\/comments?post=64"}],"version-history":[{"count":2,"href":"https:\/\/agora.xtec.cat\/iebalsareny\/wp-json\/wp\/v2\/pages\/64\/revisions"}],"predecessor-version":[{"id":6863,"href":"https:\/\/agora.xtec.cat\/iebalsareny\/wp-json\/wp\/v2\/pages\/64\/revisions\/6863"}],"up":[{"embeddable":true,"href":"https:\/\/agora.xtec.cat\/iebalsareny\/wp-json\/wp\/v2\/pages\/5540"}],"wp:attachment":[{"href":"https:\/\/agora.xtec.cat\/iebalsareny\/wp-json\/wp\/v2\/media?parent=64"}],"curies":[{"name":"wp","href":"https:\/\/api.w.org\/{rel}","templated":true}]}}