{"id":6284,"date":"2025-01-09T16:36:04","date_gmt":"2025-01-09T15:36:04","guid":{"rendered":"https:\/\/agora.xtec.cat\/iebalsareny\/?page_id=6284"},"modified":"2026-04-22T13:42:08","modified_gmt":"2026-04-22T11:42:08","slug":"qui-som","status":"publish","type":"page","link":"https:\/\/agora.xtec.cat\/iebalsareny\/lescola\/qui-som\/","title":{"rendered":"Qui som"},"content":{"rendered":"<p>L&#8217;equip docent del centre est\u00e0 repartit entre els cicles d&#8217;educaci\u00f3 infantil, educaci\u00f3 prim\u00e0ria i educaci\u00f3 secund\u00e0ria. Clica al seg\u00fcent enlla\u00e7 per veure l&#8217;organigrama.<\/p>\n<p><a href=\"https:\/\/lucid.app\/lucidchart\/253f3b6d-9166-4239-b0b6-1aa748608e0e\/view?page=0_0#\">ORGANIGRAMA\u00a0<\/a><\/p>\n<p>L&#8217;equip de mestres d&#8217;educaci\u00f3 infantil<\/p>\n<p><a href=\"https:\/\/agora.xtec.cat\/iebalsareny\/wp-content\/uploads\/usu2029\/2025\/10\/INFANTIL.jpg\"><img loading=\"lazy\" decoding=\"async\" class=\"alignnone size-large wp-image-6759\" src=\"https:\/\/agora.xtec.cat\/iebalsareny\/wp-content\/uploads\/usu2029\/2025\/10\/INFANTIL-1024x681.jpg\" alt=\"\" width=\"1024\" height=\"681\" srcset=\"https:\/\/agora.xtec.cat\/iebalsareny\/wp-content\/uploads\/usu2029\/2025\/10\/INFANTIL-1024x681.jpg 1024w, https:\/\/agora.xtec.cat\/iebalsareny\/wp-content\/uploads\/usu2029\/2025\/10\/INFANTIL-300x199.jpg 300w, https:\/\/agora.xtec.cat\/iebalsareny\/wp-content\/uploads\/usu2029\/2025\/10\/INFANTIL-768x510.jpg 768w, https:\/\/agora.xtec.cat\/iebalsareny\/wp-content\/uploads\/usu2029\/2025\/10\/INFANTIL-1536x1021.jpg 1536w, https:\/\/agora.xtec.cat\/iebalsareny\/wp-content\/uploads\/usu2029\/2025\/10\/INFANTIL.jpg 2048w\" sizes=\"auto, (max-width: 1024px) 100vw, 1024px\" \/><\/a><\/p>\n<p>L&#8217;equip docent d&#8217;educaci\u00f3 prim\u00e0ria.<\/p>\n<p><a href=\"https:\/\/agora.xtec.cat\/iebalsareny\/wp-content\/uploads\/usu2029\/2025\/10\/PRIMARIA.jpg\"><img loading=\"lazy\" decoding=\"async\" class=\"alignnone size-large wp-image-6760\" src=\"https:\/\/agora.xtec.cat\/iebalsareny\/wp-content\/uploads\/usu2029\/2025\/10\/PRIMARIA-1024x655.jpg\" alt=\"\" width=\"1024\" height=\"655\" srcset=\"https:\/\/agora.xtec.cat\/iebalsareny\/wp-content\/uploads\/usu2029\/2025\/10\/PRIMARIA-1024x655.jpg 1024w, https:\/\/agora.xtec.cat\/iebalsareny\/wp-content\/uploads\/usu2029\/2025\/10\/PRIMARIA-300x192.jpg 300w, https:\/\/agora.xtec.cat\/iebalsareny\/wp-content\/uploads\/usu2029\/2025\/10\/PRIMARIA-768x491.jpg 768w, https:\/\/agora.xtec.cat\/iebalsareny\/wp-content\/uploads\/usu2029\/2025\/10\/PRIMARIA-1536x983.jpg 1536w, https:\/\/agora.xtec.cat\/iebalsareny\/wp-content\/uploads\/usu2029\/2025\/10\/PRIMARIA.jpg 2048w\" sizes=\"auto, (max-width: 1024px) 100vw, 1024px\" \/><\/a><\/p>\n<p>L&#8217;equip de professors de l&#8217;ESO.<\/p>\n<p><a href=\"https:\/\/agora.xtec.cat\/iebalsareny\/wp-content\/uploads\/usu2029\/2025\/10\/ESO.jpg\"><img loading=\"lazy\" decoding=\"async\" class=\"alignnone size-large wp-image-6761\" src=\"https:\/\/agora.xtec.cat\/iebalsareny\/wp-content\/uploads\/usu2029\/2025\/10\/ESO-1024x712.jpg\" alt=\"\" width=\"1024\" height=\"712\" srcset=\"https:\/\/agora.xtec.cat\/iebalsareny\/wp-content\/uploads\/usu2029\/2025\/10\/ESO-1024x712.jpg 1024w, https:\/\/agora.xtec.cat\/iebalsareny\/wp-content\/uploads\/usu2029\/2025\/10\/ESO-300x209.jpg 300w, https:\/\/agora.xtec.cat\/iebalsareny\/wp-content\/uploads\/usu2029\/2025\/10\/ESO-768x534.jpg 768w, https:\/\/agora.xtec.cat\/iebalsareny\/wp-content\/uploads\/usu2029\/2025\/10\/ESO-1536x1068.jpg 1536w, https:\/\/agora.xtec.cat\/iebalsareny\/wp-content\/uploads\/usu2029\/2025\/10\/ESO.jpg 2048w\" sizes=\"auto, (max-width: 1024px) 100vw, 1024px\" \/><\/a><\/p>\n","protected":false},"excerpt":{"rendered":"<p>L&#8217;equip docent del centre est\u00e0 repartit entre els cicles d&#8217;educaci\u00f3 infantil, educaci\u00f3 prim\u00e0ria i educaci\u00f3 secund\u00e0ria. Clica al seg\u00fcent enlla\u00e7 per veure l&#8217;organigrama.<br \/>\n<a href=\"https:\/\/lucid.app\/lucidchart\/253f3b6d-9166-4239-b0b6-1aa748608e0e\/view?page=0_0#\">ORGANIGRAMA\u00a0<\/a><br \/>\nL&#8217;equip de mestres d&#8217;educaci\u00f3 infantil<br \/>\n<a href=\"https:\/\/agora.xtec.cat\/iebalsareny\/wp-content\/uploads\/usu2029\/2025\/10\/INFANTIL.jpg\"><\/a><br \/>\nL&#8217;equip docent d&#8217;educaci\u00f3 prim\u00e0ria.<br \/>\n<a href=\"https:\/\/agora.xtec.cat\/iebalsareny\/wp-content\/uploads\/usu2029\/2025\/10\/PRIMARIA.jpg\"><\/a><br \/>\nL&#8217;equip de professors de l&#8217;ESO.<br \/>\n<a href=\"https:\/\/agora.xtec.cat\/iebalsareny\/wp-content\/uploads\/usu2029\/2025\/10\/ESO.jpg\"><\/a><\/p>\n","protected":false},"author":1,"featured_media":0,"parent":22,"menu_order":11,"comment_status":"closed","ping_status":"closed","template":"","meta":{"_bbp_topic_count":0,"_bbp_reply_count":0,"_bbp_total_topic_count":0,"_bbp_total_reply_count":0,"_bbp_voice_count":0,"_bbp_anonymous_reply_count":0,"_bbp_topic_count_hidden":0,"_bbp_reply_count_hidden":0,"_bbp_forum_subforum_count":0,"footnotes":""},"class_list":["post-6284","page","type-page","status-publish","hentry"],"post_mailing_queue_ids":[],"_links":{"self":[{"href":"https:\/\/agora.xtec.cat\/iebalsareny\/wp-json\/wp\/v2\/pages\/6284","targetHints":{"allow":["GET"]}}],"collection":[{"href":"https:\/\/agora.xtec.cat\/iebalsareny\/wp-json\/wp\/v2\/pages"}],"about":[{"href":"https:\/\/agora.xtec.cat\/iebalsareny\/wp-json\/wp\/v2\/types\/page"}],"author":[{"embeddable":true,"href":"https:\/\/agora.xtec.cat\/iebalsareny\/wp-json\/wp\/v2\/users\/1"}],"replies":[{"embeddable":true,"href":"https:\/\/agora.xtec.cat\/iebalsareny\/wp-json\/wp\/v2\/comments?post=6284"}],"version-history":[{"count":6,"href":"https:\/\/agora.xtec.cat\/iebalsareny\/wp-json\/wp\/v2\/pages\/6284\/revisions"}],"predecessor-version":[{"id":7080,"href":"https:\/\/agora.xtec.cat\/iebalsareny\/wp-json\/wp\/v2\/pages\/6284\/revisions\/7080"}],"up":[{"embeddable":true,"href":"https:\/\/agora.xtec.cat\/iebalsareny\/wp-json\/wp\/v2\/pages\/22"}],"wp:attachment":[{"href":"https:\/\/agora.xtec.cat\/iebalsareny\/wp-json\/wp\/v2\/media?parent=6284"}],"curies":[{"name":"wp","href":"https:\/\/api.w.org\/{rel}","templated":true}]}}