{"id":5532,"date":"2024-04-19T10:37:01","date_gmt":"2024-04-19T08:37:01","guid":{"rendered":"https:\/\/agora.xtec.cat\/iebalsareny\/?page_id=5532"},"modified":"2024-04-22T10:40:43","modified_gmt":"2024-04-22T08:40:43","slug":"dispositius","status":"publish","type":"page","link":"https:\/\/agora.xtec.cat\/iebalsareny\/edc\/cultura-digital\/dispositius\/","title":{"rendered":"Dispositius, serveis i aplicacions digitals"},"content":{"rendered":"<p>De docents, chromebooks d&#8217;alumnes i algun PC.<\/p>\n<p>Tauletes digitals<\/p>\n<p>3 panells interactius<\/p>\n<p>PDIs<\/p>\n<p>Impressores del Departament i 3D de dotaci\u00f3 pr\u00f2pia per a l&#8217;\u00e0rea de tecnologia d&#8217;ESO.<\/p>\n<p>SERVEIS DIGITALS<\/p>\n<ul>\n<li>Funcionament de TVP-escola: s&#8217;utilitza per fer pagaments, autoritzacions, assist\u00e8ncia de l&#8217;alumnat.<\/li>\n<li><a href=\"https:\/\/docs.google.com\/presentation\/d\/1UqjfkP_5GBVnlrCTm_xwoxnD_IYY4dyoESxPWQlnPEg\/present?slide=id.gd2e6997176_1_64\" target=\"_blank\" rel=\"noopener\">Connexi\u00f3 a la Xarxa\u00a0<strong>gencat_ENS_EDU_PORTAL<\/strong><\/a><\/li>\n<li>Els programes utilitzats, fora de l&#8217;entorn google, al centre s\u00f3n: Canva, Timetoast, Prezi, Popplet, Genially, Menti, Tinkercard.<\/li>\n<\/ul>\n","protected":false},"excerpt":{"rendered":"<p>De docents, chromebooks d&#8217;alumnes i algun PC.<br \/>\nTauletes digitals<br \/>\n3 panells interactius<br \/>\nPDIs<br \/>\nImpressores del Departament i 3D de dotaci\u00f3 pr\u00f2pia per a l&#8217;\u00e0rea de tecnologia d&#8217;ESO.<br \/>\nSERVEIS DIGITALS<\/p>\n<ul>\n<li>Funcionament de TVP-escola: s&#8217;utilitza per fer pagaments, autoritzacions, assist\u00e8ncia de l&#8217;alumnat.<\/li>\n<li><a href=\"https:\/\/docs.google.com\/presentation\/d\/1UqjfkP_5GBVnlrCTm_xwoxnD_IYY4dyoESxPWQlnPEg\/present?slide=id.gd2e6997176_1_64\" target=\"_blank\" rel=\"noopener\">Connexi\u00f3 a la Xarxa\u00a0gencat_ENS_EDU_PORTAL<\/a><\/li>\n<li>Els programes utilitzats, fora de l&#8217;entorn&hellip;  <a href=\"https:\/\/agora.xtec.cat\/iebalsareny\/edc\/cultura-digital\/dispositius\/\" title=\"Read Dispositius, serveis i aplicacions digitals\">Llegeix m\u00e9s\u00bb<\/a><br \/>\n","protected":false},"author":1,"featured_media":0,"parent":3413,"menu_order":0,"comment_status":"closed","ping_status":"closed","template":"page-templates\/side-menu.php","meta":{"_bbp_topic_count":0,"_bbp_reply_count":0,"_bbp_total_topic_count":0,"_bbp_total_reply_count":0,"_bbp_voice_count":0,"_bbp_anonymous_reply_count":0,"_bbp_topic_count_hidden":0,"_bbp_reply_count_hidden":0,"_bbp_forum_subforum_count":0,"footnotes":""},"class_list":["post-5532","page","type-page","status-publish","hentry"],"post_mailing_queue_ids":[],"_links":{"self":[{"href":"https:\/\/agora.xtec.cat\/iebalsareny\/wp-json\/wp\/v2\/pages\/5532","targetHints":{"allow":["GET"]}}],"collection":[{"href":"https:\/\/agora.xtec.cat\/iebalsareny\/wp-json\/wp\/v2\/pages"}],"about":[{"href":"https:\/\/agora.xtec.cat\/iebalsareny\/wp-json\/wp\/v2\/types\/page"}],"author":[{"embeddable":true,"href":"https:\/\/agora.xtec.cat\/iebalsareny\/wp-json\/wp\/v2\/users\/1"}],"replies":[{"embeddable":true,"href":"https:\/\/agora.xtec.cat\/iebalsareny\/wp-json\/wp\/v2\/comments?post=5532"}],"version-history":[{"count":6,"href":"https:\/\/agora.xtec.cat\/iebalsareny\/wp-json\/wp\/v2\/pages\/5532\/revisions"}],"predecessor-version":[{"id":5634,"href":"https:\/\/agora.xtec.cat\/iebalsareny\/wp-json\/wp\/v2\/pages\/5532\/revisions\/5634"}],"up":[{"embeddable":true,"href":"https:\/\/agora.xtec.cat\/iebalsareny\/wp-json\/wp\/v2\/pages\/3413"}],"wp:attachment":[{"href":"https:\/\/agora.xtec.cat\/iebalsareny\/wp-json\/wp\/v2\/media?parent=5532"}],"curies":[{"name":"wp","href":"https:\/\/api.w.org\/{rel}","templated":true}]}}