{"id":5526,"date":"2024-04-19T10:31:36","date_gmt":"2024-04-19T08:31:36","guid":{"rendered":"https:\/\/agora.xtec.cat\/iebalsareny\/?page_id=5526"},"modified":"2024-05-13T11:00:54","modified_gmt":"2024-05-13T09:00:54","slug":"competencia-digital","status":"publish","type":"page","link":"https:\/\/agora.xtec.cat\/iebalsareny\/edc\/cultura-digital\/competencia-digital\/","title":{"rendered":"Compet\u00e8ncia digital"},"content":{"rendered":"<table style=\"border-collapse: collapse; width: 100%; height: 64px;\">\n<tbody>\n<tr style=\"height: 32px;\">\n<td style=\"width: 100%; height: 32px;\"><strong>FAM\u00cdLIES:<\/strong> <a href=\"http:\/\/drive.google.com\/drive\/folders\/106dAnyUc5bHNdrR1MJy3J-FZ2tWX1v2x?usp=drive_link\" target=\"_blank\" rel=\"noopener\">Recursos<\/a><\/td>\n<\/tr>\n<tr style=\"height: 32px;\">\n<td style=\"width: 100%; height: 32px;\"><strong>DOCENTS<\/strong>: <a href=\"https:\/\/agora.xtec.cat\/iebalsareny\/categoria\/form-nodes\/\" target=\"_blank\" rel=\"noopener\">Tutorials &#8211; <\/a><a href=\"https:\/\/agora.xtec.cat\/iebalsareny\/material-docent\/recursos-per-al-professorat\/\">Banc d\u2019eines pedag\u00f2giques per la professorat &#8211; <\/a><a href=\"https:\/\/docs.google.com\/forms\/d\/e\/1FAIpQLScGpWOtP935zqzt4MsGvkfRs00WwaXETIdV-lgr_XdiBJVNDg\/viewform\" target=\"_blank\" rel=\"noopener\">Recull incid\u00e8ncies &#8211; formulari<\/a><\/td>\n<\/tr>\n<\/tbody>\n<\/table>\n<table style=\"border-collapse: collapse; width: 100%;\">\n<tbody>\n<tr>\n<td style=\"width: 100%;\"><strong>ALUMNES: AVALUACI\u00d3 DE LA COMPET\u00c8NCIA DIGITAL\u00a0<\/strong><\/p>\n<ul>\n<li>R\u00fabriques de refer\u00e8ncia adaptades (acc\u00e9s per a docents)\n<ul>\n<li><a href=\"https:\/\/docs.google.com\/spreadsheets\/d\/1RER7FDAFlbNUzH9t_xED8wRQLz3U9Iu5sWpsYn7s5Vw\/edit?usp=sharing\" target=\"_blank\" rel=\"noopener\">Cicle Inicial<\/a><\/li>\n<li><a href=\"https:\/\/docs.google.com\/spreadsheets\/d\/1yAYdPDeVsd9REPbqJ34Bqs1kXdA1FZBEXr31xUzE0wQ\/edit?usp=sharing\" target=\"_blank\" rel=\"noopener\">Cicle Mitj\u00e0<\/a><\/li>\n<li><a href=\"https:\/\/docs.google.com\/spreadsheets\/d\/1pCfFaHOOT7cSX1A_PvwEOPKWHVIobNrrIdCmscj4TJk\/edit?usp=sharing\" target=\"_blank\" rel=\"noopener\">Cicle Superior<\/a><\/li>\n<li><a href=\"https:\/\/docs.google.com\/spreadsheets\/d\/1i_fSGIY4f2JrFvpW7q3uqLncSW8-e8K_ec-FXn_-oKQ\/edit?usp=sharing\" target=\"_blank\" rel=\"noopener\">ESO<\/a><\/li>\n<\/ul>\n<\/li>\n<li><a href=\"https:\/\/drive.google.com\/file\/d\/13y-lj80LuQ6XpQEEppXi1YLbxWXgus5t\/view?usp=sharing\" target=\"_blank\" rel=\"noopener\">Criteris d\u2019avaluaci\u00f3 generals de les compet\u00e8ncies transversals: compet\u00e8ncia digital<\/a>\n<ul>\n<li><a href=\"https:\/\/drive.google.com\/drive\/folders\/1oJkDvepn_rElLe85HNnDPuZRtOexmJTH?usp=drive_link\">Criteris d&#8217;av. referents a la <span style=\"font-weight: 400;\">P\u00edndola formativa curs 23\/24: Propietat intel\u00b7lectual, Autoria, Llic\u00e8ncies<\/span><\/a><\/li>\n<\/ul>\n<\/li>\n<\/ul>\n<\/td>\n<\/tr>\n<\/tbody>\n<\/table>\n","protected":false},"excerpt":{"rendered":"<p>FAM\u00cdLIES: <a href=\"http:\/\/drive.google.com\/drive\/folders\/106dAnyUc5bHNdrR1MJy3J-FZ2tWX1v2x?usp=drive_link\" target=\"_blank\" rel=\"noopener\">Recursos<\/a><\/p>\n<p>DOCENTS: <a href=\"https:\/\/agora.xtec.cat\/iebalsareny\/categoria\/form-nodes\/\" target=\"_blank\" rel=\"noopener\">Tutorials &#8211; <\/a><a href=\"https:\/\/agora.xtec.cat\/iebalsareny\/material-docent\/recursos-per-al-professorat\/\">Banc d\u2019eines pedag\u00f2giques per la professorat &#8211; <\/a><a href=\"https:\/\/docs.google.com\/forms\/d\/e\/1FAIpQLScGpWOtP935zqzt4MsGvkfRs00WwaXETIdV-lgr_XdiBJVNDg\/viewform\" target=\"_blank\" rel=\"noopener\">Recull incid\u00e8ncies &#8211; formulari<\/a><\/p>\n<p>ALUMNES: AVALUACI\u00d3 DE LA COMPET\u00c8NCIA DIGITAL\u00a0<\/p>\n<ul>\n<li>R\u00fabriques de refer\u00e8ncia adaptades (acc\u00e9s per a docents)\n<ul>\n<li><a href=\"https:\/\/docs.google.com\/spreadsheets\/d\/1RER7FDAFlbNUzH9t_xED8wRQLz3U9Iu5sWpsYn7s5Vw\/edit?usp=sharing\" target=\"_blank\" rel=\"noopener\">Cicle Inicial<\/a><\/li>\n<li><a href=\"https:\/\/docs.google.com\/spreadsheets\/d\/1yAYdPDeVsd9REPbqJ34Bqs1kXdA1FZBEXr31xUzE0wQ\/edit?usp=sharing\" target=\"_blank\" rel=\"noopener\">Cicle Mitj\u00e0<\/a><\/li>\n<li><a&hellip;  <a href=\"https:\/\/agora.xtec.cat\/iebalsareny\/edc\/cultura-digital\/competencia-digital\/\" title=\"Read Compet\u00e8ncia digital\">Llegeix m\u00e9s\u00bb<\/a><br \/>\n","protected":false},"author":1,"featured_media":0,"parent":3413,"menu_order":0,"comment_status":"closed","ping_status":"closed","template":"page-templates\/side-menu.php","meta":{"_bbp_topic_count":0,"_bbp_reply_count":0,"_bbp_total_topic_count":0,"_bbp_total_reply_count":0,"_bbp_voice_count":0,"_bbp_anonymous_reply_count":0,"_bbp_topic_count_hidden":0,"_bbp_reply_count_hidden":0,"_bbp_forum_subforum_count":0,"footnotes":""},"class_list":["post-5526","page","type-page","status-publish","hentry"],"post_mailing_queue_ids":[],"_links":{"self":[{"href":"https:\/\/agora.xtec.cat\/iebalsareny\/wp-json\/wp\/v2\/pages\/5526","targetHints":{"allow":["GET"]}}],"collection":[{"href":"https:\/\/agora.xtec.cat\/iebalsareny\/wp-json\/wp\/v2\/pages"}],"about":[{"href":"https:\/\/agora.xtec.cat\/iebalsareny\/wp-json\/wp\/v2\/types\/page"}],"author":[{"embeddable":true,"href":"https:\/\/agora.xtec.cat\/iebalsareny\/wp-json\/wp\/v2\/users\/1"}],"replies":[{"embeddable":true,"href":"https:\/\/agora.xtec.cat\/iebalsareny\/wp-json\/wp\/v2\/comments?post=5526"}],"version-history":[{"count":6,"href":"https:\/\/agora.xtec.cat\/iebalsareny\/wp-json\/wp\/v2\/pages\/5526\/revisions"}],"predecessor-version":[{"id":5783,"href":"https:\/\/agora.xtec.cat\/iebalsareny\/wp-json\/wp\/v2\/pages\/5526\/revisions\/5783"}],"up":[{"embeddable":true,"href":"https:\/\/agora.xtec.cat\/iebalsareny\/wp-json\/wp\/v2\/pages\/3413"}],"wp:attachment":[{"href":"https:\/\/agora.xtec.cat\/iebalsareny\/wp-json\/wp\/v2\/media?parent=5526"}],"curies":[{"name":"wp","href":"https:\/\/api.w.org\/{rel}","templated":true}]}}