{"id":547,"date":"2020-03-12T09:39:16","date_gmt":"2020-03-12T08:39:16","guid":{"rendered":"https:\/\/agora.xtec.cat\/iebalsareny\/\/?page_id=547"},"modified":"2020-03-12T09:39:16","modified_gmt":"2020-03-12T08:39:16","slug":"llocs-dinteres","status":"publish","type":"page","link":"https:\/\/agora.xtec.cat\/iebalsareny\/lescola\/historia\/llocs-dinteres\/","title":{"rendered":"Llocs d&#8217;inter\u00e8s"},"content":{"rendered":"<p><span style=\"color: #ffff00;\">FALTA POSAR IMATGES<\/span><\/p>\n<p><strong>Castell de Balsareny<\/strong><br \/>\nEl castell de Balsareny \u00e9s sens dubte el monument m\u00e9s representatiu i carism\u00e0tic de la poblaci\u00f3 i un dels m\u00e9s coneguts de la comarca. \u00c9s ben visible no solament a causa de la seva situaci\u00f3, sin\u00f3 tamb\u00e9 a causa de la seva mida i del seu bon estat de conservaci\u00f3. Present des dels or\u00edgens en els esdeveniments de la hist\u00f2ria del poble, l&#8217;actual fesomia de l&#8217;edificaci\u00f3 correspon al m\u00e9s pur estil g\u00f2tic civil catal\u00e0 i data del segle XIV.<\/p>\n<p><strong>Esgl\u00e9sia Parroquial de Santa Maria<\/strong><br \/>\nSurt esmentada per primera vegada el 1009. De l&#8217;antic edifici prerom\u00e0nic nom\u00e9s queden unes restes a la fa\u00e7ana, a la nau central i al campanar. Es troba dins l&#8217;antic terme del castell, al lloc on despr\u00e9s sorg\u00ed l&#8217;actual poblaci\u00f3. Molt aviat degu\u00e9 tenir la categoria de parr\u00f2quia, que conserva encara avui. \u00c9s un edifici que fou erigit cap a les darreries del s.XIII, per\u00f2 seguint encara els c\u00e0nons imposats pel rom\u00e0nic. Els segles XVI-XVII s&#8217;hi feren importants reformes.<\/p>\n<p><strong>Fort\u00ed del Maurici<\/strong><br \/>\nFort\u00ed situat damunt del serrat del Maurici, del qual pren nom. Es troba a prop del poble, al costat de la carretera que va cap a S\u00faria i a l&#8217;altra banda de l&#8217;actual Eix del Llobregat. Malgrat tractar-se d&#8217;un dels millors exemples d&#8217;arquitectura militar del segle passat, no s&#8217;arrib\u00e0 a construir del tot.Tot i ser edificat per a defensar-se dels carlins, durant la primera carlinada fou ocupat pel Comte d&#8217;Espanya, que assetjava Balsareny.<\/p>\n<p>Ermita del castell<br \/>\nAl costat mateix de la fortalesa, (en un repl\u00e0 que hi ha a migjorn d&#8217;aquesta) i en un excel\u00b7lent estat de conservaci\u00f3, s&#8217;al\u00e7a la capella, un magn\u00edfic exemple de l&#8217;austeritat i la puresa del primer rom\u00e0nic catal\u00e0. La parr\u00f2quia de Santa Maria \u00e9s esmentada ja l&#8217;any 1039; l&#8217;edifici actual conserva la nau central, del s.XII, rematada per un absis semicircular. Ampliada el s.XVII amb una capella lateral d&#8217;estil barroc, havia estat dedicada anteriorment als sants Iscle i Vict\u00f2ria.<\/p>\n<p><strong>Mas de Puigdorca<\/strong><br \/>\nMas i antic lloc, al sector oriental del terme, a l&#8217;esquerra del Llobregat. L&#8217;esgl\u00e9sia de Sant Jaume, esmentada ja el 1154, depenent de la jurisdicci\u00f3 de Balsareny (11 cases el 1685); fou renovada al s.XVIII.<\/p>\n<p><strong>Pintures de Josep Obiols al Casal Mare de D\u00e9u de Montserrat<\/strong><br \/>\nMurals a la capella del Casal de Balsareny (1945).<\/p>\n<p><strong>Esgl\u00e9sia de Sant Esteve de la Col\u00f2nia Soldevila<\/strong><br \/>\nDocumentada al 1038, l&#8217;esgl\u00e9sia rom\u00e0nica de Sant Esteve, situada a la col\u00f2nia t\u00e8xtil del mateix nom, \u00e9s un altre monument digne d&#8217;admiraci\u00f3.<br \/>\nOrigin\u00e0riament constava d&#8217;una nau rectangular. De la primitiva edificaci\u00f3 es fa patent una part de la nau i l&#8217;absis central.<br \/>\nEl 1942 s&#8217;ampli\u00e0, afegint-hi dos absis neorom\u00e0nics. Modernament s&#8217;hi han fet restauracions que permeten de descobrir una part de l&#8217;antiga edificaci\u00f3.<\/p>\n<p><strong>Santa Maria de Ferrans o Sobirana<\/strong><br \/>\nA la carretera de S\u00faria, en un petit serrat que domina la vall de Ferrans, i constru\u00efda durant el s.XII, trobem una altra pe\u00e7a arquitect\u00f2nica interessant, restaurada amb gran encert.<br \/>\nL&#8217;esgl\u00e9sia de Sant Ramon, actualment desafectada, \u00e9s una antiga parr\u00f2quia; d&#8217;estil rom\u00e0nic tard\u00e0, forma un sol cos amb la masia de Sobirana, de la qual pren el nom.<br \/>\nDe dues naus, fou reformada al s.XIII, quan es va bastir el campanar. El 1979, despr\u00e9s d&#8217;una restauraci\u00f3, fou bene\u00efda i restablerta al culte.<\/p>\n<p><strong>Sant Vicen\u00e7 de Ladernet<\/strong><br \/>\nTot i trobar-se en estat ru\u00efn\u00f3s, es pot apreciar encara amb total claredat l&#8217;estructura i gran part de l&#8217;interior d&#8217;aquesta esgl\u00e9sia prerom\u00e0nica, situada en un indret emboscat, est\u00e8s a la riba esquerra de la riera de Conangle, propera al mas Cand\u00e0liga i sota la torre de Castellnou, a la banda ponentina del terme.<br \/>\nEl lloc i l&#8217;esgl\u00e9sia apareixen citats el 1035. Hi ha la tradici\u00f3 d&#8217;haver-se aplegat en aquesta capella, vers els segles XVI-XVII, un petit grup de donades.<\/p>\n","protected":false},"excerpt":{"rendered":"<p>FALTA POSAR IMATGES<br \/>\nCastell de Balsareny<br \/>\nEl castell de Balsareny \u00e9s sens dubte el monument m\u00e9s representatiu i carism\u00e0tic de la poblaci\u00f3 i un dels m\u00e9s coneguts de la comarca. \u00c9s ben visible no solament a causa de la seva situaci\u00f3, sin\u00f3 tamb\u00e9 a causa de la&hellip;  <a href=\"https:\/\/agora.xtec.cat\/iebalsareny\/lescola\/historia\/llocs-dinteres\/\" title=\"Read Llocs d&#8217;inter\u00e8s\">Llegeix m\u00e9s\u00bb<\/a><\/p>\n","protected":false},"author":1,"featured_media":0,"parent":26,"menu_order":0,"comment_status":"closed","ping_status":"closed","template":"page-templates\/side-menu.php","meta":{"_bbp_topic_count":0,"_bbp_reply_count":0,"_bbp_total_topic_count":0,"_bbp_total_reply_count":0,"_bbp_voice_count":0,"_bbp_anonymous_reply_count":0,"_bbp_topic_count_hidden":0,"_bbp_reply_count_hidden":0,"_bbp_forum_subforum_count":0,"footnotes":""},"class_list":["post-547","page","type-page","status-publish","hentry"],"post_mailing_queue_ids":[],"_links":{"self":[{"href":"https:\/\/agora.xtec.cat\/iebalsareny\/wp-json\/wp\/v2\/pages\/547","targetHints":{"allow":["GET"]}}],"collection":[{"href":"https:\/\/agora.xtec.cat\/iebalsareny\/wp-json\/wp\/v2\/pages"}],"about":[{"href":"https:\/\/agora.xtec.cat\/iebalsareny\/wp-json\/wp\/v2\/types\/page"}],"author":[{"embeddable":true,"href":"https:\/\/agora.xtec.cat\/iebalsareny\/wp-json\/wp\/v2\/users\/1"}],"replies":[{"embeddable":true,"href":"https:\/\/agora.xtec.cat\/iebalsareny\/wp-json\/wp\/v2\/comments?post=547"}],"version-history":[{"count":1,"href":"https:\/\/agora.xtec.cat\/iebalsareny\/wp-json\/wp\/v2\/pages\/547\/revisions"}],"predecessor-version":[{"id":548,"href":"https:\/\/agora.xtec.cat\/iebalsareny\/wp-json\/wp\/v2\/pages\/547\/revisions\/548"}],"up":[{"embeddable":true,"href":"https:\/\/agora.xtec.cat\/iebalsareny\/wp-json\/wp\/v2\/pages\/26"}],"wp:attachment":[{"href":"https:\/\/agora.xtec.cat\/iebalsareny\/wp-json\/wp\/v2\/media?parent=547"}],"curies":[{"name":"wp","href":"https:\/\/api.w.org\/{rel}","templated":true}]}}